{"id":946,"date":"2020-08-17T14:15:56","date_gmt":"2020-08-17T14:15:56","guid":{"rendered":"https:\/\/www.oknadverelacno.sk\/katalog\/ajto-fogantyu-aranytolgy-feher"},"modified":"2020-08-18T14:07:03","modified_gmt":"2020-08-18T14:07:03","slug":"ajto-fogantyu-aranytolgy-feher","status":"publish","type":"product","link":"https:\/\/www.oknadverelacno.sk\/hu\/katalog\/ajto-fogantyu-aranytolgy-feher","title":{"rendered":"Ajt\u00f3 foganty\u00fa aranyt\u00f6lgy \/ feh\u00e9r"},"content":{"rendered":"<ul>\n<li>M\u00e9retek mm-ben<\/li>\n<li>Az \u00e1rak tartalmazz\u00e1k az \u00c1FA-t<\/li>\n<li>Re\u00e1lis term\u00e9kfot\u00f3k<\/li>\n<\/ul>\n<p>&nbsp;<\/p>\n","protected":false},"excerpt":{"rendered":"<p>K\u00e9toldalas bet\u00e9t lyukkal ell\u00e1tott ajt\u00f3szerelv\u00e9ny, k\u00fcl\u00f6n\u00f6sen k\u00fcls\u0151 \u00e9s bels\u0151 haszn\u00e1latra. K\u00f6nny\u0171 telep\u00edt\u00e9s.<\/p>\n<p id=\"tw-target-text\" class=\"tw-data-text tw-text-large XcVN5d tw-ta\" dir=\"ltr\" data-placeholder=\"Preklad\"><span lang=\"hu\">Term\u00e9k le\u00edr\u00e1s: <\/span><\/p>\n<p class=\"tw-data-text tw-text-large XcVN5d tw-ta\" dir=\"ltr\" data-placeholder=\"Preklad\"><span lang=\"hu\">T\u00e1vols\u00e1g: 92 mm <\/span><\/p>\n<p class=\"tw-data-text tw-text-large XcVN5d tw-ta\" dir=\"ltr\" data-placeholder=\"Preklad\"><span lang=\"hu\">250 x 28 mm (magass\u00e1g x sz\u00e9less\u00e9g)<\/span><\/p>\n<p class=\"tw-data-text tw-text-large XcVN5d tw-ta\" dir=\"ltr\" data-placeholder=\"Preklad\"><span lang=\"hu\">Foganty\u00fa hossza: 120 mm <\/span><\/p>\n<p class=\"tw-data-text tw-text-large XcVN5d tw-ta\" dir=\"ltr\" data-placeholder=\"Preklad\"><span lang=\"hu\">Felszerel\u00e9s: univerz\u00e1lis <\/span><\/p>\n<p class=\"tw-data-text tw-text-large XcVN5d tw-ta\" dir=\"ltr\" data-placeholder=\"Preklad\"><span lang=\"hu\">Alkalmaz\u00e1si ter\u00fclet:k\u00fcls\u0151, bels\u0151 ajt\u00f3k <\/span><\/p>\n<p class=\"tw-data-text tw-text-large XcVN5d tw-ta\" dir=\"ltr\" data-placeholder=\"Preklad\"><span lang=\"hu\">Felszerel\u00e9s: univerz\u00e1lis <\/span><\/p>\n<p class=\"tw-data-text tw-text-large XcVN5d tw-ta\" dir=\"ltr\" data-placeholder=\"Preklad\"><span lang=\"hu\">Sz\u00edn: arany t\u00f6lgy \/ feh\u00e9r<\/span><\/p>\n","protected":false},"featured_media":886,"template":"","meta":{"_et_pb_use_builder":"","_et_pb_old_content":"","_et_gb_content_width":""},"product_brand":[],"product_cat":[80,79],"product_tag":[214,193,215,195,192],"class_list":{"0":"post-946","1":"product","2":"type-product","3":"status-publish","4":"has-post-thumbnail","6":"product_cat-ajtokilincs","7":"product_cat-kiegeszitok","8":"product_tag-ajto-hu","9":"product_tag-arany-tolgy","10":"product_tag-belso-hu","11":"product_tag-feher-hu","12":"product_tag-kilincs","14":"first","15":"instock","16":"shipping-taxable","17":"purchasable","18":"product-type-simple"},"_links":{"self":[{"href":"https:\/\/www.oknadverelacno.sk\/hu\/wp-json\/wp\/v2\/product\/946","targetHints":{"allow":["GET"]}}],"collection":[{"href":"https:\/\/www.oknadverelacno.sk\/hu\/wp-json\/wp\/v2\/product"}],"about":[{"href":"https:\/\/www.oknadverelacno.sk\/hu\/wp-json\/wp\/v2\/types\/product"}],"wp:featuredmedia":[{"embeddable":true,"href":"https:\/\/www.oknadverelacno.sk\/hu\/wp-json\/wp\/v2\/media\/886"}],"wp:attachment":[{"href":"https:\/\/www.oknadverelacno.sk\/hu\/wp-json\/wp\/v2\/media?parent=946"}],"wp:term":[{"taxonomy":"product_brand","embeddable":true,"href":"https:\/\/www.oknadverelacno.sk\/hu\/wp-json\/wp\/v2\/product_brand?post=946"},{"taxonomy":"product_cat","embeddable":true,"href":"https:\/\/www.oknadverelacno.sk\/hu\/wp-json\/wp\/v2\/product_cat?post=946"},{"taxonomy":"product_tag","embeddable":true,"href":"https:\/\/www.oknadverelacno.sk\/hu\/wp-json\/wp\/v2\/product_tag?post=946"}],"curies":[{"name":"wp","href":"https:\/\/api.w.org\/{rel}","templated":true}]}}