{"id":940,"date":"2020-08-17T15:55:20","date_gmt":"2020-08-17T15:55:20","guid":{"rendered":"https:\/\/www.oknadverelacno.sk\/katalog\/muanyag-parkany-vegzaro"},"modified":"2020-08-17T15:55:20","modified_gmt":"2020-08-17T15:55:20","slug":"muanyag-parkany-vegzaro","status":"publish","type":"product","link":"https:\/\/www.oknadverelacno.sk\/hu\/katalog\/muanyag-parkany-vegzaro","title":{"rendered":"M\u0171anyag p\u00e1rk\u00e1ny v\u00e9gz\u00e1r\u00f3"},"content":{"rendered":"<ul>\n<li>Az \u00e1rak tartalmazz\u00e1k az \u00c1FA-t.\/p\u00e1r<\/li>\n<\/ul>\n","protected":false},"excerpt":{"rendered":"<p>Oldals\u00f3 m\u0171anyag v\u00e9gz\u00e1r\u00f3k k\u00fcls\u0151 \u00e9s bels\u0151 m\u0171anyag ablakp\u00e1rk\u00e1nyokhoz. <span lang=\"hu\">Az \u00e1r egy p\u00e1rra vonatkozik.<\/span><\/p>\n","protected":false},"featured_media":1164,"template":"","meta":{"_et_pb_use_builder":"","_et_pb_old_content":"","_et_gb_content_width":""},"product_brand":[],"product_cat":[79,81,82],"product_tag":[200,203,201,202],"class_list":{"0":"post-940","1":"product","2":"type-product","3":"status-publish","4":"has-post-thumbnail","6":"product_cat-kiegeszitok","7":"product_cat-parkany-belso","8":"product_cat-parkany-kulso","9":"product_tag-ablakparkany","10":"product_tag-feher-hu-2","11":"product_tag-vegzaro","12":"product_tag-vegzaro-hu","14":"first","15":"instock","16":"shipping-taxable","17":"purchasable","18":"product-type-simple"},"_links":{"self":[{"href":"https:\/\/www.oknadverelacno.sk\/hu\/wp-json\/wp\/v2\/product\/940","targetHints":{"allow":["GET"]}}],"collection":[{"href":"https:\/\/www.oknadverelacno.sk\/hu\/wp-json\/wp\/v2\/product"}],"about":[{"href":"https:\/\/www.oknadverelacno.sk\/hu\/wp-json\/wp\/v2\/types\/product"}],"wp:featuredmedia":[{"embeddable":true,"href":"https:\/\/www.oknadverelacno.sk\/hu\/wp-json\/wp\/v2\/media\/1164"}],"wp:attachment":[{"href":"https:\/\/www.oknadverelacno.sk\/hu\/wp-json\/wp\/v2\/media?parent=940"}],"wp:term":[{"taxonomy":"product_brand","embeddable":true,"href":"https:\/\/www.oknadverelacno.sk\/hu\/wp-json\/wp\/v2\/product_brand?post=940"},{"taxonomy":"product_cat","embeddable":true,"href":"https:\/\/www.oknadverelacno.sk\/hu\/wp-json\/wp\/v2\/product_cat?post=940"},{"taxonomy":"product_tag","embeddable":true,"href":"https:\/\/www.oknadverelacno.sk\/hu\/wp-json\/wp\/v2\/product_tag?post=940"}],"curies":[{"name":"wp","href":"https:\/\/api.w.org\/{rel}","templated":true}]}}