{"id":936,"date":"2020-08-17T16:53:22","date_gmt":"2020-08-17T16:53:22","guid":{"rendered":"https:\/\/www.oknadverelacno.sk\/katalog\/ablak-kilincs-feher-42"},"modified":"2020-08-17T17:39:37","modified_gmt":"2020-08-17T17:39:37","slug":"ablak-kilincs-feher-42","status":"publish","type":"product","link":"https:\/\/www.oknadverelacno.sk\/hu\/katalog\/ablak-kilincs-feher-42","title":{"rendered":"Ablak kilincs feh\u00e9r 42"},"content":{"rendered":"<ul>\n<li>M\u00e9retek mm-ben<\/li>\n<li>Az \u00e1rak tartalmazz\u00e1k az \u00c1FA-t.<\/li>\n<li>Re\u00e1lis term\u00e9kfot\u00f3k<\/li>\n<\/ul>\n","protected":false},"excerpt":{"rendered":"<p><span lang=\"hu\">A PVC ablakfoganty\u00fa minden szok\u00e1sos m\u0171anyag ablakhoz haszn\u00e1lhat\u00f3. Plussz 2 csavar a csomagban.<\/span><\/p>\n<p><span lang=\"hu\"> Sz\u00edn: feh\u00e9r <\/span><\/p>\n<p><span lang=\"hu\">Tengelym\u00e9ret hossza: 42 mm<\/span><\/p>\n","protected":false},"featured_media":924,"template":"","meta":{"_et_pb_use_builder":"","_et_pb_old_content":"","_et_gb_content_width":""},"product_brand":[],"product_cat":[79],"product_tag":[196,194,195,192],"class_list":{"0":"post-936","1":"product","2":"type-product","3":"status-publish","4":"has-post-thumbnail","6":"product_cat-kiegeszitok","7":"product_tag-42mm-hu","8":"product_tag-ablak-hu","9":"product_tag-feher-hu","10":"product_tag-kilincs","12":"first","13":"instock","14":"shipping-taxable","15":"purchasable","16":"product-type-simple"},"_links":{"self":[{"href":"https:\/\/www.oknadverelacno.sk\/hu\/wp-json\/wp\/v2\/product\/936","targetHints":{"allow":["GET"]}}],"collection":[{"href":"https:\/\/www.oknadverelacno.sk\/hu\/wp-json\/wp\/v2\/product"}],"about":[{"href":"https:\/\/www.oknadverelacno.sk\/hu\/wp-json\/wp\/v2\/types\/product"}],"wp:featuredmedia":[{"embeddable":true,"href":"https:\/\/www.oknadverelacno.sk\/hu\/wp-json\/wp\/v2\/media\/924"}],"wp:attachment":[{"href":"https:\/\/www.oknadverelacno.sk\/hu\/wp-json\/wp\/v2\/media?parent=936"}],"wp:term":[{"taxonomy":"product_brand","embeddable":true,"href":"https:\/\/www.oknadverelacno.sk\/hu\/wp-json\/wp\/v2\/product_brand?post=936"},{"taxonomy":"product_cat","embeddable":true,"href":"https:\/\/www.oknadverelacno.sk\/hu\/wp-json\/wp\/v2\/product_cat?post=936"},{"taxonomy":"product_tag","embeddable":true,"href":"https:\/\/www.oknadverelacno.sk\/hu\/wp-json\/wp\/v2\/product_tag?post=936"}],"curies":[{"name":"wp","href":"https:\/\/api.w.org\/{rel}","templated":true}]}}