{"id":935,"date":"2020-08-17T17:00:49","date_gmt":"2020-08-17T17:00:49","guid":{"rendered":"https:\/\/www.oknadverelacno.sk\/katalog\/ablak-kilincs-feher-38"},"modified":"2020-08-17T17:00:49","modified_gmt":"2020-08-17T17:00:49","slug":"ablak-kilincs-feher-38","status":"publish","type":"product","link":"https:\/\/www.oknadverelacno.sk\/hu\/katalog\/ablak-kilincs-feher-38","title":{"rendered":"Ablak kilincs feh\u00e9r 38"},"content":{"rendered":"<ul>\n<li>M\u00e9retek mm-ben<\/li>\n<li>Az \u00e1rak tartalmazz\u00e1k az \u00c1FA-t.<\/li>\n<li>Re\u00e1lis term\u00e9kfot\u00f3k<\/li>\n<\/ul>\n","protected":false},"excerpt":{"rendered":"<p><span lang=\"hu\">A PVC ablakfoganty\u00fa minden szok\u00e1sos m\u0171anyag ablakhoz haszn\u00e1lhat\u00f3. Plussz 2 csavar a csomagban.<\/span><\/p>\n<p><span lang=\"hu\"> Sz\u00edn: feh\u00e9r <\/span><\/p>\n<p><span lang=\"hu\">Tengelym\u00e9ret hossza: 38 mm<\/span><\/p>\n","protected":false},"featured_media":928,"template":"","meta":{"_et_pb_use_builder":"","_et_pb_old_content":"","_et_gb_content_width":""},"product_brand":[],"product_cat":[79],"product_tag":[194,195,192],"class_list":{"0":"post-935","1":"product","2":"type-product","3":"status-publish","4":"has-post-thumbnail","6":"product_cat-kiegeszitok","7":"product_tag-ablak-hu","8":"product_tag-feher-hu","9":"product_tag-kilincs","11":"first","12":"instock","13":"shipping-taxable","14":"purchasable","15":"product-type-simple"},"_links":{"self":[{"href":"https:\/\/www.oknadverelacno.sk\/hu\/wp-json\/wp\/v2\/product\/935","targetHints":{"allow":["GET"]}}],"collection":[{"href":"https:\/\/www.oknadverelacno.sk\/hu\/wp-json\/wp\/v2\/product"}],"about":[{"href":"https:\/\/www.oknadverelacno.sk\/hu\/wp-json\/wp\/v2\/types\/product"}],"wp:featuredmedia":[{"embeddable":true,"href":"https:\/\/www.oknadverelacno.sk\/hu\/wp-json\/wp\/v2\/media\/928"}],"wp:attachment":[{"href":"https:\/\/www.oknadverelacno.sk\/hu\/wp-json\/wp\/v2\/media?parent=935"}],"wp:term":[{"taxonomy":"product_brand","embeddable":true,"href":"https:\/\/www.oknadverelacno.sk\/hu\/wp-json\/wp\/v2\/product_brand?post=935"},{"taxonomy":"product_cat","embeddable":true,"href":"https:\/\/www.oknadverelacno.sk\/hu\/wp-json\/wp\/v2\/product_cat?post=935"},{"taxonomy":"product_tag","embeddable":true,"href":"https:\/\/www.oknadverelacno.sk\/hu\/wp-json\/wp\/v2\/product_tag?post=935"}],"curies":[{"name":"wp","href":"https:\/\/api.w.org\/{rel}","templated":true}]}}