{"id":850,"date":"2020-08-12T17:20:07","date_gmt":"2020-08-12T17:20:07","guid":{"rendered":"https:\/\/www.oknadverelacno.sk\/katalog\/hasznalt-muanyag-ablak-100-cm-x-149-cm-jobbos-bny"},"modified":"2021-06-04T12:59:49","modified_gmt":"2021-06-04T12:59:49","slug":"hasznalt-muanyag-ablak-900-cm-x-160-cm-jobbos-bny","status":"publish","type":"product","link":"https:\/\/www.oknadverelacno.sk\/hu\/katalog\/hasznalt-muanyag-ablak-900-cm-x-160-cm-jobbos-bny","title":{"rendered":"Haszn\u00e1lt m\u0171anyag ablak 90 cm x 160 cm jobbos B+Ny"},"content":{"rendered":"<ul>\n<li>M\u00e9retek sz\u00e9less\u00e9g\/magass\u00e1g<\/li>\n<li>M\u00e9retek cm-ben<\/li>\n<li>Az \u00e1rak tartalmazz\u00e1k az \u00c1FA-t.<\/li>\n<li>Re\u00e1lis term\u00e9kfot\u00f3k<\/li>\n<\/ul>\n","protected":false},"excerpt":{"rendered":"<p>Haszn\u00e1lt, egysz\u00e1rny\u00fa, feh\u00e9r, buk\u00f3-ny\u00edl\u00f3, jobbos\u00a0 m\u0171anyag ablak. Az ablak m\u00e9retei: 90 cm sz\u00e9les, 160 cm magas.<\/p>\n<p>Sz\u00e1rnyak: egysz\u00e1rny\u00fa<br \/>\nB+Ny: buk\u00f3-ny\u00edl\u00f3<br \/>\n\u00dcvegez\u00e9s: 2 r\u00e9teg\u0171 norm\u00e1l s\u00edk\u00fcveg<br \/>\nSz\u00edne: feh\u00e9r<br \/>\nM\u00e9retek:<br \/>\nsz\u00e9less\u00e9g 90 cm<br \/>\nmagass\u00e1g 160 cm<\/p>\n","protected":false},"featured_media":2347,"template":"","meta":{"_et_pb_use_builder":"","_et_pb_old_content":"","_et_gb_content_width":""},"product_brand":[],"product_cat":[74,76],"product_tag":[148,112,115,157,150],"class_list":{"0":"post-850","1":"product","2":"type-product","3":"status-publish","4":"has-post-thumbnail","6":"product_cat-hasznalt-ablakok","7":"product_cat-hasznalt-muanyag-ablak-egy-szarnyu","8":"product_tag-buko-nyilo","9":"product_tag-egyszarnyu","10":"product_tag-feher","11":"product_tag-hasznalt","12":"product_tag-muanyag-ablak-jobbos","14":"first","15":"outofstock","16":"shipping-taxable","17":"purchasable","18":"product-type-simple"},"_links":{"self":[{"href":"https:\/\/www.oknadverelacno.sk\/hu\/wp-json\/wp\/v2\/product\/850","targetHints":{"allow":["GET"]}}],"collection":[{"href":"https:\/\/www.oknadverelacno.sk\/hu\/wp-json\/wp\/v2\/product"}],"about":[{"href":"https:\/\/www.oknadverelacno.sk\/hu\/wp-json\/wp\/v2\/types\/product"}],"wp:featuredmedia":[{"embeddable":true,"href":"https:\/\/www.oknadverelacno.sk\/hu\/wp-json\/wp\/v2\/media\/2347"}],"wp:attachment":[{"href":"https:\/\/www.oknadverelacno.sk\/hu\/wp-json\/wp\/v2\/media?parent=850"}],"wp:term":[{"taxonomy":"product_brand","embeddable":true,"href":"https:\/\/www.oknadverelacno.sk\/hu\/wp-json\/wp\/v2\/product_brand?post=850"},{"taxonomy":"product_cat","embeddable":true,"href":"https:\/\/www.oknadverelacno.sk\/hu\/wp-json\/wp\/v2\/product_cat?post=850"},{"taxonomy":"product_tag","embeddable":true,"href":"https:\/\/www.oknadverelacno.sk\/hu\/wp-json\/wp\/v2\/product_tag?post=850"}],"curies":[{"name":"wp","href":"https:\/\/api.w.org\/{rel}","templated":true}]}}