{"id":3800,"date":"2026-02-16T16:16:43","date_gmt":"2026-02-16T16:16:43","guid":{"rendered":"https:\/\/www.oknadverelacno.sk\/katalog\/muanyag-bejarati-ajto-100-as-modell-95-x-200-cm-jobb-oldali"},"modified":"2026-02-16T16:16:43","modified_gmt":"2026-02-16T16:16:43","slug":"muanyag-bejarati-ajto-100-as-modell-95-x-200-cm-jobb-oldali","status":"publish","type":"product","link":"https:\/\/www.oknadverelacno.sk\/hu\/katalog\/muanyag-bejarati-ajto-100-as-modell-95-x-200-cm-jobb-oldali","title":{"rendered":"M\u0171anyag bej\u00e1rati ajt\u00f3 100-as modell \u2013 95 \u00d7 200 cm, jobb oldali"},"content":{"rendered":"<p id=\"tw-target-text\" class=\"tw-data-text tw-text-large tw-ta\" dir=\"ltr\" tabindex=\"-1\" role=\"text\" data-placeholder=\"Preklad\" data-ved=\"2ahUKEwjCl5WqwoGTAxXVgf0HHd6cG1EQ3ewLegQIBBAX\" aria-label=\"Prelo\u017een\u00fd text: M\u00e9retek kerettel\/kerettel: 95 \u00d7 200 cm\nM\u00e9retek cm-ben\nAz \u00e1rak \u00c1FA-val egy\u00fctt \u00e9rtend\u0151k\nVal\u00f3s fot\u00f3k\"><span class=\"Y2IQFc\" lang=\"hu\">M\u00e9retek kerettel\/kerettel: 95 \u00d7 200 cm <\/span><\/p>\n<p class=\"tw-data-text tw-text-large tw-ta\" dir=\"ltr\" tabindex=\"-1\" role=\"text\" data-placeholder=\"Preklad\" data-ved=\"2ahUKEwjCl5WqwoGTAxXVgf0HHd6cG1EQ3ewLegQIBBAX\" aria-label=\"Prelo\u017een\u00fd text: M\u00e9retek kerettel\/kerettel: 95 \u00d7 200 cm\nM\u00e9retek cm-ben\nAz \u00e1rak \u00c1FA-val egy\u00fctt \u00e9rtend\u0151k\nVal\u00f3s fot\u00f3k\"><span class=\"Y2IQFc\" lang=\"hu\">M\u00e9retek cm-ben<\/span><\/p>\n<p class=\"tw-data-text tw-text-large tw-ta\" dir=\"ltr\" tabindex=\"-1\" role=\"text\" data-placeholder=\"Preklad\" data-ved=\"2ahUKEwjCl5WqwoGTAxXVgf0HHd6cG1EQ3ewLegQIBBAX\" aria-label=\"Prelo\u017een\u00fd text: M\u00e9retek kerettel\/kerettel: 95 \u00d7 200 cm\nM\u00e9retek cm-ben\nAz \u00e1rak \u00c1FA-val egy\u00fctt \u00e9rtend\u0151k\nVal\u00f3s fot\u00f3k\"><span class=\"Y2IQFc\" lang=\"hu\">Az \u00e1rak \u00c1FA-val egy\u00fctt \u00e9rtend\u0151k <\/span><\/p>\n<p class=\"tw-data-text tw-text-large tw-ta\" dir=\"ltr\" tabindex=\"-1\" role=\"text\" data-placeholder=\"Preklad\" data-ved=\"2ahUKEwjCl5WqwoGTAxXVgf0HHd6cG1EQ3ewLegQIBBAX\" aria-label=\"Prelo\u017een\u00fd text: M\u00e9retek kerettel\/kerettel: 95 \u00d7 200 cm\nM\u00e9retek cm-ben\nAz \u00e1rak \u00c1FA-val egy\u00fctt \u00e9rtend\u0151k\nVal\u00f3s fot\u00f3k\"><span class=\"Y2IQFc\" lang=\"hu\">Val\u00f3s fot\u00f3k<\/span><\/p>\n","protected":false},"excerpt":{"rendered":"<p id=\"tw-target-text\" class=\"tw-data-text tw-text-large tw-ta\" dir=\"ltr\" tabindex=\"-1\" role=\"text\" data-placeholder=\"Preklad\" data-ved=\"2ahUKEwjCl5WqwoGTAxXVgf0HHd6cG1EQ3ewLegQIBBAX\" aria-label=\"Prelo\u017een\u00fd text: \u00daj, egysz\u00e1rny\u00fa m\u0171anyag bej\u00e1rati ajt\u00f3 - jobb oldali.\n\nModern diz\u00e1jn: k\u00edv\u00fcl eleg\u00e1ns antracit sz\u00edn\u0171, bel\u00fcl klasszikus feh\u00e9r.\nM\u00e9retek: tokkal\/ajt\u00f3tokkal egy\u00fctt: 95 \u00d7 200 cm\n\nAz ajt\u00f3 alum\u00ednium k\u00fcsz\u00f6bbel, biztons\u00e1gos \u00f6tpontos z\u00e1rral \u00e9s h\u00e1rom kiv\u00e1l\u00f3 min\u0151s\u00e9g\u0171 3D zsan\u00e9rral van felszerelve a k\u00f6nny\u0171 be\u00e1ll\u00edt\u00e1s \u00e9rdek\u00e9ben. Az ablakok h\u0151szigetel\u0151 dupla \u00fcvegez\u00e9s\u0171ek, ami kiv\u00e1l\u00f3 h\u0151szigetel\u0151 tulajdons\u00e1gokat biztos\u00edt.\n\nAz \u00e1r tartalmazza a kilincset \u00e9s a z\u00e1rat 5 kulccsal.\n\nIde\u00e1lis megold\u00e1s csal\u00e1di h\u00e1zhoz, \u00faj \u00e9p\u00edt\u00e9shez vagy fel\u00faj\u00edt\u00e1shoz.\n\nM\u0171szaki param\u00e9terek:\n\nAjt\u00f3k sz\u00e1ma: egysz\u00e1rny\u00fa\n\nSz\u00edn: feh\u00e9r (bels\u0151) \/ antracit (k\u00fcls\u0151)\n\n\u00dcvegez\u00e9s: h\u0151szigetel\u0151 dupla \u00fcveg\n\nProfil: WDS\n\nVasalatok: AXOR INDUSTRY\n\nM\u00e9retek:\n\nsz\u00e9less\u00e9g 95 cm\nmagass\u00e1g 200 cm\"><span class=\"Y2IQFc\" lang=\"hu\">\u00daj, egysz\u00e1rny\u00fa m\u0171anyag bej\u00e1rati ajt\u00f3 &#8211; jobb oldali.<\/span><\/p>\n<p class=\"tw-data-text tw-text-large tw-ta\" dir=\"ltr\" tabindex=\"-1\" role=\"text\" data-placeholder=\"Preklad\" data-ved=\"2ahUKEwjCl5WqwoGTAxXVgf0HHd6cG1EQ3ewLegQIBBAX\" aria-label=\"Prelo\u017een\u00fd text: \u00daj, egysz\u00e1rny\u00fa m\u0171anyag bej\u00e1rati ajt\u00f3 - jobb oldali.\n\nModern diz\u00e1jn: k\u00edv\u00fcl eleg\u00e1ns antracit sz\u00edn\u0171, bel\u00fcl klasszikus feh\u00e9r.\nM\u00e9retek: tokkal\/ajt\u00f3tokkal egy\u00fctt: 95 \u00d7 200 cm\n\nAz ajt\u00f3 alum\u00ednium k\u00fcsz\u00f6bbel, biztons\u00e1gos \u00f6tpontos z\u00e1rral \u00e9s h\u00e1rom kiv\u00e1l\u00f3 min\u0151s\u00e9g\u0171 3D zsan\u00e9rral van felszerelve a k\u00f6nny\u0171 be\u00e1ll\u00edt\u00e1s \u00e9rdek\u00e9ben. Az ablakok h\u0151szigetel\u0151 dupla \u00fcvegez\u00e9s\u0171ek, ami kiv\u00e1l\u00f3 h\u0151szigetel\u0151 tulajdons\u00e1gokat biztos\u00edt.\n\nAz \u00e1r tartalmazza a kilincset \u00e9s a z\u00e1rat 5 kulccsal.\n\nIde\u00e1lis megold\u00e1s csal\u00e1di h\u00e1zhoz, \u00faj \u00e9p\u00edt\u00e9shez vagy fel\u00faj\u00edt\u00e1shoz.\n\nM\u0171szaki param\u00e9terek:\n\nAjt\u00f3k sz\u00e1ma: egysz\u00e1rny\u00fa\n\nSz\u00edn: feh\u00e9r (bels\u0151) \/ antracit (k\u00fcls\u0151)\n\n\u00dcvegez\u00e9s: h\u0151szigetel\u0151 dupla \u00fcveg\n\nProfil: WDS\n\nVasalatok: AXOR INDUSTRY\n\nM\u00e9retek:\n\nsz\u00e9less\u00e9g 95 cm\nmagass\u00e1g 200 cm\"><span class=\"Y2IQFc\" lang=\"hu\">Modern diz\u00e1jn: k\u00edv\u00fcl eleg\u00e1ns antracit sz\u00edn\u0171, bel\u00fcl klasszikus feh\u00e9r.<\/span><\/p>\n<p class=\"tw-data-text tw-text-large tw-ta\" dir=\"ltr\" tabindex=\"-1\" role=\"text\" data-placeholder=\"Preklad\" data-ved=\"2ahUKEwjCl5WqwoGTAxXVgf0HHd6cG1EQ3ewLegQIBBAX\" aria-label=\"Prelo\u017een\u00fd text: \u00daj, egysz\u00e1rny\u00fa m\u0171anyag bej\u00e1rati ajt\u00f3 - jobb oldali.\n\nModern diz\u00e1jn: k\u00edv\u00fcl eleg\u00e1ns antracit sz\u00edn\u0171, bel\u00fcl klasszikus feh\u00e9r.\nM\u00e9retek: tokkal\/ajt\u00f3tokkal egy\u00fctt: 95 \u00d7 200 cm\n\nAz ajt\u00f3 alum\u00ednium k\u00fcsz\u00f6bbel, biztons\u00e1gos \u00f6tpontos z\u00e1rral \u00e9s h\u00e1rom kiv\u00e1l\u00f3 min\u0151s\u00e9g\u0171 3D zsan\u00e9rral van felszerelve a k\u00f6nny\u0171 be\u00e1ll\u00edt\u00e1s \u00e9rdek\u00e9ben. Az ablakok h\u0151szigetel\u0151 dupla \u00fcvegez\u00e9s\u0171ek, ami kiv\u00e1l\u00f3 h\u0151szigetel\u0151 tulajdons\u00e1gokat biztos\u00edt.\n\nAz \u00e1r tartalmazza a kilincset \u00e9s a z\u00e1rat 5 kulccsal.\n\nIde\u00e1lis megold\u00e1s csal\u00e1di h\u00e1zhoz, \u00faj \u00e9p\u00edt\u00e9shez vagy fel\u00faj\u00edt\u00e1shoz.\n\nM\u0171szaki param\u00e9terek:\n\nAjt\u00f3k sz\u00e1ma: egysz\u00e1rny\u00fa\n\nSz\u00edn: feh\u00e9r (bels\u0151) \/ antracit (k\u00fcls\u0151)\n\n\u00dcvegez\u00e9s: h\u0151szigetel\u0151 dupla \u00fcveg\n\nProfil: WDS\n\nVasalatok: AXOR INDUSTRY\n\nM\u00e9retek:\n\nsz\u00e9less\u00e9g 95 cm\nmagass\u00e1g 200 cm\"><span class=\"Y2IQFc\" lang=\"hu\">M\u00e9retek: tokkal\/ajt\u00f3tokkal egy\u00fctt: 95 \u00d7 200 cm <\/span><\/p>\n<p class=\"tw-data-text tw-text-large tw-ta\" dir=\"ltr\" tabindex=\"-1\" role=\"text\" data-placeholder=\"Preklad\" data-ved=\"2ahUKEwjCl5WqwoGTAxXVgf0HHd6cG1EQ3ewLegQIBBAX\" aria-label=\"Prelo\u017een\u00fd text: \u00daj, egysz\u00e1rny\u00fa m\u0171anyag bej\u00e1rati ajt\u00f3 - jobb oldali.\n\nModern diz\u00e1jn: k\u00edv\u00fcl eleg\u00e1ns antracit sz\u00edn\u0171, bel\u00fcl klasszikus feh\u00e9r.\nM\u00e9retek: tokkal\/ajt\u00f3tokkal egy\u00fctt: 95 \u00d7 200 cm\n\nAz ajt\u00f3 alum\u00ednium k\u00fcsz\u00f6bbel, biztons\u00e1gos \u00f6tpontos z\u00e1rral \u00e9s h\u00e1rom kiv\u00e1l\u00f3 min\u0151s\u00e9g\u0171 3D zsan\u00e9rral van felszerelve a k\u00f6nny\u0171 be\u00e1ll\u00edt\u00e1s \u00e9rdek\u00e9ben. Az ablakok h\u0151szigetel\u0151 dupla \u00fcvegez\u00e9s\u0171ek, ami kiv\u00e1l\u00f3 h\u0151szigetel\u0151 tulajdons\u00e1gokat biztos\u00edt.\n\nAz \u00e1r tartalmazza a kilincset \u00e9s a z\u00e1rat 5 kulccsal.\n\nIde\u00e1lis megold\u00e1s csal\u00e1di h\u00e1zhoz, \u00faj \u00e9p\u00edt\u00e9shez vagy fel\u00faj\u00edt\u00e1shoz.\n\nM\u0171szaki param\u00e9terek:\n\nAjt\u00f3k sz\u00e1ma: egysz\u00e1rny\u00fa\n\nSz\u00edn: feh\u00e9r (bels\u0151) \/ antracit (k\u00fcls\u0151)\n\n\u00dcvegez\u00e9s: h\u0151szigetel\u0151 dupla \u00fcveg\n\nProfil: WDS\n\nVasalatok: AXOR INDUSTRY\n\nM\u00e9retek:\n\nsz\u00e9less\u00e9g 95 cm\nmagass\u00e1g 200 cm\"><span class=\"Y2IQFc\" lang=\"hu\">Az ajt\u00f3 alum\u00ednium k\u00fcsz\u00f6bbel, biztons\u00e1gos \u00f6tpontos z\u00e1rral \u00e9s h\u00e1rom kiv\u00e1l\u00f3 min\u0151s\u00e9g\u0171 3D zsan\u00e9rral van felszerelve a k\u00f6nny\u0171 be\u00e1ll\u00edt\u00e1s \u00e9rdek\u00e9ben. Az ablakok h\u0151szigetel\u0151 dupla \u00fcvegez\u00e9s\u0171ek, ami kiv\u00e1l\u00f3 h\u0151szigetel\u0151 tulajdons\u00e1gokat biztos\u00edt. Az \u00e1r tartalmazza a kilincset \u00e9s a z\u00e1rat 5 kulccsal. Ide\u00e1lis megold\u00e1s csal\u00e1di h\u00e1zhoz, \u00faj \u00e9p\u00edt\u00e9shez vagy fel\u00faj\u00edt\u00e1shoz.<\/span><\/p>\n<p class=\"tw-data-text tw-text-large tw-ta\" dir=\"ltr\" tabindex=\"-1\" role=\"text\" data-placeholder=\"Preklad\" data-ved=\"2ahUKEwjCl5WqwoGTAxXVgf0HHd6cG1EQ3ewLegQIBBAX\" aria-label=\"Prelo\u017een\u00fd text: \u00daj, egysz\u00e1rny\u00fa m\u0171anyag bej\u00e1rati ajt\u00f3 - jobb oldali.\n\nModern diz\u00e1jn: k\u00edv\u00fcl eleg\u00e1ns antracit sz\u00edn\u0171, bel\u00fcl klasszikus feh\u00e9r.\nM\u00e9retek: tokkal\/ajt\u00f3tokkal egy\u00fctt: 95 \u00d7 200 cm\n\nAz ajt\u00f3 alum\u00ednium k\u00fcsz\u00f6bbel, biztons\u00e1gos \u00f6tpontos z\u00e1rral \u00e9s h\u00e1rom kiv\u00e1l\u00f3 min\u0151s\u00e9g\u0171 3D zsan\u00e9rral van felszerelve a k\u00f6nny\u0171 be\u00e1ll\u00edt\u00e1s \u00e9rdek\u00e9ben. Az ablakok h\u0151szigetel\u0151 dupla \u00fcvegez\u00e9s\u0171ek, ami kiv\u00e1l\u00f3 h\u0151szigetel\u0151 tulajdons\u00e1gokat biztos\u00edt.\n\nAz \u00e1r tartalmazza a kilincset \u00e9s a z\u00e1rat 5 kulccsal.\n\nIde\u00e1lis megold\u00e1s csal\u00e1di h\u00e1zhoz, \u00faj \u00e9p\u00edt\u00e9shez vagy fel\u00faj\u00edt\u00e1shoz.\n\nM\u0171szaki param\u00e9terek:\n\nAjt\u00f3k sz\u00e1ma: egysz\u00e1rny\u00fa\n\nSz\u00edn: feh\u00e9r (bels\u0151) \/ antracit (k\u00fcls\u0151)\n\n\u00dcvegez\u00e9s: h\u0151szigetel\u0151 dupla \u00fcveg\n\nProfil: WDS\n\nVasalatok: AXOR INDUSTRY\n\nM\u00e9retek:\n\nsz\u00e9less\u00e9g 95 cm\nmagass\u00e1g 200 cm\"><span class=\"Y2IQFc\" lang=\"hu\">M\u0171szaki param\u00e9terek: Ajt\u00f3k sz\u00e1ma: egysz\u00e1rny\u00fa <\/span><\/p>\n<p class=\"tw-data-text tw-text-large tw-ta\" dir=\"ltr\" tabindex=\"-1\" role=\"text\" data-placeholder=\"Preklad\" data-ved=\"2ahUKEwjCl5WqwoGTAxXVgf0HHd6cG1EQ3ewLegQIBBAX\" aria-label=\"Prelo\u017een\u00fd text: \u00daj, egysz\u00e1rny\u00fa m\u0171anyag bej\u00e1rati ajt\u00f3 - jobb oldali.\n\nModern diz\u00e1jn: k\u00edv\u00fcl eleg\u00e1ns antracit sz\u00edn\u0171, bel\u00fcl klasszikus feh\u00e9r.\nM\u00e9retek: tokkal\/ajt\u00f3tokkal egy\u00fctt: 95 \u00d7 200 cm\n\nAz ajt\u00f3 alum\u00ednium k\u00fcsz\u00f6bbel, biztons\u00e1gos \u00f6tpontos z\u00e1rral \u00e9s h\u00e1rom kiv\u00e1l\u00f3 min\u0151s\u00e9g\u0171 3D zsan\u00e9rral van felszerelve a k\u00f6nny\u0171 be\u00e1ll\u00edt\u00e1s \u00e9rdek\u00e9ben. Az ablakok h\u0151szigetel\u0151 dupla \u00fcvegez\u00e9s\u0171ek, ami kiv\u00e1l\u00f3 h\u0151szigetel\u0151 tulajdons\u00e1gokat biztos\u00edt.\n\nAz \u00e1r tartalmazza a kilincset \u00e9s a z\u00e1rat 5 kulccsal.\n\nIde\u00e1lis megold\u00e1s csal\u00e1di h\u00e1zhoz, \u00faj \u00e9p\u00edt\u00e9shez vagy fel\u00faj\u00edt\u00e1shoz.\n\nM\u0171szaki param\u00e9terek:\n\nAjt\u00f3k sz\u00e1ma: egysz\u00e1rny\u00fa\n\nSz\u00edn: feh\u00e9r (bels\u0151) \/ antracit (k\u00fcls\u0151)\n\n\u00dcvegez\u00e9s: h\u0151szigetel\u0151 dupla \u00fcveg\n\nProfil: WDS\n\nVasalatok: AXOR INDUSTRY\n\nM\u00e9retek:\n\nsz\u00e9less\u00e9g 95 cm\nmagass\u00e1g 200 cm\"><span class=\"Y2IQFc\" lang=\"hu\">\u00a0 \u00a0 \u00a0 \u00a0 \u00a0 \u00a0 \u00a0 \u00a0 \u00a0 \u00a0 \u00a0 \u00a0 \u00a0 \u00a0 \u00a0 \u00a0 \u00a0 \u00a0 \u00a0Sz\u00edn: feh\u00e9r (bels\u0151) \/ antracit (k\u00fcls\u0151)<\/span><\/p>\n<p class=\"tw-data-text tw-text-large tw-ta\" dir=\"ltr\" tabindex=\"-1\" role=\"text\" data-placeholder=\"Preklad\" data-ved=\"2ahUKEwjCl5WqwoGTAxXVgf0HHd6cG1EQ3ewLegQIBBAX\" aria-label=\"Prelo\u017een\u00fd text: \u00daj, egysz\u00e1rny\u00fa m\u0171anyag bej\u00e1rati ajt\u00f3 - jobb oldali.\n\nModern diz\u00e1jn: k\u00edv\u00fcl eleg\u00e1ns antracit sz\u00edn\u0171, bel\u00fcl klasszikus feh\u00e9r.\nM\u00e9retek: tokkal\/ajt\u00f3tokkal egy\u00fctt: 95 \u00d7 200 cm\n\nAz ajt\u00f3 alum\u00ednium k\u00fcsz\u00f6bbel, biztons\u00e1gos \u00f6tpontos z\u00e1rral \u00e9s h\u00e1rom kiv\u00e1l\u00f3 min\u0151s\u00e9g\u0171 3D zsan\u00e9rral van felszerelve a k\u00f6nny\u0171 be\u00e1ll\u00edt\u00e1s \u00e9rdek\u00e9ben. Az ablakok h\u0151szigetel\u0151 dupla \u00fcvegez\u00e9s\u0171ek, ami kiv\u00e1l\u00f3 h\u0151szigetel\u0151 tulajdons\u00e1gokat biztos\u00edt.\n\nAz \u00e1r tartalmazza a kilincset \u00e9s a z\u00e1rat 5 kulccsal.\n\nIde\u00e1lis megold\u00e1s csal\u00e1di h\u00e1zhoz, \u00faj \u00e9p\u00edt\u00e9shez vagy fel\u00faj\u00edt\u00e1shoz.\n\nM\u0171szaki param\u00e9terek:\n\nAjt\u00f3k sz\u00e1ma: egysz\u00e1rny\u00fa\n\nSz\u00edn: feh\u00e9r (bels\u0151) \/ antracit (k\u00fcls\u0151)\n\n\u00dcvegez\u00e9s: h\u0151szigetel\u0151 dupla \u00fcveg\n\nProfil: WDS\n\nVasalatok: AXOR INDUSTRY\n\nM\u00e9retek:\n\nsz\u00e9less\u00e9g 95 cm\nmagass\u00e1g 200 cm\"><span class=\"Y2IQFc\" lang=\"hu\">\u00a0 \u00a0 \u00a0 \u00a0 \u00a0 \u00a0 \u00a0 \u00a0 \u00a0 \u00a0 \u00a0 \u00a0 \u00a0 \u00a0 \u00a0 \u00a0 \u00a0 \u00a0 \u00a0\u00dcvegez\u00e9s: h\u0151szigetel\u0151 dupla \u00fcveg <\/span><\/p>\n<p class=\"tw-data-text tw-text-large tw-ta\" dir=\"ltr\" tabindex=\"-1\" role=\"text\" data-placeholder=\"Preklad\" data-ved=\"2ahUKEwjCl5WqwoGTAxXVgf0HHd6cG1EQ3ewLegQIBBAX\" aria-label=\"Prelo\u017een\u00fd text: \u00daj, egysz\u00e1rny\u00fa m\u0171anyag bej\u00e1rati ajt\u00f3 - jobb oldali.\n\nModern diz\u00e1jn: k\u00edv\u00fcl eleg\u00e1ns antracit sz\u00edn\u0171, bel\u00fcl klasszikus feh\u00e9r.\nM\u00e9retek: tokkal\/ajt\u00f3tokkal egy\u00fctt: 95 \u00d7 200 cm\n\nAz ajt\u00f3 alum\u00ednium k\u00fcsz\u00f6bbel, biztons\u00e1gos \u00f6tpontos z\u00e1rral \u00e9s h\u00e1rom kiv\u00e1l\u00f3 min\u0151s\u00e9g\u0171 3D zsan\u00e9rral van felszerelve a k\u00f6nny\u0171 be\u00e1ll\u00edt\u00e1s \u00e9rdek\u00e9ben. Az ablakok h\u0151szigetel\u0151 dupla \u00fcvegez\u00e9s\u0171ek, ami kiv\u00e1l\u00f3 h\u0151szigetel\u0151 tulajdons\u00e1gokat biztos\u00edt.\n\nAz \u00e1r tartalmazza a kilincset \u00e9s a z\u00e1rat 5 kulccsal.\n\nIde\u00e1lis megold\u00e1s csal\u00e1di h\u00e1zhoz, \u00faj \u00e9p\u00edt\u00e9shez vagy fel\u00faj\u00edt\u00e1shoz.\n\nM\u0171szaki param\u00e9terek:\n\nAjt\u00f3k sz\u00e1ma: egysz\u00e1rny\u00fa\n\nSz\u00edn: feh\u00e9r (bels\u0151) \/ antracit (k\u00fcls\u0151)\n\n\u00dcvegez\u00e9s: h\u0151szigetel\u0151 dupla \u00fcveg\n\nProfil: WDS\n\nVasalatok: AXOR INDUSTRY\n\nM\u00e9retek:\n\nsz\u00e9less\u00e9g 95 cm\nmagass\u00e1g 200 cm\"><span class=\"Y2IQFc\" lang=\"hu\">\u00a0 \u00a0 \u00a0 \u00a0 \u00a0 \u00a0 \u00a0 \u00a0 \u00a0 \u00a0 \u00a0 \u00a0 \u00a0 \u00a0 \u00a0 \u00a0 \u00a0 \u00a0 \u00a0 Profil: WDS<\/span><\/p>\n<p class=\"tw-data-text tw-text-large tw-ta\" dir=\"ltr\" tabindex=\"-1\" role=\"text\" data-placeholder=\"Preklad\" data-ved=\"2ahUKEwjCl5WqwoGTAxXVgf0HHd6cG1EQ3ewLegQIBBAX\" aria-label=\"Prelo\u017een\u00fd text: \u00daj, egysz\u00e1rny\u00fa m\u0171anyag bej\u00e1rati ajt\u00f3 - jobb oldali.\n\nModern diz\u00e1jn: k\u00edv\u00fcl eleg\u00e1ns antracit sz\u00edn\u0171, bel\u00fcl klasszikus feh\u00e9r.\nM\u00e9retek: tokkal\/ajt\u00f3tokkal egy\u00fctt: 95 \u00d7 200 cm\n\nAz ajt\u00f3 alum\u00ednium k\u00fcsz\u00f6bbel, biztons\u00e1gos \u00f6tpontos z\u00e1rral \u00e9s h\u00e1rom kiv\u00e1l\u00f3 min\u0151s\u00e9g\u0171 3D zsan\u00e9rral van felszerelve a k\u00f6nny\u0171 be\u00e1ll\u00edt\u00e1s \u00e9rdek\u00e9ben. Az ablakok h\u0151szigetel\u0151 dupla \u00fcvegez\u00e9s\u0171ek, ami kiv\u00e1l\u00f3 h\u0151szigetel\u0151 tulajdons\u00e1gokat biztos\u00edt.\n\nAz \u00e1r tartalmazza a kilincset \u00e9s a z\u00e1rat 5 kulccsal.\n\nIde\u00e1lis megold\u00e1s csal\u00e1di h\u00e1zhoz, \u00faj \u00e9p\u00edt\u00e9shez vagy fel\u00faj\u00edt\u00e1shoz.\n\nM\u0171szaki param\u00e9terek:\n\nAjt\u00f3k sz\u00e1ma: egysz\u00e1rny\u00fa\n\nSz\u00edn: feh\u00e9r (bels\u0151) \/ antracit (k\u00fcls\u0151)\n\n\u00dcvegez\u00e9s: h\u0151szigetel\u0151 dupla \u00fcveg\n\nProfil: WDS\n\nVasalatok: AXOR INDUSTRY\n\nM\u00e9retek:\n\nsz\u00e9less\u00e9g 95 cm\nmagass\u00e1g 200 cm\"><span class=\"Y2IQFc\" lang=\"hu\">\u00a0 \u00a0 \u00a0 \u00a0 \u00a0 \u00a0 \u00a0 \u00a0 \u00a0 \u00a0 \u00a0 \u00a0 \u00a0 \u00a0 \u00a0 \u00a0 \u00a0 \u00a0 \u00a0Vasalatok: AXOR INDUSTRY<\/span><\/p>\n<p class=\"tw-data-text tw-text-large tw-ta\" dir=\"ltr\" tabindex=\"-1\" role=\"text\" data-placeholder=\"Preklad\" data-ved=\"2ahUKEwjCl5WqwoGTAxXVgf0HHd6cG1EQ3ewLegQIBBAX\" aria-label=\"Prelo\u017een\u00fd text: \u00daj, egysz\u00e1rny\u00fa m\u0171anyag bej\u00e1rati ajt\u00f3 - jobb oldali.\n\nModern diz\u00e1jn: k\u00edv\u00fcl eleg\u00e1ns antracit sz\u00edn\u0171, bel\u00fcl klasszikus feh\u00e9r.\nM\u00e9retek: tokkal\/ajt\u00f3tokkal egy\u00fctt: 95 \u00d7 200 cm\n\nAz ajt\u00f3 alum\u00ednium k\u00fcsz\u00f6bbel, biztons\u00e1gos \u00f6tpontos z\u00e1rral \u00e9s h\u00e1rom kiv\u00e1l\u00f3 min\u0151s\u00e9g\u0171 3D zsan\u00e9rral van felszerelve a k\u00f6nny\u0171 be\u00e1ll\u00edt\u00e1s \u00e9rdek\u00e9ben. Az ablakok h\u0151szigetel\u0151 dupla \u00fcvegez\u00e9s\u0171ek, ami kiv\u00e1l\u00f3 h\u0151szigetel\u0151 tulajdons\u00e1gokat biztos\u00edt.\n\nAz \u00e1r tartalmazza a kilincset \u00e9s a z\u00e1rat 5 kulccsal.\n\nIde\u00e1lis megold\u00e1s csal\u00e1di h\u00e1zhoz, \u00faj \u00e9p\u00edt\u00e9shez vagy fel\u00faj\u00edt\u00e1shoz.\n\nM\u0171szaki param\u00e9terek:\n\nAjt\u00f3k sz\u00e1ma: egysz\u00e1rny\u00fa\n\nSz\u00edn: feh\u00e9r (bels\u0151) \/ antracit (k\u00fcls\u0151)\n\n\u00dcvegez\u00e9s: h\u0151szigetel\u0151 dupla \u00fcveg\n\nProfil: WDS\n\nVasalatok: AXOR INDUSTRY\n\nM\u00e9retek:\n\nsz\u00e9less\u00e9g 95 cm\nmagass\u00e1g 200 cm\"><span class=\"Y2IQFc\" lang=\"hu\">\u00a0 \u00a0 \u00a0 \u00a0 \u00a0 \u00a0 \u00a0 \u00a0 \u00a0 \u00a0 \u00a0 \u00a0 \u00a0 \u00a0 \u00a0 \u00a0 \u00a0 \u00a0 \u00a0M\u00e9retek: sz\u00e9less\u00e9g 95 cm\u00a0 <\/span><\/p>\n<p class=\"tw-data-text tw-text-large tw-ta\" dir=\"ltr\" tabindex=\"-1\" role=\"text\" data-placeholder=\"Preklad\" data-ved=\"2ahUKEwjCl5WqwoGTAxXVgf0HHd6cG1EQ3ewLegQIBBAX\" aria-label=\"Prelo\u017een\u00fd text: \u00daj, egysz\u00e1rny\u00fa m\u0171anyag bej\u00e1rati ajt\u00f3 - jobb oldali.\n\nModern diz\u00e1jn: k\u00edv\u00fcl eleg\u00e1ns antracit sz\u00edn\u0171, bel\u00fcl klasszikus feh\u00e9r.\nM\u00e9retek: tokkal\/ajt\u00f3tokkal egy\u00fctt: 95 \u00d7 200 cm\n\nAz ajt\u00f3 alum\u00ednium k\u00fcsz\u00f6bbel, biztons\u00e1gos \u00f6tpontos z\u00e1rral \u00e9s h\u00e1rom kiv\u00e1l\u00f3 min\u0151s\u00e9g\u0171 3D zsan\u00e9rral van felszerelve a k\u00f6nny\u0171 be\u00e1ll\u00edt\u00e1s \u00e9rdek\u00e9ben. Az ablakok h\u0151szigetel\u0151 dupla \u00fcvegez\u00e9s\u0171ek, ami kiv\u00e1l\u00f3 h\u0151szigetel\u0151 tulajdons\u00e1gokat biztos\u00edt.\n\nAz \u00e1r tartalmazza a kilincset \u00e9s a z\u00e1rat 5 kulccsal.\n\nIde\u00e1lis megold\u00e1s csal\u00e1di h\u00e1zhoz, \u00faj \u00e9p\u00edt\u00e9shez vagy fel\u00faj\u00edt\u00e1shoz.\n\nM\u0171szaki param\u00e9terek:\n\nAjt\u00f3k sz\u00e1ma: egysz\u00e1rny\u00fa\n\nSz\u00edn: feh\u00e9r (bels\u0151) \/ antracit (k\u00fcls\u0151)\n\n\u00dcvegez\u00e9s: h\u0151szigetel\u0151 dupla \u00fcveg\n\nProfil: WDS\n\nVasalatok: AXOR INDUSTRY\n\nM\u00e9retek:\n\nsz\u00e9less\u00e9g 95 cm\nmagass\u00e1g 200 cm\"><span class=\"Y2IQFc\" lang=\"hu\">\u00a0 \u00a0 \u00a0 \u00a0 \u00a0 \u00a0 \u00a0 \u00a0 \u00a0 \u00a0 \u00a0 \u00a0 \u00a0 \u00a0 \u00a0 \u00a0 \u00a0 \u00a0 \u00a0 \u00a0 \u00a0 \u00a0 \u00a0 \u00a0 \u00a0 \u00a0 \u00a0magass\u00e1g 200 cm<\/span><\/p>\n","protected":false},"featured_media":3747,"template":"","meta":{"_et_pb_use_builder":"","_et_pb_old_content":"","_et_gb_content_width":""},"product_brand":[],"product_cat":[58,62],"product_tag":[602,605,600,607,604,601,603,609,606,247],"class_list":{"0":"post-3800","1":"product","2":"type-product","3":"status-publish","4":"has-post-thumbnail","6":"product_cat-uj-bejarati-ajtok","7":"product_cat-uj-muanyag-bejarati-ajto-egy-szarnyu","8":"product_tag-antracit-bejarati-ajto","9":"product_tag-bejarati-ajto-5-pontos-zarral","10":"product_tag-bejarati-ajto-95x200","11":"product_tag-bejarati-ajto-csaladi-hazhoz","12":"product_tag-dupla-uvegezesu-bejarati-ajto","13":"product_tag-egyszarnyu-bejarati-ajto-2","14":"product_tag-feher-bejarati-ajto-2","15":"product_tag-jobb-bejarati-ajto","16":"product_tag-modern-bejarati-ajto","17":"product_tag-muanyag-bejarati-ajto","19":"first","20":"instock","21":"shipping-taxable","22":"purchasable","23":"product-type-simple"},"_links":{"self":[{"href":"https:\/\/www.oknadverelacno.sk\/hu\/wp-json\/wp\/v2\/product\/3800","targetHints":{"allow":["GET"]}}],"collection":[{"href":"https:\/\/www.oknadverelacno.sk\/hu\/wp-json\/wp\/v2\/product"}],"about":[{"href":"https:\/\/www.oknadverelacno.sk\/hu\/wp-json\/wp\/v2\/types\/product"}],"wp:featuredmedia":[{"embeddable":true,"href":"https:\/\/www.oknadverelacno.sk\/hu\/wp-json\/wp\/v2\/media\/3747"}],"wp:attachment":[{"href":"https:\/\/www.oknadverelacno.sk\/hu\/wp-json\/wp\/v2\/media?parent=3800"}],"wp:term":[{"taxonomy":"product_brand","embeddable":true,"href":"https:\/\/www.oknadverelacno.sk\/hu\/wp-json\/wp\/v2\/product_brand?post=3800"},{"taxonomy":"product_cat","embeddable":true,"href":"https:\/\/www.oknadverelacno.sk\/hu\/wp-json\/wp\/v2\/product_cat?post=3800"},{"taxonomy":"product_tag","embeddable":true,"href":"https:\/\/www.oknadverelacno.sk\/hu\/wp-json\/wp\/v2\/product_tag?post=3800"}],"curies":[{"name":"wp","href":"https:\/\/api.w.org\/{rel}","templated":true}]}}