{"id":3799,"date":"2026-02-16T16:41:55","date_gmt":"2026-02-16T16:41:55","guid":{"rendered":"https:\/\/www.oknadverelacno.sk\/katalog\/muanyag-bejarati-ajto-100-as-modell-95-x-200-cm-bal-oldali"},"modified":"2026-02-16T16:41:55","modified_gmt":"2026-02-16T16:41:55","slug":"muanyag-bejarati-ajto-100-as-modell-95-x-200-cm-bal-oldali","status":"publish","type":"product","link":"https:\/\/www.oknadverelacno.sk\/hu\/katalog\/muanyag-bejarati-ajto-100-as-modell-95-x-200-cm-bal-oldali","title":{"rendered":"M\u0171anyag bej\u00e1rati ajt\u00f3 100-as modell \u2013 95 \u00d7 200 cm, bal oldali"},"content":{"rendered":"<p id=\"tw-target-text\" class=\"tw-data-text tw-text-large tw-ta\" dir=\"ltr\" tabindex=\"-1\" role=\"text\" data-placeholder=\"Preklad\" data-ved=\"2ahUKEwjCl5WqwoGTAxXVgf0HHd6cG1EQ3ewLegQIBBAX\" aria-label=\"Prelo\u017een\u00fd text: M\u0171anyag bej\u00e1rati ajt\u00f3 100-as modell \u2013 modern, biztons\u00e1gos \u00e9s tart\u00f3s\n\nM\u00e9retek: tokkal\/ajt\u00f3tokkal: 95 \u00d7 200 cm, balos v\u00e1ltozat\n\nSz\u00edn: k\u00edv\u00fcl eleg\u00e1ns antracit \/ bel\u00fcl klasszikus feh\u00e9r\n\nAjt\u00f3lapok sz\u00e1ma: egysz\u00e1rny\u00fa\n\n\u00dcvegez\u00e9s: h\u0151szigetel\u0151 dupla \u00fcveg a jobb h\u0151- \u00e9s hangszigetel\u00e9s\u00e9rt\n\nProfil: WDS 70\n\nVasalatok: AXOR INDUSTRY\n\nBiztons\u00e1g: 5 pontos z\u00e1r\u00f3d\u00e1s \u00e9s 3D zsan\u00e9rok a k\u00f6nny\u0171 be\u00e1ll\u00edt\u00e1s\u00e9rt\n\nKieg\u00e9sz\u00edt\u0151 elemek: alum\u00ednium k\u00fcsz\u00f6b, kilincs \u00e9s z\u00e1r 5 kulccsal\n\n\u00c1r: \u00c1FA-val\n\nEz a bej\u00e1rati ajt\u00f3 \u00f6tv\u00f6zi a modern diz\u00e1jnt, a magas biztons\u00e1got \u00e9s az anyagmin\u0151s\u00e9get. A val\u00f3s fot\u00f3k h\u0171en \u00e1br\u00e1zolj\u00e1k a sz\u00ednmint\u00e1t, az \u00fcvegez\u00e9s r\u00e9szleteit \u00e9s a vasalatokat.\n\nIde\u00e1lis megold\u00e1s csal\u00e1di h\u00e1zakhoz, \u00faj \u00e9p\u00fcletekhez vagy fel\u00faj\u00edt\u00e1sokhoz, ahol a st\u00edlus \u00e9s a megb\u00edzhat\u00f3s\u00e1g \u00f6tv\u00f6z\u0151dik.\"><span class=\"Y2IQFc\" lang=\"hu\">M\u0171anyag bej\u00e1rati ajt\u00f3 100-as modell \u2013 modern, biztons\u00e1gos \u00e9s tart\u00f3s <\/span><\/p>\n<p class=\"tw-data-text tw-text-large tw-ta\" dir=\"ltr\" tabindex=\"-1\" role=\"text\" data-placeholder=\"Preklad\" data-ved=\"2ahUKEwjCl5WqwoGTAxXVgf0HHd6cG1EQ3ewLegQIBBAX\" aria-label=\"Prelo\u017een\u00fd text: M\u0171anyag bej\u00e1rati ajt\u00f3 100-as modell \u2013 modern, biztons\u00e1gos \u00e9s tart\u00f3s\n\nM\u00e9retek: tokkal\/ajt\u00f3tokkal: 95 \u00d7 200 cm, balos v\u00e1ltozat\n\nSz\u00edn: k\u00edv\u00fcl eleg\u00e1ns antracit \/ bel\u00fcl klasszikus feh\u00e9r\n\nAjt\u00f3lapok sz\u00e1ma: egysz\u00e1rny\u00fa\n\n\u00dcvegez\u00e9s: h\u0151szigetel\u0151 dupla \u00fcveg a jobb h\u0151- \u00e9s hangszigetel\u00e9s\u00e9rt\n\nProfil: WDS 70\n\nVasalatok: AXOR INDUSTRY\n\nBiztons\u00e1g: 5 pontos z\u00e1r\u00f3d\u00e1s \u00e9s 3D zsan\u00e9rok a k\u00f6nny\u0171 be\u00e1ll\u00edt\u00e1s\u00e9rt\n\nKieg\u00e9sz\u00edt\u0151 elemek: alum\u00ednium k\u00fcsz\u00f6b, kilincs \u00e9s z\u00e1r 5 kulccsal\n\n\u00c1r: \u00c1FA-val\n\nEz a bej\u00e1rati ajt\u00f3 \u00f6tv\u00f6zi a modern diz\u00e1jnt, a magas biztons\u00e1got \u00e9s az anyagmin\u0151s\u00e9get. A val\u00f3s fot\u00f3k h\u0171en \u00e1br\u00e1zolj\u00e1k a sz\u00ednmint\u00e1t, az \u00fcvegez\u00e9s r\u00e9szleteit \u00e9s a vasalatokat.\n\nIde\u00e1lis megold\u00e1s csal\u00e1di h\u00e1zakhoz, \u00faj \u00e9p\u00fcletekhez vagy fel\u00faj\u00edt\u00e1sokhoz, ahol a st\u00edlus \u00e9s a megb\u00edzhat\u00f3s\u00e1g \u00f6tv\u00f6z\u0151dik.\"><span class=\"Y2IQFc\" lang=\"hu\">M\u00e9retek: tokkal\/ajt\u00f3tokkal: 95 \u00d7 200 cm, balos v\u00e1ltozat<\/span><\/p>\n<p class=\"tw-data-text tw-text-large tw-ta\" dir=\"ltr\" tabindex=\"-1\" role=\"text\" data-placeholder=\"Preklad\" data-ved=\"2ahUKEwjCl5WqwoGTAxXVgf0HHd6cG1EQ3ewLegQIBBAX\" aria-label=\"Prelo\u017een\u00fd text: M\u0171anyag bej\u00e1rati ajt\u00f3 100-as modell \u2013 modern, biztons\u00e1gos \u00e9s tart\u00f3s\n\nM\u00e9retek: tokkal\/ajt\u00f3tokkal: 95 \u00d7 200 cm, balos v\u00e1ltozat\n\nSz\u00edn: k\u00edv\u00fcl eleg\u00e1ns antracit \/ bel\u00fcl klasszikus feh\u00e9r\n\nAjt\u00f3lapok sz\u00e1ma: egysz\u00e1rny\u00fa\n\n\u00dcvegez\u00e9s: h\u0151szigetel\u0151 dupla \u00fcveg a jobb h\u0151- \u00e9s hangszigetel\u00e9s\u00e9rt\n\nProfil: WDS 70\n\nVasalatok: AXOR INDUSTRY\n\nBiztons\u00e1g: 5 pontos z\u00e1r\u00f3d\u00e1s \u00e9s 3D zsan\u00e9rok a k\u00f6nny\u0171 be\u00e1ll\u00edt\u00e1s\u00e9rt\n\nKieg\u00e9sz\u00edt\u0151 elemek: alum\u00ednium k\u00fcsz\u00f6b, kilincs \u00e9s z\u00e1r 5 kulccsal\n\n\u00c1r: \u00c1FA-val\n\nEz a bej\u00e1rati ajt\u00f3 \u00f6tv\u00f6zi a modern diz\u00e1jnt, a magas biztons\u00e1got \u00e9s az anyagmin\u0151s\u00e9get. A val\u00f3s fot\u00f3k h\u0171en \u00e1br\u00e1zolj\u00e1k a sz\u00ednmint\u00e1t, az \u00fcvegez\u00e9s r\u00e9szleteit \u00e9s a vasalatokat.\n\nIde\u00e1lis megold\u00e1s csal\u00e1di h\u00e1zakhoz, \u00faj \u00e9p\u00fcletekhez vagy fel\u00faj\u00edt\u00e1sokhoz, ahol a st\u00edlus \u00e9s a megb\u00edzhat\u00f3s\u00e1g \u00f6tv\u00f6z\u0151dik.\"><span class=\"Y2IQFc\" lang=\"hu\">Sz\u00edn: k\u00edv\u00fcl eleg\u00e1ns antracit \/ bel\u00fcl klasszikus feh\u00e9r <\/span><\/p>\n<p class=\"tw-data-text tw-text-large tw-ta\" dir=\"ltr\" tabindex=\"-1\" role=\"text\" data-placeholder=\"Preklad\" data-ved=\"2ahUKEwjCl5WqwoGTAxXVgf0HHd6cG1EQ3ewLegQIBBAX\" aria-label=\"Prelo\u017een\u00fd text: M\u0171anyag bej\u00e1rati ajt\u00f3 100-as modell \u2013 modern, biztons\u00e1gos \u00e9s tart\u00f3s\n\nM\u00e9retek: tokkal\/ajt\u00f3tokkal: 95 \u00d7 200 cm, balos v\u00e1ltozat\n\nSz\u00edn: k\u00edv\u00fcl eleg\u00e1ns antracit \/ bel\u00fcl klasszikus feh\u00e9r\n\nAjt\u00f3lapok sz\u00e1ma: egysz\u00e1rny\u00fa\n\n\u00dcvegez\u00e9s: h\u0151szigetel\u0151 dupla \u00fcveg a jobb h\u0151- \u00e9s hangszigetel\u00e9s\u00e9rt\n\nProfil: WDS 70\n\nVasalatok: AXOR INDUSTRY\n\nBiztons\u00e1g: 5 pontos z\u00e1r\u00f3d\u00e1s \u00e9s 3D zsan\u00e9rok a k\u00f6nny\u0171 be\u00e1ll\u00edt\u00e1s\u00e9rt\n\nKieg\u00e9sz\u00edt\u0151 elemek: alum\u00ednium k\u00fcsz\u00f6b, kilincs \u00e9s z\u00e1r 5 kulccsal\n\n\u00c1r: \u00c1FA-val\n\nEz a bej\u00e1rati ajt\u00f3 \u00f6tv\u00f6zi a modern diz\u00e1jnt, a magas biztons\u00e1got \u00e9s az anyagmin\u0151s\u00e9get. A val\u00f3s fot\u00f3k h\u0171en \u00e1br\u00e1zolj\u00e1k a sz\u00ednmint\u00e1t, az \u00fcvegez\u00e9s r\u00e9szleteit \u00e9s a vasalatokat.\n\nIde\u00e1lis megold\u00e1s csal\u00e1di h\u00e1zakhoz, \u00faj \u00e9p\u00fcletekhez vagy fel\u00faj\u00edt\u00e1sokhoz, ahol a st\u00edlus \u00e9s a megb\u00edzhat\u00f3s\u00e1g \u00f6tv\u00f6z\u0151dik.\"><span class=\"Y2IQFc\" lang=\"hu\">Ajt\u00f3lapok sz\u00e1ma: egysz\u00e1rny\u00fa<\/span><\/p>\n<p class=\"tw-data-text tw-text-large tw-ta\" dir=\"ltr\" tabindex=\"-1\" role=\"text\" data-placeholder=\"Preklad\" data-ved=\"2ahUKEwjCl5WqwoGTAxXVgf0HHd6cG1EQ3ewLegQIBBAX\" aria-label=\"Prelo\u017een\u00fd text: M\u0171anyag bej\u00e1rati ajt\u00f3 100-as modell \u2013 modern, biztons\u00e1gos \u00e9s tart\u00f3s\n\nM\u00e9retek: tokkal\/ajt\u00f3tokkal: 95 \u00d7 200 cm, balos v\u00e1ltozat\n\nSz\u00edn: k\u00edv\u00fcl eleg\u00e1ns antracit \/ bel\u00fcl klasszikus feh\u00e9r\n\nAjt\u00f3lapok sz\u00e1ma: egysz\u00e1rny\u00fa\n\n\u00dcvegez\u00e9s: h\u0151szigetel\u0151 dupla \u00fcveg a jobb h\u0151- \u00e9s hangszigetel\u00e9s\u00e9rt\n\nProfil: WDS 70\n\nVasalatok: AXOR INDUSTRY\n\nBiztons\u00e1g: 5 pontos z\u00e1r\u00f3d\u00e1s \u00e9s 3D zsan\u00e9rok a k\u00f6nny\u0171 be\u00e1ll\u00edt\u00e1s\u00e9rt\n\nKieg\u00e9sz\u00edt\u0151 elemek: alum\u00ednium k\u00fcsz\u00f6b, kilincs \u00e9s z\u00e1r 5 kulccsal\n\n\u00c1r: \u00c1FA-val\n\nEz a bej\u00e1rati ajt\u00f3 \u00f6tv\u00f6zi a modern diz\u00e1jnt, a magas biztons\u00e1got \u00e9s az anyagmin\u0151s\u00e9get. A val\u00f3s fot\u00f3k h\u0171en \u00e1br\u00e1zolj\u00e1k a sz\u00ednmint\u00e1t, az \u00fcvegez\u00e9s r\u00e9szleteit \u00e9s a vasalatokat.\n\nIde\u00e1lis megold\u00e1s csal\u00e1di h\u00e1zakhoz, \u00faj \u00e9p\u00fcletekhez vagy fel\u00faj\u00edt\u00e1sokhoz, ahol a st\u00edlus \u00e9s a megb\u00edzhat\u00f3s\u00e1g \u00f6tv\u00f6z\u0151dik.\"><span class=\"Y2IQFc\" lang=\"hu\">\u00dcvegez\u00e9s: h\u0151szigetel\u0151 dupla \u00fcveg a jobb h\u0151- \u00e9s hangszigetel\u00e9s\u00e9rt<\/span><\/p>\n<p class=\"tw-data-text tw-text-large tw-ta\" dir=\"ltr\" tabindex=\"-1\" role=\"text\" data-placeholder=\"Preklad\" data-ved=\"2ahUKEwjCl5WqwoGTAxXVgf0HHd6cG1EQ3ewLegQIBBAX\" aria-label=\"Prelo\u017een\u00fd text: M\u0171anyag bej\u00e1rati ajt\u00f3 100-as modell \u2013 modern, biztons\u00e1gos \u00e9s tart\u00f3s\n\nM\u00e9retek: tokkal\/ajt\u00f3tokkal: 95 \u00d7 200 cm, balos v\u00e1ltozat\n\nSz\u00edn: k\u00edv\u00fcl eleg\u00e1ns antracit \/ bel\u00fcl klasszikus feh\u00e9r\n\nAjt\u00f3lapok sz\u00e1ma: egysz\u00e1rny\u00fa\n\n\u00dcvegez\u00e9s: h\u0151szigetel\u0151 dupla \u00fcveg a jobb h\u0151- \u00e9s hangszigetel\u00e9s\u00e9rt\n\nProfil: WDS 70\n\nVasalatok: AXOR INDUSTRY\n\nBiztons\u00e1g: 5 pontos z\u00e1r\u00f3d\u00e1s \u00e9s 3D zsan\u00e9rok a k\u00f6nny\u0171 be\u00e1ll\u00edt\u00e1s\u00e9rt\n\nKieg\u00e9sz\u00edt\u0151 elemek: alum\u00ednium k\u00fcsz\u00f6b, kilincs \u00e9s z\u00e1r 5 kulccsal\n\n\u00c1r: \u00c1FA-val\n\nEz a bej\u00e1rati ajt\u00f3 \u00f6tv\u00f6zi a modern diz\u00e1jnt, a magas biztons\u00e1got \u00e9s az anyagmin\u0151s\u00e9get. A val\u00f3s fot\u00f3k h\u0171en \u00e1br\u00e1zolj\u00e1k a sz\u00ednmint\u00e1t, az \u00fcvegez\u00e9s r\u00e9szleteit \u00e9s a vasalatokat.\n\nIde\u00e1lis megold\u00e1s csal\u00e1di h\u00e1zakhoz, \u00faj \u00e9p\u00fcletekhez vagy fel\u00faj\u00edt\u00e1sokhoz, ahol a st\u00edlus \u00e9s a megb\u00edzhat\u00f3s\u00e1g \u00f6tv\u00f6z\u0151dik.\"><span class=\"Y2IQFc\" lang=\"hu\">Profil: WDS 70 <\/span><\/p>\n<p class=\"tw-data-text tw-text-large tw-ta\" dir=\"ltr\" tabindex=\"-1\" role=\"text\" data-placeholder=\"Preklad\" data-ved=\"2ahUKEwjCl5WqwoGTAxXVgf0HHd6cG1EQ3ewLegQIBBAX\" aria-label=\"Prelo\u017een\u00fd text: M\u0171anyag bej\u00e1rati ajt\u00f3 100-as modell \u2013 modern, biztons\u00e1gos \u00e9s tart\u00f3s\n\nM\u00e9retek: tokkal\/ajt\u00f3tokkal: 95 \u00d7 200 cm, balos v\u00e1ltozat\n\nSz\u00edn: k\u00edv\u00fcl eleg\u00e1ns antracit \/ bel\u00fcl klasszikus feh\u00e9r\n\nAjt\u00f3lapok sz\u00e1ma: egysz\u00e1rny\u00fa\n\n\u00dcvegez\u00e9s: h\u0151szigetel\u0151 dupla \u00fcveg a jobb h\u0151- \u00e9s hangszigetel\u00e9s\u00e9rt\n\nProfil: WDS 70\n\nVasalatok: AXOR INDUSTRY\n\nBiztons\u00e1g: 5 pontos z\u00e1r\u00f3d\u00e1s \u00e9s 3D zsan\u00e9rok a k\u00f6nny\u0171 be\u00e1ll\u00edt\u00e1s\u00e9rt\n\nKieg\u00e9sz\u00edt\u0151 elemek: alum\u00ednium k\u00fcsz\u00f6b, kilincs \u00e9s z\u00e1r 5 kulccsal\n\n\u00c1r: \u00c1FA-val\n\nEz a bej\u00e1rati ajt\u00f3 \u00f6tv\u00f6zi a modern diz\u00e1jnt, a magas biztons\u00e1got \u00e9s az anyagmin\u0151s\u00e9get. A val\u00f3s fot\u00f3k h\u0171en \u00e1br\u00e1zolj\u00e1k a sz\u00ednmint\u00e1t, az \u00fcvegez\u00e9s r\u00e9szleteit \u00e9s a vasalatokat.\n\nIde\u00e1lis megold\u00e1s csal\u00e1di h\u00e1zakhoz, \u00faj \u00e9p\u00fcletekhez vagy fel\u00faj\u00edt\u00e1sokhoz, ahol a st\u00edlus \u00e9s a megb\u00edzhat\u00f3s\u00e1g \u00f6tv\u00f6z\u0151dik.\"><span class=\"Y2IQFc\" lang=\"hu\">Vasalatok: AXOR INDUSTRY<\/span><\/p>\n<p class=\"tw-data-text tw-text-large tw-ta\" dir=\"ltr\" tabindex=\"-1\" role=\"text\" data-placeholder=\"Preklad\" data-ved=\"2ahUKEwjCl5WqwoGTAxXVgf0HHd6cG1EQ3ewLegQIBBAX\" aria-label=\"Prelo\u017een\u00fd text: M\u0171anyag bej\u00e1rati ajt\u00f3 100-as modell \u2013 modern, biztons\u00e1gos \u00e9s tart\u00f3s\n\nM\u00e9retek: tokkal\/ajt\u00f3tokkal: 95 \u00d7 200 cm, balos v\u00e1ltozat\n\nSz\u00edn: k\u00edv\u00fcl eleg\u00e1ns antracit \/ bel\u00fcl klasszikus feh\u00e9r\n\nAjt\u00f3lapok sz\u00e1ma: egysz\u00e1rny\u00fa\n\n\u00dcvegez\u00e9s: h\u0151szigetel\u0151 dupla \u00fcveg a jobb h\u0151- \u00e9s hangszigetel\u00e9s\u00e9rt\n\nProfil: WDS 70\n\nVasalatok: AXOR INDUSTRY\n\nBiztons\u00e1g: 5 pontos z\u00e1r\u00f3d\u00e1s \u00e9s 3D zsan\u00e9rok a k\u00f6nny\u0171 be\u00e1ll\u00edt\u00e1s\u00e9rt\n\nKieg\u00e9sz\u00edt\u0151 elemek: alum\u00ednium k\u00fcsz\u00f6b, kilincs \u00e9s z\u00e1r 5 kulccsal\n\n\u00c1r: \u00c1FA-val\n\nEz a bej\u00e1rati ajt\u00f3 \u00f6tv\u00f6zi a modern diz\u00e1jnt, a magas biztons\u00e1got \u00e9s az anyagmin\u0151s\u00e9get. A val\u00f3s fot\u00f3k h\u0171en \u00e1br\u00e1zolj\u00e1k a sz\u00ednmint\u00e1t, az \u00fcvegez\u00e9s r\u00e9szleteit \u00e9s a vasalatokat.\n\nIde\u00e1lis megold\u00e1s csal\u00e1di h\u00e1zakhoz, \u00faj \u00e9p\u00fcletekhez vagy fel\u00faj\u00edt\u00e1sokhoz, ahol a st\u00edlus \u00e9s a megb\u00edzhat\u00f3s\u00e1g \u00f6tv\u00f6z\u0151dik.\"><span class=\"Y2IQFc\" lang=\"hu\">Biztons\u00e1g: 5 pontos z\u00e1r\u00f3d\u00e1s \u00e9s 3D zsan\u00e9rok a k\u00f6nny\u0171 be\u00e1ll\u00edt\u00e1s\u00e9rt<\/span><\/p>\n<p class=\"tw-data-text tw-text-large tw-ta\" dir=\"ltr\" tabindex=\"-1\" role=\"text\" data-placeholder=\"Preklad\" data-ved=\"2ahUKEwjCl5WqwoGTAxXVgf0HHd6cG1EQ3ewLegQIBBAX\" aria-label=\"Prelo\u017een\u00fd text: M\u0171anyag bej\u00e1rati ajt\u00f3 100-as modell \u2013 modern, biztons\u00e1gos \u00e9s tart\u00f3s\n\nM\u00e9retek: tokkal\/ajt\u00f3tokkal: 95 \u00d7 200 cm, balos v\u00e1ltozat\n\nSz\u00edn: k\u00edv\u00fcl eleg\u00e1ns antracit \/ bel\u00fcl klasszikus feh\u00e9r\n\nAjt\u00f3lapok sz\u00e1ma: egysz\u00e1rny\u00fa\n\n\u00dcvegez\u00e9s: h\u0151szigetel\u0151 dupla \u00fcveg a jobb h\u0151- \u00e9s hangszigetel\u00e9s\u00e9rt\n\nProfil: WDS 70\n\nVasalatok: AXOR INDUSTRY\n\nBiztons\u00e1g: 5 pontos z\u00e1r\u00f3d\u00e1s \u00e9s 3D zsan\u00e9rok a k\u00f6nny\u0171 be\u00e1ll\u00edt\u00e1s\u00e9rt\n\nKieg\u00e9sz\u00edt\u0151 elemek: alum\u00ednium k\u00fcsz\u00f6b, kilincs \u00e9s z\u00e1r 5 kulccsal\n\n\u00c1r: \u00c1FA-val\n\nEz a bej\u00e1rati ajt\u00f3 \u00f6tv\u00f6zi a modern diz\u00e1jnt, a magas biztons\u00e1got \u00e9s az anyagmin\u0151s\u00e9get. A val\u00f3s fot\u00f3k h\u0171en \u00e1br\u00e1zolj\u00e1k a sz\u00ednmint\u00e1t, az \u00fcvegez\u00e9s r\u00e9szleteit \u00e9s a vasalatokat.\n\nIde\u00e1lis megold\u00e1s csal\u00e1di h\u00e1zakhoz, \u00faj \u00e9p\u00fcletekhez vagy fel\u00faj\u00edt\u00e1sokhoz, ahol a st\u00edlus \u00e9s a megb\u00edzhat\u00f3s\u00e1g \u00f6tv\u00f6z\u0151dik.\"><span class=\"Y2IQFc\" lang=\"hu\">Kieg\u00e9sz\u00edt\u0151 elemek: alum\u00ednium k\u00fcsz\u00f6b, kilincs \u00e9s z\u00e1r 5 kulccsal <\/span><\/p>\n<p class=\"tw-data-text tw-text-large tw-ta\" dir=\"ltr\" tabindex=\"-1\" role=\"text\" data-placeholder=\"Preklad\" data-ved=\"2ahUKEwjCl5WqwoGTAxXVgf0HHd6cG1EQ3ewLegQIBBAX\" aria-label=\"Prelo\u017een\u00fd text: M\u0171anyag bej\u00e1rati ajt\u00f3 100-as modell \u2013 modern, biztons\u00e1gos \u00e9s tart\u00f3s\n\nM\u00e9retek: tokkal\/ajt\u00f3tokkal: 95 \u00d7 200 cm, balos v\u00e1ltozat\n\nSz\u00edn: k\u00edv\u00fcl eleg\u00e1ns antracit \/ bel\u00fcl klasszikus feh\u00e9r\n\nAjt\u00f3lapok sz\u00e1ma: egysz\u00e1rny\u00fa\n\n\u00dcvegez\u00e9s: h\u0151szigetel\u0151 dupla \u00fcveg a jobb h\u0151- \u00e9s hangszigetel\u00e9s\u00e9rt\n\nProfil: WDS 70\n\nVasalatok: AXOR INDUSTRY\n\nBiztons\u00e1g: 5 pontos z\u00e1r\u00f3d\u00e1s \u00e9s 3D zsan\u00e9rok a k\u00f6nny\u0171 be\u00e1ll\u00edt\u00e1s\u00e9rt\n\nKieg\u00e9sz\u00edt\u0151 elemek: alum\u00ednium k\u00fcsz\u00f6b, kilincs \u00e9s z\u00e1r 5 kulccsal\n\n\u00c1r: \u00c1FA-val\n\nEz a bej\u00e1rati ajt\u00f3 \u00f6tv\u00f6zi a modern diz\u00e1jnt, a magas biztons\u00e1got \u00e9s az anyagmin\u0151s\u00e9get. A val\u00f3s fot\u00f3k h\u0171en \u00e1br\u00e1zolj\u00e1k a sz\u00ednmint\u00e1t, az \u00fcvegez\u00e9s r\u00e9szleteit \u00e9s a vasalatokat.\n\nIde\u00e1lis megold\u00e1s csal\u00e1di h\u00e1zakhoz, \u00faj \u00e9p\u00fcletekhez vagy fel\u00faj\u00edt\u00e1sokhoz, ahol a st\u00edlus \u00e9s a megb\u00edzhat\u00f3s\u00e1g \u00f6tv\u00f6z\u0151dik.\"><span class=\"Y2IQFc\" lang=\"hu\">\u00c1r: \u00c1FA-val<\/span><\/p>\n<p class=\"tw-data-text tw-text-large tw-ta\" dir=\"ltr\" tabindex=\"-1\" role=\"text\" data-placeholder=\"Preklad\" data-ved=\"2ahUKEwjCl5WqwoGTAxXVgf0HHd6cG1EQ3ewLegQIBBAX\" aria-label=\"Prelo\u017een\u00fd text: M\u0171anyag bej\u00e1rati ajt\u00f3 100-as modell \u2013 modern, biztons\u00e1gos \u00e9s tart\u00f3s\n\nM\u00e9retek: tokkal\/ajt\u00f3tokkal: 95 \u00d7 200 cm, balos v\u00e1ltozat\n\nSz\u00edn: k\u00edv\u00fcl eleg\u00e1ns antracit \/ bel\u00fcl klasszikus feh\u00e9r\n\nAjt\u00f3lapok sz\u00e1ma: egysz\u00e1rny\u00fa\n\n\u00dcvegez\u00e9s: h\u0151szigetel\u0151 dupla \u00fcveg a jobb h\u0151- \u00e9s hangszigetel\u00e9s\u00e9rt\n\nProfil: WDS 70\n\nVasalatok: AXOR INDUSTRY\n\nBiztons\u00e1g: 5 pontos z\u00e1r\u00f3d\u00e1s \u00e9s 3D zsan\u00e9rok a k\u00f6nny\u0171 be\u00e1ll\u00edt\u00e1s\u00e9rt\n\nKieg\u00e9sz\u00edt\u0151 elemek: alum\u00ednium k\u00fcsz\u00f6b, kilincs \u00e9s z\u00e1r 5 kulccsal\n\n\u00c1r: \u00c1FA-val\n\nEz a bej\u00e1rati ajt\u00f3 \u00f6tv\u00f6zi a modern diz\u00e1jnt, a magas biztons\u00e1got \u00e9s az anyagmin\u0151s\u00e9get. A val\u00f3s fot\u00f3k h\u0171en \u00e1br\u00e1zolj\u00e1k a sz\u00ednmint\u00e1t, az \u00fcvegez\u00e9s r\u00e9szleteit \u00e9s a vasalatokat.\n\nIde\u00e1lis megold\u00e1s csal\u00e1di h\u00e1zakhoz, \u00faj \u00e9p\u00fcletekhez vagy fel\u00faj\u00edt\u00e1sokhoz, ahol a st\u00edlus \u00e9s a megb\u00edzhat\u00f3s\u00e1g \u00f6tv\u00f6z\u0151dik.\"><span class=\"Y2IQFc\" lang=\"hu\">Ez a bej\u00e1rati ajt\u00f3 \u00f6tv\u00f6zi a modern diz\u00e1jnt, a magas biztons\u00e1got \u00e9s az anyagmin\u0151s\u00e9get. A val\u00f3s fot\u00f3k h\u0171en \u00e1br\u00e1zolj\u00e1k a sz\u00ednmint\u00e1t, az \u00fcvegez\u00e9s r\u00e9szleteit \u00e9s a vasalatokat. Ide\u00e1lis megold\u00e1s csal\u00e1di h\u00e1zakhoz, \u00faj \u00e9p\u00fcletekhez vagy fel\u00faj\u00edt\u00e1sokhoz, ahol a st\u00edlus \u00e9s a megb\u00edzhat\u00f3s\u00e1g \u00f6tv\u00f6z\u0151dik.<\/span><\/p>\n","protected":false},"excerpt":{"rendered":"<p id=\"tw-target-text\" class=\"tw-data-text tw-text-large tw-ta\" dir=\"ltr\" tabindex=\"-1\" role=\"text\" data-placeholder=\"Preklad\" data-ved=\"2ahUKEwjCl5WqwoGTAxXVgf0HHd6cG1EQ3ewLegQIBBAX\" aria-label=\"Prelo\u017een\u00fd text: Modern \u00e9s biztons\u00e1gos m\u0171anyag bej\u00e1rati ajt\u00f3, 100-as modell \u2013 ide\u00e1lis otthon\u00e1ba.\n\nEleg\u00e1ns feh\u00e9r-antracit bej\u00e1rati ajt\u00f3 h\u0151szigetel\u0151 dupla \u00fcvegez\u00e9ssel \u00e9s 5 pontos z\u00e1rral.\n\nKiv\u00e1l\u00f3 min\u0151s\u00e9g\u0171, egysz\u00e1rny\u00fa bej\u00e1rati ajt\u00f3, amely \u00f6tv\u00f6zi a diz\u00e1jnt \u00e9s a biztons\u00e1got.\n\n100-as modell \u2013 megb\u00edzhat\u00f3, modern \u00e9s tart\u00f3s bej\u00e1rati ajt\u00f3 csal\u00e1di otthonokba.\"><span class=\"Y2IQFc\" lang=\"hu\">Modern \u00e9s biztons\u00e1gos m\u0171anyag bej\u00e1rati ajt\u00f3, 100-as modell \u2013 ide\u00e1lis otthon\u00e1ba. <\/span><\/p>\n<p class=\"tw-data-text tw-text-large tw-ta\" dir=\"ltr\" tabindex=\"-1\" role=\"text\" data-placeholder=\"Preklad\" data-ved=\"2ahUKEwjCl5WqwoGTAxXVgf0HHd6cG1EQ3ewLegQIBBAX\" aria-label=\"Prelo\u017een\u00fd text: Modern \u00e9s biztons\u00e1gos m\u0171anyag bej\u00e1rati ajt\u00f3, 100-as modell \u2013 ide\u00e1lis otthon\u00e1ba.\n\nEleg\u00e1ns feh\u00e9r-antracit bej\u00e1rati ajt\u00f3 h\u0151szigetel\u0151 dupla \u00fcvegez\u00e9ssel \u00e9s 5 pontos z\u00e1rral.\n\nKiv\u00e1l\u00f3 min\u0151s\u00e9g\u0171, egysz\u00e1rny\u00fa bej\u00e1rati ajt\u00f3, amely \u00f6tv\u00f6zi a diz\u00e1jnt \u00e9s a biztons\u00e1got.\n\n100-as modell \u2013 megb\u00edzhat\u00f3, modern \u00e9s tart\u00f3s bej\u00e1rati ajt\u00f3 csal\u00e1di otthonokba.\"><span class=\"Y2IQFc\" lang=\"hu\">Eleg\u00e1ns feh\u00e9r-antracit bej\u00e1rati ajt\u00f3 h\u0151szigetel\u0151 dupla \u00fcvegez\u00e9ssel \u00e9s 5 pontos z\u00e1rral.<\/span><\/p>\n<p class=\"tw-data-text tw-text-large tw-ta\" dir=\"ltr\" tabindex=\"-1\" role=\"text\" data-placeholder=\"Preklad\" data-ved=\"2ahUKEwjCl5WqwoGTAxXVgf0HHd6cG1EQ3ewLegQIBBAX\" aria-label=\"Prelo\u017een\u00fd text: Modern \u00e9s biztons\u00e1gos m\u0171anyag bej\u00e1rati ajt\u00f3, 100-as modell \u2013 ide\u00e1lis otthon\u00e1ba.\n\nEleg\u00e1ns feh\u00e9r-antracit bej\u00e1rati ajt\u00f3 h\u0151szigetel\u0151 dupla \u00fcvegez\u00e9ssel \u00e9s 5 pontos z\u00e1rral.\n\nKiv\u00e1l\u00f3 min\u0151s\u00e9g\u0171, egysz\u00e1rny\u00fa bej\u00e1rati ajt\u00f3, amely \u00f6tv\u00f6zi a diz\u00e1jnt \u00e9s a biztons\u00e1got.\n\n100-as modell \u2013 megb\u00edzhat\u00f3, modern \u00e9s tart\u00f3s bej\u00e1rati ajt\u00f3 csal\u00e1di otthonokba.\"><span class=\"Y2IQFc\" lang=\"hu\">Kiv\u00e1l\u00f3 min\u0151s\u00e9g\u0171, egysz\u00e1rny\u00fa bej\u00e1rati ajt\u00f3, amely \u00f6tv\u00f6zi a diz\u00e1jnt \u00e9s a biztons\u00e1got.<\/span><\/p>\n<p class=\"tw-data-text tw-text-large tw-ta\" dir=\"ltr\" tabindex=\"-1\" role=\"text\" data-placeholder=\"Preklad\" data-ved=\"2ahUKEwjCl5WqwoGTAxXVgf0HHd6cG1EQ3ewLegQIBBAX\" aria-label=\"Prelo\u017een\u00fd text: Modern \u00e9s biztons\u00e1gos m\u0171anyag bej\u00e1rati ajt\u00f3, 100-as modell \u2013 ide\u00e1lis otthon\u00e1ba.\n\nEleg\u00e1ns feh\u00e9r-antracit bej\u00e1rati ajt\u00f3 h\u0151szigetel\u0151 dupla \u00fcvegez\u00e9ssel \u00e9s 5 pontos z\u00e1rral.\n\nKiv\u00e1l\u00f3 min\u0151s\u00e9g\u0171, egysz\u00e1rny\u00fa bej\u00e1rati ajt\u00f3, amely \u00f6tv\u00f6zi a diz\u00e1jnt \u00e9s a biztons\u00e1got.\n\n100-as modell \u2013 megb\u00edzhat\u00f3, modern \u00e9s tart\u00f3s bej\u00e1rati ajt\u00f3 csal\u00e1di otthonokba.\"><span class=\"Y2IQFc\" lang=\"hu\">100-as modell \u2013 megb\u00edzhat\u00f3, modern \u00e9s tart\u00f3s bej\u00e1rati ajt\u00f3 csal\u00e1di otthonokba.<\/span><\/p>\n","protected":false},"featured_media":3750,"template":"","meta":{"_et_pb_use_builder":"","_et_pb_old_content":"","_et_gb_content_width":""},"product_brand":[],"product_cat":[58,62],"product_tag":[602,608,605,600,607,604,601,603,606,247],"class_list":{"0":"post-3799","1":"product","2":"type-product","3":"status-publish","4":"has-post-thumbnail","6":"product_cat-uj-bejarati-ajtok","7":"product_cat-uj-muanyag-bejarati-ajto-egy-szarnyu","8":"product_tag-antracit-bejarati-ajto","9":"product_tag-bal-elso-ajto","10":"product_tag-bejarati-ajto-5-pontos-zarral","11":"product_tag-bejarati-ajto-95x200","12":"product_tag-bejarati-ajto-csaladi-hazhoz","13":"product_tag-dupla-uvegezesu-bejarati-ajto","14":"product_tag-egyszarnyu-bejarati-ajto-2","15":"product_tag-feher-bejarati-ajto-2","16":"product_tag-modern-bejarati-ajto","17":"product_tag-muanyag-bejarati-ajto","19":"first","20":"instock","21":"shipping-taxable","22":"purchasable","23":"product-type-simple"},"_links":{"self":[{"href":"https:\/\/www.oknadverelacno.sk\/hu\/wp-json\/wp\/v2\/product\/3799","targetHints":{"allow":["GET"]}}],"collection":[{"href":"https:\/\/www.oknadverelacno.sk\/hu\/wp-json\/wp\/v2\/product"}],"about":[{"href":"https:\/\/www.oknadverelacno.sk\/hu\/wp-json\/wp\/v2\/types\/product"}],"wp:featuredmedia":[{"embeddable":true,"href":"https:\/\/www.oknadverelacno.sk\/hu\/wp-json\/wp\/v2\/media\/3750"}],"wp:attachment":[{"href":"https:\/\/www.oknadverelacno.sk\/hu\/wp-json\/wp\/v2\/media?parent=3799"}],"wp:term":[{"taxonomy":"product_brand","embeddable":true,"href":"https:\/\/www.oknadverelacno.sk\/hu\/wp-json\/wp\/v2\/product_brand?post=3799"},{"taxonomy":"product_cat","embeddable":true,"href":"https:\/\/www.oknadverelacno.sk\/hu\/wp-json\/wp\/v2\/product_cat?post=3799"},{"taxonomy":"product_tag","embeddable":true,"href":"https:\/\/www.oknadverelacno.sk\/hu\/wp-json\/wp\/v2\/product_tag?post=3799"}],"curies":[{"name":"wp","href":"https:\/\/api.w.org\/{rel}","templated":true}]}}