{"id":3798,"date":"2026-02-16T17:00:35","date_gmt":"2026-02-16T17:00:35","guid":{"rendered":"https:\/\/www.oknadverelacno.sk\/katalog\/hasznalt-muanyag-ablak-155-x-230-cm-feher-dupla-uvegezesu"},"modified":"2026-02-16T17:00:35","modified_gmt":"2026-02-16T17:00:35","slug":"hasznalt-muanyag-ablak-155-x-230-cm-feher-dupla-uvegezesu","status":"publish","type":"product","link":"https:\/\/www.oknadverelacno.sk\/hu\/katalog\/hasznalt-muanyag-ablak-155-x-230-cm-feher-dupla-uvegezesu","title":{"rendered":"Haszn\u00e1lt m\u0171anyag ablak 155 \u00d7 230 cm \u2013 feh\u00e9r, dupla \u00fcvegez\u00e9s\u0171"},"content":{"rendered":"<div id=\"tw-container\" class=\"nev7se\" data-cp=\"1\" data-nnttsvi=\"1\" data-ntl-tooltip=\"true\" data-sletp=\"false\" data-sm=\"1\" data-ssbp=\"true\" data-sugg-time=\"500\" data-sugg-url=\"https:\/\/clients1.google.com\/complete\/search\" data-uilc=\"sk\" data-vil=\",af,af-ZA,am,am-ET,ar-EG,ar-AE,ar-KW,ar-QA,ar,ar-IL,ar-JO,ar-LB,ar-PS,az,az-AZ,bg,bg-BG,bn,bn-BD,bn-IN,ca,ca-es,cs,cs-CZ,de,de-DE,de-CH,de-AT,de-LI,en,en-US,en-CA,en-AU,en-NZ,en-GB,en-IN,en-KE,en-TZ,en-NG,en-GH,en-PH,en-ZA,es,es-ES,es-AR,es-UY,es-419,es-BO,es-CL,es-CR,es-CO,es-DO,es-EC,es-GT,es-HN,es-NI,es-PA,es-PE,es-PR,es-PY,es-SV,es-VE,es-MX,es-US,eu,eu-ES,fi,fi-FI,fr,fr-FR,fr-CH,fr-BE,gl,gl-ES,gu,gu-IN,he,he-IL,iw,iw-IL,hu,hu-HU,hy,hy-AM,id,id-ID,is,is-IS,it,it-IT,it-CH,ja,ja-JP,jv,jv-ID,ka,ka-GE,km,km-KH,kn,kn-IN,ko,ko-KR,la,lo,lo-LA,lv,lv-LV,ml,ml-IN,mr,mr-IN,ms,ms-MY,nl,nl-NL,nb,nb-NO,ne,ne-NP,pl,pl-PL,pt,pt-BR,pt-PT,ro,ro-RO,ru,ru-RU,si-LK,sk,sk-SK,sr,sr-RS,su,su-ID,sv,sv-SE,sw,sw-TZ,sw-KE,ta,ta-IN,ta-SG,ta-LK,ta-MY,te,te-IN,tr,tr-TR,ur,ur-PK,ur-IN,yue,yue-HK,yue-Hant-HK,zh-HK,zh,zh-CN,zh-cmn,zh-cmn-CN,zh-Hans,zh-Hans-CN,zh-cmn-Hans,zh-cmn-Hans-CN,cmn-CN,cmn-Hans,cmn-Hans-CN,zh-TW,zh-Hant-TW,cmn-TW,cmn-Hant-TW,zh-cmn-TW,zh-cmn-Hant-TW,zu,zu-ZA,hi,hi-IN,tl,tl-PH,pa,pa-IN\">\n<div>\n<div>\n<div id=\"tw-ob\" class=\"tw-src-ltr\">\n<div class=\"oSioSc\">\n<div id=\"tw-target\">\n<div id=\"kAz1tf\" class=\"g9WsWb PZPZlf\" data-attrid=\"tw-targetArea\" data-entityname=\"Google Translate\">\n<div id=\"tw-target-text-container\" class=\"tw-ta-container tw-nfl\" tabindex=\"0\" role=\"text\">\n<p id=\"tw-target-text\" class=\"tw-data-text tw-text-large tw-ta\" dir=\"ltr\" tabindex=\"-1\" role=\"text\" data-placeholder=\"Preklad\" data-ved=\"2ahUKEwjCl5WqwoGTAxXVgf0HHd6cG1EQ3ewLegQIBBAX\" aria-label=\"Prelo\u017een\u00fd text: Haszn\u00e1lt m\u0171anyag ablak \u2013 feh\u00e9r, dupla \u00fcvegez\u00e9s\u0171\n\nM\u00e9retek: 155 \u00d7 230 cm (sz\u00e9less\u00e9g \u00d7 magass\u00e1g)\n\nSz\u00edn: feh\u00e9r\n\n\u00dcvegez\u00e9s: h\u0151szigetel\u0151 dupla \u00fcvegez\u00e9s (2 \u00fcvegez\u00e9s\u0171)\n\nT\u00edpus: haszn\u00e1lt ablak, azonnal be\u00e9p\u00edthet\u0151\n\nEz az ablak j\u00f3 \u00e1llapot\u00fa, tart\u00f3s \u00e9s biztons\u00e1gos, ide\u00e1lis fel\u00faj\u00edt\u00e1sokhoz vagy olyan \u00e9p\u00fcletekhez, ahol min\u0151s\u00e9gi \u00fcvegez\u00e9sre \u00e9s modern megjelen\u00e9sre van sz\u00fcks\u00e9g.\n\nEl\u0151ny\u00f6k:\n\nEnergiatakar\u00e9kos dupla \u00fcvegez\u00e9s\n\nK\u00f6nny\u0171 beszerel\u00e9s\n\nTart\u00f3s m\u0171anyag konstrukci\u00f3\"><span class=\"Y2IQFc\" lang=\"hu\">Haszn\u00e1lt m\u0171anyag ablak \u2013 feh\u00e9r, dupla \u00fcvegez\u00e9s\u0171 <\/span><\/p>\n<p class=\"tw-data-text tw-text-large tw-ta\" dir=\"ltr\" tabindex=\"-1\" role=\"text\" data-placeholder=\"Preklad\" data-ved=\"2ahUKEwjCl5WqwoGTAxXVgf0HHd6cG1EQ3ewLegQIBBAX\" aria-label=\"Prelo\u017een\u00fd text: Haszn\u00e1lt m\u0171anyag ablak \u2013 feh\u00e9r, dupla \u00fcvegez\u00e9s\u0171\n\nM\u00e9retek: 155 \u00d7 230 cm (sz\u00e9less\u00e9g \u00d7 magass\u00e1g)\n\nSz\u00edn: feh\u00e9r\n\n\u00dcvegez\u00e9s: h\u0151szigetel\u0151 dupla \u00fcvegez\u00e9s (2 \u00fcvegez\u00e9s\u0171)\n\nT\u00edpus: haszn\u00e1lt ablak, azonnal be\u00e9p\u00edthet\u0151\n\nEz az ablak j\u00f3 \u00e1llapot\u00fa, tart\u00f3s \u00e9s biztons\u00e1gos, ide\u00e1lis fel\u00faj\u00edt\u00e1sokhoz vagy olyan \u00e9p\u00fcletekhez, ahol min\u0151s\u00e9gi \u00fcvegez\u00e9sre \u00e9s modern megjelen\u00e9sre van sz\u00fcks\u00e9g.\n\nEl\u0151ny\u00f6k:\n\nEnergiatakar\u00e9kos dupla \u00fcvegez\u00e9s\n\nK\u00f6nny\u0171 beszerel\u00e9s\n\nTart\u00f3s m\u0171anyag konstrukci\u00f3\"><span class=\"Y2IQFc\" lang=\"hu\">M\u00e9retek: 155 \u00d7 230 cm (sz\u00e9less\u00e9g \u00d7 magass\u00e1g)<\/span><\/p>\n<p class=\"tw-data-text tw-text-large tw-ta\" dir=\"ltr\" tabindex=\"-1\" role=\"text\" data-placeholder=\"Preklad\" data-ved=\"2ahUKEwjCl5WqwoGTAxXVgf0HHd6cG1EQ3ewLegQIBBAX\" aria-label=\"Prelo\u017een\u00fd text: Haszn\u00e1lt m\u0171anyag ablak \u2013 feh\u00e9r, dupla \u00fcvegez\u00e9s\u0171\n\nM\u00e9retek: 155 \u00d7 230 cm (sz\u00e9less\u00e9g \u00d7 magass\u00e1g)\n\nSz\u00edn: feh\u00e9r\n\n\u00dcvegez\u00e9s: h\u0151szigetel\u0151 dupla \u00fcvegez\u00e9s (2 \u00fcvegez\u00e9s\u0171)\n\nT\u00edpus: haszn\u00e1lt ablak, azonnal be\u00e9p\u00edthet\u0151\n\nEz az ablak j\u00f3 \u00e1llapot\u00fa, tart\u00f3s \u00e9s biztons\u00e1gos, ide\u00e1lis fel\u00faj\u00edt\u00e1sokhoz vagy olyan \u00e9p\u00fcletekhez, ahol min\u0151s\u00e9gi \u00fcvegez\u00e9sre \u00e9s modern megjelen\u00e9sre van sz\u00fcks\u00e9g.\n\nEl\u0151ny\u00f6k:\n\nEnergiatakar\u00e9kos dupla \u00fcvegez\u00e9s\n\nK\u00f6nny\u0171 beszerel\u00e9s\n\nTart\u00f3s m\u0171anyag konstrukci\u00f3\"><span class=\"Y2IQFc\" lang=\"hu\">Sz\u00edn: feh\u00e9r<\/span><\/p>\n<p class=\"tw-data-text tw-text-large tw-ta\" dir=\"ltr\" tabindex=\"-1\" role=\"text\" data-placeholder=\"Preklad\" data-ved=\"2ahUKEwjCl5WqwoGTAxXVgf0HHd6cG1EQ3ewLegQIBBAX\" aria-label=\"Prelo\u017een\u00fd text: Haszn\u00e1lt m\u0171anyag ablak \u2013 feh\u00e9r, dupla \u00fcvegez\u00e9s\u0171\n\nM\u00e9retek: 155 \u00d7 230 cm (sz\u00e9less\u00e9g \u00d7 magass\u00e1g)\n\nSz\u00edn: feh\u00e9r\n\n\u00dcvegez\u00e9s: h\u0151szigetel\u0151 dupla \u00fcvegez\u00e9s (2 \u00fcvegez\u00e9s\u0171)\n\nT\u00edpus: haszn\u00e1lt ablak, azonnal be\u00e9p\u00edthet\u0151\n\nEz az ablak j\u00f3 \u00e1llapot\u00fa, tart\u00f3s \u00e9s biztons\u00e1gos, ide\u00e1lis fel\u00faj\u00edt\u00e1sokhoz vagy olyan \u00e9p\u00fcletekhez, ahol min\u0151s\u00e9gi \u00fcvegez\u00e9sre \u00e9s modern megjelen\u00e9sre van sz\u00fcks\u00e9g.\n\nEl\u0151ny\u00f6k:\n\nEnergiatakar\u00e9kos dupla \u00fcvegez\u00e9s\n\nK\u00f6nny\u0171 beszerel\u00e9s\n\nTart\u00f3s m\u0171anyag konstrukci\u00f3\"><span class=\"Y2IQFc\" lang=\"hu\">\u00dcvegez\u00e9s: h\u0151szigetel\u0151 dupla \u00fcvegez\u00e9s (2 \u00fcvegez\u00e9s\u0171) <\/span><\/p>\n<p class=\"tw-data-text tw-text-large tw-ta\" dir=\"ltr\" tabindex=\"-1\" role=\"text\" data-placeholder=\"Preklad\" data-ved=\"2ahUKEwjCl5WqwoGTAxXVgf0HHd6cG1EQ3ewLegQIBBAX\" aria-label=\"Prelo\u017een\u00fd text: Haszn\u00e1lt m\u0171anyag ablak \u2013 feh\u00e9r, dupla \u00fcvegez\u00e9s\u0171\n\nM\u00e9retek: 155 \u00d7 230 cm (sz\u00e9less\u00e9g \u00d7 magass\u00e1g)\n\nSz\u00edn: feh\u00e9r\n\n\u00dcvegez\u00e9s: h\u0151szigetel\u0151 dupla \u00fcvegez\u00e9s (2 \u00fcvegez\u00e9s\u0171)\n\nT\u00edpus: haszn\u00e1lt ablak, azonnal be\u00e9p\u00edthet\u0151\n\nEz az ablak j\u00f3 \u00e1llapot\u00fa, tart\u00f3s \u00e9s biztons\u00e1gos, ide\u00e1lis fel\u00faj\u00edt\u00e1sokhoz vagy olyan \u00e9p\u00fcletekhez, ahol min\u0151s\u00e9gi \u00fcvegez\u00e9sre \u00e9s modern megjelen\u00e9sre van sz\u00fcks\u00e9g.\n\nEl\u0151ny\u00f6k:\n\nEnergiatakar\u00e9kos dupla \u00fcvegez\u00e9s\n\nK\u00f6nny\u0171 beszerel\u00e9s\n\nTart\u00f3s m\u0171anyag konstrukci\u00f3\"><span class=\"Y2IQFc\" lang=\"hu\">T\u00edpus: haszn\u00e1lt ablak, azonnal be\u00e9p\u00edthet\u0151 <\/span><\/p>\n<p class=\"tw-data-text tw-text-large tw-ta\" dir=\"ltr\" tabindex=\"-1\" role=\"text\" data-placeholder=\"Preklad\" data-ved=\"2ahUKEwjCl5WqwoGTAxXVgf0HHd6cG1EQ3ewLegQIBBAX\" aria-label=\"Prelo\u017een\u00fd text: Haszn\u00e1lt m\u0171anyag ablak \u2013 feh\u00e9r, dupla \u00fcvegez\u00e9s\u0171\n\nM\u00e9retek: 155 \u00d7 230 cm (sz\u00e9less\u00e9g \u00d7 magass\u00e1g)\n\nSz\u00edn: feh\u00e9r\n\n\u00dcvegez\u00e9s: h\u0151szigetel\u0151 dupla \u00fcvegez\u00e9s (2 \u00fcvegez\u00e9s\u0171)\n\nT\u00edpus: haszn\u00e1lt ablak, azonnal be\u00e9p\u00edthet\u0151\n\nEz az ablak j\u00f3 \u00e1llapot\u00fa, tart\u00f3s \u00e9s biztons\u00e1gos, ide\u00e1lis fel\u00faj\u00edt\u00e1sokhoz vagy olyan \u00e9p\u00fcletekhez, ahol min\u0151s\u00e9gi \u00fcvegez\u00e9sre \u00e9s modern megjelen\u00e9sre van sz\u00fcks\u00e9g.\n\nEl\u0151ny\u00f6k:\n\nEnergiatakar\u00e9kos dupla \u00fcvegez\u00e9s\n\nK\u00f6nny\u0171 beszerel\u00e9s\n\nTart\u00f3s m\u0171anyag konstrukci\u00f3\"><span class=\"Y2IQFc\" lang=\"hu\">Ez az ablak j\u00f3 \u00e1llapot\u00fa, tart\u00f3s \u00e9s biztons\u00e1gos, ide\u00e1lis fel\u00faj\u00edt\u00e1sokhoz vagy olyan \u00e9p\u00fcletekhez, ahol min\u0151s\u00e9gi \u00fcvegez\u00e9sre \u00e9s modern megjelen\u00e9sre van sz\u00fcks\u00e9g. <\/span><\/p>\n<ul>\n<li><span class=\"Y2IQFc\" lang=\"hu\">El\u0151ny\u00f6k: Energiatakar\u00e9kos dupla \u00fcvegez\u00e9s<\/span><\/li>\n<\/ul>\n<p><span class=\"Y2IQFc\" lang=\"hu\">\u00a0 \u00a0 \u00a0 \u00a0 \u00a0 \u00a0 \u00a0 \u00a0 \u00a0 \u00a0 \u00a0 \u00a0 \u00a0 <\/span><span class=\"Y2IQFc\" lang=\"hu\">K\u00f6nny\u0171 beszerel\u00e9s <\/span><\/p>\n<ul>\n<li><span class=\"Y2IQFc\" lang=\"hu\">\u00a0 \u00a0 \u00a0 \u00a0 \u00a0 \u00a0 \u00a0 \u00a0 Tart\u00f3s m\u0171anyag konstrukci\u00f3<\/span><\/li>\n<\/ul>\n<\/div>\n<pre id=\"tw-target-rmn\" class=\"tw-data-placeholder tw-text-small tw-ta\" dir=\"ltr\" tabindex=\"-1\" role=\"text\" data-placeholder=\"\">\u00a0<\/pre>\n<div id=\"tw-tmenu\" class=\"tw-menu\">\u00a0<\/div>\n<\/div>\n<\/div>\n<\/div>\n<\/div>\n<p id=\"tw-images\">\u00a0<\/p>\n<p class=\"dURPtb\">\u00a0<\/p>\n<div>\n<p>&nbsp;<\/p>\n<\/div>\n<\/div>\n<\/div>\n<\/div>\n<div class=\"KFFQ0c xKf9F\">\u00a0<\/div>\n","protected":false},"excerpt":{"rendered":"<p id=\"tw-target-text\" class=\"tw-data-text tw-text-large tw-ta\" dir=\"ltr\" tabindex=\"-1\" role=\"text\" data-placeholder=\"Preklad\" data-ved=\"2ahUKEwjCl5WqwoGTAxXVgf0HHd6cG1EQ3ewLegQIBBAX\" aria-label=\"Prelo\u017een\u00fd text: Haszn\u00e1lt m\u0171anyag ablak 155 \u00d7 230 cm - feh\u00e9r, h\u0151szigetel\u0151 dupla \u00fcvegez\u00e9ssel, ide\u00e1lis fel\u00faj\u00edt\u00e1sokhoz \u00e9s \u00faj \u00e9p\u00fcletekhez.\"><span class=\"Y2IQFc\" lang=\"hu\">Haszn\u00e1lt m\u0171anyag ablak 155 \u00d7 230 cm &#8211; feh\u00e9r, h\u0151szigetel\u0151 dupla \u00fcvegez\u00e9ssel, ide\u00e1lis fel\u00faj\u00edt\u00e1sokhoz \u00e9s \u00faj \u00e9p\u00fcletekhez.<\/span><\/p>\n","protected":false},"featured_media":3755,"template":"","meta":{"_et_pb_use_builder":"","_et_pb_old_content":"","_et_gb_content_width":""},"product_brand":[],"product_cat":[74,78],"product_tag":[599,589,587,586,585,590,591,598,592,588],"class_list":{"0":"post-3798","1":"product","2":"type-product","3":"status-publish","4":"has-post-thumbnail","6":"product_cat-hasznalt-ablakok","7":"product_cat-hasznalt-muanyag-ablak-tobb-szarnyu","8":"product_tag-ablak-155x230-cm","9":"product_tag-ablak-a-rekonstrukciohoz","10":"product_tag-dupla-uvegezesu-ablak","11":"product_tag-feher-muanyag-ablak","12":"product_tag-hasznalt-ablak","13":"product_tag-hasznalt-dupla-uvegezesu-ablak","14":"product_tag-minosegi-ablak","15":"product_tag-muanyag-ablak-155x230","16":"product_tag-muanyag-ablak-epitkezeshez","17":"product_tag-szigetelo-ablak","19":"first","20":"instock","21":"shipping-taxable","22":"purchasable","23":"product-type-simple"},"_links":{"self":[{"href":"https:\/\/www.oknadverelacno.sk\/hu\/wp-json\/wp\/v2\/product\/3798","targetHints":{"allow":["GET"]}}],"collection":[{"href":"https:\/\/www.oknadverelacno.sk\/hu\/wp-json\/wp\/v2\/product"}],"about":[{"href":"https:\/\/www.oknadverelacno.sk\/hu\/wp-json\/wp\/v2\/types\/product"}],"wp:featuredmedia":[{"embeddable":true,"href":"https:\/\/www.oknadverelacno.sk\/hu\/wp-json\/wp\/v2\/media\/3755"}],"wp:attachment":[{"href":"https:\/\/www.oknadverelacno.sk\/hu\/wp-json\/wp\/v2\/media?parent=3798"}],"wp:term":[{"taxonomy":"product_brand","embeddable":true,"href":"https:\/\/www.oknadverelacno.sk\/hu\/wp-json\/wp\/v2\/product_brand?post=3798"},{"taxonomy":"product_cat","embeddable":true,"href":"https:\/\/www.oknadverelacno.sk\/hu\/wp-json\/wp\/v2\/product_cat?post=3798"},{"taxonomy":"product_tag","embeddable":true,"href":"https:\/\/www.oknadverelacno.sk\/hu\/wp-json\/wp\/v2\/product_tag?post=3798"}],"curies":[{"name":"wp","href":"https:\/\/api.w.org\/{rel}","templated":true}]}}