{"id":3792,"date":"2026-03-02T14:26:59","date_gmt":"2026-03-02T14:26:59","guid":{"rendered":"https:\/\/www.oknadverelacno.sk\/katalog\/hasznalt-muanyag-erkelyajto-87-x-231-cm-bal-oldali"},"modified":"2026-03-02T14:26:59","modified_gmt":"2026-03-02T14:26:59","slug":"hasznalt-muanyag-erkelyajto-87-x-231-cm-bal-oldali","status":"publish","type":"product","link":"https:\/\/www.oknadverelacno.sk\/hu\/katalog\/hasznalt-muanyag-erkelyajto-87-x-231-cm-bal-oldali","title":{"rendered":"Haszn\u00e1lt m\u0171anyag erk\u00e9lyajt\u00f3 87 \u00d7 231 cm \u2013 bal oldali"},"content":{"rendered":"<p id=\"tw-target-text\" class=\"tw-data-text tw-text-large tw-ta\" dir=\"ltr\" tabindex=\"-1\" role=\"text\" data-placeholder=\"Preklad\" data-ved=\"2ahUKEwjCl5WqwoGTAxXVgf0HHd6cG1EQ3ewLegQIBBAX\" aria-label=\"Prelo\u017een\u00fd text: M\u0171anyag, egysz\u00e1rny\u00fa erk\u00e9lyajt\u00f3 feh\u00e9r sz\u00ednben, 87 \u00d7 231 cm m\u00e9retben. Az ajt\u00f3 balos (bel\u00fclr\u0151l n\u00e9zve bal oldali zsan\u00e9rok) \u00e9s h\u0151szigetel\u0151 dupla \u00fcvegez\u00e9ssel van felszerelve.\n\nEz egy haszn\u00e1lt, j\u00f3 m\u0171szaki \u00e1llapot\u00fa ajt\u00f3, teljesen m\u0171k\u00f6d\u0151k\u00e9pes, kor\u00e1nak megfelel\u0151 norm\u00e1l haszn\u00e1lati nyomokkal. A keret massz\u00edv, komoly s\u00e9r\u00fcl\u00e9sek n\u00e9lk\u00fcl.\n\nAlkalmas fel\u00faj\u00edt\u00e1shoz, r\u00e9gi ajt\u00f3k cser\u00e9j\u00e9hez, b\u0151v\u00edt\u00e9shez, nyaral\u00f3khoz vagy megfizethet\u0151 alternat\u00edvak\u00e9nt az \u00faj ajt\u00f3k helyett.\"><span class=\"Y2IQFc\" lang=\"hu\">M\u0171anyag, egysz\u00e1rny\u00fa erk\u00e9lyajt\u00f3 feh\u00e9r sz\u00ednben, 87 \u00d7 231 cm m\u00e9retben. Az ajt\u00f3 balos (bel\u00fclr\u0151l n\u00e9zve bal oldali zsan\u00e9rok) \u00e9s h\u0151szigetel\u0151 dupla \u00fcvegez\u00e9ssel van felszerelve<\/span><span class=\"Y2IQFc\" lang=\"hu\">.<\/span><\/p>\n<p class=\"tw-data-text tw-text-large tw-ta\" dir=\"ltr\" tabindex=\"-1\" role=\"text\" data-placeholder=\"Preklad\" data-ved=\"2ahUKEwjCl5WqwoGTAxXVgf0HHd6cG1EQ3ewLegQIBBAX\" aria-label=\"Prelo\u017een\u00fd text: M\u0171anyag, egysz\u00e1rny\u00fa erk\u00e9lyajt\u00f3 feh\u00e9r sz\u00ednben, 87 \u00d7 231 cm m\u00e9retben. Az ajt\u00f3 balos (bel\u00fclr\u0151l n\u00e9zve bal oldali zsan\u00e9rok) \u00e9s h\u0151szigetel\u0151 dupla \u00fcvegez\u00e9ssel van felszerelve.\n\nEz egy haszn\u00e1lt, j\u00f3 m\u0171szaki \u00e1llapot\u00fa ajt\u00f3, teljesen m\u0171k\u00f6d\u0151k\u00e9pes, kor\u00e1nak megfelel\u0151 norm\u00e1l haszn\u00e1lati nyomokkal. A keret massz\u00edv, komoly s\u00e9r\u00fcl\u00e9sek n\u00e9lk\u00fcl.\n\nAlkalmas fel\u00faj\u00edt\u00e1shoz, r\u00e9gi ajt\u00f3k cser\u00e9j\u00e9hez, b\u0151v\u00edt\u00e9shez, nyaral\u00f3khoz vagy megfizethet\u0151 alternat\u00edvak\u00e9nt az \u00faj ajt\u00f3k helyett.\"><span class=\"Y2IQFc\" lang=\"hu\">Ez egy haszn\u00e1lt, j\u00f3 m\u0171szaki \u00e1llapot\u00fa ajt\u00f3, teljesen m\u0171k\u00f6d\u0151k\u00e9pes, kor\u00e1nak megfelel\u0151 norm\u00e1l haszn\u00e1lati nyomokkal. A keret massz\u00edv, komoly s\u00e9r\u00fcl\u00e9sek n\u00e9lk\u00fcl.<\/span><\/p>\n<p class=\"tw-data-text tw-text-large tw-ta\" dir=\"ltr\" tabindex=\"-1\" role=\"text\" data-placeholder=\"Preklad\" data-ved=\"2ahUKEwjCl5WqwoGTAxXVgf0HHd6cG1EQ3ewLegQIBBAX\" aria-label=\"Prelo\u017een\u00fd text: M\u0171anyag, egysz\u00e1rny\u00fa erk\u00e9lyajt\u00f3 feh\u00e9r sz\u00ednben, 87 \u00d7 231 cm m\u00e9retben. Az ajt\u00f3 balos (bel\u00fclr\u0151l n\u00e9zve bal oldali zsan\u00e9rok) \u00e9s h\u0151szigetel\u0151 dupla \u00fcvegez\u00e9ssel van felszerelve.\n\nEz egy haszn\u00e1lt, j\u00f3 m\u0171szaki \u00e1llapot\u00fa ajt\u00f3, teljesen m\u0171k\u00f6d\u0151k\u00e9pes, kor\u00e1nak megfelel\u0151 norm\u00e1l haszn\u00e1lati nyomokkal. A keret massz\u00edv, komoly s\u00e9r\u00fcl\u00e9sek n\u00e9lk\u00fcl.\n\nAlkalmas fel\u00faj\u00edt\u00e1shoz, r\u00e9gi ajt\u00f3k cser\u00e9j\u00e9hez, b\u0151v\u00edt\u00e9shez, nyaral\u00f3khoz vagy megfizethet\u0151 alternat\u00edvak\u00e9nt az \u00faj ajt\u00f3k helyett.\"><span class=\"Y2IQFc\" lang=\"hu\">Alkalmas fel\u00faj\u00edt\u00e1shoz, r\u00e9gi ajt\u00f3k cser\u00e9j\u00e9hez, b\u0151v\u00edt\u00e9shez, nyaral\u00f3khoz vagy megfizethet\u0151 alternat\u00edvak\u00e9nt az \u00faj ajt\u00f3k helyett.<\/span><\/p>\n<pre id=\"tw-target-text\" class=\"tw-data-text tw-text-large tw-ta\" dir=\"ltr\" tabindex=\"-1\" role=\"text\" data-placeholder=\"Preklad\" data-ved=\"2ahUKEwjCl5WqwoGTAxXVgf0HHd6cG1EQ3ewLegQIBBAX\" aria-label=\"Prelo\u017een\u00fd text: M\u0171anyag, egysz\u00e1rny\u00fa erk\u00e9lyajt\u00f3 feh\u00e9r sz\u00ednben, 87 \u00d7 231 cm m\u00e9retben. Az ajt\u00f3 balos (bel\u00fclr\u0151l n\u00e9zve bal oldali zsan\u00e9rok) \u00e9s h\u0151szigetel\u0151 dupla \u00fcvegez\u00e9ssel van felszerelve.\r\n\r\nEz egy haszn\u00e1lt, j\u00f3 m\u0171szaki \u00e1llapot\u00fa ajt\u00f3, teljesen m\u0171k\u00f6d\u0151k\u00e9pes, kor\u00e1nak megfelel\u0151 norm\u00e1l haszn\u00e1lati nyomokkal. A keret massz\u00edv, komoly s\u00e9r\u00fcl\u00e9sek n\u00e9lk\u00fcl.\r\n\r\nAlkalmas fel\u00faj\u00edt\u00e1shoz, r\u00e9gi ajt\u00f3k cser\u00e9j\u00e9hez, b\u0151v\u00edt\u00e9shez, nyaral\u00f3khoz vagy megfizethet\u0151 alternat\u00edvak\u00e9nt az \u00faj ajt\u00f3k helyett.\"><span class=\"Y2IQFc\" lang=\"hu\">\u00a0<\/span><\/pre>\n","protected":false},"excerpt":{"rendered":"<p id=\"tw-target-text\" class=\"tw-data-text tw-text-large tw-ta\" dir=\"ltr\" tabindex=\"-1\" role=\"text\" data-placeholder=\"Preklad\" data-ved=\"2ahUKEwjCl5WqwoGTAxXVgf0HHd6cG1EQ3ewLegQIBBAX\" aria-label=\"Prelo\u017een\u00fd text: Haszn\u00e1lt, m\u0171anyag, egysz\u00e1rny\u00fa erk\u00e9lyajt\u00f3, 87 \u00d7 231 cm m\u00e9retben. Feh\u00e9r sz\u00edn\u0171, balos kivitel (bel\u00fclr\u0151l n\u00e9zve bal oldali zsan\u00e9rok), h\u0151szigetel\u0151 dupla \u00fcvegez\u00e9ssel. Az ajt\u00f3 teljesen m\u0171k\u00f6d\u0151k\u00e9pes, norm\u00e1l haszn\u00e1lati nyomokkal.\n\nParam\u00e9ter \u00c9rt\u00e9k\nT\u00edpus: Erk\u00e9ly, egysz\u00e1rny\u00fa\nAnyag: M\u0171anyag\n\u00dcvegez\u00e9s: Dupla \u00fcvegez\u00e9s\nSz\u00e9less\u00e9g: 87 cm\nMagass\u00e1g: 231 cm\nT\u00e1jol\u00e1s: Bal\nSz\u00edn: Feh\u00e9r\n\u00c1llapot: Haszn\u00e1lt, teljesen m\u0171k\u00f6d\u0151k\u00e9pes\"><span class=\"Y2IQFc\" lang=\"hu\">Haszn\u00e1lt, m\u0171anyag, egysz\u00e1rny\u00fa erk\u00e9lyajt\u00f3, 87 \u00d7 231 cm m\u00e9retben. Feh\u00e9r sz\u00edn\u0171, balos kivitel (bel\u00fclr\u0151l n\u00e9zve bal oldali zsan\u00e9rok), h\u0151szigetel\u0151 dupla \u00fcvegez\u00e9ssel. Az ajt\u00f3 teljesen m\u0171k\u00f6d\u0151k\u00e9pes, norm\u00e1l haszn\u00e1lati nyomokkal.<\/span><\/p>\n<p class=\"tw-data-text tw-text-large tw-ta\" dir=\"ltr\" tabindex=\"-1\" role=\"text\" data-placeholder=\"Preklad\" data-ved=\"2ahUKEwjCl5WqwoGTAxXVgf0HHd6cG1EQ3ewLegQIBBAX\" aria-label=\"Prelo\u017een\u00fd text: Haszn\u00e1lt, m\u0171anyag, egysz\u00e1rny\u00fa erk\u00e9lyajt\u00f3, 87 \u00d7 231 cm m\u00e9retben. Feh\u00e9r sz\u00edn\u0171, balos kivitel (bel\u00fclr\u0151l n\u00e9zve bal oldali zsan\u00e9rok), h\u0151szigetel\u0151 dupla \u00fcvegez\u00e9ssel. Az ajt\u00f3 teljesen m\u0171k\u00f6d\u0151k\u00e9pes, norm\u00e1l haszn\u00e1lati nyomokkal.\n\nParam\u00e9ter \u00c9rt\u00e9k\nT\u00edpus: Erk\u00e9ly, egysz\u00e1rny\u00fa\nAnyag: M\u0171anyag\n\u00dcvegez\u00e9s: Dupla \u00fcvegez\u00e9s\nSz\u00e9less\u00e9g: 87 cm\nMagass\u00e1g: 231 cm\nT\u00e1jol\u00e1s: Bal\nSz\u00edn: Feh\u00e9r\n\u00c1llapot: Haszn\u00e1lt, teljesen m\u0171k\u00f6d\u0151k\u00e9pes\"><span class=\"Y2IQFc\" lang=\"hu\">\u00a0T\u00edpus: Erk\u00e9ly, egysz\u00e1rny\u00fa <\/span><\/p>\n<p class=\"tw-data-text tw-text-large tw-ta\" dir=\"ltr\" tabindex=\"-1\" role=\"text\" data-placeholder=\"Preklad\" data-ved=\"2ahUKEwjCl5WqwoGTAxXVgf0HHd6cG1EQ3ewLegQIBBAX\" aria-label=\"Prelo\u017een\u00fd text: Haszn\u00e1lt, m\u0171anyag, egysz\u00e1rny\u00fa erk\u00e9lyajt\u00f3, 87 \u00d7 231 cm m\u00e9retben. Feh\u00e9r sz\u00edn\u0171, balos kivitel (bel\u00fclr\u0151l n\u00e9zve bal oldali zsan\u00e9rok), h\u0151szigetel\u0151 dupla \u00fcvegez\u00e9ssel. Az ajt\u00f3 teljesen m\u0171k\u00f6d\u0151k\u00e9pes, norm\u00e1l haszn\u00e1lati nyomokkal.\n\nParam\u00e9ter \u00c9rt\u00e9k\nT\u00edpus: Erk\u00e9ly, egysz\u00e1rny\u00fa\nAnyag: M\u0171anyag\n\u00dcvegez\u00e9s: Dupla \u00fcvegez\u00e9s\nSz\u00e9less\u00e9g: 87 cm\nMagass\u00e1g: 231 cm\nT\u00e1jol\u00e1s: Bal\nSz\u00edn: Feh\u00e9r\n\u00c1llapot: Haszn\u00e1lt, teljesen m\u0171k\u00f6d\u0151k\u00e9pes\"><span class=\"Y2IQFc\" lang=\"hu\">Anyag: M\u0171anyag<\/span><\/p>\n<p class=\"tw-data-text tw-text-large tw-ta\" dir=\"ltr\" tabindex=\"-1\" role=\"text\" data-placeholder=\"Preklad\" data-ved=\"2ahUKEwjCl5WqwoGTAxXVgf0HHd6cG1EQ3ewLegQIBBAX\" aria-label=\"Prelo\u017een\u00fd text: Haszn\u00e1lt, m\u0171anyag, egysz\u00e1rny\u00fa erk\u00e9lyajt\u00f3, 87 \u00d7 231 cm m\u00e9retben. Feh\u00e9r sz\u00edn\u0171, balos kivitel (bel\u00fclr\u0151l n\u00e9zve bal oldali zsan\u00e9rok), h\u0151szigetel\u0151 dupla \u00fcvegez\u00e9ssel. Az ajt\u00f3 teljesen m\u0171k\u00f6d\u0151k\u00e9pes, norm\u00e1l haszn\u00e1lati nyomokkal.\n\nParam\u00e9ter \u00c9rt\u00e9k\nT\u00edpus: Erk\u00e9ly, egysz\u00e1rny\u00fa\nAnyag: M\u0171anyag\n\u00dcvegez\u00e9s: Dupla \u00fcvegez\u00e9s\nSz\u00e9less\u00e9g: 87 cm\nMagass\u00e1g: 231 cm\nT\u00e1jol\u00e1s: Bal\nSz\u00edn: Feh\u00e9r\n\u00c1llapot: Haszn\u00e1lt, teljesen m\u0171k\u00f6d\u0151k\u00e9pes\"><span class=\"Y2IQFc\" lang=\"hu\">\u00dcvegez\u00e9s: Dupla \u00fcvegez\u00e9s<\/span><\/p>\n<p class=\"tw-data-text tw-text-large tw-ta\" dir=\"ltr\" tabindex=\"-1\" role=\"text\" data-placeholder=\"Preklad\" data-ved=\"2ahUKEwjCl5WqwoGTAxXVgf0HHd6cG1EQ3ewLegQIBBAX\" aria-label=\"Prelo\u017een\u00fd text: Haszn\u00e1lt, m\u0171anyag, egysz\u00e1rny\u00fa erk\u00e9lyajt\u00f3, 87 \u00d7 231 cm m\u00e9retben. Feh\u00e9r sz\u00edn\u0171, balos kivitel (bel\u00fclr\u0151l n\u00e9zve bal oldali zsan\u00e9rok), h\u0151szigetel\u0151 dupla \u00fcvegez\u00e9ssel. Az ajt\u00f3 teljesen m\u0171k\u00f6d\u0151k\u00e9pes, norm\u00e1l haszn\u00e1lati nyomokkal.\n\nParam\u00e9ter \u00c9rt\u00e9k\nT\u00edpus: Erk\u00e9ly, egysz\u00e1rny\u00fa\nAnyag: M\u0171anyag\n\u00dcvegez\u00e9s: Dupla \u00fcvegez\u00e9s\nSz\u00e9less\u00e9g: 87 cm\nMagass\u00e1g: 231 cm\nT\u00e1jol\u00e1s: Bal\nSz\u00edn: Feh\u00e9r\n\u00c1llapot: Haszn\u00e1lt, teljesen m\u0171k\u00f6d\u0151k\u00e9pes\"><span class=\"Y2IQFc\" lang=\"hu\">Sz\u00e9less\u00e9g: 87 cm <\/span><\/p>\n<p class=\"tw-data-text tw-text-large tw-ta\" dir=\"ltr\" tabindex=\"-1\" role=\"text\" data-placeholder=\"Preklad\" data-ved=\"2ahUKEwjCl5WqwoGTAxXVgf0HHd6cG1EQ3ewLegQIBBAX\" aria-label=\"Prelo\u017een\u00fd text: Haszn\u00e1lt, m\u0171anyag, egysz\u00e1rny\u00fa erk\u00e9lyajt\u00f3, 87 \u00d7 231 cm m\u00e9retben. Feh\u00e9r sz\u00edn\u0171, balos kivitel (bel\u00fclr\u0151l n\u00e9zve bal oldali zsan\u00e9rok), h\u0151szigetel\u0151 dupla \u00fcvegez\u00e9ssel. Az ajt\u00f3 teljesen m\u0171k\u00f6d\u0151k\u00e9pes, norm\u00e1l haszn\u00e1lati nyomokkal.\n\nParam\u00e9ter \u00c9rt\u00e9k\nT\u00edpus: Erk\u00e9ly, egysz\u00e1rny\u00fa\nAnyag: M\u0171anyag\n\u00dcvegez\u00e9s: Dupla \u00fcvegez\u00e9s\nSz\u00e9less\u00e9g: 87 cm\nMagass\u00e1g: 231 cm\nT\u00e1jol\u00e1s: Bal\nSz\u00edn: Feh\u00e9r\n\u00c1llapot: Haszn\u00e1lt, teljesen m\u0171k\u00f6d\u0151k\u00e9pes\"><span class=\"Y2IQFc\" lang=\"hu\">Magass\u00e1g: 231 cm <\/span><\/p>\n<p class=\"tw-data-text tw-text-large tw-ta\" dir=\"ltr\" tabindex=\"-1\" role=\"text\" data-placeholder=\"Preklad\" data-ved=\"2ahUKEwjCl5WqwoGTAxXVgf0HHd6cG1EQ3ewLegQIBBAX\" aria-label=\"Prelo\u017een\u00fd text: Haszn\u00e1lt, m\u0171anyag, egysz\u00e1rny\u00fa erk\u00e9lyajt\u00f3, 87 \u00d7 231 cm m\u00e9retben. Feh\u00e9r sz\u00edn\u0171, balos kivitel (bel\u00fclr\u0151l n\u00e9zve bal oldali zsan\u00e9rok), h\u0151szigetel\u0151 dupla \u00fcvegez\u00e9ssel. Az ajt\u00f3 teljesen m\u0171k\u00f6d\u0151k\u00e9pes, norm\u00e1l haszn\u00e1lati nyomokkal.\n\nParam\u00e9ter \u00c9rt\u00e9k\nT\u00edpus: Erk\u00e9ly, egysz\u00e1rny\u00fa\nAnyag: M\u0171anyag\n\u00dcvegez\u00e9s: Dupla \u00fcvegez\u00e9s\nSz\u00e9less\u00e9g: 87 cm\nMagass\u00e1g: 231 cm\nT\u00e1jol\u00e1s: Bal\nSz\u00edn: Feh\u00e9r\n\u00c1llapot: Haszn\u00e1lt, teljesen m\u0171k\u00f6d\u0151k\u00e9pes\"><span class=\"Y2IQFc\" lang=\"hu\">T\u00e1jol\u00e1s: Bal<\/span><\/p>\n<p class=\"tw-data-text tw-text-large tw-ta\" dir=\"ltr\" tabindex=\"-1\" role=\"text\" data-placeholder=\"Preklad\" data-ved=\"2ahUKEwjCl5WqwoGTAxXVgf0HHd6cG1EQ3ewLegQIBBAX\" aria-label=\"Prelo\u017een\u00fd text: Haszn\u00e1lt, m\u0171anyag, egysz\u00e1rny\u00fa erk\u00e9lyajt\u00f3, 87 \u00d7 231 cm m\u00e9retben. Feh\u00e9r sz\u00edn\u0171, balos kivitel (bel\u00fclr\u0151l n\u00e9zve bal oldali zsan\u00e9rok), h\u0151szigetel\u0151 dupla \u00fcvegez\u00e9ssel. Az ajt\u00f3 teljesen m\u0171k\u00f6d\u0151k\u00e9pes, norm\u00e1l haszn\u00e1lati nyomokkal.\n\nParam\u00e9ter \u00c9rt\u00e9k\nT\u00edpus: Erk\u00e9ly, egysz\u00e1rny\u00fa\nAnyag: M\u0171anyag\n\u00dcvegez\u00e9s: Dupla \u00fcvegez\u00e9s\nSz\u00e9less\u00e9g: 87 cm\nMagass\u00e1g: 231 cm\nT\u00e1jol\u00e1s: Bal\nSz\u00edn: Feh\u00e9r\n\u00c1llapot: Haszn\u00e1lt, teljesen m\u0171k\u00f6d\u0151k\u00e9pes\"><span class=\"Y2IQFc\" lang=\"hu\">Sz\u00edn: Feh\u00e9r<\/span><\/p>\n<p class=\"tw-data-text tw-text-large tw-ta\" dir=\"ltr\" tabindex=\"-1\" role=\"text\" data-placeholder=\"Preklad\" data-ved=\"2ahUKEwjCl5WqwoGTAxXVgf0HHd6cG1EQ3ewLegQIBBAX\" aria-label=\"Prelo\u017een\u00fd text: Haszn\u00e1lt, m\u0171anyag, egysz\u00e1rny\u00fa erk\u00e9lyajt\u00f3, 87 \u00d7 231 cm m\u00e9retben. Feh\u00e9r sz\u00edn\u0171, balos kivitel (bel\u00fclr\u0151l n\u00e9zve bal oldali zsan\u00e9rok), h\u0151szigetel\u0151 dupla \u00fcvegez\u00e9ssel. Az ajt\u00f3 teljesen m\u0171k\u00f6d\u0151k\u00e9pes, norm\u00e1l haszn\u00e1lati nyomokkal.\n\nParam\u00e9ter \u00c9rt\u00e9k\nT\u00edpus: Erk\u00e9ly, egysz\u00e1rny\u00fa\nAnyag: M\u0171anyag\n\u00dcvegez\u00e9s: Dupla \u00fcvegez\u00e9s\nSz\u00e9less\u00e9g: 87 cm\nMagass\u00e1g: 231 cm\nT\u00e1jol\u00e1s: Bal\nSz\u00edn: Feh\u00e9r\n\u00c1llapot: Haszn\u00e1lt, teljesen m\u0171k\u00f6d\u0151k\u00e9pes\"><span class=\"Y2IQFc\" lang=\"hu\">\u00c1llapot: Haszn\u00e1lt, teljesen m\u0171k\u00f6d\u0151k\u00e9pes<\/span><\/p>\n","protected":false},"featured_media":3778,"template":"","meta":{"_et_pb_use_builder":"","_et_pb_old_content":"","_et_gb_content_width":""},"product_brand":[],"product_cat":[227,70],"product_tag":[111,234,580,422,259,582,115,584,157,581,113,235],"class_list":{"0":"post-3792","1":"product","2":"type-product","3":"status-publish","4":"has-post-thumbnail","6":"product_cat-hasznalt-erkelyajtok-es-teraszajtok","7":"product_cat-hasznalt-muanyag-teraszajto-erkelyajto-egyszarnyu","8":"product_tag-ajto","9":"product_tag-balkon-hu-2","10":"product_tag-balos-ajto","11":"product_tag-dupla-uvegezes","12":"product_tag-egyszarnyu-hu-2","13":"product_tag-erkelyajto-87x231-cm","14":"product_tag-feher","15":"product_tag-feher-ajto","16":"product_tag-hasznalt","17":"product_tag-hasznalt-ajtok","18":"product_tag-muanyag","19":"product_tag-teraszajto","21":"first","22":"instock","23":"shipping-taxable","24":"purchasable","25":"product-type-simple"},"_links":{"self":[{"href":"https:\/\/www.oknadverelacno.sk\/hu\/wp-json\/wp\/v2\/product\/3792","targetHints":{"allow":["GET"]}}],"collection":[{"href":"https:\/\/www.oknadverelacno.sk\/hu\/wp-json\/wp\/v2\/product"}],"about":[{"href":"https:\/\/www.oknadverelacno.sk\/hu\/wp-json\/wp\/v2\/types\/product"}],"wp:featuredmedia":[{"embeddable":true,"href":"https:\/\/www.oknadverelacno.sk\/hu\/wp-json\/wp\/v2\/media\/3778"}],"wp:attachment":[{"href":"https:\/\/www.oknadverelacno.sk\/hu\/wp-json\/wp\/v2\/media?parent=3792"}],"wp:term":[{"taxonomy":"product_brand","embeddable":true,"href":"https:\/\/www.oknadverelacno.sk\/hu\/wp-json\/wp\/v2\/product_brand?post=3792"},{"taxonomy":"product_cat","embeddable":true,"href":"https:\/\/www.oknadverelacno.sk\/hu\/wp-json\/wp\/v2\/product_cat?post=3792"},{"taxonomy":"product_tag","embeddable":true,"href":"https:\/\/www.oknadverelacno.sk\/hu\/wp-json\/wp\/v2\/product_tag?post=3792"}],"curies":[{"name":"wp","href":"https:\/\/api.w.org\/{rel}","templated":true}]}}