{"id":3791,"date":"2026-03-02T14:32:51","date_gmt":"2026-03-02T14:32:51","guid":{"rendered":"https:\/\/www.oknadverelacno.sk\/katalog\/hasznalt-muanyag-erkelyajto-87-x-231-cm-jobb-oldali"},"modified":"2026-03-02T14:32:51","modified_gmt":"2026-03-02T14:32:51","slug":"hasznalt-muanyag-erkelyajto-87-x-231-cm-jobb-oldali","status":"publish","type":"product","link":"https:\/\/www.oknadverelacno.sk\/hu\/katalog\/hasznalt-muanyag-erkelyajto-87-x-231-cm-jobb-oldali","title":{"rendered":"Haszn\u00e1lt m\u0171anyag erk\u00e9lyajt\u00f3 87 \u00d7 231 cm \u2013 jobb oldali"},"content":{"rendered":"<div id=\"tw-container\" class=\"nev7se\" data-cp=\"1\" data-nnttsvi=\"1\" data-ntl-tooltip=\"true\" data-sletp=\"false\" data-sm=\"1\" data-ssbp=\"true\" data-sugg-time=\"500\" data-sugg-url=\"https:\/\/clients1.google.com\/complete\/search\" data-uilc=\"sk\" data-vil=\",af,af-ZA,am,am-ET,ar-EG,ar-AE,ar-KW,ar-QA,ar,ar-IL,ar-JO,ar-LB,ar-PS,az,az-AZ,bg,bg-BG,bn,bn-BD,bn-IN,ca,ca-es,cs,cs-CZ,de,de-DE,de-CH,de-AT,de-LI,en,en-US,en-CA,en-AU,en-NZ,en-GB,en-IN,en-KE,en-TZ,en-NG,en-GH,en-PH,en-ZA,es,es-ES,es-AR,es-UY,es-419,es-BO,es-CL,es-CR,es-CO,es-DO,es-EC,es-GT,es-HN,es-NI,es-PA,es-PE,es-PR,es-PY,es-SV,es-VE,es-MX,es-US,eu,eu-ES,fi,fi-FI,fr,fr-FR,fr-CH,fr-BE,gl,gl-ES,gu,gu-IN,he,he-IL,iw,iw-IL,hu,hu-HU,hy,hy-AM,id,id-ID,is,is-IS,it,it-IT,it-CH,ja,ja-JP,jv,jv-ID,ka,ka-GE,km,km-KH,kn,kn-IN,ko,ko-KR,la,lo,lo-LA,lv,lv-LV,ml,ml-IN,mr,mr-IN,ms,ms-MY,nl,nl-NL,nb,nb-NO,ne,ne-NP,pl,pl-PL,pt,pt-BR,pt-PT,ro,ro-RO,ru,ru-RU,si-LK,sk,sk-SK,sr,sr-RS,su,su-ID,sv,sv-SE,sw,sw-TZ,sw-KE,ta,ta-IN,ta-SG,ta-LK,ta-MY,te,te-IN,tr,tr-TR,ur,ur-PK,ur-IN,yue,yue-HK,yue-Hant-HK,zh-HK,zh,zh-CN,zh-cmn,zh-cmn-CN,zh-Hans,zh-Hans-CN,zh-cmn-Hans,zh-cmn-Hans-CN,cmn-CN,cmn-Hans,cmn-Hans-CN,zh-TW,zh-Hant-TW,cmn-TW,cmn-Hant-TW,zh-cmn-TW,zh-cmn-Hant-TW,zu,zu-ZA,hi,hi-IN,tl,tl-PH,pa,pa-IN\">\n<div>\n<div>\n<div id=\"tw-ob\" class=\"tw-src-ltr\">\n<div class=\"oSioSc\">\n<div id=\"tw-target\">\n<div id=\"kAz1tf\" class=\"g9WsWb PZPZlf\" data-attrid=\"tw-targetArea\" data-entityname=\"Google Translate\">\n<div id=\"tw-target-text-container\" class=\"tw-ta-container tw-nfl\" tabindex=\"0\" role=\"text\">\n<p id=\"tw-target-text\" class=\"tw-data-text tw-text-large tw-ta\" dir=\"ltr\" tabindex=\"-1\" role=\"text\" data-placeholder=\"Preklad\" data-ved=\"2ahUKEwjCl5WqwoGTAxXVgf0HHd6cG1EQ3ewLegQIBBAX\" aria-label=\"Prelo\u017een\u00fd text: M\u0171anyag, egysz\u00e1rny\u00fa erk\u00e9lyajt\u00f3 feh\u00e9r sz\u00ednben, 87 \u00d7 231 cm m\u00e9retben. Az ajt\u00f3 jobb oldali (bel\u00fclr\u0151l n\u00e9zve jobb oldali a zsan\u00e9r) \u00e9s h\u0151szigetel\u0151 dupla \u00fcvegez\u00e9ssel van felszerelve.\n\nEz egy haszn\u00e1lt, j\u00f3 m\u0171szaki \u00e1llapot\u00fa ajt\u00f3, teljesen m\u0171k\u00f6d\u0151k\u00e9pes, kor\u00e1nak megfelel\u0151 norm\u00e1l haszn\u00e1lati nyomokkal. A keret massz\u00edv, komoly s\u00e9r\u00fcl\u00e9sek n\u00e9lk\u00fcl.\n\nAlkalmas fel\u00faj\u00edt\u00e1shoz, r\u00e9gi ajt\u00f3k cser\u00e9j\u00e9hez, b\u0151v\u00edt\u00e9shez, nyaral\u00f3khoz vagy megfizethet\u0151 alternat\u00edvak\u00e9nt az \u00faj ajt\u00f3k helyett.\"><span class=\"Y2IQFc\" lang=\"hu\">M\u0171anyag, egysz\u00e1rny\u00fa erk\u00e9lyajt\u00f3 feh\u00e9r sz\u00ednben, 87 \u00d7 231 cm m\u00e9retben. Az ajt\u00f3 jobb oldali (bel\u00fclr\u0151l n\u00e9zve jobb oldali a zsan\u00e9r) \u00e9s h\u0151szigetel\u0151 dupla \u00fcvegez\u00e9ssel van felszerelve.<\/span><\/p>\n<p class=\"tw-data-text tw-text-large tw-ta\" dir=\"ltr\" tabindex=\"-1\" role=\"text\" data-placeholder=\"Preklad\" data-ved=\"2ahUKEwjCl5WqwoGTAxXVgf0HHd6cG1EQ3ewLegQIBBAX\" aria-label=\"Prelo\u017een\u00fd text: M\u0171anyag, egysz\u00e1rny\u00fa erk\u00e9lyajt\u00f3 feh\u00e9r sz\u00ednben, 87 \u00d7 231 cm m\u00e9retben. Az ajt\u00f3 jobb oldali (bel\u00fclr\u0151l n\u00e9zve jobb oldali a zsan\u00e9r) \u00e9s h\u0151szigetel\u0151 dupla \u00fcvegez\u00e9ssel van felszerelve.\n\nEz egy haszn\u00e1lt, j\u00f3 m\u0171szaki \u00e1llapot\u00fa ajt\u00f3, teljesen m\u0171k\u00f6d\u0151k\u00e9pes, kor\u00e1nak megfelel\u0151 norm\u00e1l haszn\u00e1lati nyomokkal. A keret massz\u00edv, komoly s\u00e9r\u00fcl\u00e9sek n\u00e9lk\u00fcl.\n\nAlkalmas fel\u00faj\u00edt\u00e1shoz, r\u00e9gi ajt\u00f3k cser\u00e9j\u00e9hez, b\u0151v\u00edt\u00e9shez, nyaral\u00f3khoz vagy megfizethet\u0151 alternat\u00edvak\u00e9nt az \u00faj ajt\u00f3k helyett.\"><span class=\"Y2IQFc\" lang=\"hu\">Ez egy haszn\u00e1lt, j\u00f3 m\u0171szaki \u00e1llapot\u00fa ajt\u00f3, teljesen m\u0171k\u00f6d\u0151k\u00e9pes, kor\u00e1nak megfelel\u0151 norm\u00e1l haszn\u00e1lati nyomokkal. A keret massz\u00edv, komoly s\u00e9r\u00fcl\u00e9sek n\u00e9lk\u00fcl.<\/span><\/p>\n<p class=\"tw-data-text tw-text-large tw-ta\" dir=\"ltr\" tabindex=\"-1\" role=\"text\" data-placeholder=\"Preklad\" data-ved=\"2ahUKEwjCl5WqwoGTAxXVgf0HHd6cG1EQ3ewLegQIBBAX\" aria-label=\"Prelo\u017een\u00fd text: M\u0171anyag, egysz\u00e1rny\u00fa erk\u00e9lyajt\u00f3 feh\u00e9r sz\u00ednben, 87 \u00d7 231 cm m\u00e9retben. Az ajt\u00f3 jobb oldali (bel\u00fclr\u0151l n\u00e9zve jobb oldali a zsan\u00e9r) \u00e9s h\u0151szigetel\u0151 dupla \u00fcvegez\u00e9ssel van felszerelve.\n\nEz egy haszn\u00e1lt, j\u00f3 m\u0171szaki \u00e1llapot\u00fa ajt\u00f3, teljesen m\u0171k\u00f6d\u0151k\u00e9pes, kor\u00e1nak megfelel\u0151 norm\u00e1l haszn\u00e1lati nyomokkal. A keret massz\u00edv, komoly s\u00e9r\u00fcl\u00e9sek n\u00e9lk\u00fcl.\n\nAlkalmas fel\u00faj\u00edt\u00e1shoz, r\u00e9gi ajt\u00f3k cser\u00e9j\u00e9hez, b\u0151v\u00edt\u00e9shez, nyaral\u00f3khoz vagy megfizethet\u0151 alternat\u00edvak\u00e9nt az \u00faj ajt\u00f3k helyett.\"><span class=\"Y2IQFc\" lang=\"hu\">Alkalmas fel\u00faj\u00edt\u00e1shoz, r\u00e9gi ajt\u00f3k cser\u00e9j\u00e9hez, b\u0151v\u00edt\u00e9shez, nyaral\u00f3khoz vagy megfizethet\u0151 alternat\u00edvak\u00e9nt az \u00faj ajt\u00f3k helyett.<\/span><\/p>\n<\/div>\n<div id=\"tw-target-rmn-container\" class=\"tw-target-rmn tw-ta-container tw-nfl\" tabindex=\"-1\" role=\"text\">\n<pre id=\"tw-target-rmn\" class=\"tw-data-placeholder tw-text-small tw-ta\" dir=\"ltr\" tabindex=\"-1\" role=\"text\" data-placeholder=\"\">\u00a0<\/pre>\n<\/div>\n<div class=\"iYB33c\">\n<div id=\"tw-tmenu\" class=\"tw-menu\">\u00a0<\/div>\n<\/div>\n<\/div>\n<\/div>\n<\/div>\n<\/div>\n<div id=\"tw-images\">\u00a0<\/div>\n<div class=\"dURPtb\">\u00a0<\/div>\n<div>\n<div>\u00a0<\/div>\n<\/div>\n<\/div>\n<\/div>\n<\/div>\n<div class=\"KFFQ0c xKf9F\">\u00a0<\/div>\n","protected":false},"excerpt":{"rendered":"<p id=\"tw-target-text\" class=\"tw-data-text tw-text-large tw-ta\" dir=\"ltr\" tabindex=\"-1\" role=\"text\" data-placeholder=\"Preklad\" data-ved=\"2ahUKEwjCl5WqwoGTAxXVgf0HHd6cG1EQ3ewLegQIBBAX\" aria-label=\"Prelo\u017een\u00fd text: Haszn\u00e1lt, m\u0171anyag, egysz\u00e1rny\u00fa erk\u00e9lyajt\u00f3, 87 \u00d7 231 cm m\u00e9retben. Feh\u00e9r sz\u00edn\u0171, jobbos kivitel (bel\u00fclr\u0151l n\u00e9zve jobb oldali zsan\u00e9rok), h\u0151szigetel\u0151 dupla \u00fcvegez\u00e9ssel. Az ajt\u00f3 teljesen m\u0171k\u00f6d\u0151k\u00e9pes, norm\u00e1l haszn\u00e1lati nyomokkal.\n\nParam\u00e9ter \u00c9rt\u00e9k\nT\u00edpus: Erk\u00e9lyajt\u00f3, egysz\u00e1rny\u00fa\nAnyag: M\u0171anyag\n\u00dcvegez\u00e9s: Dupla \u00fcvegez\u00e9s\nSz\u00e9less\u00e9g: 87 cm\nMagass\u00e1g: 231 cm\nT\u00e1jol\u00e1s: Jobb\nSz\u00edn: Feh\u00e9r\n\u00c1llapot: Haszn\u00e1lt, teljesen m\u0171k\u00f6d\u0151k\u00e9pes\"><span class=\"Y2IQFc\" lang=\"hu\">Haszn\u00e1lt, m\u0171anyag, egysz\u00e1rny\u00fa erk\u00e9lyajt\u00f3, 87 \u00d7 231 cm m\u00e9retben. Feh\u00e9r sz\u00edn\u0171, jobbos kivitel (bel\u00fclr\u0151l n\u00e9zve jobb oldali zsan\u00e9rok), h\u0151szigetel\u0151 dupla \u00fcvegez\u00e9ssel. Az ajt\u00f3 teljesen m\u0171k\u00f6d\u0151k\u00e9pes, norm\u00e1l haszn\u00e1lati nyomokkal. T\u00edpus: Erk\u00e9lyajt\u00f3, egysz\u00e1rny\u00fa <\/span><\/p>\n<p class=\"tw-data-text tw-text-large tw-ta\" dir=\"ltr\" tabindex=\"-1\" role=\"text\" data-placeholder=\"Preklad\" data-ved=\"2ahUKEwjCl5WqwoGTAxXVgf0HHd6cG1EQ3ewLegQIBBAX\" aria-label=\"Prelo\u017een\u00fd text: Haszn\u00e1lt, m\u0171anyag, egysz\u00e1rny\u00fa erk\u00e9lyajt\u00f3, 87 \u00d7 231 cm m\u00e9retben. Feh\u00e9r sz\u00edn\u0171, jobbos kivitel (bel\u00fclr\u0151l n\u00e9zve jobb oldali zsan\u00e9rok), h\u0151szigetel\u0151 dupla \u00fcvegez\u00e9ssel. Az ajt\u00f3 teljesen m\u0171k\u00f6d\u0151k\u00e9pes, norm\u00e1l haszn\u00e1lati nyomokkal.\n\nParam\u00e9ter \u00c9rt\u00e9k\nT\u00edpus: Erk\u00e9lyajt\u00f3, egysz\u00e1rny\u00fa\nAnyag: M\u0171anyag\n\u00dcvegez\u00e9s: Dupla \u00fcvegez\u00e9s\nSz\u00e9less\u00e9g: 87 cm\nMagass\u00e1g: 231 cm\nT\u00e1jol\u00e1s: Jobb\nSz\u00edn: Feh\u00e9r\n\u00c1llapot: Haszn\u00e1lt, teljesen m\u0171k\u00f6d\u0151k\u00e9pes\"><span class=\"Y2IQFc\" lang=\"hu\">Anyag: M\u0171anyag<\/span><\/p>\n<p class=\"tw-data-text tw-text-large tw-ta\" dir=\"ltr\" tabindex=\"-1\" role=\"text\" data-placeholder=\"Preklad\" data-ved=\"2ahUKEwjCl5WqwoGTAxXVgf0HHd6cG1EQ3ewLegQIBBAX\" aria-label=\"Prelo\u017een\u00fd text: Haszn\u00e1lt, m\u0171anyag, egysz\u00e1rny\u00fa erk\u00e9lyajt\u00f3, 87 \u00d7 231 cm m\u00e9retben. Feh\u00e9r sz\u00edn\u0171, jobbos kivitel (bel\u00fclr\u0151l n\u00e9zve jobb oldali zsan\u00e9rok), h\u0151szigetel\u0151 dupla \u00fcvegez\u00e9ssel. Az ajt\u00f3 teljesen m\u0171k\u00f6d\u0151k\u00e9pes, norm\u00e1l haszn\u00e1lati nyomokkal.\n\nParam\u00e9ter \u00c9rt\u00e9k\nT\u00edpus: Erk\u00e9lyajt\u00f3, egysz\u00e1rny\u00fa\nAnyag: M\u0171anyag\n\u00dcvegez\u00e9s: Dupla \u00fcvegez\u00e9s\nSz\u00e9less\u00e9g: 87 cm\nMagass\u00e1g: 231 cm\nT\u00e1jol\u00e1s: Jobb\nSz\u00edn: Feh\u00e9r\n\u00c1llapot: Haszn\u00e1lt, teljesen m\u0171k\u00f6d\u0151k\u00e9pes\"><span class=\"Y2IQFc\" lang=\"hu\">\u00dcvegez\u00e9s: Dupla \u00fcvegez\u00e9s<\/span><\/p>\n<p class=\"tw-data-text tw-text-large tw-ta\" dir=\"ltr\" tabindex=\"-1\" role=\"text\" data-placeholder=\"Preklad\" data-ved=\"2ahUKEwjCl5WqwoGTAxXVgf0HHd6cG1EQ3ewLegQIBBAX\" aria-label=\"Prelo\u017een\u00fd text: Haszn\u00e1lt, m\u0171anyag, egysz\u00e1rny\u00fa erk\u00e9lyajt\u00f3, 87 \u00d7 231 cm m\u00e9retben. Feh\u00e9r sz\u00edn\u0171, jobbos kivitel (bel\u00fclr\u0151l n\u00e9zve jobb oldali zsan\u00e9rok), h\u0151szigetel\u0151 dupla \u00fcvegez\u00e9ssel. Az ajt\u00f3 teljesen m\u0171k\u00f6d\u0151k\u00e9pes, norm\u00e1l haszn\u00e1lati nyomokkal.\n\nParam\u00e9ter \u00c9rt\u00e9k\nT\u00edpus: Erk\u00e9lyajt\u00f3, egysz\u00e1rny\u00fa\nAnyag: M\u0171anyag\n\u00dcvegez\u00e9s: Dupla \u00fcvegez\u00e9s\nSz\u00e9less\u00e9g: 87 cm\nMagass\u00e1g: 231 cm\nT\u00e1jol\u00e1s: Jobb\nSz\u00edn: Feh\u00e9r\n\u00c1llapot: Haszn\u00e1lt, teljesen m\u0171k\u00f6d\u0151k\u00e9pes\"><span class=\"Y2IQFc\" lang=\"hu\">Sz\u00e9less\u00e9g: 87 cm <\/span><\/p>\n<p class=\"tw-data-text tw-text-large tw-ta\" dir=\"ltr\" tabindex=\"-1\" role=\"text\" data-placeholder=\"Preklad\" data-ved=\"2ahUKEwjCl5WqwoGTAxXVgf0HHd6cG1EQ3ewLegQIBBAX\" aria-label=\"Prelo\u017een\u00fd text: Haszn\u00e1lt, m\u0171anyag, egysz\u00e1rny\u00fa erk\u00e9lyajt\u00f3, 87 \u00d7 231 cm m\u00e9retben. Feh\u00e9r sz\u00edn\u0171, jobbos kivitel (bel\u00fclr\u0151l n\u00e9zve jobb oldali zsan\u00e9rok), h\u0151szigetel\u0151 dupla \u00fcvegez\u00e9ssel. Az ajt\u00f3 teljesen m\u0171k\u00f6d\u0151k\u00e9pes, norm\u00e1l haszn\u00e1lati nyomokkal.\n\nParam\u00e9ter \u00c9rt\u00e9k\nT\u00edpus: Erk\u00e9lyajt\u00f3, egysz\u00e1rny\u00fa\nAnyag: M\u0171anyag\n\u00dcvegez\u00e9s: Dupla \u00fcvegez\u00e9s\nSz\u00e9less\u00e9g: 87 cm\nMagass\u00e1g: 231 cm\nT\u00e1jol\u00e1s: Jobb\nSz\u00edn: Feh\u00e9r\n\u00c1llapot: Haszn\u00e1lt, teljesen m\u0171k\u00f6d\u0151k\u00e9pes\"><span class=\"Y2IQFc\" lang=\"hu\">Magass\u00e1g: 231 cm<\/span><\/p>\n<p class=\"tw-data-text tw-text-large tw-ta\" dir=\"ltr\" tabindex=\"-1\" role=\"text\" data-placeholder=\"Preklad\" data-ved=\"2ahUKEwjCl5WqwoGTAxXVgf0HHd6cG1EQ3ewLegQIBBAX\" aria-label=\"Prelo\u017een\u00fd text: Haszn\u00e1lt, m\u0171anyag, egysz\u00e1rny\u00fa erk\u00e9lyajt\u00f3, 87 \u00d7 231 cm m\u00e9retben. Feh\u00e9r sz\u00edn\u0171, jobbos kivitel (bel\u00fclr\u0151l n\u00e9zve jobb oldali zsan\u00e9rok), h\u0151szigetel\u0151 dupla \u00fcvegez\u00e9ssel. Az ajt\u00f3 teljesen m\u0171k\u00f6d\u0151k\u00e9pes, norm\u00e1l haszn\u00e1lati nyomokkal.\n\nParam\u00e9ter \u00c9rt\u00e9k\nT\u00edpus: Erk\u00e9lyajt\u00f3, egysz\u00e1rny\u00fa\nAnyag: M\u0171anyag\n\u00dcvegez\u00e9s: Dupla \u00fcvegez\u00e9s\nSz\u00e9less\u00e9g: 87 cm\nMagass\u00e1g: 231 cm\nT\u00e1jol\u00e1s: Jobb\nSz\u00edn: Feh\u00e9r\n\u00c1llapot: Haszn\u00e1lt, teljesen m\u0171k\u00f6d\u0151k\u00e9pes\"><span class=\"Y2IQFc\" lang=\"hu\">T\u00e1jol\u00e1s: Jobb <\/span><\/p>\n<p class=\"tw-data-text tw-text-large tw-ta\" dir=\"ltr\" tabindex=\"-1\" role=\"text\" data-placeholder=\"Preklad\" data-ved=\"2ahUKEwjCl5WqwoGTAxXVgf0HHd6cG1EQ3ewLegQIBBAX\" aria-label=\"Prelo\u017een\u00fd text: Haszn\u00e1lt, m\u0171anyag, egysz\u00e1rny\u00fa erk\u00e9lyajt\u00f3, 87 \u00d7 231 cm m\u00e9retben. Feh\u00e9r sz\u00edn\u0171, jobbos kivitel (bel\u00fclr\u0151l n\u00e9zve jobb oldali zsan\u00e9rok), h\u0151szigetel\u0151 dupla \u00fcvegez\u00e9ssel. Az ajt\u00f3 teljesen m\u0171k\u00f6d\u0151k\u00e9pes, norm\u00e1l haszn\u00e1lati nyomokkal.\n\nParam\u00e9ter \u00c9rt\u00e9k\nT\u00edpus: Erk\u00e9lyajt\u00f3, egysz\u00e1rny\u00fa\nAnyag: M\u0171anyag\n\u00dcvegez\u00e9s: Dupla \u00fcvegez\u00e9s\nSz\u00e9less\u00e9g: 87 cm\nMagass\u00e1g: 231 cm\nT\u00e1jol\u00e1s: Jobb\nSz\u00edn: Feh\u00e9r\n\u00c1llapot: Haszn\u00e1lt, teljesen m\u0171k\u00f6d\u0151k\u00e9pes\"><span class=\"Y2IQFc\" lang=\"hu\">Sz\u00edn: Feh\u00e9r <\/span><\/p>\n<p class=\"tw-data-text tw-text-large tw-ta\" dir=\"ltr\" tabindex=\"-1\" role=\"text\" data-placeholder=\"Preklad\" data-ved=\"2ahUKEwjCl5WqwoGTAxXVgf0HHd6cG1EQ3ewLegQIBBAX\" aria-label=\"Prelo\u017een\u00fd text: Haszn\u00e1lt, m\u0171anyag, egysz\u00e1rny\u00fa erk\u00e9lyajt\u00f3, 87 \u00d7 231 cm m\u00e9retben. Feh\u00e9r sz\u00edn\u0171, jobbos kivitel (bel\u00fclr\u0151l n\u00e9zve jobb oldali zsan\u00e9rok), h\u0151szigetel\u0151 dupla \u00fcvegez\u00e9ssel. Az ajt\u00f3 teljesen m\u0171k\u00f6d\u0151k\u00e9pes, norm\u00e1l haszn\u00e1lati nyomokkal.\n\nParam\u00e9ter \u00c9rt\u00e9k\nT\u00edpus: Erk\u00e9lyajt\u00f3, egysz\u00e1rny\u00fa\nAnyag: M\u0171anyag\n\u00dcvegez\u00e9s: Dupla \u00fcvegez\u00e9s\nSz\u00e9less\u00e9g: 87 cm\nMagass\u00e1g: 231 cm\nT\u00e1jol\u00e1s: Jobb\nSz\u00edn: Feh\u00e9r\n\u00c1llapot: Haszn\u00e1lt, teljesen m\u0171k\u00f6d\u0151k\u00e9pes\"><span class=\"Y2IQFc\" lang=\"hu\">\u00c1llapot: Haszn\u00e1lt, teljesen m\u0171k\u00f6d\u0151k\u00e9pes<\/span><\/p>\n","protected":false},"featured_media":3781,"template":"","meta":{"_et_pb_use_builder":"","_et_pb_old_content":"","_et_gb_content_width":""},"product_brand":[],"product_cat":[227,70],"product_tag":[583,259,582,115,581,575,113,235],"class_list":{"0":"post-3791","1":"product","2":"type-product","3":"status-publish","4":"has-post-thumbnail","6":"product_cat-hasznalt-erkelyajtok-es-teraszajtok","7":"product_cat-hasznalt-muanyag-teraszajto-erkelyajto-egyszarnyu","8":"product_tag-dupla-uvegajto","9":"product_tag-egyszarnyu-hu-2","10":"product_tag-erkelyajto-87x231-cm","11":"product_tag-feher","12":"product_tag-hasznalt-ajtok","13":"product_tag-jobbos-ajto","14":"product_tag-muanyag","15":"product_tag-teraszajto","17":"first","18":"instock","19":"shipping-taxable","20":"purchasable","21":"product-type-simple"},"_links":{"self":[{"href":"https:\/\/www.oknadverelacno.sk\/hu\/wp-json\/wp\/v2\/product\/3791","targetHints":{"allow":["GET"]}}],"collection":[{"href":"https:\/\/www.oknadverelacno.sk\/hu\/wp-json\/wp\/v2\/product"}],"about":[{"href":"https:\/\/www.oknadverelacno.sk\/hu\/wp-json\/wp\/v2\/types\/product"}],"wp:featuredmedia":[{"embeddable":true,"href":"https:\/\/www.oknadverelacno.sk\/hu\/wp-json\/wp\/v2\/media\/3781"}],"wp:attachment":[{"href":"https:\/\/www.oknadverelacno.sk\/hu\/wp-json\/wp\/v2\/media?parent=3791"}],"wp:term":[{"taxonomy":"product_brand","embeddable":true,"href":"https:\/\/www.oknadverelacno.sk\/hu\/wp-json\/wp\/v2\/product_brand?post=3791"},{"taxonomy":"product_cat","embeddable":true,"href":"https:\/\/www.oknadverelacno.sk\/hu\/wp-json\/wp\/v2\/product_cat?post=3791"},{"taxonomy":"product_tag","embeddable":true,"href":"https:\/\/www.oknadverelacno.sk\/hu\/wp-json\/wp\/v2\/product_tag?post=3791"}],"curies":[{"name":"wp","href":"https:\/\/api.w.org\/{rel}","templated":true}]}}