{"id":3790,"date":"2026-03-02T14:47:40","date_gmt":"2026-03-02T14:47:40","guid":{"rendered":"https:\/\/www.oknadverelacno.sk\/katalog\/bejarati-ajto-100-x-205-cm-balos-dio-matt-dupla-uveg"},"modified":"2026-03-02T14:47:40","modified_gmt":"2026-03-02T14:47:40","slug":"bejarati-ajto-100-x-205-cm-balos-dio-matt-dupla-uveg","status":"publish","type":"product","link":"https:\/\/www.oknadverelacno.sk\/hu\/katalog\/bejarati-ajto-100-x-205-cm-balos-dio-matt-dupla-uveg","title":{"rendered":"Bej\u00e1rati ajt\u00f3 100 \u00d7 205 cm \u2013 balos, di\u00f3, matt dupla \u00fcveg"},"content":{"rendered":"<p data-start=\"83\" data-end=\"293\">Elad\u00f3 \u00faj bej\u00e1rati ajt\u00f3 <strong data-start=\"106\" data-end=\"122\">100 \u00d7 205 cm<\/strong>, balos kivitel. Az ajt\u00f3 mindk\u00e9t oldal\u00e1n di\u00f3 sz\u00edn\u0171, <strong data-start=\"174\" data-end=\"196\">matt dupla \u00fcveggel<\/strong> \u00e9s <strong data-start=\"200\" data-end=\"217\">WDS profilban<\/strong> k\u00e9sz\u00fclt, amely magas min\u0151s\u00e9get, stabilit\u00e1st \u00e9s j\u00f3 h\u0151szigetel\u00e9st biztos\u00edt.<\/p>\n<p data-start=\"295\" data-end=\"442\">Lak\u00e1sokhoz vagy h\u00e1zakhoz egyar\u00e1nt alkalmas, teljesen m\u0171k\u00f6d\u0151k\u00e9pes \u00e9s szerel\u00e9sre k\u00e9sz. Ide\u00e1lis megold\u00e1s modern \u00e9s klasszikus \u00e9p\u00edt\u00e9szethez egyar\u00e1nt.<\/p>\n<ul data-start=\"444\" data-end=\"600\">\n<li data-start=\"444\" data-end=\"471\">\n<p data-start=\"446\" data-end=\"471\"><strong data-start=\"446\" data-end=\"456\">M\u00e9ret:<\/strong> 100 \u00d7 205 cm<\/p>\n<\/li>\n<li data-start=\"472\" data-end=\"507\">\n<p data-start=\"474\" data-end=\"507\"><strong data-start=\"474\" data-end=\"483\">Sz\u00edn:<\/strong> di\u00f3 (mindk\u00e9t oldal\u00e1n)<\/p>\n<\/li>\n<li data-start=\"508\" data-end=\"537\">\n<p data-start=\"510\" data-end=\"537\"><strong data-start=\"510\" data-end=\"519\">\u00dcveg:<\/strong> matt dupla \u00fcveg<\/p>\n<\/li>\n<li data-start=\"538\" data-end=\"557\">\n<p data-start=\"540\" data-end=\"557\"><strong data-start=\"540\" data-end=\"551\">Profil:<\/strong> WDS<\/p>\n<\/li>\n<li data-start=\"558\" data-end=\"580\">\n<p data-start=\"560\" data-end=\"580\"><strong data-start=\"560\" data-end=\"572\">Kivitel:<\/strong> balos<\/p>\n<\/li>\n<li data-start=\"581\" data-end=\"600\">\n<p data-start=\"583\" data-end=\"600\"><strong data-start=\"583\" data-end=\"595\">\u00c1llapot:<\/strong> \u00faj<\/p>\n<\/li>\n<\/ul>\n","protected":false},"excerpt":{"rendered":"<p>\u00daj bej\u00e1rati ajt\u00f3 100 \u00d7 205 cm, balos, di\u00f3, matt dupla \u00fcveg, <strong data-start=\"224\" data-end=\"238\">WDS profil<\/strong>. Teljesen m\u0171k\u00f6d\u0151k\u00e9pes, szerel\u00e9sre k\u00e9sz. \u00c1r: 495 \u20ac \/ darab.<\/p>\n<div class=\"TyagGW_tableContainer\">\n<div class=\"group TyagGW_tableWrapper flex flex-col-reverse w-fit\" tabindex=\"-1\">\n<table class=\"w-fit min-w-(--thread-content-width)\" data-start=\"343\" data-end=\"929\">\n<thead data-start=\"343\" data-end=\"397\">\n<tr data-start=\"343\" data-end=\"397\">\n<th class=\"\" data-start=\"343\" data-end=\"362\" data-col-size=\"sm\">Param\u00e9ter<\/th>\n<th class=\"\" data-start=\"362\" data-end=\"397\" data-col-size=\"sm\">\u00c9rt\u00e9k<\/th>\n<\/tr>\n<\/thead>\n<tbody data-start=\"451\" data-end=\"929\">\n<tr data-start=\"451\" data-end=\"503\">\n<td data-start=\"451\" data-end=\"469\" data-col-size=\"sm\">T\u00edpus<\/td>\n<td data-start=\"469\" data-end=\"503\" data-col-size=\"sm\">Bej\u00e1rati ajt\u00f3<\/td>\n<\/tr>\n<tr data-start=\"504\" data-end=\"556\">\n<td data-start=\"504\" data-end=\"522\" data-col-size=\"sm\">Anyag<\/td>\n<td data-start=\"522\" data-end=\"556\" data-col-size=\"sm\">M\u0171anyag<\/td>\n<\/tr>\n<tr data-start=\"557\" data-end=\"610\">\n<td data-start=\"557\" data-end=\"576\" data-col-size=\"sm\">\u00dcveg<\/td>\n<td data-start=\"576\" data-end=\"610\" data-col-size=\"sm\">Matt dupla \u00fcveg<\/td>\n<\/tr>\n<tr data-start=\"611\" data-end=\"663\">\n<td data-start=\"611\" data-end=\"629\" data-col-size=\"sm\">Sz\u00e9less\u00e9g<\/td>\n<td data-col-size=\"sm\" data-start=\"629\" data-end=\"663\">100 cm<\/td>\n<\/tr>\n<tr data-start=\"664\" data-end=\"716\">\n<td data-start=\"664\" data-end=\"682\" data-col-size=\"sm\">Magass\u00e1g<\/td>\n<td data-start=\"682\" data-end=\"716\" data-col-size=\"sm\">205 cm<\/td>\n<\/tr>\n<tr data-start=\"717\" data-end=\"769\">\n<td data-start=\"717\" data-end=\"735\" data-col-size=\"sm\">Kivitel<\/td>\n<td data-start=\"735\" data-end=\"769\" data-col-size=\"sm\">Balos<\/td>\n<\/tr>\n<tr data-start=\"770\" data-end=\"822\">\n<td data-start=\"770\" data-end=\"789\" data-col-size=\"sm\">Sz\u00edn<\/td>\n<td data-start=\"789\" data-end=\"822\" data-col-size=\"sm\">Di\u00f3 (mindk\u00e9t oldal\u00e1n)<\/td>\n<\/tr>\n<tr data-start=\"823\" data-end=\"876\">\n<td data-start=\"823\" data-end=\"842\" data-col-size=\"sm\">Profil<\/td>\n<td data-start=\"842\" data-end=\"876\" data-col-size=\"sm\">WDS<\/td>\n<\/tr>\n<tr data-start=\"877\" data-end=\"929\">\n<td data-start=\"877\" data-end=\"895\" data-col-size=\"sm\">\u00c1llapot<\/td>\n<td data-start=\"895\" data-end=\"929\" data-col-size=\"sm\">\u00daj<\/td>\n<\/tr>\n<\/tbody>\n<\/table>\n<\/div>\n<\/div>\n","protected":false},"featured_media":3785,"template":"","meta":{"_et_pb_use_builder":"","_et_pb_old_content":"","_et_gb_content_width":""},"product_brand":[],"product_cat":[58,62],"product_tag":[580,579,211,576,399,577,578],"class_list":{"0":"post-3790","1":"product","2":"type-product","3":"status-publish","4":"has-post-thumbnail","6":"product_cat-uj-bejarati-ajtok","7":"product_cat-uj-muanyag-bejarati-ajto-egy-szarnyu","8":"product_tag-balos-ajto","9":"product_tag-bejarati-ajto-100-x-205","10":"product_tag-bejarati-ajtok","11":"product_tag-dio-ajto","12":"product_tag-egyszarnyu-bejarati-ajto","13":"product_tag-matt-dupla-uveg","14":"product_tag-uj-ajto","16":"first","17":"instock","18":"shipping-taxable","19":"purchasable","20":"product-type-simple"},"_links":{"self":[{"href":"https:\/\/www.oknadverelacno.sk\/hu\/wp-json\/wp\/v2\/product\/3790","targetHints":{"allow":["GET"]}}],"collection":[{"href":"https:\/\/www.oknadverelacno.sk\/hu\/wp-json\/wp\/v2\/product"}],"about":[{"href":"https:\/\/www.oknadverelacno.sk\/hu\/wp-json\/wp\/v2\/types\/product"}],"wp:featuredmedia":[{"embeddable":true,"href":"https:\/\/www.oknadverelacno.sk\/hu\/wp-json\/wp\/v2\/media\/3785"}],"wp:attachment":[{"href":"https:\/\/www.oknadverelacno.sk\/hu\/wp-json\/wp\/v2\/media?parent=3790"}],"wp:term":[{"taxonomy":"product_brand","embeddable":true,"href":"https:\/\/www.oknadverelacno.sk\/hu\/wp-json\/wp\/v2\/product_brand?post=3790"},{"taxonomy":"product_cat","embeddable":true,"href":"https:\/\/www.oknadverelacno.sk\/hu\/wp-json\/wp\/v2\/product_cat?post=3790"},{"taxonomy":"product_tag","embeddable":true,"href":"https:\/\/www.oknadverelacno.sk\/hu\/wp-json\/wp\/v2\/product_tag?post=3790"}],"curies":[{"name":"wp","href":"https:\/\/api.w.org\/{rel}","templated":true}]}}