{"id":3789,"date":"2026-03-02T14:57:10","date_gmt":"2026-03-02T14:57:10","guid":{"rendered":"https:\/\/www.oknadverelacno.sk\/katalog\/bejarati-ajto-100-x-205-cm-jobbos-dio-dupla-uveg"},"modified":"2026-03-02T14:57:10","modified_gmt":"2026-03-02T14:57:10","slug":"bejarati-ajto-100-x-205-cm-jobbos-dio-dupla-uveg","status":"publish","type":"product","link":"https:\/\/www.oknadverelacno.sk\/hu\/katalog\/bejarati-ajto-100-x-205-cm-jobbos-dio-dupla-uveg","title":{"rendered":"Bej\u00e1rati ajt\u00f3 100 \u00d7 205 cm \u2013 jobbos, di\u00f3, dupla \u00fcveg"},"content":{"rendered":"<p data-start=\"52\" data-end=\"265\">Elad\u00f3 \u00faj bej\u00e1rati ajt\u00f3, m\u00e9rete 100 \u00d7 205 cm, jobb kivitel. Az ajt\u00f3 mindk\u00e9t oldal\u00e1n di\u00f3 sz\u00edn\u0171, <strong data-start=\"146\" data-end=\"168\">matt dupla \u00fcveggel<\/strong> \u00e9s <strong data-start=\"172\" data-end=\"189\">WDS profilban<\/strong> k\u00e9sz\u00fclt, amely magas min\u0151s\u00e9get, stabilit\u00e1st \u00e9s j\u00f3 h\u0151szigetel\u00e9st biztos\u00edt.<\/p>\n<p data-start=\"267\" data-end=\"414\">Lak\u00e1sokhoz vagy h\u00e1zakhoz egyar\u00e1nt alkalmas, teljesen m\u0171k\u00f6d\u0151k\u00e9pes \u00e9s szerel\u00e9sre k\u00e9sz. Ide\u00e1lis megold\u00e1s modern \u00e9s klasszikus \u00e9p\u00edt\u00e9szethez egyar\u00e1nt.<\/p>\n<ul data-start=\"416\" data-end=\"571\">\n<li data-start=\"416\" data-end=\"443\">\n<p data-start=\"418\" data-end=\"443\"><strong data-start=\"418\" data-end=\"428\">M\u00e9ret:<\/strong> 100 \u00d7 205 cm<\/p>\n<\/li>\n<li data-start=\"444\" data-end=\"479\">\n<p data-start=\"446\" data-end=\"479\"><strong data-start=\"446\" data-end=\"455\">Sz\u00edn:<\/strong> di\u00f3 (mindk\u00e9t oldal\u00e1n)<\/p>\n<\/li>\n<li data-start=\"480\" data-end=\"509\">\n<p data-start=\"482\" data-end=\"509\"><strong data-start=\"482\" data-end=\"491\">\u00dcveg:<\/strong> matt dupla \u00fcveg<\/p>\n<\/li>\n<li data-start=\"510\" data-end=\"529\">\n<p data-start=\"512\" data-end=\"529\"><strong data-start=\"512\" data-end=\"523\">Profil:<\/strong> WDS<\/p>\n<\/li>\n<li data-start=\"530\" data-end=\"551\">\n<p data-start=\"532\" data-end=\"551\"><strong data-start=\"532\" data-end=\"544\">Kivitel:<\/strong> jobb<\/p>\n<\/li>\n<li data-start=\"552\" data-end=\"571\">\n<p data-start=\"554\" data-end=\"571\"><strong data-start=\"554\" data-end=\"566\">\u00c1llapot:<\/strong> \u00faj<\/p>\n<\/li>\n<\/ul>\n","protected":false},"excerpt":{"rendered":"<p>\u00daj bej\u00e1rati ajt\u00f3 100 \u00d7 205 cm, jobb, di\u00f3, matt dupla \u00fcveg, WDS profil. Teljesen m\u0171k\u00f6d\u0151k\u00e9pes, szerel\u00e9sre k\u00e9sz. \u00c1r: 495 \u20ac \/ darab.<\/p>\n","protected":false},"featured_media":3788,"template":"","meta":{"_et_pb_use_builder":"","_et_pb_old_content":"","_et_gb_content_width":""},"product_brand":[],"product_cat":[58,62],"product_tag":[579,211,576,399,575,577,578],"class_list":{"0":"post-3789","1":"product","2":"type-product","3":"status-publish","4":"has-post-thumbnail","6":"product_cat-uj-bejarati-ajtok","7":"product_cat-uj-muanyag-bejarati-ajto-egy-szarnyu","8":"product_tag-bejarati-ajto-100-x-205","9":"product_tag-bejarati-ajtok","10":"product_tag-dio-ajto","11":"product_tag-egyszarnyu-bejarati-ajto","12":"product_tag-jobbos-ajto","13":"product_tag-matt-dupla-uveg","14":"product_tag-uj-ajto","16":"first","17":"instock","18":"shipping-taxable","19":"purchasable","20":"product-type-simple"},"_links":{"self":[{"href":"https:\/\/www.oknadverelacno.sk\/hu\/wp-json\/wp\/v2\/product\/3789","targetHints":{"allow":["GET"]}}],"collection":[{"href":"https:\/\/www.oknadverelacno.sk\/hu\/wp-json\/wp\/v2\/product"}],"about":[{"href":"https:\/\/www.oknadverelacno.sk\/hu\/wp-json\/wp\/v2\/types\/product"}],"wp:featuredmedia":[{"embeddable":true,"href":"https:\/\/www.oknadverelacno.sk\/hu\/wp-json\/wp\/v2\/media\/3788"}],"wp:attachment":[{"href":"https:\/\/www.oknadverelacno.sk\/hu\/wp-json\/wp\/v2\/media?parent=3789"}],"wp:term":[{"taxonomy":"product_brand","embeddable":true,"href":"https:\/\/www.oknadverelacno.sk\/hu\/wp-json\/wp\/v2\/product_brand?post=3789"},{"taxonomy":"product_cat","embeddable":true,"href":"https:\/\/www.oknadverelacno.sk\/hu\/wp-json\/wp\/v2\/product_cat?post=3789"},{"taxonomy":"product_tag","embeddable":true,"href":"https:\/\/www.oknadverelacno.sk\/hu\/wp-json\/wp\/v2\/product_tag?post=3789"}],"curies":[{"name":"wp","href":"https:\/\/api.w.org\/{rel}","templated":true}]}}