{"id":3728,"date":"2025-07-04T10:35:14","date_gmt":"2025-07-04T10:35:14","guid":{"rendered":"https:\/\/www.oknadverelacno.sk\/katalog\/muanyag-ablak-90-cm-x-60-cm-feher-buko"},"modified":"2025-07-04T10:35:14","modified_gmt":"2025-07-04T10:35:14","slug":"muanyag-ablak-90-cm-x-60-cm-feher-buko","status":"publish","type":"product","link":"https:\/\/www.oknadverelacno.sk\/hu\/katalog\/muanyag-ablak-90-cm-x-60-cm-feher-buko","title":{"rendered":"M\u0171anyag ablak 90 cm x 60 cm feh\u00e9r \/ buk\u00f3"},"content":{"rendered":"<ul>\n<li>M\u00e9retek sz\u00e9less\u00e9g\/magass\u00e1g<\/li>\n<li>M\u00e9retek cm-ben<\/li>\n<li>Az \u00e1rak tartalmazz\u00e1k az \u00c1FA-t.<\/li>\n<li>Re\u00e1lis term\u00e9kfot\u00f3k<\/li>\n<\/ul>\n","protected":false},"excerpt":{"rendered":"<p id=\"tw-target-text\" class=\"tw-data-text tw-text-large tw-ta\" dir=\"ltr\" data-placeholder=\"Preklad\" data-ved=\"2ahUKEwja_fn-iKOOAxV2B9sEHdB3DNcQ3ewLegQICRAW\" aria-label=\"Prelo\u017een\u00fd text: \u00daj, feh\u00e9r, egysz\u00e1rny\u00fa, harmonika alak\u00fa, m\u0171anyag ablak, melynek m\u00e9retei: sz\u00e9less\u00e9g 90 cm x magass\u00e1g 60 cm. A term\u00e9k \u00e1ra tartalmazza az ablakkilincset \u00e9s a sapk\u00e1kat. \u00c9rdekl\u0151d\u00e9s eset\u00e9n egyedi gy\u00e1rt\u00e1s\u00fa sz\u00fanyogh\u00e1l\u00f3 is v\u00e1s\u00e1rolhat\u00f3.\n\n\nSz\u00e1rnyak sz\u00e1ma: egysz\u00e1rny\u00fa\n1. sz\u00e1rny - harmonika\n\u00dcvegez\u00e9s: \u00e1tl\u00e1tsz\u00f3 dupla \u00fcveg\nSz\u00edn: feh\u00e9r\n\nM\u00e9retek:\nsz\u00e9less\u00e9g 90 cm\nmagass\u00e1g 60 cm\"><span class=\"Y2IQFc\" lang=\"hu\">\u00daj, feh\u00e9r, egysz\u00e1rny\u00fa, buk\u00f3, m\u0171anyag ablak, melynek m\u00e9retei: sz\u00e9less\u00e9g 90 cm x magass\u00e1g 60 cm. A term\u00e9k \u00e1ra tartalmazza az ablakkilincset \u00e9s a sapk\u00e1kat. \u00c9rdekl\u0151d\u00e9s eset\u00e9n egyedi gy\u00e1rt\u00e1s\u00fa sz\u00fanyogh\u00e1l\u00f3 is v\u00e1s\u00e1rolhat\u00f3.<\/span><\/p>\n<p class=\"tw-data-text tw-text-large tw-ta\" dir=\"ltr\" data-placeholder=\"Preklad\" data-ved=\"2ahUKEwja_fn-iKOOAxV2B9sEHdB3DNcQ3ewLegQICRAW\" aria-label=\"Prelo\u017een\u00fd text: \u00daj, feh\u00e9r, egysz\u00e1rny\u00fa, harmonika alak\u00fa, m\u0171anyag ablak, melynek m\u00e9retei: sz\u00e9less\u00e9g 90 cm x magass\u00e1g 60 cm. A term\u00e9k \u00e1ra tartalmazza az ablakkilincset \u00e9s a sapk\u00e1kat. \u00c9rdekl\u0151d\u00e9s eset\u00e9n egyedi gy\u00e1rt\u00e1s\u00fa sz\u00fanyogh\u00e1l\u00f3 is v\u00e1s\u00e1rolhat\u00f3.\n\n\nSz\u00e1rnyak sz\u00e1ma: egysz\u00e1rny\u00fa\n1. sz\u00e1rny - harmonika\n\u00dcvegez\u00e9s: \u00e1tl\u00e1tsz\u00f3 dupla \u00fcveg\nSz\u00edn: feh\u00e9r\n\nM\u00e9retek:\nsz\u00e9less\u00e9g 90 cm\nmagass\u00e1g 60 cm\"><span class=\"Y2IQFc\" lang=\"hu\">Sz\u00e1rnyak sz\u00e1ma: egysz\u00e1rny\u00fa <\/span><\/p>\n<p class=\"tw-data-text tw-text-large tw-ta\" dir=\"ltr\" data-placeholder=\"Preklad\" data-ved=\"2ahUKEwja_fn-iKOOAxV2B9sEHdB3DNcQ3ewLegQICRAW\" aria-label=\"Prelo\u017een\u00fd text: \u00daj, feh\u00e9r, egysz\u00e1rny\u00fa, harmonika alak\u00fa, m\u0171anyag ablak, melynek m\u00e9retei: sz\u00e9less\u00e9g 90 cm x magass\u00e1g 60 cm. A term\u00e9k \u00e1ra tartalmazza az ablakkilincset \u00e9s a sapk\u00e1kat. \u00c9rdekl\u0151d\u00e9s eset\u00e9n egyedi gy\u00e1rt\u00e1s\u00fa sz\u00fanyogh\u00e1l\u00f3 is v\u00e1s\u00e1rolhat\u00f3.\n\n\nSz\u00e1rnyak sz\u00e1ma: egysz\u00e1rny\u00fa\n1. sz\u00e1rny - harmonika\n\u00dcvegez\u00e9s: \u00e1tl\u00e1tsz\u00f3 dupla \u00fcveg\nSz\u00edn: feh\u00e9r\n\nM\u00e9retek:\nsz\u00e9less\u00e9g 90 cm\nmagass\u00e1g 60 cm\"><span class=\"Y2IQFc\" lang=\"hu\">1. sz\u00e1rny &#8211; buk\u00f3<\/span><\/p>\n<p class=\"tw-data-text tw-text-large tw-ta\" dir=\"ltr\" data-placeholder=\"Preklad\" data-ved=\"2ahUKEwja_fn-iKOOAxV2B9sEHdB3DNcQ3ewLegQICRAW\" aria-label=\"Prelo\u017een\u00fd text: \u00daj, feh\u00e9r, egysz\u00e1rny\u00fa, harmonika alak\u00fa, m\u0171anyag ablak, melynek m\u00e9retei: sz\u00e9less\u00e9g 90 cm x magass\u00e1g 60 cm. A term\u00e9k \u00e1ra tartalmazza az ablakkilincset \u00e9s a sapk\u00e1kat. \u00c9rdekl\u0151d\u00e9s eset\u00e9n egyedi gy\u00e1rt\u00e1s\u00fa sz\u00fanyogh\u00e1l\u00f3 is v\u00e1s\u00e1rolhat\u00f3.\n\n\nSz\u00e1rnyak sz\u00e1ma: egysz\u00e1rny\u00fa\n1. sz\u00e1rny - harmonika\n\u00dcvegez\u00e9s: \u00e1tl\u00e1tsz\u00f3 dupla \u00fcveg\nSz\u00edn: feh\u00e9r\n\nM\u00e9retek:\nsz\u00e9less\u00e9g 90 cm\nmagass\u00e1g 60 cm\"><span class=\"Y2IQFc\" lang=\"hu\"> \u00dcvegez\u00e9s: \u00e1tl\u00e1tsz\u00f3 dupla \u00fcveg <\/span><\/p>\n<p class=\"tw-data-text tw-text-large tw-ta\" dir=\"ltr\" data-placeholder=\"Preklad\" data-ved=\"2ahUKEwja_fn-iKOOAxV2B9sEHdB3DNcQ3ewLegQICRAW\" aria-label=\"Prelo\u017een\u00fd text: \u00daj, feh\u00e9r, egysz\u00e1rny\u00fa, harmonika alak\u00fa, m\u0171anyag ablak, melynek m\u00e9retei: sz\u00e9less\u00e9g 90 cm x magass\u00e1g 60 cm. A term\u00e9k \u00e1ra tartalmazza az ablakkilincset \u00e9s a sapk\u00e1kat. \u00c9rdekl\u0151d\u00e9s eset\u00e9n egyedi gy\u00e1rt\u00e1s\u00fa sz\u00fanyogh\u00e1l\u00f3 is v\u00e1s\u00e1rolhat\u00f3.\n\n\nSz\u00e1rnyak sz\u00e1ma: egysz\u00e1rny\u00fa\n1. sz\u00e1rny - harmonika\n\u00dcvegez\u00e9s: \u00e1tl\u00e1tsz\u00f3 dupla \u00fcveg\nSz\u00edn: feh\u00e9r\n\nM\u00e9retek:\nsz\u00e9less\u00e9g 90 cm\nmagass\u00e1g 60 cm\"><span class=\"Y2IQFc\" lang=\"hu\">Sz\u00edn: feh\u00e9r <\/span><\/p>\n<p class=\"tw-data-text tw-text-large tw-ta\" dir=\"ltr\" data-placeholder=\"Preklad\" data-ved=\"2ahUKEwja_fn-iKOOAxV2B9sEHdB3DNcQ3ewLegQICRAW\" aria-label=\"Prelo\u017een\u00fd text: \u00daj, feh\u00e9r, egysz\u00e1rny\u00fa, harmonika alak\u00fa, m\u0171anyag ablak, melynek m\u00e9retei: sz\u00e9less\u00e9g 90 cm x magass\u00e1g 60 cm. A term\u00e9k \u00e1ra tartalmazza az ablakkilincset \u00e9s a sapk\u00e1kat. \u00c9rdekl\u0151d\u00e9s eset\u00e9n egyedi gy\u00e1rt\u00e1s\u00fa sz\u00fanyogh\u00e1l\u00f3 is v\u00e1s\u00e1rolhat\u00f3.\n\n\nSz\u00e1rnyak sz\u00e1ma: egysz\u00e1rny\u00fa\n1. sz\u00e1rny - harmonika\n\u00dcvegez\u00e9s: \u00e1tl\u00e1tsz\u00f3 dupla \u00fcveg\nSz\u00edn: feh\u00e9r\n\nM\u00e9retek:\nsz\u00e9less\u00e9g 90 cm\nmagass\u00e1g 60 cm\"><span class=\"Y2IQFc\" lang=\"hu\">M\u00e9retek: sz\u00e9less\u00e9g 90 cm <\/span><\/p>\n<p class=\"tw-data-text tw-text-large tw-ta\" dir=\"ltr\" data-placeholder=\"Preklad\" data-ved=\"2ahUKEwja_fn-iKOOAxV2B9sEHdB3DNcQ3ewLegQICRAW\" aria-label=\"Prelo\u017een\u00fd text: \u00daj, feh\u00e9r, egysz\u00e1rny\u00fa, harmonika alak\u00fa, m\u0171anyag ablak, melynek m\u00e9retei: sz\u00e9less\u00e9g 90 cm x magass\u00e1g 60 cm. A term\u00e9k \u00e1ra tartalmazza az ablakkilincset \u00e9s a sapk\u00e1kat. \u00c9rdekl\u0151d\u00e9s eset\u00e9n egyedi gy\u00e1rt\u00e1s\u00fa sz\u00fanyogh\u00e1l\u00f3 is v\u00e1s\u00e1rolhat\u00f3.\n\n\nSz\u00e1rnyak sz\u00e1ma: egysz\u00e1rny\u00fa\n1. sz\u00e1rny - harmonika\n\u00dcvegez\u00e9s: \u00e1tl\u00e1tsz\u00f3 dupla \u00fcveg\nSz\u00edn: feh\u00e9r\n\nM\u00e9retek:\nsz\u00e9less\u00e9g 90 cm\nmagass\u00e1g 60 cm\"><span class=\"Y2IQFc\" lang=\"hu\">\u00a0 \u00a0 \u00a0 \u00a0 \u00a0 \u00a0 \u00a0 \u00a0 magass\u00e1g 60 cm<\/span><\/p>\n","protected":false},"featured_media":3699,"template":"","meta":{"_et_pb_use_builder":"","_et_pb_old_content":"","_et_gb_content_width":""},"product_brand":[],"product_cat":[63,65],"product_tag":[152,112,115,147,146],"class_list":{"0":"post-3728","1":"product","2":"type-product","3":"status-publish","4":"has-post-thumbnail","6":"product_cat-uj-ablakok","7":"product_cat-uj-muanyag-ablak-egy-szarnyu","8":"product_tag-buko","9":"product_tag-egyszarnyu","10":"product_tag-feher","11":"product_tag-muanyag-ablak","12":"product_tag-uj","14":"first","15":"instock","16":"shipping-taxable","17":"purchasable","18":"product-type-simple"},"_links":{"self":[{"href":"https:\/\/www.oknadverelacno.sk\/hu\/wp-json\/wp\/v2\/product\/3728","targetHints":{"allow":["GET"]}}],"collection":[{"href":"https:\/\/www.oknadverelacno.sk\/hu\/wp-json\/wp\/v2\/product"}],"about":[{"href":"https:\/\/www.oknadverelacno.sk\/hu\/wp-json\/wp\/v2\/types\/product"}],"wp:featuredmedia":[{"embeddable":true,"href":"https:\/\/www.oknadverelacno.sk\/hu\/wp-json\/wp\/v2\/media\/3699"}],"wp:attachment":[{"href":"https:\/\/www.oknadverelacno.sk\/hu\/wp-json\/wp\/v2\/media?parent=3728"}],"wp:term":[{"taxonomy":"product_brand","embeddable":true,"href":"https:\/\/www.oknadverelacno.sk\/hu\/wp-json\/wp\/v2\/product_brand?post=3728"},{"taxonomy":"product_cat","embeddable":true,"href":"https:\/\/www.oknadverelacno.sk\/hu\/wp-json\/wp\/v2\/product_cat?post=3728"},{"taxonomy":"product_tag","embeddable":true,"href":"https:\/\/www.oknadverelacno.sk\/hu\/wp-json\/wp\/v2\/product_tag?post=3728"}],"curies":[{"name":"wp","href":"https:\/\/api.w.org\/{rel}","templated":true}]}}