{"id":3727,"date":"2025-07-04T10:57:08","date_gmt":"2025-07-04T10:57:08","guid":{"rendered":"https:\/\/www.oknadverelacno.sk\/katalog\/hasznalt-muanyag-ablak-93-cm-x-154-cm"},"modified":"2025-07-04T10:57:08","modified_gmt":"2025-07-04T10:57:08","slug":"hasznalt-muanyag-ablak-93-cm-x-154-cm","status":"publish","type":"product","link":"https:\/\/www.oknadverelacno.sk\/hu\/katalog\/hasznalt-muanyag-ablak-93-cm-x-154-cm","title":{"rendered":"Haszn\u00e1lt m\u0171anyag ablak 93 cm x 154 cm"},"content":{"rendered":"<ul>\n<li>M\u00e9retek sz\u00e9less\u00e9g\/magass\u00e1g<\/li>\n<li>M\u00e9retek cm-ben<\/li>\n<li>Az \u00e1rak tartalmazz\u00e1k az \u00c1FA-t.<\/li>\n<li>Re\u00e1lis term\u00e9kfot\u00f3k<\/li>\n<\/ul>\n","protected":false},"excerpt":{"rendered":"<p id=\"tw-target-text\" class=\"tw-data-text tw-text-large tw-ta\" dir=\"ltr\" data-placeholder=\"Preklad\" data-ved=\"2ahUKEwja_fn-iKOOAxV2B9sEHdB3DNcQ3ewLegQICRAW\" aria-label=\"Prelo\u017een\u00fd text: Haszn\u00e1lt, feh\u00e9r, egysz\u00e1rny\u00fa, buk\u00f3-ny\u00edl\u00f3, m\u0171anyag ablak, m\u00e9retei: sz\u00e9less\u00e9g 93 cm x magass\u00e1g 145 cm.\n\nSz\u00e1rnyak sz\u00e1ma: egysz\u00e1rny\u00fa\nSz\u00edn: feh\u00e9r\nNyitotts\u00e1g: buk\u00f3-ny\u00edl\u00f3\n\nM\u00e9retek:\nsz\u00e9less\u00e9g 93 cm\nmagass\u00e1g 145 cm\"><span class=\"Y2IQFc\" lang=\"hu\">Haszn\u00e1lt, feh\u00e9r, egysz\u00e1rny\u00fa, buk\u00f3-ny\u00edl\u00f3, m\u0171anyag ablak, m\u00e9retei: sz\u00e9less\u00e9g 93 cm x magass\u00e1g 145 cm. <\/span><\/p>\n<p class=\"tw-data-text tw-text-large tw-ta\" dir=\"ltr\" data-placeholder=\"Preklad\" data-ved=\"2ahUKEwja_fn-iKOOAxV2B9sEHdB3DNcQ3ewLegQICRAW\" aria-label=\"Prelo\u017een\u00fd text: Haszn\u00e1lt, feh\u00e9r, egysz\u00e1rny\u00fa, buk\u00f3-ny\u00edl\u00f3, m\u0171anyag ablak, m\u00e9retei: sz\u00e9less\u00e9g 93 cm x magass\u00e1g 145 cm.\n\nSz\u00e1rnyak sz\u00e1ma: egysz\u00e1rny\u00fa\nSz\u00edn: feh\u00e9r\nNyitotts\u00e1g: buk\u00f3-ny\u00edl\u00f3\n\nM\u00e9retek:\nsz\u00e9less\u00e9g 93 cm\nmagass\u00e1g 145 cm\"><span class=\"Y2IQFc\" lang=\"hu\">Sz\u00e1rnyak sz\u00e1ma: egysz\u00e1rny\u00fa <\/span><\/p>\n<p class=\"tw-data-text tw-text-large tw-ta\" dir=\"ltr\" data-placeholder=\"Preklad\" data-ved=\"2ahUKEwja_fn-iKOOAxV2B9sEHdB3DNcQ3ewLegQICRAW\" aria-label=\"Prelo\u017een\u00fd text: Haszn\u00e1lt, feh\u00e9r, egysz\u00e1rny\u00fa, buk\u00f3-ny\u00edl\u00f3, m\u0171anyag ablak, m\u00e9retei: sz\u00e9less\u00e9g 93 cm x magass\u00e1g 145 cm.\n\nSz\u00e1rnyak sz\u00e1ma: egysz\u00e1rny\u00fa\nSz\u00edn: feh\u00e9r\nNyitotts\u00e1g: buk\u00f3-ny\u00edl\u00f3\n\nM\u00e9retek:\nsz\u00e9less\u00e9g 93 cm\nmagass\u00e1g 145 cm\"><span class=\"Y2IQFc\" lang=\"hu\">Sz\u00edn: feh\u00e9r<\/span><\/p>\n<p class=\"tw-data-text tw-text-large tw-ta\" dir=\"ltr\" data-placeholder=\"Preklad\" data-ved=\"2ahUKEwja_fn-iKOOAxV2B9sEHdB3DNcQ3ewLegQICRAW\" aria-label=\"Prelo\u017een\u00fd text: Haszn\u00e1lt, feh\u00e9r, egysz\u00e1rny\u00fa, buk\u00f3-ny\u00edl\u00f3, m\u0171anyag ablak, m\u00e9retei: sz\u00e9less\u00e9g 93 cm x magass\u00e1g 145 cm.\n\nSz\u00e1rnyak sz\u00e1ma: egysz\u00e1rny\u00fa\nSz\u00edn: feh\u00e9r\nNyitotts\u00e1g: buk\u00f3-ny\u00edl\u00f3\n\nM\u00e9retek:\nsz\u00e9less\u00e9g 93 cm\nmagass\u00e1g 145 cm\"><span class=\"Y2IQFc\" lang=\"hu\">Nyitotts\u00e1g: buk\u00f3-ny\u00edl\u00f3 <\/span><\/p>\n<p class=\"tw-data-text tw-text-large tw-ta\" dir=\"ltr\" data-placeholder=\"Preklad\" data-ved=\"2ahUKEwja_fn-iKOOAxV2B9sEHdB3DNcQ3ewLegQICRAW\" aria-label=\"Prelo\u017een\u00fd text: Haszn\u00e1lt, feh\u00e9r, egysz\u00e1rny\u00fa, buk\u00f3-ny\u00edl\u00f3, m\u0171anyag ablak, m\u00e9retei: sz\u00e9less\u00e9g 93 cm x magass\u00e1g 145 cm.\n\nSz\u00e1rnyak sz\u00e1ma: egysz\u00e1rny\u00fa\nSz\u00edn: feh\u00e9r\nNyitotts\u00e1g: buk\u00f3-ny\u00edl\u00f3\n\nM\u00e9retek:\nsz\u00e9less\u00e9g 93 cm\nmagass\u00e1g 145 cm\"><span class=\"Y2IQFc\" lang=\"hu\">M\u00e9retek: sz\u00e9less\u00e9g 93 cm <\/span><\/p>\n<p class=\"tw-data-text tw-text-large tw-ta\" dir=\"ltr\" data-placeholder=\"Preklad\" data-ved=\"2ahUKEwja_fn-iKOOAxV2B9sEHdB3DNcQ3ewLegQICRAW\" aria-label=\"Prelo\u017een\u00fd text: Haszn\u00e1lt, feh\u00e9r, egysz\u00e1rny\u00fa, buk\u00f3-ny\u00edl\u00f3, m\u0171anyag ablak, m\u00e9retei: sz\u00e9less\u00e9g 93 cm x magass\u00e1g 145 cm.\n\nSz\u00e1rnyak sz\u00e1ma: egysz\u00e1rny\u00fa\nSz\u00edn: feh\u00e9r\nNyitotts\u00e1g: buk\u00f3-ny\u00edl\u00f3\n\nM\u00e9retek:\nsz\u00e9less\u00e9g 93 cm\nmagass\u00e1g 145 cm\"><span class=\"Y2IQFc\" lang=\"hu\">\u00a0 \u00a0 \u00a0 \u00a0 \u00a0 \u00a0 \u00a0 \u00a0 magass\u00e1g 145 cm<\/span><\/p>\n","protected":false},"featured_media":3704,"template":"","meta":{"_et_pb_use_builder":"","_et_pb_old_content":"","_et_gb_content_width":""},"product_brand":[],"product_cat":[74,76],"product_tag":[148,112,115,157,147],"class_list":{"0":"post-3727","1":"product","2":"type-product","3":"status-publish","4":"has-post-thumbnail","6":"product_cat-hasznalt-ablakok","7":"product_cat-hasznalt-muanyag-ablak-egy-szarnyu","8":"product_tag-buko-nyilo","9":"product_tag-egyszarnyu","10":"product_tag-feher","11":"product_tag-hasznalt","12":"product_tag-muanyag-ablak","14":"first","15":"instock","16":"shipping-taxable","17":"purchasable","18":"product-type-simple"},"_links":{"self":[{"href":"https:\/\/www.oknadverelacno.sk\/hu\/wp-json\/wp\/v2\/product\/3727","targetHints":{"allow":["GET"]}}],"collection":[{"href":"https:\/\/www.oknadverelacno.sk\/hu\/wp-json\/wp\/v2\/product"}],"about":[{"href":"https:\/\/www.oknadverelacno.sk\/hu\/wp-json\/wp\/v2\/types\/product"}],"wp:featuredmedia":[{"embeddable":true,"href":"https:\/\/www.oknadverelacno.sk\/hu\/wp-json\/wp\/v2\/media\/3704"}],"wp:attachment":[{"href":"https:\/\/www.oknadverelacno.sk\/hu\/wp-json\/wp\/v2\/media?parent=3727"}],"wp:term":[{"taxonomy":"product_brand","embeddable":true,"href":"https:\/\/www.oknadverelacno.sk\/hu\/wp-json\/wp\/v2\/product_brand?post=3727"},{"taxonomy":"product_cat","embeddable":true,"href":"https:\/\/www.oknadverelacno.sk\/hu\/wp-json\/wp\/v2\/product_cat?post=3727"},{"taxonomy":"product_tag","embeddable":true,"href":"https:\/\/www.oknadverelacno.sk\/hu\/wp-json\/wp\/v2\/product_tag?post=3727"}],"curies":[{"name":"wp","href":"https:\/\/api.w.org\/{rel}","templated":true}]}}