{"id":3725,"date":"2025-07-04T10:18:02","date_gmt":"2025-07-04T10:18:02","guid":{"rendered":"https:\/\/www.oknadverelacno.sk\/katalog\/muanyag-ablak-90-cm-x-130-cm-balos"},"modified":"2025-07-04T10:18:02","modified_gmt":"2025-07-04T10:18:02","slug":"muanyag-ablak-90-cm-x-130-cm-balos","status":"publish","type":"product","link":"https:\/\/www.oknadverelacno.sk\/hu\/katalog\/muanyag-ablak-90-cm-x-130-cm-balos","title":{"rendered":"M\u0171anyag ablak 90 cm x 130 cm \/ balos"},"content":{"rendered":"<ul>\n<li>M\u00e9retek sz\u00e9less\u00e9g\/magass\u00e1g<\/li>\n<li>M\u00e9retek cm-ben<\/li>\n<li>Az \u00e1rak tartalmazz\u00e1k az \u00c1FA-t.<\/li>\n<li>Re\u00e1lis term\u00e9kfot\u00f3k<\/li>\n<\/ul>\n","protected":false},"excerpt":{"rendered":"<p id=\"tw-target-text\" class=\"tw-data-text tw-text-large tw-ta\" dir=\"ltr\" data-placeholder=\"Preklad\" data-ved=\"2ahUKEwja_fn-iKOOAxV2B9sEHdB3DNcQ3ewLegQICRAW\" aria-label=\"Prelo\u017een\u00fd text: \u00daj, feh\u00e9r, egysz\u00e1rny\u00fa m\u0171anyag ablak, bal oldali, ny\u00edl\u00f3 - buk\u00f3, m\u00e9retekkel sz\u00e9less\u00e9g x magass\u00e1g 90 cm. A term\u00e9k \u00e1ra tartalmazza az ablakkilincset \u00e9s a sapk\u00e1kat.\n\n\nSz\u00e1rnyak sz\u00e1ma: egysz\u00e1rny\u00fa\n1 sz\u00e1rny Nyit\u00e1s\/Buk\u00f3z\u00e1s: ny\u00edl\u00f3\/buk\u00f3\n\u00dcvegez\u00e9s: \u00e1tl\u00e1tsz\u00f3 dupla \u00fcveg\nSz\u00edn: feh\u00e9r\n\nM\u00e9retek:\nsz\u00e9less\u00e9g 90 cm\nmagass\u00e1g 130 cm\"><span class=\"Y2IQFc\" lang=\"hu\">\u00daj, feh\u00e9r, egysz\u00e1rny\u00fa m\u0171anyag ablak, bal oldali, ny\u00edl\u00f3 &#8211; buk\u00f3,90 cm sz\u00e9less\u00e9g x 130 cm magass\u00e1g. A term\u00e9k \u00e1ra tartalmazza az ablakkilincset \u00e9s a sapk\u00e1kat.<\/span><\/p>\n<p class=\"tw-data-text tw-text-large tw-ta\" dir=\"ltr\" data-placeholder=\"Preklad\" data-ved=\"2ahUKEwja_fn-iKOOAxV2B9sEHdB3DNcQ3ewLegQICRAW\" aria-label=\"Prelo\u017een\u00fd text: \u00daj, feh\u00e9r, egysz\u00e1rny\u00fa m\u0171anyag ablak, bal oldali, ny\u00edl\u00f3 - buk\u00f3, m\u00e9retekkel sz\u00e9less\u00e9g x magass\u00e1g 90 cm. A term\u00e9k \u00e1ra tartalmazza az ablakkilincset \u00e9s a sapk\u00e1kat.\n\n\nSz\u00e1rnyak sz\u00e1ma: egysz\u00e1rny\u00fa\n1 sz\u00e1rny Nyit\u00e1s\/Buk\u00f3z\u00e1s: ny\u00edl\u00f3\/buk\u00f3\n\u00dcvegez\u00e9s: \u00e1tl\u00e1tsz\u00f3 dupla \u00fcveg\nSz\u00edn: feh\u00e9r\n\nM\u00e9retek:\nsz\u00e9less\u00e9g 90 cm\nmagass\u00e1g 130 cm\"><span class=\"Y2IQFc\" lang=\"hu\">Sz\u00e1rnyak sz\u00e1ma: egysz\u00e1rny\u00fa <\/span><\/p>\n<p class=\"tw-data-text tw-text-large tw-ta\" dir=\"ltr\" data-placeholder=\"Preklad\" data-ved=\"2ahUKEwja_fn-iKOOAxV2B9sEHdB3DNcQ3ewLegQICRAW\" aria-label=\"Prelo\u017een\u00fd text: \u00daj, feh\u00e9r, egysz\u00e1rny\u00fa m\u0171anyag ablak, bal oldali, ny\u00edl\u00f3 - buk\u00f3, m\u00e9retekkel sz\u00e9less\u00e9g x magass\u00e1g 90 cm. A term\u00e9k \u00e1ra tartalmazza az ablakkilincset \u00e9s a sapk\u00e1kat.\n\n\nSz\u00e1rnyak sz\u00e1ma: egysz\u00e1rny\u00fa\n1 sz\u00e1rny Nyit\u00e1s\/Buk\u00f3z\u00e1s: ny\u00edl\u00f3\/buk\u00f3\n\u00dcvegez\u00e9s: \u00e1tl\u00e1tsz\u00f3 dupla \u00fcveg\nSz\u00edn: feh\u00e9r\n\nM\u00e9retek:\nsz\u00e9less\u00e9g 90 cm\nmagass\u00e1g 130 cm\"><span class=\"Y2IQFc\" lang=\"hu\">1 sz\u00e1rny Nyit\u00e1s\/Buk\u00f3z\u00e1s: ny\u00edl\u00f3\/buk\u00f3<\/span><\/p>\n<p class=\"tw-data-text tw-text-large tw-ta\" dir=\"ltr\" data-placeholder=\"Preklad\" data-ved=\"2ahUKEwja_fn-iKOOAxV2B9sEHdB3DNcQ3ewLegQICRAW\" aria-label=\"Prelo\u017een\u00fd text: \u00daj, feh\u00e9r, egysz\u00e1rny\u00fa m\u0171anyag ablak, bal oldali, ny\u00edl\u00f3 - buk\u00f3, m\u00e9retekkel sz\u00e9less\u00e9g x magass\u00e1g 90 cm. A term\u00e9k \u00e1ra tartalmazza az ablakkilincset \u00e9s a sapk\u00e1kat.\n\n\nSz\u00e1rnyak sz\u00e1ma: egysz\u00e1rny\u00fa\n1 sz\u00e1rny Nyit\u00e1s\/Buk\u00f3z\u00e1s: ny\u00edl\u00f3\/buk\u00f3\n\u00dcvegez\u00e9s: \u00e1tl\u00e1tsz\u00f3 dupla \u00fcveg\nSz\u00edn: feh\u00e9r\n\nM\u00e9retek:\nsz\u00e9less\u00e9g 90 cm\nmagass\u00e1g 130 cm\"><span class=\"Y2IQFc\" lang=\"hu\">\u00dcvegez\u00e9s: \u00e1tl\u00e1tsz\u00f3 dupla \u00fcveg <\/span><\/p>\n<p class=\"tw-data-text tw-text-large tw-ta\" dir=\"ltr\" data-placeholder=\"Preklad\" data-ved=\"2ahUKEwja_fn-iKOOAxV2B9sEHdB3DNcQ3ewLegQICRAW\" aria-label=\"Prelo\u017een\u00fd text: \u00daj, feh\u00e9r, egysz\u00e1rny\u00fa m\u0171anyag ablak, bal oldali, ny\u00edl\u00f3 - buk\u00f3, m\u00e9retekkel sz\u00e9less\u00e9g x magass\u00e1g 90 cm. A term\u00e9k \u00e1ra tartalmazza az ablakkilincset \u00e9s a sapk\u00e1kat.\n\n\nSz\u00e1rnyak sz\u00e1ma: egysz\u00e1rny\u00fa\n1 sz\u00e1rny Nyit\u00e1s\/Buk\u00f3z\u00e1s: ny\u00edl\u00f3\/buk\u00f3\n\u00dcvegez\u00e9s: \u00e1tl\u00e1tsz\u00f3 dupla \u00fcveg\nSz\u00edn: feh\u00e9r\n\nM\u00e9retek:\nsz\u00e9less\u00e9g 90 cm\nmagass\u00e1g 130 cm\"><span class=\"Y2IQFc\" lang=\"hu\">Sz\u00edn: feh\u00e9r<\/span><\/p>\n<p class=\"tw-data-text tw-text-large tw-ta\" dir=\"ltr\" data-placeholder=\"Preklad\" data-ved=\"2ahUKEwja_fn-iKOOAxV2B9sEHdB3DNcQ3ewLegQICRAW\" aria-label=\"Prelo\u017een\u00fd text: \u00daj, feh\u00e9r, egysz\u00e1rny\u00fa m\u0171anyag ablak, bal oldali, ny\u00edl\u00f3 - buk\u00f3, m\u00e9retekkel sz\u00e9less\u00e9g x magass\u00e1g 90 cm. A term\u00e9k \u00e1ra tartalmazza az ablakkilincset \u00e9s a sapk\u00e1kat.\n\n\nSz\u00e1rnyak sz\u00e1ma: egysz\u00e1rny\u00fa\n1 sz\u00e1rny Nyit\u00e1s\/Buk\u00f3z\u00e1s: ny\u00edl\u00f3\/buk\u00f3\n\u00dcvegez\u00e9s: \u00e1tl\u00e1tsz\u00f3 dupla \u00fcveg\nSz\u00edn: feh\u00e9r\n\nM\u00e9retek:\nsz\u00e9less\u00e9g 90 cm\nmagass\u00e1g 130 cm\"><span class=\"Y2IQFc\" lang=\"hu\">M\u00e9retek: sz\u00e9less\u00e9g 90 cm <\/span><\/p>\n<p class=\"tw-data-text tw-text-large tw-ta\" dir=\"ltr\" data-placeholder=\"Preklad\" data-ved=\"2ahUKEwja_fn-iKOOAxV2B9sEHdB3DNcQ3ewLegQICRAW\" aria-label=\"Prelo\u017een\u00fd text: \u00daj, feh\u00e9r, egysz\u00e1rny\u00fa m\u0171anyag ablak, bal oldali, ny\u00edl\u00f3 - buk\u00f3, m\u00e9retekkel sz\u00e9less\u00e9g x magass\u00e1g 90 cm. A term\u00e9k \u00e1ra tartalmazza az ablakkilincset \u00e9s a sapk\u00e1kat.\n\n\nSz\u00e1rnyak sz\u00e1ma: egysz\u00e1rny\u00fa\n1 sz\u00e1rny Nyit\u00e1s\/Buk\u00f3z\u00e1s: ny\u00edl\u00f3\/buk\u00f3\n\u00dcvegez\u00e9s: \u00e1tl\u00e1tsz\u00f3 dupla \u00fcveg\nSz\u00edn: feh\u00e9r\n\nM\u00e9retek:\nsz\u00e9less\u00e9g 90 cm\nmagass\u00e1g 130 cm\"><span class=\"Y2IQFc\" lang=\"hu\">\u00a0 \u00a0 \u00a0 \u00a0 \u00a0 \u00a0 \u00a0 \u00a0magass\u00e1g 130 cm<\/span><\/p>\n","protected":false},"featured_media":3693,"template":"","meta":{"_et_pb_use_builder":"","_et_pb_old_content":"","_et_gb_content_width":""},"product_brand":[],"product_cat":[63,65],"product_tag":[149,120,148,112,115,113,146],"class_list":{"0":"post-3725","1":"product","2":"type-product","3":"status-publish","4":"has-post-thumbnail","6":"product_cat-uj-ablakok","7":"product_cat-uj-muanyag-ablak-egy-szarnyu","8":"product_tag-ablak","9":"product_tag-balos","10":"product_tag-buko-nyilo","11":"product_tag-egyszarnyu","12":"product_tag-feher","13":"product_tag-muanyag","14":"product_tag-uj","16":"first","17":"instock","18":"shipping-taxable","19":"purchasable","20":"product-type-simple"},"_links":{"self":[{"href":"https:\/\/www.oknadverelacno.sk\/hu\/wp-json\/wp\/v2\/product\/3725","targetHints":{"allow":["GET"]}}],"collection":[{"href":"https:\/\/www.oknadverelacno.sk\/hu\/wp-json\/wp\/v2\/product"}],"about":[{"href":"https:\/\/www.oknadverelacno.sk\/hu\/wp-json\/wp\/v2\/types\/product"}],"wp:featuredmedia":[{"embeddable":true,"href":"https:\/\/www.oknadverelacno.sk\/hu\/wp-json\/wp\/v2\/media\/3693"}],"wp:attachment":[{"href":"https:\/\/www.oknadverelacno.sk\/hu\/wp-json\/wp\/v2\/media?parent=3725"}],"wp:term":[{"taxonomy":"product_brand","embeddable":true,"href":"https:\/\/www.oknadverelacno.sk\/hu\/wp-json\/wp\/v2\/product_brand?post=3725"},{"taxonomy":"product_cat","embeddable":true,"href":"https:\/\/www.oknadverelacno.sk\/hu\/wp-json\/wp\/v2\/product_cat?post=3725"},{"taxonomy":"product_tag","embeddable":true,"href":"https:\/\/www.oknadverelacno.sk\/hu\/wp-json\/wp\/v2\/product_tag?post=3725"}],"curies":[{"name":"wp","href":"https:\/\/api.w.org\/{rel}","templated":true}]}}