{"id":3724,"date":"2025-07-04T10:12:28","date_gmt":"2025-07-04T10:12:28","guid":{"rendered":"https:\/\/www.oknadverelacno.sk\/katalog\/muanyag-ablak-90-cm-x-130-cm-jobbos"},"modified":"2025-07-04T10:12:28","modified_gmt":"2025-07-04T10:12:28","slug":"muanyag-ablak-90-cm-x-130-cm-jobbos","status":"publish","type":"product","link":"https:\/\/www.oknadverelacno.sk\/hu\/katalog\/muanyag-ablak-90-cm-x-130-cm-jobbos","title":{"rendered":"M\u0171anyag ablak 90 cm x 130 cm \/ jobbos"},"content":{"rendered":"<ul>\n<li>M\u00e9retek sz\u00e9less\u00e9g\/magass\u00e1g<\/li>\n<li>M\u00e9retek cm-ben<\/li>\n<li>Az \u00e1rak tartalmazz\u00e1k az \u00c1FA-t.<\/li>\n<li>Re\u00e1lis term\u00e9kfot\u00f3k<\/li>\n<\/ul>\n","protected":false},"excerpt":{"rendered":"<div id=\"tw-container\" class=\"nev7se\" data-cp=\"1\" data-nnttsvi=\"1\" data-ntl-fpwrite=\"true\" data-ntl-tooltip=\"true\" data-sletp=\"false\" data-sm=\"1\" data-ssbp=\"true\" data-sugg-time=\"500\" data-sugg-url=\"https:\/\/clients1.google.com\/complete\/search\" data-uilc=\"sk\" data-vil=\",af,af-ZA,am,am-ET,ar-EG,ar-AE,ar-KW,ar-QA,ar,ar-IL,ar-JO,ar-LB,ar-PS,az,az-AZ,bg,bg-BG,bn,bn-BD,bn-IN,ca,ca-es,cs,cs-CZ,de,de-DE,de-CH,de-AT,de-LI,en,en-US,en-CA,en-AU,en-NZ,en-GB,en-IN,en-KE,en-TZ,en-NG,en-GH,en-PH,en-ZA,es,es-ES,es-AR,es-UY,es-419,es-BO,es-CL,es-CR,es-CO,es-DO,es-EC,es-GT,es-HN,es-NI,es-PA,es-PE,es-PR,es-PY,es-SV,es-VE,es-MX,es-US,eu,eu-ES,fi,fi-FI,fr,fr-FR,fr-CH,fr-BE,gl,gl-ES,gu,gu-IN,he,he-IL,iw,iw-IL,hu,hu-HU,hy,hy-AM,id,id-ID,is,is-IS,it,it-IT,it-CH,ja,ja-JP,jv,jv-ID,ka,ka-GE,km,km-KH,kn,kn-IN,ko,ko-KR,la,lo,lo-LA,lv,lv-LV,ml,ml-IN,mr,mr-IN,ms,ms-MY,nl,nl-NL,nb,nb-NO,ne,ne-NP,pl,pl-PL,pt,pt-BR,pt-PT,ro,ro-RO,ru,ru-RU,si-LK,sk,sk-SK,sr,sr-RS,su,su-ID,sv,sv-SE,sw,sw-TZ,sw-KE,ta,ta-IN,ta-SG,ta-LK,ta-MY,te,te-IN,tr,tr-TR,ur,ur-PK,ur-IN,yue,yue-HK,yue-Hant-HK,zh-HK,zh,zh-CN,zh-cmn,zh-cmn-CN,zh-Hans,zh-Hans-CN,zh-cmn-Hans,zh-cmn-Hans-CN,cmn-CN,cmn-Hans,cmn-Hans-CN,zh-TW,zh-Hant-TW,cmn-TW,cmn-Hant-TW,zh-cmn-TW,zh-cmn-Hant-TW,zu,zu-ZA,hi,hi-IN,tl,tl-PH,pa,pa-IN\">\n<div>\n<div>\n<div id=\"tw-ob\" class=\"tw-src-ltr\">\n<div class=\"oSioSc\">\n<div id=\"tw-target\">\n<div id=\"kAz1tf\" class=\"g9WsWb PZPZlf\" data-attrid=\"tw-targetArea\" data-entityname=\"Google Translate\">\n<div id=\"tw-target-text-container\" class=\"tw-ta-container tw-nfl\" tabindex=\"0\" role=\"text\">\n<p id=\"tw-target-text\" class=\"tw-data-text tw-text-large tw-ta\" dir=\"ltr\" data-placeholder=\"Preklad\" data-ved=\"2ahUKEwja_fn-iKOOAxV2B9sEHdB3DNcQ3ewLegQICRAW\" aria-label=\"Prelo\u017een\u00fd text: \u00daj, feh\u00e9r, egysz\u00e1rny\u00fa m\u0171anyag ablak, jobbos, ny\u00edl\u00f3 - buk\u00f3, m\u00e9retekkel sz\u00e9less\u00e9g x magass\u00e1g 90 cm. A term\u00e9k \u00e1ra tartalmazza az ablakkilincset \u00e9s a sapk\u00e1kat.\n\n\nSz\u00e1rnyak sz\u00e1ma: egysz\u00e1rny\u00fa\n1 sz\u00e1rny Nyit\u00e1s\/Buk\u00f3z\u00e1s: ny\u00edl\u00f3\/buk\u00f3\n\u00dcvegez\u00e9s: \u00e1tl\u00e1tsz\u00f3 dupla \u00fcveg\nSz\u00edn: feh\u00e9r\n\nM\u00e9retek:\nsz\u00e9less\u00e9g 90 cm\nmagass\u00e1g 130 cm\"><span class=\"Y2IQFc\" lang=\"hu\">\u00daj, feh\u00e9r, egysz\u00e1rny\u00fa m\u0171anyag ablak, jobbos, ny\u00edl\u00f3 &#8211; buk\u00f3, 90 cm sz\u00e9less\u00e9g x 130 cm magass\u00e1g. A term\u00e9k \u00e1ra tartalmazza az ablakkilincset \u00e9s a sapk\u00e1kat.<\/span><\/p>\n<p class=\"tw-data-text tw-text-large tw-ta\" dir=\"ltr\" data-placeholder=\"Preklad\" data-ved=\"2ahUKEwja_fn-iKOOAxV2B9sEHdB3DNcQ3ewLegQICRAW\" aria-label=\"Prelo\u017een\u00fd text: \u00daj, feh\u00e9r, egysz\u00e1rny\u00fa m\u0171anyag ablak, jobbos, ny\u00edl\u00f3 - buk\u00f3, m\u00e9retekkel sz\u00e9less\u00e9g x magass\u00e1g 90 cm. A term\u00e9k \u00e1ra tartalmazza az ablakkilincset \u00e9s a sapk\u00e1kat.\n\n\nSz\u00e1rnyak sz\u00e1ma: egysz\u00e1rny\u00fa\n1 sz\u00e1rny Nyit\u00e1s\/Buk\u00f3z\u00e1s: ny\u00edl\u00f3\/buk\u00f3\n\u00dcvegez\u00e9s: \u00e1tl\u00e1tsz\u00f3 dupla \u00fcveg\nSz\u00edn: feh\u00e9r\n\nM\u00e9retek:\nsz\u00e9less\u00e9g 90 cm\nmagass\u00e1g 130 cm\"><span class=\"Y2IQFc\" lang=\"hu\">Sz\u00e1rnyak sz\u00e1ma: egysz\u00e1rny\u00fa <\/span><\/p>\n<p class=\"tw-data-text tw-text-large tw-ta\" dir=\"ltr\" data-placeholder=\"Preklad\" data-ved=\"2ahUKEwja_fn-iKOOAxV2B9sEHdB3DNcQ3ewLegQICRAW\" aria-label=\"Prelo\u017een\u00fd text: \u00daj, feh\u00e9r, egysz\u00e1rny\u00fa m\u0171anyag ablak, jobbos, ny\u00edl\u00f3 - buk\u00f3, m\u00e9retekkel sz\u00e9less\u00e9g x magass\u00e1g 90 cm. A term\u00e9k \u00e1ra tartalmazza az ablakkilincset \u00e9s a sapk\u00e1kat.\n\n\nSz\u00e1rnyak sz\u00e1ma: egysz\u00e1rny\u00fa\n1 sz\u00e1rny Nyit\u00e1s\/Buk\u00f3z\u00e1s: ny\u00edl\u00f3\/buk\u00f3\n\u00dcvegez\u00e9s: \u00e1tl\u00e1tsz\u00f3 dupla \u00fcveg\nSz\u00edn: feh\u00e9r\n\nM\u00e9retek:\nsz\u00e9less\u00e9g 90 cm\nmagass\u00e1g 130 cm\"><span class=\"Y2IQFc\" lang=\"hu\">1 sz\u00e1rny Nyit\u00e1s\/Buk\u00f3z\u00e1s: ny\u00edl\u00f3\/buk\u00f3 <\/span><\/p>\n<p class=\"tw-data-text tw-text-large tw-ta\" dir=\"ltr\" data-placeholder=\"Preklad\" data-ved=\"2ahUKEwja_fn-iKOOAxV2B9sEHdB3DNcQ3ewLegQICRAW\" aria-label=\"Prelo\u017een\u00fd text: \u00daj, feh\u00e9r, egysz\u00e1rny\u00fa m\u0171anyag ablak, jobbos, ny\u00edl\u00f3 - buk\u00f3, m\u00e9retekkel sz\u00e9less\u00e9g x magass\u00e1g 90 cm. A term\u00e9k \u00e1ra tartalmazza az ablakkilincset \u00e9s a sapk\u00e1kat.\n\n\nSz\u00e1rnyak sz\u00e1ma: egysz\u00e1rny\u00fa\n1 sz\u00e1rny Nyit\u00e1s\/Buk\u00f3z\u00e1s: ny\u00edl\u00f3\/buk\u00f3\n\u00dcvegez\u00e9s: \u00e1tl\u00e1tsz\u00f3 dupla \u00fcveg\nSz\u00edn: feh\u00e9r\n\nM\u00e9retek:\nsz\u00e9less\u00e9g 90 cm\nmagass\u00e1g 130 cm\"><span class=\"Y2IQFc\" lang=\"hu\">\u00dcvegez\u00e9s: \u00e1tl\u00e1tsz\u00f3 dupla \u00fcveg <\/span><\/p>\n<p class=\"tw-data-text tw-text-large tw-ta\" dir=\"ltr\" data-placeholder=\"Preklad\" data-ved=\"2ahUKEwja_fn-iKOOAxV2B9sEHdB3DNcQ3ewLegQICRAW\" aria-label=\"Prelo\u017een\u00fd text: \u00daj, feh\u00e9r, egysz\u00e1rny\u00fa m\u0171anyag ablak, jobbos, ny\u00edl\u00f3 - buk\u00f3, m\u00e9retekkel sz\u00e9less\u00e9g x magass\u00e1g 90 cm. A term\u00e9k \u00e1ra tartalmazza az ablakkilincset \u00e9s a sapk\u00e1kat.\n\n\nSz\u00e1rnyak sz\u00e1ma: egysz\u00e1rny\u00fa\n1 sz\u00e1rny Nyit\u00e1s\/Buk\u00f3z\u00e1s: ny\u00edl\u00f3\/buk\u00f3\n\u00dcvegez\u00e9s: \u00e1tl\u00e1tsz\u00f3 dupla \u00fcveg\nSz\u00edn: feh\u00e9r\n\nM\u00e9retek:\nsz\u00e9less\u00e9g 90 cm\nmagass\u00e1g 130 cm\"><span class=\"Y2IQFc\" lang=\"hu\">Sz\u00edn: feh\u00e9r<\/span><\/p>\n<p class=\"tw-data-text tw-text-large tw-ta\" dir=\"ltr\" data-placeholder=\"Preklad\" data-ved=\"2ahUKEwja_fn-iKOOAxV2B9sEHdB3DNcQ3ewLegQICRAW\" aria-label=\"Prelo\u017een\u00fd text: \u00daj, feh\u00e9r, egysz\u00e1rny\u00fa m\u0171anyag ablak, jobbos, ny\u00edl\u00f3 - buk\u00f3, m\u00e9retekkel sz\u00e9less\u00e9g x magass\u00e1g 90 cm. A term\u00e9k \u00e1ra tartalmazza az ablakkilincset \u00e9s a sapk\u00e1kat.\n\n\nSz\u00e1rnyak sz\u00e1ma: egysz\u00e1rny\u00fa\n1 sz\u00e1rny Nyit\u00e1s\/Buk\u00f3z\u00e1s: ny\u00edl\u00f3\/buk\u00f3\n\u00dcvegez\u00e9s: \u00e1tl\u00e1tsz\u00f3 dupla \u00fcveg\nSz\u00edn: feh\u00e9r\n\nM\u00e9retek:\nsz\u00e9less\u00e9g 90 cm\nmagass\u00e1g 130 cm\"><span class=\"Y2IQFc\" lang=\"hu\">M\u00e9retek: sz\u00e9less\u00e9g 90 cm <\/span><\/p>\n<p class=\"tw-data-text tw-text-large tw-ta\" dir=\"ltr\" data-placeholder=\"Preklad\" data-ved=\"2ahUKEwja_fn-iKOOAxV2B9sEHdB3DNcQ3ewLegQICRAW\" aria-label=\"Prelo\u017een\u00fd text: \u00daj, feh\u00e9r, egysz\u00e1rny\u00fa m\u0171anyag ablak, jobbos, ny\u00edl\u00f3 - buk\u00f3, m\u00e9retekkel sz\u00e9less\u00e9g x magass\u00e1g 90 cm. A term\u00e9k \u00e1ra tartalmazza az ablakkilincset \u00e9s a sapk\u00e1kat.\n\n\nSz\u00e1rnyak sz\u00e1ma: egysz\u00e1rny\u00fa\n1 sz\u00e1rny Nyit\u00e1s\/Buk\u00f3z\u00e1s: ny\u00edl\u00f3\/buk\u00f3\n\u00dcvegez\u00e9s: \u00e1tl\u00e1tsz\u00f3 dupla \u00fcveg\nSz\u00edn: feh\u00e9r\n\nM\u00e9retek:\nsz\u00e9less\u00e9g 90 cm\nmagass\u00e1g 130 cm\"><span class=\"Y2IQFc\" lang=\"hu\">\u00a0 \u00a0 \u00a0 \u00a0 \u00a0 \u00a0 \u00a0 \u00a0magass\u00e1g 130 cm<\/span><\/p>\n<\/div>\n<pre id=\"tw-target-rmn\" class=\"tw-data-placeholder tw-text-small tw-ta\" dir=\"ltr\" data-placeholder=\"\">\u00a0<\/pre>\n<div id=\"tw-tmenu\" class=\"tw-menu\">\u00a0<\/div>\n<\/div>\n<\/div>\n<\/div>\n<\/div>\n<p id=\"tw-images\">\u00a0<\/p>\n<p class=\"dURPtb\">\u00a0<\/p>\n<div>\n<p>&nbsp;<\/p>\n<\/div>\n<\/div>\n<\/div>\n<\/div>\n<div class=\"KFFQ0c xKf9F\">\u00a0<\/div>\n","protected":false},"featured_media":3690,"template":"","meta":{"_et_pb_use_builder":"","_et_pb_old_content":"","_et_gb_content_width":""},"product_brand":[],"product_cat":[63,65],"product_tag":[149,148,112,115,113,146],"class_list":{"0":"post-3724","1":"product","2":"type-product","3":"status-publish","4":"has-post-thumbnail","6":"product_cat-uj-ablakok","7":"product_cat-uj-muanyag-ablak-egy-szarnyu","8":"product_tag-ablak","9":"product_tag-buko-nyilo","10":"product_tag-egyszarnyu","11":"product_tag-feher","12":"product_tag-muanyag","13":"product_tag-uj","15":"first","16":"instock","17":"shipping-taxable","18":"purchasable","19":"product-type-simple"},"_links":{"self":[{"href":"https:\/\/www.oknadverelacno.sk\/hu\/wp-json\/wp\/v2\/product\/3724","targetHints":{"allow":["GET"]}}],"collection":[{"href":"https:\/\/www.oknadverelacno.sk\/hu\/wp-json\/wp\/v2\/product"}],"about":[{"href":"https:\/\/www.oknadverelacno.sk\/hu\/wp-json\/wp\/v2\/types\/product"}],"wp:featuredmedia":[{"embeddable":true,"href":"https:\/\/www.oknadverelacno.sk\/hu\/wp-json\/wp\/v2\/media\/3690"}],"wp:attachment":[{"href":"https:\/\/www.oknadverelacno.sk\/hu\/wp-json\/wp\/v2\/media?parent=3724"}],"wp:term":[{"taxonomy":"product_brand","embeddable":true,"href":"https:\/\/www.oknadverelacno.sk\/hu\/wp-json\/wp\/v2\/product_brand?post=3724"},{"taxonomy":"product_cat","embeddable":true,"href":"https:\/\/www.oknadverelacno.sk\/hu\/wp-json\/wp\/v2\/product_cat?post=3724"},{"taxonomy":"product_tag","embeddable":true,"href":"https:\/\/www.oknadverelacno.sk\/hu\/wp-json\/wp\/v2\/product_tag?post=3724"}],"curies":[{"name":"wp","href":"https:\/\/api.w.org\/{rel}","templated":true}]}}