{"id":3721,"date":"2025-07-04T09:49:08","date_gmt":"2025-07-04T09:49:08","guid":{"rendered":"https:\/\/www.oknadverelacno.sk\/katalog\/muanyag-bejarati-ajto-ds01-dio-jobbos-95-cm-x-200-cm"},"modified":"2025-07-04T09:49:08","modified_gmt":"2025-07-04T09:49:08","slug":"muanyag-bejarati-ajto-ds01-dio-jobbos-95-cm-x-200-cm","status":"publish","type":"product","link":"https:\/\/www.oknadverelacno.sk\/hu\/katalog\/muanyag-bejarati-ajto-ds01-dio-jobbos-95-cm-x-200-cm","title":{"rendered":"M\u0171anyag bej\u00e1rati ajt\u00f3 DS01 di\u00f3\/jobbos\/95 cm x 200 cm"},"content":{"rendered":"<ul>\n<li>M\u00e9retek sz\u00e9less\u00e9g\/magass\u00e1g<\/li>\n<li>M\u00e9retek cm-ben<\/li>\n<li>Az \u00e1rak tartalmazz\u00e1k az \u00c1FA<\/li>\n<\/ul>\n","protected":false},"excerpt":{"rendered":"<p id=\"tw-target-text\" class=\"tw-data-text tw-text-large tw-ta\" dir=\"ltr\" data-placeholder=\"Preklad\" data-ved=\"2ahUKEwja_fn-iKOOAxV2B9sEHdB3DNcQ3ewLegQICRAW\" aria-label=\"Prelo\u017een\u00fd text: \u00daj, egysz\u00e1rny\u00fa, m\u0171anyag bej\u00e1rati ajt\u00f3, jobbos, di\u00f3 sz\u00edn\u0171, 95 cm sz\u00e9les \u00e9s 200 cm magas m\u00e9retekkel, alum\u00ednium k\u00fcsz\u00f6bbel, 5 pontos z\u00e1rral \u00e9s 3 db 3D ajt\u00f3p\u00e1nttal. A term\u00e9k \u00e1ra tartalmazza a kilincset, a z\u00e1rat 5 db kulccsal. Az ablakok tej\u00fcveges h\u0151szigetel\u0151 dupla \u00fcvegez\u00e9ssel vannak \u00fcvegezve.\n\n\nAjt\u00f3lapok sz\u00e1ma: egysz\u00e1rny\u00fa\nSz\u00edn: di\u00f3\n\u00dcvegez\u00e9s: tej\u00fcveges dupla \u00fcvegez\u00e9s\nProfil: WDS 70 profil\nVasalatok: AXOR INDUSTRY\n\n\nM\u00e9retek:\nsz\u00e9less\u00e9g 95 cm\nmagass\u00e1g 200 cm\"><span class=\"Y2IQFc\" lang=\"hu\">\u00daj, egysz\u00e1rny\u00fa, m\u0171anyag bej\u00e1rati ajt\u00f3, jobbos, di\u00f3 sz\u00edn\u0171, 95 cm sz\u00e9les \u00e9s 200 cm magas m\u00e9retekkel, alum\u00ednium k\u00fcsz\u00f6bbel, 5 pontos z\u00e1rral \u00e9s 3 db 3D ajt\u00f3p\u00e1nttal. A term\u00e9k \u00e1ra tartalmazza a kilincset, a z\u00e1rat 5 db kulccsal. Az ablakok tej\u00fcveges h\u0151szigetel\u0151 dupla \u00fcvegez\u00e9ssel vannak \u00fcvegezve.<\/span><\/p>\n<p class=\"tw-data-text tw-text-large tw-ta\" dir=\"ltr\" data-placeholder=\"Preklad\" data-ved=\"2ahUKEwja_fn-iKOOAxV2B9sEHdB3DNcQ3ewLegQICRAW\" aria-label=\"Prelo\u017een\u00fd text: \u00daj, egysz\u00e1rny\u00fa, m\u0171anyag bej\u00e1rati ajt\u00f3, jobbos, di\u00f3 sz\u00edn\u0171, 95 cm sz\u00e9les \u00e9s 200 cm magas m\u00e9retekkel, alum\u00ednium k\u00fcsz\u00f6bbel, 5 pontos z\u00e1rral \u00e9s 3 db 3D ajt\u00f3p\u00e1nttal. A term\u00e9k \u00e1ra tartalmazza a kilincset, a z\u00e1rat 5 db kulccsal. Az ablakok tej\u00fcveges h\u0151szigetel\u0151 dupla \u00fcvegez\u00e9ssel vannak \u00fcvegezve.\n\n\nAjt\u00f3lapok sz\u00e1ma: egysz\u00e1rny\u00fa\nSz\u00edn: di\u00f3\n\u00dcvegez\u00e9s: tej\u00fcveges dupla \u00fcvegez\u00e9s\nProfil: WDS 70 profil\nVasalatok: AXOR INDUSTRY\n\n\nM\u00e9retek:\nsz\u00e9less\u00e9g 95 cm\nmagass\u00e1g 200 cm\"><span class=\"Y2IQFc\" lang=\"hu\">Ajt\u00f3lapok sz\u00e1ma: egysz\u00e1rny\u00fa <\/span><\/p>\n<p class=\"tw-data-text tw-text-large tw-ta\" dir=\"ltr\" data-placeholder=\"Preklad\" data-ved=\"2ahUKEwja_fn-iKOOAxV2B9sEHdB3DNcQ3ewLegQICRAW\" aria-label=\"Prelo\u017een\u00fd text: \u00daj, egysz\u00e1rny\u00fa, m\u0171anyag bej\u00e1rati ajt\u00f3, jobbos, di\u00f3 sz\u00edn\u0171, 95 cm sz\u00e9les \u00e9s 200 cm magas m\u00e9retekkel, alum\u00ednium k\u00fcsz\u00f6bbel, 5 pontos z\u00e1rral \u00e9s 3 db 3D ajt\u00f3p\u00e1nttal. A term\u00e9k \u00e1ra tartalmazza a kilincset, a z\u00e1rat 5 db kulccsal. Az ablakok tej\u00fcveges h\u0151szigetel\u0151 dupla \u00fcvegez\u00e9ssel vannak \u00fcvegezve.\n\n\nAjt\u00f3lapok sz\u00e1ma: egysz\u00e1rny\u00fa\nSz\u00edn: di\u00f3\n\u00dcvegez\u00e9s: tej\u00fcveges dupla \u00fcvegez\u00e9s\nProfil: WDS 70 profil\nVasalatok: AXOR INDUSTRY\n\n\nM\u00e9retek:\nsz\u00e9less\u00e9g 95 cm\nmagass\u00e1g 200 cm\"><span class=\"Y2IQFc\" lang=\"hu\">Sz\u00edn: di\u00f3<\/span><\/p>\n<p class=\"tw-data-text tw-text-large tw-ta\" dir=\"ltr\" data-placeholder=\"Preklad\" data-ved=\"2ahUKEwja_fn-iKOOAxV2B9sEHdB3DNcQ3ewLegQICRAW\" aria-label=\"Prelo\u017een\u00fd text: \u00daj, egysz\u00e1rny\u00fa, m\u0171anyag bej\u00e1rati ajt\u00f3, jobbos, di\u00f3 sz\u00edn\u0171, 95 cm sz\u00e9les \u00e9s 200 cm magas m\u00e9retekkel, alum\u00ednium k\u00fcsz\u00f6bbel, 5 pontos z\u00e1rral \u00e9s 3 db 3D ajt\u00f3p\u00e1nttal. A term\u00e9k \u00e1ra tartalmazza a kilincset, a z\u00e1rat 5 db kulccsal. Az ablakok tej\u00fcveges h\u0151szigetel\u0151 dupla \u00fcvegez\u00e9ssel vannak \u00fcvegezve.\n\n\nAjt\u00f3lapok sz\u00e1ma: egysz\u00e1rny\u00fa\nSz\u00edn: di\u00f3\n\u00dcvegez\u00e9s: tej\u00fcveges dupla \u00fcvegez\u00e9s\nProfil: WDS 70 profil\nVasalatok: AXOR INDUSTRY\n\n\nM\u00e9retek:\nsz\u00e9less\u00e9g 95 cm\nmagass\u00e1g 200 cm\"><span class=\"Y2IQFc\" lang=\"hu\">\u00dcvegez\u00e9s: tej\u00fcveges dupla \u00fcvegez\u00e9s <\/span><\/p>\n<p class=\"tw-data-text tw-text-large tw-ta\" dir=\"ltr\" data-placeholder=\"Preklad\" data-ved=\"2ahUKEwja_fn-iKOOAxV2B9sEHdB3DNcQ3ewLegQICRAW\" aria-label=\"Prelo\u017een\u00fd text: \u00daj, egysz\u00e1rny\u00fa, m\u0171anyag bej\u00e1rati ajt\u00f3, jobbos, di\u00f3 sz\u00edn\u0171, 95 cm sz\u00e9les \u00e9s 200 cm magas m\u00e9retekkel, alum\u00ednium k\u00fcsz\u00f6bbel, 5 pontos z\u00e1rral \u00e9s 3 db 3D ajt\u00f3p\u00e1nttal. A term\u00e9k \u00e1ra tartalmazza a kilincset, a z\u00e1rat 5 db kulccsal. Az ablakok tej\u00fcveges h\u0151szigetel\u0151 dupla \u00fcvegez\u00e9ssel vannak \u00fcvegezve.\n\n\nAjt\u00f3lapok sz\u00e1ma: egysz\u00e1rny\u00fa\nSz\u00edn: di\u00f3\n\u00dcvegez\u00e9s: tej\u00fcveges dupla \u00fcvegez\u00e9s\nProfil: WDS 70 profil\nVasalatok: AXOR INDUSTRY\n\n\nM\u00e9retek:\nsz\u00e9less\u00e9g 95 cm\nmagass\u00e1g 200 cm\"><span class=\"Y2IQFc\" lang=\"hu\">Profil: WDS 70 profil<\/span><\/p>\n<p class=\"tw-data-text tw-text-large tw-ta\" dir=\"ltr\" data-placeholder=\"Preklad\" data-ved=\"2ahUKEwja_fn-iKOOAxV2B9sEHdB3DNcQ3ewLegQICRAW\" aria-label=\"Prelo\u017een\u00fd text: \u00daj, egysz\u00e1rny\u00fa, m\u0171anyag bej\u00e1rati ajt\u00f3, jobbos, di\u00f3 sz\u00edn\u0171, 95 cm sz\u00e9les \u00e9s 200 cm magas m\u00e9retekkel, alum\u00ednium k\u00fcsz\u00f6bbel, 5 pontos z\u00e1rral \u00e9s 3 db 3D ajt\u00f3p\u00e1nttal. A term\u00e9k \u00e1ra tartalmazza a kilincset, a z\u00e1rat 5 db kulccsal. Az ablakok tej\u00fcveges h\u0151szigetel\u0151 dupla \u00fcvegez\u00e9ssel vannak \u00fcvegezve.\n\n\nAjt\u00f3lapok sz\u00e1ma: egysz\u00e1rny\u00fa\nSz\u00edn: di\u00f3\n\u00dcvegez\u00e9s: tej\u00fcveges dupla \u00fcvegez\u00e9s\nProfil: WDS 70 profil\nVasalatok: AXOR INDUSTRY\n\n\nM\u00e9retek:\nsz\u00e9less\u00e9g 95 cm\nmagass\u00e1g 200 cm\"><span class=\"Y2IQFc\" lang=\"hu\">Vasalatok: AXOR INDUSTRY<\/span><\/p>\n<p class=\"tw-data-text tw-text-large tw-ta\" dir=\"ltr\" data-placeholder=\"Preklad\" data-ved=\"2ahUKEwja_fn-iKOOAxV2B9sEHdB3DNcQ3ewLegQICRAW\" aria-label=\"Prelo\u017een\u00fd text: \u00daj, egysz\u00e1rny\u00fa, m\u0171anyag bej\u00e1rati ajt\u00f3, jobbos, di\u00f3 sz\u00edn\u0171, 95 cm sz\u00e9les \u00e9s 200 cm magas m\u00e9retekkel, alum\u00ednium k\u00fcsz\u00f6bbel, 5 pontos z\u00e1rral \u00e9s 3 db 3D ajt\u00f3p\u00e1nttal. A term\u00e9k \u00e1ra tartalmazza a kilincset, a z\u00e1rat 5 db kulccsal. Az ablakok tej\u00fcveges h\u0151szigetel\u0151 dupla \u00fcvegez\u00e9ssel vannak \u00fcvegezve.\n\n\nAjt\u00f3lapok sz\u00e1ma: egysz\u00e1rny\u00fa\nSz\u00edn: di\u00f3\n\u00dcvegez\u00e9s: tej\u00fcveges dupla \u00fcvegez\u00e9s\nProfil: WDS 70 profil\nVasalatok: AXOR INDUSTRY\n\n\nM\u00e9retek:\nsz\u00e9less\u00e9g 95 cm\nmagass\u00e1g 200 cm\"><span class=\"Y2IQFc\" lang=\"hu\">M\u00e9retek: sz\u00e9less\u00e9g 95 cm <\/span><\/p>\n<p class=\"tw-data-text tw-text-large tw-ta\" dir=\"ltr\" data-placeholder=\"Preklad\" data-ved=\"2ahUKEwja_fn-iKOOAxV2B9sEHdB3DNcQ3ewLegQICRAW\" aria-label=\"Prelo\u017een\u00fd text: \u00daj, egysz\u00e1rny\u00fa, m\u0171anyag bej\u00e1rati ajt\u00f3, jobbos, di\u00f3 sz\u00edn\u0171, 95 cm sz\u00e9les \u00e9s 200 cm magas m\u00e9retekkel, alum\u00ednium k\u00fcsz\u00f6bbel, 5 pontos z\u00e1rral \u00e9s 3 db 3D ajt\u00f3p\u00e1nttal. A term\u00e9k \u00e1ra tartalmazza a kilincset, a z\u00e1rat 5 db kulccsal. Az ablakok tej\u00fcveges h\u0151szigetel\u0151 dupla \u00fcvegez\u00e9ssel vannak \u00fcvegezve.\n\n\nAjt\u00f3lapok sz\u00e1ma: egysz\u00e1rny\u00fa\nSz\u00edn: di\u00f3\n\u00dcvegez\u00e9s: tej\u00fcveges dupla \u00fcvegez\u00e9s\nProfil: WDS 70 profil\nVasalatok: AXOR INDUSTRY\n\n\nM\u00e9retek:\nsz\u00e9less\u00e9g 95 cm\nmagass\u00e1g 200 cm\"><span class=\"Y2IQFc\" lang=\"hu\">\u00a0 \u00a0 \u00a0 \u00a0 \u00a0 \u00a0 \u00a0 \u00a0magass\u00e1g 200 cm<\/span><\/p>\n","protected":false},"featured_media":3686,"template":"","meta":{"_et_pb_use_builder":"","_et_pb_old_content":"","_et_gb_content_width":""},"product_brand":[],"product_cat":[58,62],"product_tag":[422,112,116,247,146],"class_list":{"0":"post-3721","1":"product","2":"type-product","3":"status-publish","4":"has-post-thumbnail","6":"product_cat-uj-bejarati-ajtok","7":"product_cat-uj-muanyag-bejarati-ajto-egy-szarnyu","8":"product_tag-dupla-uvegezes","9":"product_tag-egyszarnyu","10":"product_tag-jobbos","11":"product_tag-muanyag-bejarati-ajto","12":"product_tag-uj","14":"first","15":"instock","16":"shipping-taxable","17":"purchasable","18":"product-type-simple"},"_links":{"self":[{"href":"https:\/\/www.oknadverelacno.sk\/hu\/wp-json\/wp\/v2\/product\/3721","targetHints":{"allow":["GET"]}}],"collection":[{"href":"https:\/\/www.oknadverelacno.sk\/hu\/wp-json\/wp\/v2\/product"}],"about":[{"href":"https:\/\/www.oknadverelacno.sk\/hu\/wp-json\/wp\/v2\/types\/product"}],"wp:featuredmedia":[{"embeddable":true,"href":"https:\/\/www.oknadverelacno.sk\/hu\/wp-json\/wp\/v2\/media\/3686"}],"wp:attachment":[{"href":"https:\/\/www.oknadverelacno.sk\/hu\/wp-json\/wp\/v2\/media?parent=3721"}],"wp:term":[{"taxonomy":"product_brand","embeddable":true,"href":"https:\/\/www.oknadverelacno.sk\/hu\/wp-json\/wp\/v2\/product_brand?post=3721"},{"taxonomy":"product_cat","embeddable":true,"href":"https:\/\/www.oknadverelacno.sk\/hu\/wp-json\/wp\/v2\/product_cat?post=3721"},{"taxonomy":"product_tag","embeddable":true,"href":"https:\/\/www.oknadverelacno.sk\/hu\/wp-json\/wp\/v2\/product_tag?post=3721"}],"curies":[{"name":"wp","href":"https:\/\/api.w.org\/{rel}","templated":true}]}}