{"id":3714,"date":"2025-07-04T08:48:52","date_gmt":"2025-07-04T08:48:52","guid":{"rendered":"https:\/\/www.oknadverelacno.sk\/katalog\/muanyag-bejarati-ajto-ds-02-antracit-jobbos"},"modified":"2025-07-04T11:51:20","modified_gmt":"2025-07-04T11:51:20","slug":"muanyag-bejarati-ajto-ds-02-antracit-jobbos","status":"publish","type":"product","link":"https:\/\/www.oknadverelacno.sk\/hu\/katalog\/muanyag-bejarati-ajto-ds-02-antracit-jobbos","title":{"rendered":"M\u0171anyag bej\u00e1rati ajt\u00f3 DS 02 antracit\/jobbos\/120 cm x 205 cm"},"content":{"rendered":"<ul>\n<li>M\u00e9retek sz\u00e9less\u00e9g\/magass\u00e1g<\/li>\n<li>M\u00e9retek cm-ben<\/li>\n<li>Az \u00e1rak tartalmazz\u00e1k az \u00c1FA<\/li>\n<\/ul>\n","protected":false},"excerpt":{"rendered":"<p id=\"tw-target-text\" class=\"tw-data-text tw-text-large tw-ta\" dir=\"ltr\" data-placeholder=\"Preklad\" data-ved=\"2ahUKEwja_fn-iKOOAxV2B9sEHdB3DNcQ3ewLegQICRAW\" aria-label=\"Prelo\u017een\u00fd text: \u00daj, antracit sz\u00edn\u0171, k\u00e9tsz\u00e1rny\u00fa, m\u0171anyag bej\u00e1rati ajt\u00f3, jobb oldali, 120 cm sz\u00e9les \u00e9s 205 cm magas m\u00e9retekkel, alum\u00ednium k\u00fcsz\u00f6bbel, 5 pontos z\u00e1rral \u00e9s 6 db 3D ajt\u00f3p\u00e1nttal. A term\u00e9k \u00e1ra tartalmazza a kilincset, a z\u00e1rat 5 db kulccsal. Az ablakok h\u0151szigetel\u0151 tej\u00fcvegez\u00e9ssel vannak \u00fcvegezve.\n\nAjt\u00f3sz\u00e1rnyak sz\u00e1ma: k\u00e9tsz\u00e1rny\u00fa\nSz\u00edn: antracit\n\u00dcvegez\u00e9s: tej\u00fcvegez\u00e9s\nProfil: WDS 70 profil\n\nM\u00e9retek:\nsz\u00e9less\u00e9g 120 cm\nmagass\u00e1g 205 cm\"><span class=\"Y2IQFc\" lang=\"hu\">\u00daj, antracit sz\u00edn\u0171, k\u00e9tsz\u00e1rny\u00fa, m\u0171anyag bej\u00e1rati ajt\u00f3, jobb oldali, 120 cm sz\u00e9les \u00e9s 205 cm magas m\u00e9retekkel, alum\u00ednium k\u00fcsz\u00f6bbel, 5 pontos z\u00e1rral \u00e9s 6 db 3D ajt\u00f3p\u00e1nttal. A term\u00e9k \u00e1ra tartalmazza a kilincset, a z\u00e1rat 5 db kulccsal. Az ablakok h\u0151szigetel\u0151 tej\u00fcvegez\u00e9ssel vannak \u00fcvegezve.<\/span><\/p>\n<p class=\"tw-data-text tw-text-large tw-ta\" dir=\"ltr\" data-placeholder=\"Preklad\" data-ved=\"2ahUKEwja_fn-iKOOAxV2B9sEHdB3DNcQ3ewLegQICRAW\" aria-label=\"Prelo\u017een\u00fd text: \u00daj, antracit sz\u00edn\u0171, k\u00e9tsz\u00e1rny\u00fa, m\u0171anyag bej\u00e1rati ajt\u00f3, jobb oldali, 120 cm sz\u00e9les \u00e9s 205 cm magas m\u00e9retekkel, alum\u00ednium k\u00fcsz\u00f6bbel, 5 pontos z\u00e1rral \u00e9s 6 db 3D ajt\u00f3p\u00e1nttal. A term\u00e9k \u00e1ra tartalmazza a kilincset, a z\u00e1rat 5 db kulccsal. Az ablakok h\u0151szigetel\u0151 tej\u00fcvegez\u00e9ssel vannak \u00fcvegezve.\n\nAjt\u00f3sz\u00e1rnyak sz\u00e1ma: k\u00e9tsz\u00e1rny\u00fa\nSz\u00edn: antracit\n\u00dcvegez\u00e9s: tej\u00fcvegez\u00e9s\nProfil: WDS 70 profil\n\nM\u00e9retek:\nsz\u00e9less\u00e9g 120 cm\nmagass\u00e1g 205 cm\"><span class=\"Y2IQFc\" lang=\"hu\">Ajt\u00f3sz\u00e1rnyak sz\u00e1ma: k\u00e9tsz\u00e1rny\u00fa <\/span><\/p>\n<p class=\"tw-data-text tw-text-large tw-ta\" dir=\"ltr\" data-placeholder=\"Preklad\" data-ved=\"2ahUKEwja_fn-iKOOAxV2B9sEHdB3DNcQ3ewLegQICRAW\" aria-label=\"Prelo\u017een\u00fd text: \u00daj, antracit sz\u00edn\u0171, k\u00e9tsz\u00e1rny\u00fa, m\u0171anyag bej\u00e1rati ajt\u00f3, jobb oldali, 120 cm sz\u00e9les \u00e9s 205 cm magas m\u00e9retekkel, alum\u00ednium k\u00fcsz\u00f6bbel, 5 pontos z\u00e1rral \u00e9s 6 db 3D ajt\u00f3p\u00e1nttal. A term\u00e9k \u00e1ra tartalmazza a kilincset, a z\u00e1rat 5 db kulccsal. Az ablakok h\u0151szigetel\u0151 tej\u00fcvegez\u00e9ssel vannak \u00fcvegezve.\n\nAjt\u00f3sz\u00e1rnyak sz\u00e1ma: k\u00e9tsz\u00e1rny\u00fa\nSz\u00edn: antracit\n\u00dcvegez\u00e9s: tej\u00fcvegez\u00e9s\nProfil: WDS 70 profil\n\nM\u00e9retek:\nsz\u00e9less\u00e9g 120 cm\nmagass\u00e1g 205 cm\"><span class=\"Y2IQFc\" lang=\"hu\">Sz\u00edn: antracit<\/span><\/p>\n<p class=\"tw-data-text tw-text-large tw-ta\" dir=\"ltr\" data-placeholder=\"Preklad\" data-ved=\"2ahUKEwja_fn-iKOOAxV2B9sEHdB3DNcQ3ewLegQICRAW\" aria-label=\"Prelo\u017een\u00fd text: \u00daj, antracit sz\u00edn\u0171, k\u00e9tsz\u00e1rny\u00fa, m\u0171anyag bej\u00e1rati ajt\u00f3, jobb oldali, 120 cm sz\u00e9les \u00e9s 205 cm magas m\u00e9retekkel, alum\u00ednium k\u00fcsz\u00f6bbel, 5 pontos z\u00e1rral \u00e9s 6 db 3D ajt\u00f3p\u00e1nttal. A term\u00e9k \u00e1ra tartalmazza a kilincset, a z\u00e1rat 5 db kulccsal. Az ablakok h\u0151szigetel\u0151 tej\u00fcvegez\u00e9ssel vannak \u00fcvegezve.\n\nAjt\u00f3sz\u00e1rnyak sz\u00e1ma: k\u00e9tsz\u00e1rny\u00fa\nSz\u00edn: antracit\n\u00dcvegez\u00e9s: tej\u00fcvegez\u00e9s\nProfil: WDS 70 profil\n\nM\u00e9retek:\nsz\u00e9less\u00e9g 120 cm\nmagass\u00e1g 205 cm\"><span class=\"Y2IQFc\" lang=\"hu\">\u00dcvegez\u00e9s: tej\u00fcvegez\u00e9s <\/span><\/p>\n<p class=\"tw-data-text tw-text-large tw-ta\" dir=\"ltr\" data-placeholder=\"Preklad\" data-ved=\"2ahUKEwja_fn-iKOOAxV2B9sEHdB3DNcQ3ewLegQICRAW\" aria-label=\"Prelo\u017een\u00fd text: \u00daj, antracit sz\u00edn\u0171, k\u00e9tsz\u00e1rny\u00fa, m\u0171anyag bej\u00e1rati ajt\u00f3, jobb oldali, 120 cm sz\u00e9les \u00e9s 205 cm magas m\u00e9retekkel, alum\u00ednium k\u00fcsz\u00f6bbel, 5 pontos z\u00e1rral \u00e9s 6 db 3D ajt\u00f3p\u00e1nttal. A term\u00e9k \u00e1ra tartalmazza a kilincset, a z\u00e1rat 5 db kulccsal. Az ablakok h\u0151szigetel\u0151 tej\u00fcvegez\u00e9ssel vannak \u00fcvegezve.\n\nAjt\u00f3sz\u00e1rnyak sz\u00e1ma: k\u00e9tsz\u00e1rny\u00fa\nSz\u00edn: antracit\n\u00dcvegez\u00e9s: tej\u00fcvegez\u00e9s\nProfil: WDS 70 profil\n\nM\u00e9retek:\nsz\u00e9less\u00e9g 120 cm\nmagass\u00e1g 205 cm\"><span class=\"Y2IQFc\" lang=\"hu\">Profil: WDS 70 profil<\/span><\/p>\n<p class=\"tw-data-text tw-text-large tw-ta\" dir=\"ltr\" data-placeholder=\"Preklad\" data-ved=\"2ahUKEwja_fn-iKOOAxV2B9sEHdB3DNcQ3ewLegQICRAW\" aria-label=\"Prelo\u017een\u00fd text: \u00daj, antracit sz\u00edn\u0171, k\u00e9tsz\u00e1rny\u00fa, m\u0171anyag bej\u00e1rati ajt\u00f3, jobb oldali, 120 cm sz\u00e9les \u00e9s 205 cm magas m\u00e9retekkel, alum\u00ednium k\u00fcsz\u00f6bbel, 5 pontos z\u00e1rral \u00e9s 6 db 3D ajt\u00f3p\u00e1nttal. A term\u00e9k \u00e1ra tartalmazza a kilincset, a z\u00e1rat 5 db kulccsal. Az ablakok h\u0151szigetel\u0151 tej\u00fcvegez\u00e9ssel vannak \u00fcvegezve.\n\nAjt\u00f3sz\u00e1rnyak sz\u00e1ma: k\u00e9tsz\u00e1rny\u00fa\nSz\u00edn: antracit\n\u00dcvegez\u00e9s: tej\u00fcvegez\u00e9s\nProfil: WDS 70 profil\n\nM\u00e9retek:\nsz\u00e9less\u00e9g 120 cm\nmagass\u00e1g 205 cm\"><span class=\"Y2IQFc\" lang=\"hu\">M\u00e9retek: sz\u00e9less\u00e9g 120 cm <\/span><\/p>\n<p class=\"tw-data-text tw-text-large tw-ta\" dir=\"ltr\" data-placeholder=\"Preklad\" data-ved=\"2ahUKEwja_fn-iKOOAxV2B9sEHdB3DNcQ3ewLegQICRAW\" aria-label=\"Prelo\u017een\u00fd text: \u00daj, antracit sz\u00edn\u0171, k\u00e9tsz\u00e1rny\u00fa, m\u0171anyag bej\u00e1rati ajt\u00f3, jobb oldali, 120 cm sz\u00e9les \u00e9s 205 cm magas m\u00e9retekkel, alum\u00ednium k\u00fcsz\u00f6bbel, 5 pontos z\u00e1rral \u00e9s 6 db 3D ajt\u00f3p\u00e1nttal. A term\u00e9k \u00e1ra tartalmazza a kilincset, a z\u00e1rat 5 db kulccsal. Az ablakok h\u0151szigetel\u0151 tej\u00fcvegez\u00e9ssel vannak \u00fcvegezve.\n\nAjt\u00f3sz\u00e1rnyak sz\u00e1ma: k\u00e9tsz\u00e1rny\u00fa\nSz\u00edn: antracit\n\u00dcvegez\u00e9s: tej\u00fcvegez\u00e9s\nProfil: WDS 70 profil\n\nM\u00e9retek:\nsz\u00e9less\u00e9g 120 cm\nmagass\u00e1g 205 cm\"><span class=\"Y2IQFc\" lang=\"hu\">\u00a0 \u00a0 \u00a0 \u00a0 \u00a0 \u00a0 \u00a0 \u00a0 magass\u00e1g 205 cm<\/span><\/p>\n","protected":false},"featured_media":3661,"template":"","meta":{"_et_pb_use_builder":"","_et_pb_old_content":"","_et_gb_content_width":""},"product_brand":[],"product_cat":[58,61],"product_tag":[116,123,247,395,146],"class_list":{"0":"post-3714","1":"product","2":"type-product","3":"status-publish","4":"has-post-thumbnail","6":"product_cat-uj-bejarati-ajtok","7":"product_cat-uj-muanyag-bejarati-ajto-ket-szarnyu","8":"product_tag-jobbos","9":"product_tag-ketszarnyu","10":"product_tag-muanyag-bejarati-ajto","11":"product_tag-profil-wds-70-hu","12":"product_tag-uj","14":"first","15":"instock","16":"shipping-taxable","17":"purchasable","18":"product-type-simple"},"_links":{"self":[{"href":"https:\/\/www.oknadverelacno.sk\/hu\/wp-json\/wp\/v2\/product\/3714","targetHints":{"allow":["GET"]}}],"collection":[{"href":"https:\/\/www.oknadverelacno.sk\/hu\/wp-json\/wp\/v2\/product"}],"about":[{"href":"https:\/\/www.oknadverelacno.sk\/hu\/wp-json\/wp\/v2\/types\/product"}],"wp:featuredmedia":[{"embeddable":true,"href":"https:\/\/www.oknadverelacno.sk\/hu\/wp-json\/wp\/v2\/media\/3661"}],"wp:attachment":[{"href":"https:\/\/www.oknadverelacno.sk\/hu\/wp-json\/wp\/v2\/media?parent=3714"}],"wp:term":[{"taxonomy":"product_brand","embeddable":true,"href":"https:\/\/www.oknadverelacno.sk\/hu\/wp-json\/wp\/v2\/product_brand?post=3714"},{"taxonomy":"product_cat","embeddable":true,"href":"https:\/\/www.oknadverelacno.sk\/hu\/wp-json\/wp\/v2\/product_cat?post=3714"},{"taxonomy":"product_tag","embeddable":true,"href":"https:\/\/www.oknadverelacno.sk\/hu\/wp-json\/wp\/v2\/product_tag?post=3714"}],"curies":[{"name":"wp","href":"https:\/\/api.w.org\/{rel}","templated":true}]}}