{"id":3713,"date":"2025-07-04T08:42:39","date_gmt":"2025-07-04T08:42:39","guid":{"rendered":"https:\/\/www.oknadverelacno.sk\/katalog\/muanyag-bejarati-ajto-ds02-feher-jobbos"},"modified":"2025-07-04T11:55:18","modified_gmt":"2025-07-04T11:55:18","slug":"muanyag-bejarati-ajto-ds02-feher-jobbos","status":"publish","type":"product","link":"https:\/\/www.oknadverelacno.sk\/hu\/katalog\/muanyag-bejarati-ajto-ds02-feher-jobbos","title":{"rendered":"M\u0171anyag bej\u00e1rati ajt\u00f3 DS02 feh\u00e9r\/jobbos\/120 cm x 205 cm"},"content":{"rendered":"<ul>\n<li>M\u00e9retek sz\u00e9less\u00e9g\/magass\u00e1g<\/li>\n<li>M\u00e9retek cm-ben<\/li>\n<li>Az \u00e1rak tartalmazz\u00e1k az \u00c1FA<\/li>\n<\/ul>\n","protected":false},"excerpt":{"rendered":"<p id=\"tw-target-text\" class=\"tw-data-text tw-text-large tw-ta\" dir=\"ltr\" data-placeholder=\"Preklad\" data-ved=\"2ahUKEwja_fn-iKOOAxV2B9sEHdB3DNcQ3ewLegQICRAW\" aria-label=\"Prelo\u017een\u00fd text: \u00daj, feh\u00e9r, k\u00e9tsz\u00e1rny\u00fa, m\u0171anyag bej\u00e1rati ajt\u00f3, jobb oldali, 120 cm sz\u00e9les \u00e9s 205 cm magas m\u00e9retekkel, alum\u00ednium k\u00fcsz\u00f6bbel, 5 pontos z\u00e1rral \u00e9s 6 db 3D ajt\u00f3p\u00e1nttal. A term\u00e9k \u00e1ra tartalmazza a kilincset, a z\u00e1rat 5 db kulccsal. Az ablakok h\u0151szigetel\u0151 tej\u00fcvegez\u00e9ssel vannak \u00fcvegezve.\n\nAjt\u00f3sz\u00e1rnyak sz\u00e1ma: k\u00e9tsz\u00e1rny\u00fa\nSz\u00edn: feh\u00e9r\n\u00dcvegez\u00e9s: tej\u00fcvegez\u00e9s\nProfil: WDS 70 profil\n\nM\u00e9retek:\nsz\u00e9less\u00e9g 120 cm\nmagass\u00e1g 205 cm\"><span class=\"Y2IQFc\" lang=\"hu\">\u00daj, feh\u00e9r, k\u00e9tsz\u00e1rny\u00fa, m\u0171anyag bej\u00e1rati ajt\u00f3, jobb oldali, 120 cm sz\u00e9les \u00e9s 205 cm magas m\u00e9retekkel, alum\u00ednium k\u00fcsz\u00f6bbel, 5 pontos z\u00e1rral \u00e9s 6 db 3D ajt\u00f3p\u00e1nttal. A term\u00e9k \u00e1ra tartalmazza a kilincset, a z\u00e1rat 5 db kulccsal. Az ablakok h\u0151szigetel\u0151 tej\u00fcvegez\u00e9ssel vannak \u00fcvegezve. <\/span><\/p>\n<p class=\"tw-data-text tw-text-large tw-ta\" dir=\"ltr\" data-placeholder=\"Preklad\" data-ved=\"2ahUKEwja_fn-iKOOAxV2B9sEHdB3DNcQ3ewLegQICRAW\" aria-label=\"Prelo\u017een\u00fd text: \u00daj, feh\u00e9r, k\u00e9tsz\u00e1rny\u00fa, m\u0171anyag bej\u00e1rati ajt\u00f3, jobb oldali, 120 cm sz\u00e9les \u00e9s 205 cm magas m\u00e9retekkel, alum\u00ednium k\u00fcsz\u00f6bbel, 5 pontos z\u00e1rral \u00e9s 6 db 3D ajt\u00f3p\u00e1nttal. A term\u00e9k \u00e1ra tartalmazza a kilincset, a z\u00e1rat 5 db kulccsal. Az ablakok h\u0151szigetel\u0151 tej\u00fcvegez\u00e9ssel vannak \u00fcvegezve.\n\nAjt\u00f3sz\u00e1rnyak sz\u00e1ma: k\u00e9tsz\u00e1rny\u00fa\nSz\u00edn: feh\u00e9r\n\u00dcvegez\u00e9s: tej\u00fcvegez\u00e9s\nProfil: WDS 70 profil\n\nM\u00e9retek:\nsz\u00e9less\u00e9g 120 cm\nmagass\u00e1g 205 cm\"><span class=\"Y2IQFc\" lang=\"hu\">Ajt\u00f3sz\u00e1rnyak sz\u00e1ma: k\u00e9tsz\u00e1rny\u00fa<\/span><\/p>\n<p class=\"tw-data-text tw-text-large tw-ta\" dir=\"ltr\" data-placeholder=\"Preklad\" data-ved=\"2ahUKEwja_fn-iKOOAxV2B9sEHdB3DNcQ3ewLegQICRAW\" aria-label=\"Prelo\u017een\u00fd text: \u00daj, feh\u00e9r, k\u00e9tsz\u00e1rny\u00fa, m\u0171anyag bej\u00e1rati ajt\u00f3, jobb oldali, 120 cm sz\u00e9les \u00e9s 205 cm magas m\u00e9retekkel, alum\u00ednium k\u00fcsz\u00f6bbel, 5 pontos z\u00e1rral \u00e9s 6 db 3D ajt\u00f3p\u00e1nttal. A term\u00e9k \u00e1ra tartalmazza a kilincset, a z\u00e1rat 5 db kulccsal. Az ablakok h\u0151szigetel\u0151 tej\u00fcvegez\u00e9ssel vannak \u00fcvegezve.\n\nAjt\u00f3sz\u00e1rnyak sz\u00e1ma: k\u00e9tsz\u00e1rny\u00fa\nSz\u00edn: feh\u00e9r\n\u00dcvegez\u00e9s: tej\u00fcvegez\u00e9s\nProfil: WDS 70 profil\n\nM\u00e9retek:\nsz\u00e9less\u00e9g 120 cm\nmagass\u00e1g 205 cm\"><span class=\"Y2IQFc\" lang=\"hu\">Sz\u00edn: feh\u00e9r <\/span><\/p>\n<p class=\"tw-data-text tw-text-large tw-ta\" dir=\"ltr\" data-placeholder=\"Preklad\" data-ved=\"2ahUKEwja_fn-iKOOAxV2B9sEHdB3DNcQ3ewLegQICRAW\" aria-label=\"Prelo\u017een\u00fd text: \u00daj, feh\u00e9r, k\u00e9tsz\u00e1rny\u00fa, m\u0171anyag bej\u00e1rati ajt\u00f3, jobb oldali, 120 cm sz\u00e9les \u00e9s 205 cm magas m\u00e9retekkel, alum\u00ednium k\u00fcsz\u00f6bbel, 5 pontos z\u00e1rral \u00e9s 6 db 3D ajt\u00f3p\u00e1nttal. A term\u00e9k \u00e1ra tartalmazza a kilincset, a z\u00e1rat 5 db kulccsal. Az ablakok h\u0151szigetel\u0151 tej\u00fcvegez\u00e9ssel vannak \u00fcvegezve.\n\nAjt\u00f3sz\u00e1rnyak sz\u00e1ma: k\u00e9tsz\u00e1rny\u00fa\nSz\u00edn: feh\u00e9r\n\u00dcvegez\u00e9s: tej\u00fcvegez\u00e9s\nProfil: WDS 70 profil\n\nM\u00e9retek:\nsz\u00e9less\u00e9g 120 cm\nmagass\u00e1g 205 cm\"><span class=\"Y2IQFc\" lang=\"hu\">\u00dcvegez\u00e9s: tej\u00fcvegez\u00e9s <\/span><\/p>\n<p class=\"tw-data-text tw-text-large tw-ta\" dir=\"ltr\" data-placeholder=\"Preklad\" data-ved=\"2ahUKEwja_fn-iKOOAxV2B9sEHdB3DNcQ3ewLegQICRAW\" aria-label=\"Prelo\u017een\u00fd text: \u00daj, feh\u00e9r, k\u00e9tsz\u00e1rny\u00fa, m\u0171anyag bej\u00e1rati ajt\u00f3, jobb oldali, 120 cm sz\u00e9les \u00e9s 205 cm magas m\u00e9retekkel, alum\u00ednium k\u00fcsz\u00f6bbel, 5 pontos z\u00e1rral \u00e9s 6 db 3D ajt\u00f3p\u00e1nttal. A term\u00e9k \u00e1ra tartalmazza a kilincset, a z\u00e1rat 5 db kulccsal. Az ablakok h\u0151szigetel\u0151 tej\u00fcvegez\u00e9ssel vannak \u00fcvegezve.\n\nAjt\u00f3sz\u00e1rnyak sz\u00e1ma: k\u00e9tsz\u00e1rny\u00fa\nSz\u00edn: feh\u00e9r\n\u00dcvegez\u00e9s: tej\u00fcvegez\u00e9s\nProfil: WDS 70 profil\n\nM\u00e9retek:\nsz\u00e9less\u00e9g 120 cm\nmagass\u00e1g 205 cm\"><span class=\"Y2IQFc\" lang=\"hu\">Profil: WDS 70 profil <\/span><\/p>\n<p class=\"tw-data-text tw-text-large tw-ta\" dir=\"ltr\" data-placeholder=\"Preklad\" data-ved=\"2ahUKEwja_fn-iKOOAxV2B9sEHdB3DNcQ3ewLegQICRAW\" aria-label=\"Prelo\u017een\u00fd text: \u00daj, feh\u00e9r, k\u00e9tsz\u00e1rny\u00fa, m\u0171anyag bej\u00e1rati ajt\u00f3, jobb oldali, 120 cm sz\u00e9les \u00e9s 205 cm magas m\u00e9retekkel, alum\u00ednium k\u00fcsz\u00f6bbel, 5 pontos z\u00e1rral \u00e9s 6 db 3D ajt\u00f3p\u00e1nttal. A term\u00e9k \u00e1ra tartalmazza a kilincset, a z\u00e1rat 5 db kulccsal. Az ablakok h\u0151szigetel\u0151 tej\u00fcvegez\u00e9ssel vannak \u00fcvegezve.\n\nAjt\u00f3sz\u00e1rnyak sz\u00e1ma: k\u00e9tsz\u00e1rny\u00fa\nSz\u00edn: feh\u00e9r\n\u00dcvegez\u00e9s: tej\u00fcvegez\u00e9s\nProfil: WDS 70 profil\n\nM\u00e9retek:\nsz\u00e9less\u00e9g 120 cm\nmagass\u00e1g 205 cm\"><span class=\"Y2IQFc\" lang=\"hu\">M\u00e9retek: sz\u00e9less\u00e9g 120 cm <\/span><\/p>\n<p class=\"tw-data-text tw-text-large tw-ta\" dir=\"ltr\" data-placeholder=\"Preklad\" data-ved=\"2ahUKEwja_fn-iKOOAxV2B9sEHdB3DNcQ3ewLegQICRAW\" aria-label=\"Prelo\u017een\u00fd text: \u00daj, feh\u00e9r, k\u00e9tsz\u00e1rny\u00fa, m\u0171anyag bej\u00e1rati ajt\u00f3, jobb oldali, 120 cm sz\u00e9les \u00e9s 205 cm magas m\u00e9retekkel, alum\u00ednium k\u00fcsz\u00f6bbel, 5 pontos z\u00e1rral \u00e9s 6 db 3D ajt\u00f3p\u00e1nttal. A term\u00e9k \u00e1ra tartalmazza a kilincset, a z\u00e1rat 5 db kulccsal. Az ablakok h\u0151szigetel\u0151 tej\u00fcvegez\u00e9ssel vannak \u00fcvegezve.\n\nAjt\u00f3sz\u00e1rnyak sz\u00e1ma: k\u00e9tsz\u00e1rny\u00fa\nSz\u00edn: feh\u00e9r\n\u00dcvegez\u00e9s: tej\u00fcvegez\u00e9s\nProfil: WDS 70 profil\n\nM\u00e9retek:\nsz\u00e9less\u00e9g 120 cm\nmagass\u00e1g 205 cm\"><span class=\"Y2IQFc\" lang=\"hu\">\u00a0 \u00a0 \u00a0 \u00a0 \u00a0 \u00a0 \u00a0 \u00a0 magass\u00e1g 205 cm<\/span><\/p>\n","protected":false},"featured_media":3657,"template":"","meta":{"_et_pb_use_builder":"","_et_pb_old_content":"","_et_gb_content_width":""},"product_brand":[],"product_cat":[58,61],"product_tag":[422,115,116,123,247,395,146],"class_list":{"0":"post-3713","1":"product","2":"type-product","3":"status-publish","4":"has-post-thumbnail","6":"product_cat-uj-bejarati-ajtok","7":"product_cat-uj-muanyag-bejarati-ajto-ket-szarnyu","8":"product_tag-dupla-uvegezes","9":"product_tag-feher","10":"product_tag-jobbos","11":"product_tag-ketszarnyu","12":"product_tag-muanyag-bejarati-ajto","13":"product_tag-profil-wds-70-hu","14":"product_tag-uj","16":"first","17":"instock","18":"shipping-taxable","19":"purchasable","20":"product-type-simple"},"_links":{"self":[{"href":"https:\/\/www.oknadverelacno.sk\/hu\/wp-json\/wp\/v2\/product\/3713","targetHints":{"allow":["GET"]}}],"collection":[{"href":"https:\/\/www.oknadverelacno.sk\/hu\/wp-json\/wp\/v2\/product"}],"about":[{"href":"https:\/\/www.oknadverelacno.sk\/hu\/wp-json\/wp\/v2\/types\/product"}],"wp:featuredmedia":[{"embeddable":true,"href":"https:\/\/www.oknadverelacno.sk\/hu\/wp-json\/wp\/v2\/media\/3657"}],"wp:attachment":[{"href":"https:\/\/www.oknadverelacno.sk\/hu\/wp-json\/wp\/v2\/media?parent=3713"}],"wp:term":[{"taxonomy":"product_brand","embeddable":true,"href":"https:\/\/www.oknadverelacno.sk\/hu\/wp-json\/wp\/v2\/product_brand?post=3713"},{"taxonomy":"product_cat","embeddable":true,"href":"https:\/\/www.oknadverelacno.sk\/hu\/wp-json\/wp\/v2\/product_cat?post=3713"},{"taxonomy":"product_tag","embeddable":true,"href":"https:\/\/www.oknadverelacno.sk\/hu\/wp-json\/wp\/v2\/product_tag?post=3713"}],"curies":[{"name":"wp","href":"https:\/\/api.w.org\/{rel}","templated":true}]}}