{"id":3712,"date":"2025-04-11T14:28:05","date_gmt":"2025-04-11T14:28:05","guid":{"rendered":"https:\/\/www.oknadverelacno.sk\/katalog\/muanyag-bejarati-ajto-70-cm-x-170-cm-feher-jobbos"},"modified":"2025-04-11T14:28:05","modified_gmt":"2025-04-11T14:28:05","slug":"muanyag-bejarati-ajto-70-cm-x-170-cm-feher-jobbos","status":"publish","type":"product","link":"https:\/\/www.oknadverelacno.sk\/hu\/katalog\/muanyag-bejarati-ajto-70-cm-x-170-cm-feher-jobbos","title":{"rendered":"M\u0171anyag bej\u00e1rati ajt\u00f3 70 cm x 170 cm feh\u00e9r\/jobbos"},"content":{"rendered":"<ul>\n<li>M\u00e9retek sz\u00e9less\u00e9g\/magass\u00e1g<\/li>\n<li>M\u00e9retek cm-ben<\/li>\n<li>Az \u00e1rak tartalmazz\u00e1k az \u00c1FA-<\/li>\n<\/ul>\n","protected":false},"excerpt":{"rendered":"<p id=\"tw-target-text\" class=\"tw-data-text tw-text-large tw-ta\" dir=\"ltr\" data-placeholder=\"Preklad\" data-ved=\"2ahUKEwja_fn-iKOOAxV2B9sEHdB3DNcQ3ewLegQICRAW\" aria-label=\"Prelo\u017een\u00fd text: Feh\u00e9r, egysz\u00e1rny\u00fa, m\u0171anyag bej\u00e1rati ajt\u00f3, jobb oldali, 70 cm sz\u00e9les \u00e9s 170 cm magas m\u00e9retekkel, alum\u00ednium k\u00fcsz\u00f6bbel, 1 pontos z\u00e1rral \u00e9s 3 db ablakajt\u00f3 p\u00e1nttal. A term\u00e9k \u00e1ra tartalmazza a kilincset, a z\u00e1rat 3 db kulccsal.\n\nM\u00e9retek:\nsz\u00e9less\u00e9g 70 cm\nmagass\u00e1g 170 cm\"><span class=\"Y2IQFc\" lang=\"hu\">Feh\u00e9r, egysz\u00e1rny\u00fa, m\u0171anyag bej\u00e1rati ajt\u00f3, jobb oldali, 70 cm sz\u00e9les \u00e9s 170 cm magas m\u00e9retekkel, alum\u00ednium k\u00fcsz\u00f6bbel, 1 pontos z\u00e1rral \u00e9s 3 db ablakajt\u00f3 p\u00e1nttal. A term\u00e9k \u00e1ra tartalmazza a kilincset, a z\u00e1rat 3 db kulccsal.<\/span><\/p>\n<p class=\"tw-data-text tw-text-large tw-ta\" dir=\"ltr\" data-placeholder=\"Preklad\" data-ved=\"2ahUKEwja_fn-iKOOAxV2B9sEHdB3DNcQ3ewLegQICRAW\" aria-label=\"Prelo\u017een\u00fd text: Feh\u00e9r, egysz\u00e1rny\u00fa, m\u0171anyag bej\u00e1rati ajt\u00f3, jobb oldali, 70 cm sz\u00e9les \u00e9s 170 cm magas m\u00e9retekkel, alum\u00ednium k\u00fcsz\u00f6bbel, 1 pontos z\u00e1rral \u00e9s 3 db ablakajt\u00f3 p\u00e1nttal. A term\u00e9k \u00e1ra tartalmazza a kilincset, a z\u00e1rat 3 db kulccsal.\n\nM\u00e9retek:\nsz\u00e9less\u00e9g 70 cm\nmagass\u00e1g 170 cm\"><span class=\"Y2IQFc\" lang=\"hu\">M\u00e9retek: sz\u00e9less\u00e9g 70 cm <\/span><\/p>\n<p class=\"tw-data-text tw-text-large tw-ta\" dir=\"ltr\" data-placeholder=\"Preklad\" data-ved=\"2ahUKEwja_fn-iKOOAxV2B9sEHdB3DNcQ3ewLegQICRAW\" aria-label=\"Prelo\u017een\u00fd text: Feh\u00e9r, egysz\u00e1rny\u00fa, m\u0171anyag bej\u00e1rati ajt\u00f3, jobb oldali, 70 cm sz\u00e9les \u00e9s 170 cm magas m\u00e9retekkel, alum\u00ednium k\u00fcsz\u00f6bbel, 1 pontos z\u00e1rral \u00e9s 3 db ablakajt\u00f3 p\u00e1nttal. A term\u00e9k \u00e1ra tartalmazza a kilincset, a z\u00e1rat 3 db kulccsal.\n\nM\u00e9retek:\nsz\u00e9less\u00e9g 70 cm\nmagass\u00e1g 170 cm\"><span class=\"Y2IQFc\" lang=\"hu\">\u00a0 \u00a0 \u00a0 \u00a0 \u00a0 \u00a0 \u00a0 \u00a0 magass\u00e1g 170 cm<\/span><\/p>\n","protected":false},"featured_media":3648,"template":"","meta":{"_et_pb_use_builder":"","_et_pb_old_content":"","_et_gb_content_width":""},"product_brand":[],"product_cat":[58,62],"product_tag":[211,112,115,116,113],"class_list":{"0":"post-3712","1":"product","2":"type-product","3":"status-publish","4":"has-post-thumbnail","6":"product_cat-uj-bejarati-ajtok","7":"product_cat-uj-muanyag-bejarati-ajto-egy-szarnyu","8":"product_tag-bejarati-ajtok","9":"product_tag-egyszarnyu","10":"product_tag-feher","11":"product_tag-jobbos","12":"product_tag-muanyag","14":"first","15":"instock","16":"shipping-taxable","17":"purchasable","18":"product-type-simple"},"_links":{"self":[{"href":"https:\/\/www.oknadverelacno.sk\/hu\/wp-json\/wp\/v2\/product\/3712","targetHints":{"allow":["GET"]}}],"collection":[{"href":"https:\/\/www.oknadverelacno.sk\/hu\/wp-json\/wp\/v2\/product"}],"about":[{"href":"https:\/\/www.oknadverelacno.sk\/hu\/wp-json\/wp\/v2\/types\/product"}],"wp:featuredmedia":[{"embeddable":true,"href":"https:\/\/www.oknadverelacno.sk\/hu\/wp-json\/wp\/v2\/media\/3648"}],"wp:attachment":[{"href":"https:\/\/www.oknadverelacno.sk\/hu\/wp-json\/wp\/v2\/media?parent=3712"}],"wp:term":[{"taxonomy":"product_brand","embeddable":true,"href":"https:\/\/www.oknadverelacno.sk\/hu\/wp-json\/wp\/v2\/product_brand?post=3712"},{"taxonomy":"product_cat","embeddable":true,"href":"https:\/\/www.oknadverelacno.sk\/hu\/wp-json\/wp\/v2\/product_cat?post=3712"},{"taxonomy":"product_tag","embeddable":true,"href":"https:\/\/www.oknadverelacno.sk\/hu\/wp-json\/wp\/v2\/product_tag?post=3712"}],"curies":[{"name":"wp","href":"https:\/\/api.w.org\/{rel}","templated":true}]}}