{"id":3634,"date":"2025-04-03T09:51:55","date_gmt":"2025-04-03T09:51:55","guid":{"rendered":"https:\/\/www.oknadverelacno.sk\/katalog\/ganz-bejarati-ajto-95-cm-x-205-cm-dio-bal"},"modified":"2025-04-03T10:56:18","modified_gmt":"2025-04-03T10:56:18","slug":"ganz-bejarati-ajto-95-cm-x-205-cm-dio-bal","status":"publish","type":"product","link":"https:\/\/www.oknadverelacno.sk\/hu\/katalog\/ganz-bejarati-ajto-95-cm-x-205-cm-dio-bal","title":{"rendered":"Ganz bej\u00e1rati ajt\u00f3 95 cm x 205 cm  di\u00f3\/balos"},"content":{"rendered":"<ul>\n<li id=\"tw-target-text\" class=\"tw-data-text tw-text-large XcVN5d tw-ta\" dir=\"ltr\" data-placeholder=\"Preklad\"><span class=\"Y2IQFc\" lang=\"hu\">A m\u00e9retek sz\u00e9less\u00e9get \/ magass\u00e1got adnak meg <\/span><\/li>\n<li class=\"tw-data-text tw-text-large XcVN5d tw-ta\" dir=\"ltr\" data-placeholder=\"Preklad\"><span class=\"Y2IQFc\" lang=\"hu\">M\u00e9retek cm-ben <\/span><\/li>\n<li class=\"tw-data-text tw-text-large XcVN5d tw-ta\" dir=\"ltr\" data-placeholder=\"Preklad\"><span class=\"Y2IQFc\" lang=\"hu\">\u00c1rak \u00e1f\u00e1val<\/span><\/li>\n<\/ul>\n","protected":false},"excerpt":{"rendered":"<p id=\"tw-target-text\" class=\"tw-data-text tw-text-large tw-ta\" dir=\"ltr\" data-placeholder=\"Preklad\" data-ved=\"2ahUKEwiqi5H40LuMAxXgygIHHRHAAD0Q3ewLegQIEhAW\" aria-label=\"Prelo\u017een\u00fd text: \u00daj, egysz\u00e1rny\u00fa, m\u0171anyag bej\u00e1rati ajt\u00f3, bal oldali, k\u00e9toldalas di\u00f3fa, 95 cm sz\u00e9les \u00e9s 205 cm magas m\u00e9retekkel, alum\u00ednium k\u00fcsz\u00f6b\u00f6s, 5 pontos z\u00e1r\u00e1ssal \u00e9s 3 db 3D ajt\u00f3p\u00e1nttal. A term\u00e9k \u00e1ra tartalmaz egy kilincset, egy z\u00e1rat 5 kulccsal. Sz\u00e1rnyak sz\u00e1ma: egysz\u00e1rny\u00fa Sz\u00edn: di\u00f3 Profil: WDS 70 profil Kov\u00e1csol\u00e1s: AXOR INDUSTRY M\u00e9retek: sz\u00e9less\u00e9ge 95 cm magass\u00e1ga 205 cm\"><span class=\"Y2IQFc\" lang=\"hu\">\u00daj, egysz\u00e1rny\u00fa, m\u0171anyag bej\u00e1rati ajt\u00f3, bal oldali, k\u00e9toldalas di\u00f3fa sz\u00edn, 95 cm sz\u00e9les \u00e9s 205 cm magas m\u00e9retekkel, alum\u00ednium k\u00fcsz\u00f6b\u00f6s, 5 pontos z\u00e1r\u00e1ssal \u00e9s 3 db 3D ajt\u00f3p\u00e1nttal. A term\u00e9k \u00e1ra tartalmaz egy kilincset, egy z\u00e1rat 5 kulccsal. <\/span><\/p>\n<p class=\"tw-data-text tw-text-large tw-ta\" dir=\"ltr\" data-placeholder=\"Preklad\" data-ved=\"2ahUKEwiqi5H40LuMAxXgygIHHRHAAD0Q3ewLegQIEhAW\" aria-label=\"Prelo\u017een\u00fd text: \u00daj, egysz\u00e1rny\u00fa, m\u0171anyag bej\u00e1rati ajt\u00f3, bal oldali, k\u00e9toldalas di\u00f3fa, 95 cm sz\u00e9les \u00e9s 205 cm magas m\u00e9retekkel, alum\u00ednium k\u00fcsz\u00f6b\u00f6s, 5 pontos z\u00e1r\u00e1ssal \u00e9s 3 db 3D ajt\u00f3p\u00e1nttal. A term\u00e9k \u00e1ra tartalmaz egy kilincset, egy z\u00e1rat 5 kulccsal. Sz\u00e1rnyak sz\u00e1ma: egysz\u00e1rny\u00fa Sz\u00edn: di\u00f3 Profil: WDS 70 profil Kov\u00e1csol\u00e1s: AXOR INDUSTRY M\u00e9retek: sz\u00e9less\u00e9ge 95 cm magass\u00e1ga 205 cm\"><span class=\"Y2IQFc\" lang=\"hu\">Sz\u00e1rnyak sz\u00e1ma: egysz\u00e1rny\u00fa <\/span><\/p>\n<p class=\"tw-data-text tw-text-large tw-ta\" dir=\"ltr\" data-placeholder=\"Preklad\" data-ved=\"2ahUKEwiqi5H40LuMAxXgygIHHRHAAD0Q3ewLegQIEhAW\" aria-label=\"Prelo\u017een\u00fd text: \u00daj, egysz\u00e1rny\u00fa, m\u0171anyag bej\u00e1rati ajt\u00f3, bal oldali, k\u00e9toldalas di\u00f3fa, 95 cm sz\u00e9les \u00e9s 205 cm magas m\u00e9retekkel, alum\u00ednium k\u00fcsz\u00f6b\u00f6s, 5 pontos z\u00e1r\u00e1ssal \u00e9s 3 db 3D ajt\u00f3p\u00e1nttal. A term\u00e9k \u00e1ra tartalmaz egy kilincset, egy z\u00e1rat 5 kulccsal. Sz\u00e1rnyak sz\u00e1ma: egysz\u00e1rny\u00fa Sz\u00edn: di\u00f3 Profil: WDS 70 profil Kov\u00e1csol\u00e1s: AXOR INDUSTRY M\u00e9retek: sz\u00e9less\u00e9ge 95 cm magass\u00e1ga 205 cm\"><span class=\"Y2IQFc\" lang=\"hu\">Sz\u00edn: di\u00f3\u00a0<\/span><\/p>\n<p class=\"tw-data-text tw-text-large tw-ta\" dir=\"ltr\" data-placeholder=\"Preklad\" data-ved=\"2ahUKEwiqi5H40LuMAxXgygIHHRHAAD0Q3ewLegQIEhAW\" aria-label=\"Prelo\u017een\u00fd text: \u00daj, egysz\u00e1rny\u00fa, m\u0171anyag bej\u00e1rati ajt\u00f3, bal oldali, k\u00e9toldalas di\u00f3fa, 95 cm sz\u00e9les \u00e9s 205 cm magas m\u00e9retekkel, alum\u00ednium k\u00fcsz\u00f6b\u00f6s, 5 pontos z\u00e1r\u00e1ssal \u00e9s 3 db 3D ajt\u00f3p\u00e1nttal. A term\u00e9k \u00e1ra tartalmaz egy kilincset, egy z\u00e1rat 5 kulccsal. Sz\u00e1rnyak sz\u00e1ma: egysz\u00e1rny\u00fa Sz\u00edn: di\u00f3 Profil: WDS 70 profil Kov\u00e1csol\u00e1s: AXOR INDUSTRY M\u00e9retek: sz\u00e9less\u00e9ge 95 cm magass\u00e1ga 205 cm\"><span class=\"Y2IQFc\" lang=\"hu\">Profil: WDS 70 profil <\/span><\/p>\n<p class=\"tw-data-text tw-text-large tw-ta\" dir=\"ltr\" data-placeholder=\"Preklad\" data-ved=\"2ahUKEwiqi5H40LuMAxXgygIHHRHAAD0Q3ewLegQIEhAW\" aria-label=\"Prelo\u017een\u00fd text: \u00daj, egysz\u00e1rny\u00fa, m\u0171anyag bej\u00e1rati ajt\u00f3, bal oldali, k\u00e9toldalas di\u00f3fa, 95 cm sz\u00e9les \u00e9s 205 cm magas m\u00e9retekkel, alum\u00ednium k\u00fcsz\u00f6b\u00f6s, 5 pontos z\u00e1r\u00e1ssal \u00e9s 3 db 3D ajt\u00f3p\u00e1nttal. A term\u00e9k \u00e1ra tartalmaz egy kilincset, egy z\u00e1rat 5 kulccsal. Sz\u00e1rnyak sz\u00e1ma: egysz\u00e1rny\u00fa Sz\u00edn: di\u00f3 Profil: WDS 70 profil Kov\u00e1csol\u00e1s: AXOR INDUSTRY M\u00e9retek: sz\u00e9less\u00e9ge 95 cm magass\u00e1ga 205 cm\"><span class=\"Y2IQFc\" lang=\"hu\">Kov\u00e1csol\u00e1s: AXOR INDUSTRY <\/span><\/p>\n<p class=\"tw-data-text tw-text-large tw-ta\" dir=\"ltr\" data-placeholder=\"Preklad\" data-ved=\"2ahUKEwiqi5H40LuMAxXgygIHHRHAAD0Q3ewLegQIEhAW\" aria-label=\"Prelo\u017een\u00fd text: \u00daj, egysz\u00e1rny\u00fa, m\u0171anyag bej\u00e1rati ajt\u00f3, bal oldali, k\u00e9toldalas di\u00f3fa, 95 cm sz\u00e9les \u00e9s 205 cm magas m\u00e9retekkel, alum\u00ednium k\u00fcsz\u00f6b\u00f6s, 5 pontos z\u00e1r\u00e1ssal \u00e9s 3 db 3D ajt\u00f3p\u00e1nttal. A term\u00e9k \u00e1ra tartalmaz egy kilincset, egy z\u00e1rat 5 kulccsal. Sz\u00e1rnyak sz\u00e1ma: egysz\u00e1rny\u00fa Sz\u00edn: di\u00f3 Profil: WDS 70 profil Kov\u00e1csol\u00e1s: AXOR INDUSTRY M\u00e9retek: sz\u00e9less\u00e9ge 95 cm magass\u00e1ga 205 cm\"><span class=\"Y2IQFc\" lang=\"hu\">M\u00e9retek: sz\u00e9less\u00e9ge 95 cm magass\u00e1ga 205 cm<\/span><\/p>\n","protected":false},"featured_media":3621,"template":"","meta":{"_et_pb_use_builder":"","_et_pb_old_content":"","_et_gb_content_width":""},"product_brand":[],"product_cat":[58,62],"product_tag":[120,112,532,247,146],"class_list":{"0":"post-3634","1":"product","2":"type-product","3":"status-publish","4":"has-post-thumbnail","6":"product_cat-uj-bejarati-ajtok","7":"product_cat-uj-muanyag-bejarati-ajto-egy-szarnyu","8":"product_tag-balos","9":"product_tag-egyszarnyu","10":"product_tag-ketoldalas-diofa-szin","11":"product_tag-muanyag-bejarati-ajto","12":"product_tag-uj","14":"first","15":"instock","16":"shipping-taxable","17":"purchasable","18":"product-type-simple"},"_links":{"self":[{"href":"https:\/\/www.oknadverelacno.sk\/hu\/wp-json\/wp\/v2\/product\/3634","targetHints":{"allow":["GET"]}}],"collection":[{"href":"https:\/\/www.oknadverelacno.sk\/hu\/wp-json\/wp\/v2\/product"}],"about":[{"href":"https:\/\/www.oknadverelacno.sk\/hu\/wp-json\/wp\/v2\/types\/product"}],"wp:featuredmedia":[{"embeddable":true,"href":"https:\/\/www.oknadverelacno.sk\/hu\/wp-json\/wp\/v2\/media\/3621"}],"wp:attachment":[{"href":"https:\/\/www.oknadverelacno.sk\/hu\/wp-json\/wp\/v2\/media?parent=3634"}],"wp:term":[{"taxonomy":"product_brand","embeddable":true,"href":"https:\/\/www.oknadverelacno.sk\/hu\/wp-json\/wp\/v2\/product_brand?post=3634"},{"taxonomy":"product_cat","embeddable":true,"href":"https:\/\/www.oknadverelacno.sk\/hu\/wp-json\/wp\/v2\/product_cat?post=3634"},{"taxonomy":"product_tag","embeddable":true,"href":"https:\/\/www.oknadverelacno.sk\/hu\/wp-json\/wp\/v2\/product_tag?post=3634"}],"curies":[{"name":"wp","href":"https:\/\/api.w.org\/{rel}","templated":true}]}}