{"id":3628,"date":"2024-11-26T10:13:05","date_gmt":"2024-11-26T10:13:05","guid":{"rendered":"https:\/\/www.oknadverelacno.sk\/katalog\/muanyag-ablak-175-cm-x-125-cm"},"modified":"2024-11-26T10:13:05","modified_gmt":"2024-11-26T10:13:05","slug":"muanyag-ablak-175-cm-x-125-cm","status":"publish","type":"product","link":"https:\/\/www.oknadverelacno.sk\/hu\/katalog\/muanyag-ablak-175-cm-x-125-cm","title":{"rendered":"M\u0171anyag ablak 175 cm x 125 cm"},"content":{"rendered":"<ul>\n<li>M\u00e9retek sz\u00e9less\u00e9g\/magass\u00e1g<\/li>\n<li>M\u00e9retek cm-ben<\/li>\n<li>Az \u00e1rak tartalmazz\u00e1k az \u00c1FA-t.<\/li>\n<li>Re\u00e1lis term\u00e9kfot\u00f3k<\/li>\n<\/ul>\n","protected":false},"excerpt":{"rendered":"<p id=\"tw-target-text\" class=\"tw-data-text tw-text-large tw-ta\" dir=\"ltr\" data-placeholder=\"Preklad\">\u00daj, feh\u00e9r, duplasz\u00e1rny\u00fa &#8211; az egyik sz\u00e1rny nyithat\u00f3, a m\u00e1sik nyithat\u00f3 &#8211; zsan\u00e9ros, m\u0171anyag ablak sz\u00e9less\u00e9ge 175 cm x ma 125 cm. A term\u00e9k \u00e1ra tartalmazza az ablakkilincset \u00e9s a burkolatokat. \u00c9rdekl\u0151d\u00e9s eset\u00e9n egyedi gy\u00e1rt\u00e1s\u00fa rovarh\u00e1l\u00f3 v\u00e1s\u00e1rl\u00e1sa is lehets\u00e9ges.<\/p>\n<ul>\n<li dir=\"ltr\" data-placeholder=\"Preklad\">\n<p id=\"tw-target-text\" class=\"tw-data-text tw-text-large tw-ta\" dir=\"ltr\" data-placeholder=\"Preklad\" data-ved=\"2ahUKEwiqi5H40LuMAxXgygIHHRHAAD0Q3ewLegQIEhAW\" aria-label=\"Prelo\u017een\u00fd text: Sz\u00e1rnyak sz\u00e1ma: k\u00e9tsz\u00e1rny\u00fa\n1. sz\u00e1rny O: ny\u00edl\u00e1s\n2. sz\u00e1rny O\/S: nyithat\u00f3-hajthat\u00f3\n\u00dcvegez\u00e9s: \u00e1tl\u00e1tsz\u00f3 dupla \u00fcvegez\u00e9s\nSz\u00edn: feh\u00e9r\nM\u00e9retek:\nsz\u00e9less\u00e9ge 175 cm\nmagass\u00e1ga 125 cm\"><span class=\"Y2IQFc\" lang=\"hu\">Sz\u00e1rnyak sz\u00e1ma: k\u00e9tsz\u00e1rny\u00fa <\/span><\/p>\n<\/li>\n<li dir=\"ltr\" data-placeholder=\"Preklad\">\n<p id=\"tw-target-text\" class=\"tw-data-text tw-text-large tw-ta\" dir=\"ltr\" data-placeholder=\"Preklad\" data-ved=\"2ahUKEwiqi5H40LuMAxXgygIHHRHAAD0Q3ewLegQIEhAW\" aria-label=\"Prelo\u017een\u00fd text: Sz\u00e1rnyak sz\u00e1ma: k\u00e9tsz\u00e1rny\u00fa\n1. sz\u00e1rny O: ny\u00edl\u00e1s\n2. sz\u00e1rny O\/S: nyithat\u00f3-hajthat\u00f3\n\u00dcvegez\u00e9s: \u00e1tl\u00e1tsz\u00f3 dupla \u00fcvegez\u00e9s\nSz\u00edn: feh\u00e9r\nM\u00e9retek:\nsz\u00e9less\u00e9ge 175 cm\nmagass\u00e1ga 125 cm\"><span class=\"Y2IQFc\" lang=\"hu\">1. sz\u00e1rny Ny: nyithat\u00f3<\/span><\/p>\n<\/li>\n<li dir=\"ltr\" data-placeholder=\"Preklad\">\n<p id=\"tw-target-text\" class=\"tw-data-text tw-text-large tw-ta\" dir=\"ltr\" data-placeholder=\"Preklad\" data-ved=\"2ahUKEwiqi5H40LuMAxXgygIHHRHAAD0Q3ewLegQIEhAW\" aria-label=\"Prelo\u017een\u00fd text: Sz\u00e1rnyak sz\u00e1ma: k\u00e9tsz\u00e1rny\u00fa\n1. sz\u00e1rny O: ny\u00edl\u00e1s\n2. sz\u00e1rny O\/S: nyithat\u00f3-hajthat\u00f3\n\u00dcvegez\u00e9s: \u00e1tl\u00e1tsz\u00f3 dupla \u00fcvegez\u00e9s\nSz\u00edn: feh\u00e9r\nM\u00e9retek:\nsz\u00e9less\u00e9ge 175 cm\nmagass\u00e1ga 125 cm\"><span class=\"Y2IQFc\" lang=\"hu\"> 2. sz\u00e1rny Ny\/B: nyithat\u00f3-bok\u00f3<\/span><\/p>\n<\/li>\n<li dir=\"ltr\" data-placeholder=\"Preklad\">\n<p id=\"tw-target-text\" class=\"tw-data-text tw-text-large tw-ta\" dir=\"ltr\" data-placeholder=\"Preklad\" data-ved=\"2ahUKEwiqi5H40LuMAxXgygIHHRHAAD0Q3ewLegQIEhAW\" aria-label=\"Prelo\u017een\u00fd text: Sz\u00e1rnyak sz\u00e1ma: k\u00e9tsz\u00e1rny\u00fa\n1. sz\u00e1rny O: ny\u00edl\u00e1s\n2. sz\u00e1rny O\/S: nyithat\u00f3-hajthat\u00f3\n\u00dcvegez\u00e9s: \u00e1tl\u00e1tsz\u00f3 dupla \u00fcvegez\u00e9s\nSz\u00edn: feh\u00e9r\nM\u00e9retek:\nsz\u00e9less\u00e9ge 175 cm\nmagass\u00e1ga 125 cm\"><span class=\"Y2IQFc\" lang=\"hu\">\u00dcvegez\u00e9s: \u00e1tl\u00e1tsz\u00f3 dupla \u00fcvegez\u00e9s<\/span><\/p>\n<\/li>\n<li dir=\"ltr\" data-placeholder=\"Preklad\">\n<p id=\"tw-target-text\" class=\"tw-data-text tw-text-large tw-ta\" dir=\"ltr\" data-placeholder=\"Preklad\" data-ved=\"2ahUKEwiqi5H40LuMAxXgygIHHRHAAD0Q3ewLegQIEhAW\" aria-label=\"Prelo\u017een\u00fd text: Sz\u00e1rnyak sz\u00e1ma: k\u00e9tsz\u00e1rny\u00fa\n1. sz\u00e1rny O: ny\u00edl\u00e1s\n2. sz\u00e1rny O\/S: nyithat\u00f3-hajthat\u00f3\n\u00dcvegez\u00e9s: \u00e1tl\u00e1tsz\u00f3 dupla \u00fcvegez\u00e9s\nSz\u00edn: feh\u00e9r\nM\u00e9retek:\nsz\u00e9less\u00e9ge 175 cm\nmagass\u00e1ga 125 cm\"><span class=\"Y2IQFc\" lang=\"hu\">Sz\u00edn: feh\u00e9r<\/span><\/p>\n<\/li>\n<li dir=\"ltr\" data-placeholder=\"Preklad\">\n<p id=\"tw-target-text\" class=\"tw-data-text tw-text-large tw-ta\" dir=\"ltr\" data-placeholder=\"Preklad\" data-ved=\"2ahUKEwiqi5H40LuMAxXgygIHHRHAAD0Q3ewLegQIEhAW\" aria-label=\"Prelo\u017een\u00fd text: Sz\u00e1rnyak sz\u00e1ma: k\u00e9tsz\u00e1rny\u00fa\n1. sz\u00e1rny O: ny\u00edl\u00e1s\n2. sz\u00e1rny O\/S: nyithat\u00f3-hajthat\u00f3\n\u00dcvegez\u00e9s: \u00e1tl\u00e1tsz\u00f3 dupla \u00fcvegez\u00e9s\nSz\u00edn: feh\u00e9r\nM\u00e9retek:\nsz\u00e9less\u00e9ge 175 cm\nmagass\u00e1ga 125 cm\"><span class=\"Y2IQFc\" lang=\"hu\">M\u00e9retek: sz\u00e9less\u00e9ge 175 cm magass\u00e1ga 125 cm<\/span><\/p>\n<\/li>\n<\/ul>\n","protected":false},"featured_media":3591,"template":"","meta":{"_et_pb_use_builder":"","_et_pb_old_content":"","_et_gb_content_width":""},"product_brand":[],"product_cat":[63,64],"product_tag":[149,152,422,115,123,113,397],"class_list":{"0":"post-3628","1":"product","2":"type-product","3":"status-publish","4":"has-post-thumbnail","6":"product_cat-uj-ablakok","7":"product_cat-uj-muanyag-ablak-ket-szarnyu","8":"product_tag-ablak","9":"product_tag-buko","10":"product_tag-dupla-uvegezes","11":"product_tag-feher","12":"product_tag-ketszarnyu","13":"product_tag-muanyag","14":"product_tag-olcso","16":"first","17":"instock","18":"shipping-taxable","19":"purchasable","20":"product-type-simple"},"_links":{"self":[{"href":"https:\/\/www.oknadverelacno.sk\/hu\/wp-json\/wp\/v2\/product\/3628","targetHints":{"allow":["GET"]}}],"collection":[{"href":"https:\/\/www.oknadverelacno.sk\/hu\/wp-json\/wp\/v2\/product"}],"about":[{"href":"https:\/\/www.oknadverelacno.sk\/hu\/wp-json\/wp\/v2\/types\/product"}],"wp:featuredmedia":[{"embeddable":true,"href":"https:\/\/www.oknadverelacno.sk\/hu\/wp-json\/wp\/v2\/media\/3591"}],"wp:attachment":[{"href":"https:\/\/www.oknadverelacno.sk\/hu\/wp-json\/wp\/v2\/media?parent=3628"}],"wp:term":[{"taxonomy":"product_brand","embeddable":true,"href":"https:\/\/www.oknadverelacno.sk\/hu\/wp-json\/wp\/v2\/product_brand?post=3628"},{"taxonomy":"product_cat","embeddable":true,"href":"https:\/\/www.oknadverelacno.sk\/hu\/wp-json\/wp\/v2\/product_cat?post=3628"},{"taxonomy":"product_tag","embeddable":true,"href":"https:\/\/www.oknadverelacno.sk\/hu\/wp-json\/wp\/v2\/product_tag?post=3628"}],"curies":[{"name":"wp","href":"https:\/\/api.w.org\/{rel}","templated":true}]}}