{"id":3625,"date":"2024-11-26T09:47:18","date_gmt":"2024-11-26T09:47:18","guid":{"rendered":"https:\/\/www.oknadverelacno.sk\/katalog\/ajto-fogantyu-barna"},"modified":"2025-04-03T10:08:27","modified_gmt":"2025-04-03T10:08:27","slug":"ajto-fogantyu-barna","status":"publish","type":"product","link":"https:\/\/www.oknadverelacno.sk\/hu\/katalog\/ajto-fogantyu-barna","title":{"rendered":"Ajt\u00f3 foganty\u00fa barna"},"content":{"rendered":"<ul>\n<li>M\u00e9retek mm-ben<\/li>\n<li>Az \u00e1rak tartalmazz\u00e1k az \u00c1FA-t<\/li>\n<li>Re\u00e1lis term\u00e9kfot\u00f3k<\/li>\n<\/ul>\n","protected":false},"excerpt":{"rendered":"<p>K\u00e9toldalas bet\u00e9t lyukkal ell\u00e1tott ajt\u00f3szerelv\u00e9ny, k\u00fcls\u0151 \u00e9s bels\u0151 haszn\u00e1latra. K\u00f6nny\u0171 telep\u00edt\u00e9s.<\/p>\n<ul>\n<li id=\"tw-target-text\" class=\"tw-data-text tw-text-large XcVN5d tw-ta\" dir=\"ltr\" data-placeholder=\"Preklad\"><span lang=\"hu\">Term\u00e9k le\u00edr\u00e1s: <\/span><\/li>\n<li class=\"tw-data-text tw-text-large XcVN5d tw-ta\" dir=\"ltr\" data-placeholder=\"Preklad\"><span lang=\"hu\">T\u00e1vols\u00e1g: 92 mm <\/span><\/li>\n<li class=\"tw-data-text tw-text-large XcVN5d tw-ta\" dir=\"ltr\" data-placeholder=\"Preklad\"><span lang=\"hu\">250 x 35 mm (magass\u00e1g x sz\u00e9less\u00e9g)<\/span><\/li>\n<li class=\"tw-data-text tw-text-large XcVN5d tw-ta\" dir=\"ltr\" data-placeholder=\"Preklad\"><span lang=\"hu\">Foganty\u00fa hossza: 120 mm <\/span><\/li>\n<li class=\"tw-data-text tw-text-large XcVN5d tw-ta\" dir=\"ltr\" data-placeholder=\"Preklad\"><span lang=\"hu\">Felszerel\u00e9s: univerz\u00e1lis <\/span><\/li>\n<li class=\"tw-data-text tw-text-large XcVN5d tw-ta\" dir=\"ltr\" data-placeholder=\"Preklad\"><span lang=\"hu\">Alkalmaz\u00e1si ter\u00fclet:k\u00fcls\u0151, bels\u0151 ajt\u00f3k <\/span><\/li>\n<li class=\"tw-data-text tw-text-large XcVN5d tw-ta\" dir=\"ltr\" data-placeholder=\"Preklad\"><span lang=\"hu\">Felszerel\u00e9s: univerz\u00e1lis <\/span><\/li>\n<li class=\"tw-data-text tw-text-large XcVN5d tw-ta\" dir=\"ltr\" data-placeholder=\"Preklad\"><span lang=\"hu\">Sz\u00edn:\u00a0 barna<\/span><\/li>\n<\/ul>\n","protected":false},"featured_media":3584,"template":"","meta":{"_et_pb_use_builder":"","_et_pb_old_content":"","_et_gb_content_width":""},"product_brand":[],"product_cat":[80,79],"product_tag":[214,218,525,192],"class_list":{"0":"post-3625","1":"product","2":"type-product","3":"status-publish","4":"has-post-thumbnail","6":"product_cat-ajtokilincs","7":"product_cat-kiegeszitok","8":"product_tag-ajto-hu","9":"product_tag-barna","10":"product_tag-feher-ajtokilincs","11":"product_tag-kilincs","13":"first","14":"instock","15":"shipping-taxable","16":"purchasable","17":"product-type-simple"},"_links":{"self":[{"href":"https:\/\/www.oknadverelacno.sk\/hu\/wp-json\/wp\/v2\/product\/3625","targetHints":{"allow":["GET"]}}],"collection":[{"href":"https:\/\/www.oknadverelacno.sk\/hu\/wp-json\/wp\/v2\/product"}],"about":[{"href":"https:\/\/www.oknadverelacno.sk\/hu\/wp-json\/wp\/v2\/types\/product"}],"wp:featuredmedia":[{"embeddable":true,"href":"https:\/\/www.oknadverelacno.sk\/hu\/wp-json\/wp\/v2\/media\/3584"}],"wp:attachment":[{"href":"https:\/\/www.oknadverelacno.sk\/hu\/wp-json\/wp\/v2\/media?parent=3625"}],"wp:term":[{"taxonomy":"product_brand","embeddable":true,"href":"https:\/\/www.oknadverelacno.sk\/hu\/wp-json\/wp\/v2\/product_brand?post=3625"},{"taxonomy":"product_cat","embeddable":true,"href":"https:\/\/www.oknadverelacno.sk\/hu\/wp-json\/wp\/v2\/product_cat?post=3625"},{"taxonomy":"product_tag","embeddable":true,"href":"https:\/\/www.oknadverelacno.sk\/hu\/wp-json\/wp\/v2\/product_tag?post=3625"}],"curies":[{"name":"wp","href":"https:\/\/api.w.org\/{rel}","templated":true}]}}