{"id":3539,"date":"2024-05-23T13:46:57","date_gmt":"2024-05-23T13:46:57","guid":{"rendered":"https:\/\/www.oknadverelacno.sk\/katalog\/muanyag-bejarati-ajto-100-cm-x-215-cm-antracit-balos"},"modified":"2024-05-23T14:03:18","modified_gmt":"2024-05-23T14:03:18","slug":"muanyag-bejarati-ajto-100-cm-x-215-cm-antracit-balos","status":"publish","type":"product","link":"https:\/\/www.oknadverelacno.sk\/hu\/katalog\/muanyag-bejarati-ajto-100-cm-x-215-cm-antracit-balos","title":{"rendered":"M\u0171anyag bej\u00e1rati ajt\u00f3 100 cm x 215 cm antracit\/balos"},"content":{"rendered":"<ul>\n<li>M\u00e9retek sz\u00e9less\u00e9g\/magass\u00e1g<\/li>\n<li>M\u00e9retek cm-ben<\/li>\n<li>Az \u00e1rak tartalmazz\u00e1k az \u00c1FA-<\/li>\n<\/ul>\n","protected":false},"excerpt":{"rendered":"<p id=\"tw-target-text\" class=\"tw-data-text tw-text-large tw-ta\" dir=\"ltr\" data-placeholder=\"Preklad\" aria-label=\"Prelo\u017een\u00fd text\" data-ved=\"2ahUKEwjP0N7-9KOGAxUr3gIHHS1wDNAQ3ewLegQICRAU\"><span class=\"Y2IQFc\" lang=\"hu\">\u00daj, egysz\u00e1rny\u00fa, m\u0171anyag bej\u00e1rati ajt\u00f3, bal oldali, k\u00e9toldalas antracit, 100 cm sz\u00e9les \u00e9s 215 cm magas m\u00e9retekkel, alum\u00ednium k\u00fcsz\u00f6b\u00f6s, 5 pontos z\u00e1r\u00e1ssal \u00e9s 3 db 3D ajt\u00f3p\u00e1nttal. Az ajt\u00f3 a t\u00e9rbe ny\u00edlik, azaz bel\u00fclr\u0151l ny\u00edlik \u00e9s rozsdamentes foganty\u00faval rendelkezik. A term\u00e9k \u00e1ra tartalmaz egy kilincset, egy z\u00e1rat 5 kulccsal. Az ablakok dupla h\u0151szigetel\u0151 \u00fcvegez\u00e9s\u0171ek.<\/span><\/p>\n<ul>\n<li id=\"tw-target-text\" class=\"tw-data-text tw-text-large XcVN5d tw-ta\" dir=\"ltr\" data-placeholder=\"Preklad\"><span lang=\"hu\">Sz\u00e1rnyak sz\u00e1ma: egy<\/span>sz\u00e1rny\u00fa<\/li>\n<li class=\"tw-data-text tw-text-large XcVN5d tw-ta\" dir=\"ltr\" data-placeholder=\"Preklad\"><span lang=\"hu\">Sz\u00edn : antracit<\/span><\/li>\n<li class=\"tw-data-text tw-text-large XcVN5d tw-ta\" dir=\"ltr\" data-placeholder=\"Preklad\"><span lang=\"hu\">\u00dcvegez\u00e9s: tiszta dupla \u00fcvegez\u00e9s <\/span><span lang=\"hu\">il <\/span><\/li>\n<li class=\"tw-data-text tw-text-large XcVN5d tw-ta\" dir=\"ltr\" data-placeholder=\"Preklad\"><span lang=\"hu\">Szerelv\u00e9nyek: AXOR INDUSTRY\u00a0<\/span><\/li>\n<li dir=\"ltr\" data-placeholder=\"Preklad\">Profil :\u00a0 profil WDS 70<\/li>\n<\/ul>\n<p>M\u00e9retek:<br \/>sz\u00e9less\u00e9g\u00a0 100 cm<br \/>magass\u00e1g\u00a0 215 cm<\/p>\n","protected":false},"featured_media":3538,"template":"","meta":{"_et_pb_use_builder":"","_et_pb_old_content":"","_et_gb_content_width":""},"product_brand":[],"product_cat":[58,62],"product_tag":[120,112,457,247,146],"class_list":{"0":"post-3539","1":"product","2":"type-product","3":"status-publish","4":"has-post-thumbnail","6":"product_cat-uj-bejarati-ajtok","7":"product_cat-uj-muanyag-bejarati-ajto-egy-szarnyu","8":"product_tag-balos","9":"product_tag-egyszarnyu","10":"product_tag-ketoldali-antracit","11":"product_tag-muanyag-bejarati-ajto","12":"product_tag-uj","14":"first","15":"instock","16":"shipping-taxable","17":"purchasable","18":"product-type-simple"},"_links":{"self":[{"href":"https:\/\/www.oknadverelacno.sk\/hu\/wp-json\/wp\/v2\/product\/3539","targetHints":{"allow":["GET"]}}],"collection":[{"href":"https:\/\/www.oknadverelacno.sk\/hu\/wp-json\/wp\/v2\/product"}],"about":[{"href":"https:\/\/www.oknadverelacno.sk\/hu\/wp-json\/wp\/v2\/types\/product"}],"wp:featuredmedia":[{"embeddable":true,"href":"https:\/\/www.oknadverelacno.sk\/hu\/wp-json\/wp\/v2\/media\/3538"}],"wp:attachment":[{"href":"https:\/\/www.oknadverelacno.sk\/hu\/wp-json\/wp\/v2\/media?parent=3539"}],"wp:term":[{"taxonomy":"product_brand","embeddable":true,"href":"https:\/\/www.oknadverelacno.sk\/hu\/wp-json\/wp\/v2\/product_brand?post=3539"},{"taxonomy":"product_cat","embeddable":true,"href":"https:\/\/www.oknadverelacno.sk\/hu\/wp-json\/wp\/v2\/product_cat?post=3539"},{"taxonomy":"product_tag","embeddable":true,"href":"https:\/\/www.oknadverelacno.sk\/hu\/wp-json\/wp\/v2\/product_tag?post=3539"}],"curies":[{"name":"wp","href":"https:\/\/api.w.org\/{rel}","templated":true}]}}