{"id":3368,"date":"2023-09-16T20:08:28","date_gmt":"2023-09-16T20:08:28","guid":{"rendered":"https:\/\/www.oknadverelacno.sk\/?post_type=product&#038;p=3368"},"modified":"2024-09-04T14:06:58","modified_gmt":"2024-09-04T14:06:58","slug":"vchodove-dvere-c-30-s-95-cm-x-v-205-cm-lave-2","status":"publish","type":"product","link":"https:\/\/www.oknadverelacno.sk\/hu\/katalog\/vchodove-dvere-c-30-s-95-cm-x-v-205-cm-lave-2","title":{"rendered":"Vchodov\u00e9 dvere \u010d.30 \u0161 95 cm x v 205 cm \u013eav\u00e9"},"content":{"rendered":"<ul>\n<li>Rozmery s\u00fa uveden\u00e9 \u0161\u00edrka\/v\u00fd\u0161ka<\/li>\n<li>Rozmery v cm<\/li>\n<li>Ceny s DPH<\/li>\n<li>Re\u00e1lne fotky<\/li>\n<\/ul>\n","protected":false},"excerpt":{"rendered":"<p>Nov\u00e9, jednokr\u00eddlov\u00e9, plastov\u00e9 vchodov\u00e9 dvere, \u013eav\u00e9, zvonka zlat\u00fd dub, zvn\u00fatra biele, s rozmermi \u0161 95 cm a v 205 cm, s hlin\u00edkov\u00fdm prahom, 5 bodov\u00fdm zamykan\u00edm a s 3 kusmi 3D z\u00e1vesmi dver\u00ed. V cene produktu je k\u013eu\u010dka, z\u00e1mok s 5x k\u013e\u00fa\u010dmi. Okienk\u00e1 s\u00fa zasklen\u00e9 izola\u010dn\u00fdm dvojsklom.<\/p>\n<p>Po\u010det kr\u00eddiel: jednokr\u00eddlov\u00e9<br \/>\nFarba: biela \/ zlat\u00fd dub<br \/>\nZasklenie: dvojsklo<br \/>\nProfil :\u00a0 profil Proline<br \/>\nKovanie: AXOR INDUSTRY<\/p>\n<p>Rozmery:<br \/>\n\u0161\u00edrka 95 cm<br \/>\nv\u00fd\u0161ka 205 cm<\/p>\n","protected":false},"featured_media":3369,"template":"","meta":{"_et_pb_use_builder":"","_et_pb_old_content":"","_et_gb_content_width":""},"product_brand":[],"product_cat":[39,32],"product_tag":[90,106,135,246,321,322],"class_list":{"0":"post-3368","1":"product","2":"type-product","3":"status-publish","4":"has-post-thumbnail","6":"product_cat-nove-plastove-vchodove-dvere-jednokridlove","7":"product_cat-nove-vchodove-dvere","8":"product_tag-jednokridlove","9":"product_tag-lave","10":"product_tag-nove","11":"product_tag-plastove-vchodove-dvere","12":"product_tag-zvnutra-biele","13":"product_tag-zvonka-zlaty-dub","15":"first","16":"outofstock","17":"shipping-taxable","18":"purchasable","19":"product-type-simple"},"_links":{"self":[{"href":"https:\/\/www.oknadverelacno.sk\/hu\/wp-json\/wp\/v2\/product\/3368","targetHints":{"allow":["GET"]}}],"collection":[{"href":"https:\/\/www.oknadverelacno.sk\/hu\/wp-json\/wp\/v2\/product"}],"about":[{"href":"https:\/\/www.oknadverelacno.sk\/hu\/wp-json\/wp\/v2\/types\/product"}],"wp:featuredmedia":[{"embeddable":true,"href":"https:\/\/www.oknadverelacno.sk\/hu\/wp-json\/wp\/v2\/media\/3369"}],"wp:attachment":[{"href":"https:\/\/www.oknadverelacno.sk\/hu\/wp-json\/wp\/v2\/media?parent=3368"}],"wp:term":[{"taxonomy":"product_brand","embeddable":true,"href":"https:\/\/www.oknadverelacno.sk\/hu\/wp-json\/wp\/v2\/product_brand?post=3368"},{"taxonomy":"product_cat","embeddable":true,"href":"https:\/\/www.oknadverelacno.sk\/hu\/wp-json\/wp\/v2\/product_cat?post=3368"},{"taxonomy":"product_tag","embeddable":true,"href":"https:\/\/www.oknadverelacno.sk\/hu\/wp-json\/wp\/v2\/product_tag?post=3368"}],"curies":[{"name":"wp","href":"https:\/\/api.w.org\/{rel}","templated":true}]}}