{"id":3316,"date":"2023-04-15T11:52:56","date_gmt":"2023-04-15T11:52:56","guid":{"rendered":"https:\/\/www.oknadverelacno.sk\/katalog\/mellekablakos-erkelyajto-150-cm-x-244-cm-antracit"},"modified":"2023-04-15T11:52:56","modified_gmt":"2023-04-15T11:52:56","slug":"mellekablakos-erkelyajto-150-cm-x-244-cm-antracit","status":"publish","type":"product","link":"https:\/\/www.oknadverelacno.sk\/hu\/katalog\/mellekablakos-erkelyajto-150-cm-x-244-cm-antracit","title":{"rendered":"Mell\u00e9kablakos erk\u00e9lyajt\u00f3 150 cm x 244 cm antracit"},"content":{"rendered":"<ul>\n<li>M\u00e9retek sz\u00e9less\u00e9g\/magass\u00e1g<\/li>\n<li>M\u00e9retek cm-ben<\/li>\n<li>Az \u00e1rak tartalmazz\u00e1k az \u00c1FA-t.<\/li>\n<\/ul>\n","protected":false},"excerpt":{"rendered":"<p id=\"tw-target-text\" class=\"tw-data-text tw-text-large tw-ta\" dir=\"ltr\" data-placeholder=\"Preklad\"><span class=\"Y2IQFc\" lang=\"hu\">\u00daj, k\u00edv\u00fcl-bel\u00fcl antracit, egysz\u00e1rny\u00fa erk\u00e9lyajt\u00f3 mell\u00e9kvil\u00e1g\u00edt\u00f3val, m\u00e9retei\u00a0 150 cm x\u00a0 244 cm. A term\u00e9k \u00e1ra ablakkilincset, sapk\u00e1kat \u00e9s ablakp\u00e1rk\u00e1nyprofilt tartalmaz. <\/span><\/p>\n<p class=\"tw-data-text tw-text-large tw-ta\" dir=\"ltr\" data-placeholder=\"Preklad\"><span class=\"Y2IQFc\" lang=\"hu\">Sz\u00e1rnyak sz\u00e1ma: egysz\u00e1rny\u00fa <\/span><\/p>\n<p class=\"tw-data-text tw-text-large tw-ta\" dir=\"ltr\" data-placeholder=\"Preklad\"><span class=\"Y2IQFc\" lang=\"hu\">Sz\u00edn: antracit <\/span><\/p>\n<p class=\"tw-data-text tw-text-large tw-ta\" dir=\"ltr\" data-placeholder=\"Preklad\"><span class=\"Y2IQFc\" lang=\"hu\">Ny+H: nyithat\u00f3-hajthat\u00f3 <\/span><\/p>\n<p class=\"tw-data-text tw-text-large tw-ta\" dir=\"ltr\" data-placeholder=\"Preklad\"><span class=\"Y2IQFc\" lang=\"hu\">\u00dcvegez\u00e9s: \u00e1tl\u00e1tsz\u00f3 dupla \u00fcvegez\u00e9s <\/span><\/p>\n<p class=\"tw-data-text tw-text-large tw-ta\" dir=\"ltr\" data-placeholder=\"Preklad\"><span class=\"Y2IQFc\" lang=\"hu\">M\u00e9retek: sz\u00e9less\u00e9ge 150 cm magass\u00e1ga 244 cm<\/span><\/p>\n","protected":false},"featured_media":3296,"template":"","meta":{"_et_pb_use_builder":"","_et_pb_old_content":"","_et_gb_content_width":""},"product_brand":[],"product_cat":[57,58,226,60],"product_tag":[474,490,146],"class_list":{"0":"post-3316","1":"product","2":"type-product","3":"status-publish","4":"has-post-thumbnail","6":"product_cat-be-nem-sorolt","7":"product_cat-uj-bejarati-ajtok","8":"product_cat-uj-erkelyajtok-es-teraszajtok","9":"product_cat-uj-muanyag-teraszajto-erkelyajto-egyszarnyu","10":"product_tag-antracit-hu-4","11":"product_tag-egyszarnyu-erkelyajto-mellekablakkal","12":"product_tag-uj","14":"first","15":"outofstock","16":"shipping-taxable","17":"purchasable","18":"product-type-simple"},"_links":{"self":[{"href":"https:\/\/www.oknadverelacno.sk\/hu\/wp-json\/wp\/v2\/product\/3316","targetHints":{"allow":["GET"]}}],"collection":[{"href":"https:\/\/www.oknadverelacno.sk\/hu\/wp-json\/wp\/v2\/product"}],"about":[{"href":"https:\/\/www.oknadverelacno.sk\/hu\/wp-json\/wp\/v2\/types\/product"}],"wp:featuredmedia":[{"embeddable":true,"href":"https:\/\/www.oknadverelacno.sk\/hu\/wp-json\/wp\/v2\/media\/3296"}],"wp:attachment":[{"href":"https:\/\/www.oknadverelacno.sk\/hu\/wp-json\/wp\/v2\/media?parent=3316"}],"wp:term":[{"taxonomy":"product_brand","embeddable":true,"href":"https:\/\/www.oknadverelacno.sk\/hu\/wp-json\/wp\/v2\/product_brand?post=3316"},{"taxonomy":"product_cat","embeddable":true,"href":"https:\/\/www.oknadverelacno.sk\/hu\/wp-json\/wp\/v2\/product_cat?post=3316"},{"taxonomy":"product_tag","embeddable":true,"href":"https:\/\/www.oknadverelacno.sk\/hu\/wp-json\/wp\/v2\/product_tag?post=3316"}],"curies":[{"name":"wp","href":"https:\/\/api.w.org\/{rel}","templated":true}]}}