{"id":3314,"date":"2023-04-15T11:36:34","date_gmt":"2023-04-15T11:36:34","guid":{"rendered":"https:\/\/www.oknadverelacno.sk\/katalog\/bejarati-ajto-felulvilagitoval-189-cm-x-273-cm-aluminium"},"modified":"2023-04-15T11:36:34","modified_gmt":"2023-04-15T11:36:34","slug":"bejarati-ajto-felulvilagitoval-189-cm-x-273-cm-aluminium","status":"publish","type":"product","link":"https:\/\/www.oknadverelacno.sk\/hu\/katalog\/bejarati-ajto-felulvilagitoval-189-cm-x-273-cm-aluminium","title":{"rendered":"Bej\u00e1rati ajt\u00f3 mell\u00e9klvil\u00e1g\u00edt\u00f3val 189 cm x 273 cm alum\u00ednium"},"content":{"rendered":"<ul>\n<li id=\"tw-target-text\" class=\"tw-data-text tw-text-large XcVN5d tw-ta\" dir=\"ltr\" data-placeholder=\"Preklad\"><span class=\"Y2IQFc\" lang=\"hu\">A m\u00e9retek sz\u00e9less\u00e9get \/ magass\u00e1got adnak meg <\/span><\/li>\n<li class=\"tw-data-text tw-text-large XcVN5d tw-ta\" dir=\"ltr\" data-placeholder=\"Preklad\"><span class=\"Y2IQFc\" lang=\"hu\">M\u00e9retek cm-ben <\/span><\/li>\n<li class=\"tw-data-text tw-text-large XcVN5d tw-ta\" dir=\"ltr\" data-placeholder=\"Preklad\"><span class=\"Y2IQFc\" lang=\"hu\">\u00c1rak \u00e1f\u00e1val<\/span><\/li>\n<\/ul>\n","protected":false},"excerpt":{"rendered":"<p id=\"tw-target-text\" class=\"tw-data-text tw-text-large tw-ta\" dir=\"ltr\" data-placeholder=\"Preklad\"><span class=\"Y2IQFc\" lang=\"hu\">\u00daj, egysz\u00e1rny\u00fa, teljesen \u00fcvegezett, kifel\u00e9 ny\u00edl\u00f3, balos, m\u0171anyag bej\u00e1rati ajt\u00f3 plusz mell\u00e9kablakos, k\u00edv\u00fcl-bel\u00fcl antracit, 189 cm sz\u00e9les \u00e9s 273 cm magas, alum\u00ednium k\u00fcsz\u00f6bos, 5 pontos z\u00e1r\u00e1ssal \u00e9s 4 db. 3D ajt\u00f3p\u00e1ntok. A term\u00e9k \u00e1ra tartalmaz egy kilincset, egy z\u00e1rat 5 kulccsal. Az ablakok dupla h\u0151szigetel\u0151 \u00fcvegez\u00e9s\u0171ek. <\/span><\/p>\n<p class=\"tw-data-text tw-text-large tw-ta\" dir=\"ltr\" data-placeholder=\"Preklad\"><span class=\"Y2IQFc\" lang=\"hu\">Sz\u00edn: antracit <\/span><\/p>\n<p class=\"tw-data-text tw-text-large tw-ta\" dir=\"ltr\" data-placeholder=\"Preklad\"><span class=\"Y2IQFc\" lang=\"hu\">Sz\u00e1rnyak sz\u00e1ma: egysz\u00e1rny\u00fa <\/span><\/p>\n<p class=\"tw-data-text tw-text-large tw-ta\" dir=\"ltr\" data-placeholder=\"Preklad\"><span class=\"Y2IQFc\" lang=\"hu\">M\u00e9retek: sz\u00e9less\u00e9ge 189 cm magass\u00e1ga 273 cm<\/span><\/p>\n","protected":false},"featured_media":3283,"template":"","meta":{"_et_pb_use_builder":"","_et_pb_old_content":"","_et_gb_content_width":""},"product_brand":[],"product_cat":[58,62],"product_tag":[120,112,348,247,353,146],"class_list":{"0":"post-3314","1":"product","2":"type-product","3":"status-publish","4":"has-post-thumbnail","6":"product_cat-uj-bejarati-ajtok","7":"product_cat-uj-muanyag-bejarati-ajto-egy-szarnyu","8":"product_tag-balos","9":"product_tag-egyszarnyu","10":"product_tag-kifele-nyithato","11":"product_tag-muanyag-bejarati-ajto","12":"product_tag-teljes-uveg-bejarati-ajto","13":"product_tag-uj","15":"first","16":"instock","17":"shipping-taxable","18":"purchasable","19":"product-type-simple"},"_links":{"self":[{"href":"https:\/\/www.oknadverelacno.sk\/hu\/wp-json\/wp\/v2\/product\/3314","targetHints":{"allow":["GET"]}}],"collection":[{"href":"https:\/\/www.oknadverelacno.sk\/hu\/wp-json\/wp\/v2\/product"}],"about":[{"href":"https:\/\/www.oknadverelacno.sk\/hu\/wp-json\/wp\/v2\/types\/product"}],"wp:featuredmedia":[{"embeddable":true,"href":"https:\/\/www.oknadverelacno.sk\/hu\/wp-json\/wp\/v2\/media\/3283"}],"wp:attachment":[{"href":"https:\/\/www.oknadverelacno.sk\/hu\/wp-json\/wp\/v2\/media?parent=3314"}],"wp:term":[{"taxonomy":"product_brand","embeddable":true,"href":"https:\/\/www.oknadverelacno.sk\/hu\/wp-json\/wp\/v2\/product_brand?post=3314"},{"taxonomy":"product_cat","embeddable":true,"href":"https:\/\/www.oknadverelacno.sk\/hu\/wp-json\/wp\/v2\/product_cat?post=3314"},{"taxonomy":"product_tag","embeddable":true,"href":"https:\/\/www.oknadverelacno.sk\/hu\/wp-json\/wp\/v2\/product_tag?post=3314"}],"curies":[{"name":"wp","href":"https:\/\/api.w.org\/{rel}","templated":true}]}}