{"id":3250,"date":"2023-03-11T20:24:07","date_gmt":"2023-03-11T20:24:07","guid":{"rendered":"https:\/\/www.oknadverelacno.sk\/katalog\/atipikus-muanyag-ablak-dio"},"modified":"2023-03-11T20:24:07","modified_gmt":"2023-03-11T20:24:07","slug":"atipikus-muanyag-ablak-dio","status":"publish","type":"product","link":"https:\/\/www.oknadverelacno.sk\/hu\/katalog\/atipikus-muanyag-ablak-dio","title":{"rendered":"Atipikus m\u0171anyag ablak \/ di\u00f3"},"content":{"rendered":"<ul>\n<li>M\u00e9retek sz\u00e9less\u00e9g\/magass\u00e1g<\/li>\n<li>M\u00e9retek cm-ben<\/li>\n<li>Az \u00e1rak tartalmazz\u00e1k az \u00c1FA-t.<\/li>\n<li>Re\u00e1lis term\u00e9kfot\u00f3k<\/li>\n<\/ul>\n","protected":false},"excerpt":{"rendered":"<p id=\"tw-target-text\" class=\"tw-data-text tw-text-large tw-ta\" dir=\"ltr\" data-placeholder=\"Preklad\"><span class=\"Y2IQFc\" lang=\"hu\">\u00daj, k\u00e9tsz\u00e1rny\u00fa m\u0171anyag ablak, nem szabv\u00e1nyos form\u00e1j\u00fa, m\u00e9retei sz 138 cm x ma bal oldalon 96 cm \u00e9s jobb oldalon 69 cm, k\u00edv\u00fcl-bel\u00fcl di\u00f3. A term\u00e9k \u00e1ra tartalmazza az ablakkilincset \u00e9s a burkolatokat. \u00c9rdekl\u0151d\u00e9s eset\u00e9n egyedi gy\u00e1rt\u00e1s\u00fa rovarh\u00e1l\u00f3 v\u00e1s\u00e1rl\u00e1sa is lehets\u00e9ges.<\/span><\/p>\n<ul>\n<li id=\"tw-target-text\" class=\"tw-data-text tw-text-large tw-ta\" dir=\"ltr\" data-placeholder=\"Preklad\"><span class=\"Y2IQFc\" lang=\"hu\">Sz\u00e1rnyak sz\u00e1ma: k\u00e9tsz\u00e1rny\u00fa <\/span><\/li>\n<li class=\"tw-data-text tw-text-large tw-ta\" dir=\"ltr\" data-placeholder=\"Preklad\"><span class=\"Y2IQFc\" lang=\"hu\">1. sz\u00e1rny Ny: ny\u00edl\u00e1s <\/span><\/li>\n<li class=\"tw-data-text tw-text-large tw-ta\" dir=\"ltr\" data-placeholder=\"Preklad\"><span class=\"Y2IQFc\" lang=\"hu\">2. sz\u00e1rny B\/Ny: buk\u00f3\/nyithat\u00f3<\/span><\/li>\n<li class=\"tw-data-text tw-text-large tw-ta\" dir=\"ltr\" data-placeholder=\"Preklad\"><span class=\"Y2IQFc\" lang=\"hu\"> \u00dcvegez\u00e9s: \u00e1tl\u00e1tsz\u00f3 dupla \u00fcvegez\u00e9s <\/span><\/li>\n<li class=\"tw-data-text tw-text-large tw-ta\" dir=\"ltr\" data-placeholder=\"Preklad\"><span class=\"Y2IQFc\" lang=\"hu\">Sz\u00edn: di\u00f3<\/span><\/li>\n<li id=\"tw-target-text\" class=\"tw-data-text tw-text-large tw-ta\" dir=\"ltr\" data-placeholder=\"Preklad\"><span class=\"Y2IQFc\" lang=\"hu\">M\u00e9retek:<\/span><span class=\"Y2IQFc\" lang=\"hu\">sz\u00e9less\u00e9ge 138 cm<\/span><\/li>\n<li class=\"tw-data-text tw-text-large tw-ta\" dir=\"ltr\" data-placeholder=\"Preklad\"><span class=\"Y2IQFc\" lang=\"hu\">\u00a0egyik oldal magass\u00e1ga 96 cm <\/span><\/li>\n<li class=\"tw-data-text tw-text-large tw-ta\" dir=\"ltr\" data-placeholder=\"Preklad\"><span class=\"Y2IQFc\" lang=\"hu\">\u00a0m\u00e1sik oldal magass\u00e1ga 69 cm<\/span><\/li>\n<\/ul>\n","protected":false},"featured_media":3239,"template":"","meta":{"_et_pb_use_builder":"","_et_pb_old_content":"","_et_gb_content_width":""},"product_brand":[],"product_cat":[63,64],"product_tag":[396,146],"class_list":{"0":"post-3250","1":"product","2":"type-product","3":"status-publish","4":"has-post-thumbnail","6":"product_cat-uj-ablakok","7":"product_cat-uj-muanyag-ablak-ket-szarnyu","8":"product_tag-dio","9":"product_tag-uj","11":"first","12":"instock","13":"shipping-taxable","14":"purchasable","15":"product-type-simple"},"_links":{"self":[{"href":"https:\/\/www.oknadverelacno.sk\/hu\/wp-json\/wp\/v2\/product\/3250","targetHints":{"allow":["GET"]}}],"collection":[{"href":"https:\/\/www.oknadverelacno.sk\/hu\/wp-json\/wp\/v2\/product"}],"about":[{"href":"https:\/\/www.oknadverelacno.sk\/hu\/wp-json\/wp\/v2\/types\/product"}],"wp:featuredmedia":[{"embeddable":true,"href":"https:\/\/www.oknadverelacno.sk\/hu\/wp-json\/wp\/v2\/media\/3239"}],"wp:attachment":[{"href":"https:\/\/www.oknadverelacno.sk\/hu\/wp-json\/wp\/v2\/media?parent=3250"}],"wp:term":[{"taxonomy":"product_brand","embeddable":true,"href":"https:\/\/www.oknadverelacno.sk\/hu\/wp-json\/wp\/v2\/product_brand?post=3250"},{"taxonomy":"product_cat","embeddable":true,"href":"https:\/\/www.oknadverelacno.sk\/hu\/wp-json\/wp\/v2\/product_cat?post=3250"},{"taxonomy":"product_tag","embeddable":true,"href":"https:\/\/www.oknadverelacno.sk\/hu\/wp-json\/wp\/v2\/product_tag?post=3250"}],"curies":[{"name":"wp","href":"https:\/\/api.w.org\/{rel}","templated":true}]}}