{"id":3249,"date":"2023-03-14T18:30:00","date_gmt":"2023-03-14T18:30:00","guid":{"rendered":"https:\/\/www.oknadverelacno.sk\/katalog\/muanyag-ablak-80-cm-x-137-cm-d-f"},"modified":"2023-03-14T18:30:00","modified_gmt":"2023-03-14T18:30:00","slug":"muanyag-ablak-80-cm-x-137-cm-d-f","status":"publish","type":"product","link":"https:\/\/www.oknadverelacno.sk\/hu\/katalog\/muanyag-ablak-80-cm-x-137-cm-d-f","title":{"rendered":"M\u0171anyag ablak 80 cm x 137 cm D\/F"},"content":{"rendered":"<ul>\n<li>M\u00e9retek sz\u00e9less\u00e9g\/magass\u00e1g<\/li>\n<li>M\u00e9retek cm-ben<\/li>\n<li>Az \u00e1rak tartalmazz\u00e1k az \u00c1FA-t.<\/li>\n<li>Re\u00e1lis term\u00e9kfot\u00f3k<\/li>\n<\/ul>\n","protected":false},"excerpt":{"rendered":"<p id=\"tw-target-text\" class=\"tw-data-text tw-text-large tw-ta\" dir=\"ltr\" data-placeholder=\"Preklad\"><span class=\"Y2IQFc\" lang=\"hu\">\u00daj, k\u00edv\u00fcl di\u00f3, bel\u00fcl feh\u00e9r, egysz\u00e1rny\u00fa, buk\u00f3-ny\u00edl\u00f3, m\u0171anyag ablak sz\u00e9less\u00e9ge 80 cm x ma 137 cm. A term\u00e9k \u00e1ra tartalmazza az ablakkilincset \u00e9s a burkolatokat.<\/span><\/p>\n<p dir=\"ltr\" data-placeholder=\"Preklad\">Sz\u00e1rnyak: egysz\u00e1rny\u00fa<br \/>1. sz\u00e1rny B\/Ny: buk\u00f3\/ny\u00edl\u00f3<br \/>\u00dcvegez\u00e9s: 3 r\u00e9teg\u0171 \u00fcveg<br \/>Sz\u00edne: di\u00f3\/feh\u00e9r<\/p>\n<p dir=\"ltr\" data-placeholder=\"Preklad\">M\u00e9retek:<br \/>sz\u00e9less\u00e9g 80 cm<br \/>magass\u00e1g 137 cm<\/p>\n","protected":false},"featured_media":3242,"template":"","meta":{"_et_pb_use_builder":"","_et_pb_old_content":"","_et_gb_content_width":""},"product_brand":[],"product_cat":[63,65],"product_tag":[328,148,112,481,147,146],"class_list":{"0":"post-3249","1":"product","2":"type-product","3":"status-publish","4":"has-post-thumbnail","6":"product_cat-uj-ablakok","7":"product_cat-uj-muanyag-ablak-egy-szarnyu","8":"product_tag-belul-feher","9":"product_tag-buko-nyilo","10":"product_tag-egyszarnyu","11":"product_tag-kivul-dio","12":"product_tag-muanyag-ablak","13":"product_tag-uj","15":"first","16":"instock","17":"shipping-taxable","18":"purchasable","19":"product-type-simple"},"_links":{"self":[{"href":"https:\/\/www.oknadverelacno.sk\/hu\/wp-json\/wp\/v2\/product\/3249","targetHints":{"allow":["GET"]}}],"collection":[{"href":"https:\/\/www.oknadverelacno.sk\/hu\/wp-json\/wp\/v2\/product"}],"about":[{"href":"https:\/\/www.oknadverelacno.sk\/hu\/wp-json\/wp\/v2\/types\/product"}],"wp:featuredmedia":[{"embeddable":true,"href":"https:\/\/www.oknadverelacno.sk\/hu\/wp-json\/wp\/v2\/media\/3242"}],"wp:attachment":[{"href":"https:\/\/www.oknadverelacno.sk\/hu\/wp-json\/wp\/v2\/media?parent=3249"}],"wp:term":[{"taxonomy":"product_brand","embeddable":true,"href":"https:\/\/www.oknadverelacno.sk\/hu\/wp-json\/wp\/v2\/product_brand?post=3249"},{"taxonomy":"product_cat","embeddable":true,"href":"https:\/\/www.oknadverelacno.sk\/hu\/wp-json\/wp\/v2\/product_cat?post=3249"},{"taxonomy":"product_tag","embeddable":true,"href":"https:\/\/www.oknadverelacno.sk\/hu\/wp-json\/wp\/v2\/product_tag?post=3249"}],"curies":[{"name":"wp","href":"https:\/\/api.w.org\/{rel}","templated":true}]}}