{"id":3191,"date":"2023-01-04T14:57:48","date_gmt":"2023-01-04T14:57:48","guid":{"rendered":"https:\/\/www.oknadverelacno.sk\/katalog\/muanyag-ablak-80-cm-x-80-cm-balos-bny"},"modified":"2023-01-04T14:57:48","modified_gmt":"2023-01-04T14:57:48","slug":"muanyag-ablak-80-cm-x-80-cm-balos-bny","status":"publish","type":"product","link":"https:\/\/www.oknadverelacno.sk\/hu\/katalog\/muanyag-ablak-80-cm-x-80-cm-balos-bny","title":{"rendered":"M\u0171anyag ablak 80 cm x 80 cm balos B+Ny"},"content":{"rendered":"<ul>\n<li>M\u00e9retek sz\u00e9less\u00e9g\/magass\u00e1g<\/li>\n<li>M\u00e9retek cm-ben<\/li>\n<li>Az \u00e1rak tartalmazz\u00e1k az \u00c1FA-t.<\/li>\n<li>Re\u00e1lis term\u00e9kfot\u00f3k<\/li>\n<\/ul>\n","protected":false},"excerpt":{"rendered":"<p>\u00daj, egysz\u00e1rny\u00fa, <span lang=\"hu\">feh\u00e9r,<\/span> buk\u00f3-ny\u00edl\u00f3, balos m\u0171anyag ablak. Az ablak m\u00e9retei: 80 cm sz\u00e9les, 80 cm magas. Az \u00e1r tartalmazza a hozz\u00e1val\u00f3 ablakkilincset \u00e9s v\u00e9gz\u00e1r\u00f3kat. \u00c9rdekl\u0151d\u00e9s eset\u00e9n lehet\u0151s\u00e9g van egy egyedi gy\u00e1rt\u00e1s\u00fa rovarh\u00e1l\u00f3 megv\u00e1s\u00e1rl\u00e1s\u00e1ra.<\/p>\n<p>Sz\u00e1rnyak: egysz\u00e1rny\u00fa<br \/>B+Ny: buk\u00f3-ny\u00edl\u00f3<br \/>\u00dcvegez\u00e9s: 2 r\u00e9teg\u0171 norm\u00e1l s\u00edk\u00fcveg<br \/>Sz\u00edne: feh\u00e9r<br \/>Vasalat: AXOR INDUSTRY<\/p>\n<p>M\u00e9retek:<br \/>sz\u00e9less\u00e9g 80 cm<br \/>magass\u00e1g 80 cm<\/p>\n","protected":false},"featured_media":3187,"template":"","meta":{"_et_pb_use_builder":"","_et_pb_old_content":"","_et_gb_content_width":""},"product_brand":[],"product_cat":[63,65],"product_tag":[252,120,148,112,115,147,146],"class_list":{"0":"post-3191","1":"product","2":"type-product","3":"status-publish","4":"has-post-thumbnail","6":"product_cat-uj-ablakok","7":"product_cat-uj-muanyag-ablak-egy-szarnyu","8":"product_tag-ablakfogantyu","9":"product_tag-balos","10":"product_tag-buko-nyilo","11":"product_tag-egyszarnyu","12":"product_tag-feher","13":"product_tag-muanyag-ablak","14":"product_tag-uj","16":"first","17":"instock","18":"shipping-taxable","19":"purchasable","20":"product-type-simple"},"_links":{"self":[{"href":"https:\/\/www.oknadverelacno.sk\/hu\/wp-json\/wp\/v2\/product\/3191","targetHints":{"allow":["GET"]}}],"collection":[{"href":"https:\/\/www.oknadverelacno.sk\/hu\/wp-json\/wp\/v2\/product"}],"about":[{"href":"https:\/\/www.oknadverelacno.sk\/hu\/wp-json\/wp\/v2\/types\/product"}],"wp:featuredmedia":[{"embeddable":true,"href":"https:\/\/www.oknadverelacno.sk\/hu\/wp-json\/wp\/v2\/media\/3187"}],"wp:attachment":[{"href":"https:\/\/www.oknadverelacno.sk\/hu\/wp-json\/wp\/v2\/media?parent=3191"}],"wp:term":[{"taxonomy":"product_brand","embeddable":true,"href":"https:\/\/www.oknadverelacno.sk\/hu\/wp-json\/wp\/v2\/product_brand?post=3191"},{"taxonomy":"product_cat","embeddable":true,"href":"https:\/\/www.oknadverelacno.sk\/hu\/wp-json\/wp\/v2\/product_cat?post=3191"},{"taxonomy":"product_tag","embeddable":true,"href":"https:\/\/www.oknadverelacno.sk\/hu\/wp-json\/wp\/v2\/product_tag?post=3191"}],"curies":[{"name":"wp","href":"https:\/\/api.w.org\/{rel}","templated":true}]}}