{"id":3156,"date":"2022-12-14T14:01:20","date_gmt":"2022-12-14T14:01:20","guid":{"rendered":"https:\/\/www.oknadverelacno.sk\/katalog\/muanyag-ablak-110-cm-x-110-cm-bny-ny"},"modified":"2022-12-14T14:01:20","modified_gmt":"2022-12-14T14:01:20","slug":"muanyag-ablak-110-cm-x-110-cm-bny-ny","status":"publish","type":"product","link":"https:\/\/www.oknadverelacno.sk\/hu\/katalog\/muanyag-ablak-110-cm-x-110-cm-bny-ny","title":{"rendered":"M\u0171anyag ablak 110 cm x 110 cm B+Ny\/Ny"},"content":{"rendered":"<ul>\n<li>M\u00e9retek sz\u00e9less\u00e9g\/magass\u00e1g<\/li>\n<li>M\u00e9retek cm-ben<\/li>\n<li>Az \u00e1rak tartalmazz\u00e1k az \u00c1FA-t.<\/li>\n<li>Re\u00e1lis term\u00e9kfot\u00f3k<\/li>\n<\/ul>\n","protected":false},"excerpt":{"rendered":"<p>\u00daj, k\u00e9tsz\u00e1rny\u00fa, feh\u00e9r, buk\u00f3-ny\u00edl\u00f3, tokosztott, m\u0171anyag ablak. Az ablak m\u00e9retei: 110 cm sz\u00e9les, 110 cm magas. Az \u00e1r tartalmazza a hozz\u00e1val\u00f3 ablakkilincset, v\u00e9gz\u00e1r\u00f3kat \u00e9s a p\u00e1rk\u00e1nyfogad\u00f3t. <span class=\"Y2IQFc\" lang=\"hu\">\u00c9rdekl\u0151d\u00e9s eset\u00e9n egyedi gy\u00e1rt\u00e1s\u00fa rovarh\u00e1l\u00f3 v\u00e1s\u00e1rl\u00e1sa 18 \u20ac-os \u00e1ron lehets\u00e9ges.<\/span><\/p>\n<p>Sz\u00e1rnyak: k\u00e9tsz\u00e1rny\u00fa<br \/>1. sz\u00e1rny B+Ny: buk\u00f3-ny\u00edl\u00f3<br \/>2. sz\u00e1rny Ny: ny\u00edl\u00f3<br \/>\u00dcvegez\u00e9s: 2 r\u00e9teg\u0171 \u00fcveg<br \/>Sz\u00edne: feh\u00e9r<br \/>Profil: WDS 70<br \/>Vasalat: AXOR INDUSTRY<br \/>M\u00e9retek:<br \/>sz\u00e9less\u00e9g 110 cm<br \/>magass\u00e1g 110 cm<\/p>\n","protected":false},"featured_media":3158,"template":"","meta":{"_et_pb_use_builder":"","_et_pb_old_content":"","_et_gb_content_width":""},"product_brand":[],"product_cat":[63,64],"product_tag":[254,251,148,115,123,147,253,310,146,362],"class_list":{"0":"post-3156","1":"product","2":"type-product","3":"status-publish","4":"has-post-thumbnail","6":"product_cat-uj-ablakok","7":"product_cat-uj-muanyag-ablak-ket-szarnyu","8":"product_tag-ablakkilincs","9":"product_tag-boritok","10":"product_tag-buko-nyilo","11":"product_tag-feher","12":"product_tag-ketszarnyu","13":"product_tag-muanyag-ablak","14":"product_tag-parkanyprofil","15":"product_tag-szunyoghalo-hu","16":"product_tag-uj","17":"product_tag-wds-70-hu","19":"first","20":"outofstock","21":"shipping-taxable","22":"purchasable","23":"product-type-simple"},"_links":{"self":[{"href":"https:\/\/www.oknadverelacno.sk\/hu\/wp-json\/wp\/v2\/product\/3156","targetHints":{"allow":["GET"]}}],"collection":[{"href":"https:\/\/www.oknadverelacno.sk\/hu\/wp-json\/wp\/v2\/product"}],"about":[{"href":"https:\/\/www.oknadverelacno.sk\/hu\/wp-json\/wp\/v2\/types\/product"}],"wp:featuredmedia":[{"embeddable":true,"href":"https:\/\/www.oknadverelacno.sk\/hu\/wp-json\/wp\/v2\/media\/3158"}],"wp:attachment":[{"href":"https:\/\/www.oknadverelacno.sk\/hu\/wp-json\/wp\/v2\/media?parent=3156"}],"wp:term":[{"taxonomy":"product_brand","embeddable":true,"href":"https:\/\/www.oknadverelacno.sk\/hu\/wp-json\/wp\/v2\/product_brand?post=3156"},{"taxonomy":"product_cat","embeddable":true,"href":"https:\/\/www.oknadverelacno.sk\/hu\/wp-json\/wp\/v2\/product_cat?post=3156"},{"taxonomy":"product_tag","embeddable":true,"href":"https:\/\/www.oknadverelacno.sk\/hu\/wp-json\/wp\/v2\/product_tag?post=3156"}],"curies":[{"name":"wp","href":"https:\/\/api.w.org\/{rel}","templated":true}]}}