{"id":3113,"date":"2022-12-14T11:14:38","date_gmt":"2022-12-14T11:14:38","guid":{"rendered":"https:\/\/www.oknadverelacno.sk\/katalog\/muanyag-bejarati-ajto-ganz-95-cm-x-190-cm-balos"},"modified":"2022-12-14T11:14:38","modified_gmt":"2022-12-14T11:14:38","slug":"muanyag-bejarati-ajto-ganz-95-cm-x-190-cm-balos","status":"publish","type":"product","link":"https:\/\/www.oknadverelacno.sk\/hu\/katalog\/muanyag-bejarati-ajto-ganz-95-cm-x-190-cm-balos","title":{"rendered":"M\u0171anyag bej\u00e1rati ajt\u00f3 Ganz 95 cm x 190 cm balos"},"content":{"rendered":"<ul>\n<li>M\u00e9retek sz\u00e9less\u00e9g\/magass\u00e1g<\/li>\n<li>M\u00e9retek cm-ben<\/li>\n<li>Az \u00e1rak tartalmazz\u00e1k az \u00c1FA-t.<\/li>\n<\/ul>\n","protected":false},"excerpt":{"rendered":"<p>Ganz m\u00e1rk\u00e1j\u00fa, egysz\u00e1rny\u00fa, balos, feh\u00e9r m\u0171anyag bej\u00e1rati ajt\u00f3. Az ajt\u00f3 m\u00e9retei: 95 cm sz\u00e9les, 190 cm magas. Minden ajt\u00f3 5 ponton z\u00e1r\u00f3d\u00f3, 3 darab 3 dimenzi\u00f3ban \u00e1ll\u00edthat\u00f3 ajt\u00f3p\u00e1nttal \u00e9s alum\u00ednium k\u00fcsz\u00f6bbel. Az \u00e1r tartalmazza a hozz\u00e1val\u00f3 ajt\u00f3kilincset \u00e9s a z\u00e1rbet\u00e9tet 3 db kulccsal.<\/p>\n<p>M\u00e9retek:<br \/>sz\u00e9less\u00e9g 95 cm<br \/>magass\u00e1g 190 cm<\/p>\n","protected":false},"featured_media":611,"template":"","meta":{"_et_pb_use_builder":"","_et_pb_old_content":"","_et_gb_content_width":""},"product_brand":[],"product_cat":[57,58,62],"product_tag":[463,211,112,115,113,395],"class_list":{"0":"post-3113","1":"product","2":"type-product","3":"status-publish","4":"has-post-thumbnail","6":"product_cat-be-nem-sorolt","7":"product_cat-uj-bejarati-ajtok","8":"product_cat-uj-muanyag-bejarati-ajto-egy-szarnyu","9":"product_tag-5-ponton-zarodo-hu-2","10":"product_tag-bejarati-ajtok","11":"product_tag-egyszarnyu","12":"product_tag-feher","13":"product_tag-muanyag","14":"product_tag-profil-wds-70-hu","16":"first","17":"instock","18":"shipping-taxable","19":"purchasable","20":"product-type-simple"},"_links":{"self":[{"href":"https:\/\/www.oknadverelacno.sk\/hu\/wp-json\/wp\/v2\/product\/3113","targetHints":{"allow":["GET"]}}],"collection":[{"href":"https:\/\/www.oknadverelacno.sk\/hu\/wp-json\/wp\/v2\/product"}],"about":[{"href":"https:\/\/www.oknadverelacno.sk\/hu\/wp-json\/wp\/v2\/types\/product"}],"wp:featuredmedia":[{"embeddable":true,"href":"https:\/\/www.oknadverelacno.sk\/hu\/wp-json\/wp\/v2\/media\/611"}],"wp:attachment":[{"href":"https:\/\/www.oknadverelacno.sk\/hu\/wp-json\/wp\/v2\/media?parent=3113"}],"wp:term":[{"taxonomy":"product_brand","embeddable":true,"href":"https:\/\/www.oknadverelacno.sk\/hu\/wp-json\/wp\/v2\/product_brand?post=3113"},{"taxonomy":"product_cat","embeddable":true,"href":"https:\/\/www.oknadverelacno.sk\/hu\/wp-json\/wp\/v2\/product_cat?post=3113"},{"taxonomy":"product_tag","embeddable":true,"href":"https:\/\/www.oknadverelacno.sk\/hu\/wp-json\/wp\/v2\/product_tag?post=3113"}],"curies":[{"name":"wp","href":"https:\/\/api.w.org\/{rel}","templated":true}]}}