{"id":3072,"date":"2022-08-03T12:46:34","date_gmt":"2022-08-03T12:46:34","guid":{"rendered":"https:\/\/www.oknadverelacno.sk\/katalog\/muanyag-ablak-80-cm-x-42-cm-at-jobbos"},"modified":"2022-08-03T13:08:41","modified_gmt":"2022-08-03T13:08:41","slug":"muanyag-ablak-80-cm-x-42-cm-at-jobbos","status":"publish","type":"product","link":"https:\/\/www.oknadverelacno.sk\/hu\/katalog\/muanyag-ablak-80-cm-x-42-cm-at-jobbos","title":{"rendered":"M\u0171anyag ablak 80 cm x 42 cm AT jobbos"},"content":{"rendered":"<ul>\n<li>M\u00e9retek sz\u00e9less\u00e9g\/magass\u00e1g<\/li>\n<li>M\u00e9retek cm-ben<\/li>\n<li>Az \u00e1rak tartalmazz\u00e1k az \u00c1FA-t.<\/li>\n<li>Re\u00e1lis term\u00e9kfot\u00f3k<\/li>\n<\/ul>\n","protected":false},"excerpt":{"rendered":"<p>\u00daj, egysz\u00e1rny\u00fa, k<span lang=\"hu\">\u00edv\u00fcl arany t\u00f6lgy, bel\u00fcl feh\u00e9r,<\/span> buk\u00f3-ny\u00edl\u00f3, jobbos m\u0171anyag ablak. Az ablak m\u00e9retei: 80 cm sz\u00e9les, 42 cm magas. Az \u00e1r tartalmazza a hozz\u00e1val\u00f3 ablakkilincset, v\u00e9gz\u00e1r\u00f3kat \u00e9s a p\u00e1rk\u00e1nyfogad\u00f3t.<\/p>\n<p>Sz\u00e1rnyak: egysz\u00e1rny\u00fa<br \/>\nB+Ny: buk\u00f3-ny\u00edl\u00f3<br \/>\n\u00dcvegez\u00e9s: 2 r\u00e9teg\u0171 norm\u00e1l s\u00edk\u00fcveg<br \/>\nSz\u00edne: arany t\u00f6lgy \/ feh\u00e9r<br \/>\nProfil: WDS 70<br \/>\nVasalat: AXOR INDUSTRY<br \/>\nM\u00e9retek:<br \/>\nsz\u00e9less\u00e9g 80 cm<br \/>\nmagass\u00e1g 42 cm<\/p>\n","protected":false},"featured_media":3069,"template":"","meta":{"_et_pb_use_builder":"","_et_pb_old_content":"","_et_gb_content_width":""},"product_brand":[],"product_cat":[63,65],"product_tag":[328,148,112,329,147,146,362],"class_list":{"0":"post-3072","1":"product","2":"type-product","3":"status-publish","4":"has-post-thumbnail","6":"product_cat-uj-ablakok","7":"product_cat-uj-muanyag-ablak-egy-szarnyu","8":"product_tag-belul-feher","9":"product_tag-buko-nyilo","10":"product_tag-egyszarnyu","11":"product_tag-kint-aranytolgy","12":"product_tag-muanyag-ablak","13":"product_tag-uj","14":"product_tag-wds-70-hu","16":"first","17":"instock","18":"shipping-taxable","19":"purchasable","20":"product-type-simple"},"_links":{"self":[{"href":"https:\/\/www.oknadverelacno.sk\/hu\/wp-json\/wp\/v2\/product\/3072","targetHints":{"allow":["GET"]}}],"collection":[{"href":"https:\/\/www.oknadverelacno.sk\/hu\/wp-json\/wp\/v2\/product"}],"about":[{"href":"https:\/\/www.oknadverelacno.sk\/hu\/wp-json\/wp\/v2\/types\/product"}],"wp:featuredmedia":[{"embeddable":true,"href":"https:\/\/www.oknadverelacno.sk\/hu\/wp-json\/wp\/v2\/media\/3069"}],"wp:attachment":[{"href":"https:\/\/www.oknadverelacno.sk\/hu\/wp-json\/wp\/v2\/media?parent=3072"}],"wp:term":[{"taxonomy":"product_brand","embeddable":true,"href":"https:\/\/www.oknadverelacno.sk\/hu\/wp-json\/wp\/v2\/product_brand?post=3072"},{"taxonomy":"product_cat","embeddable":true,"href":"https:\/\/www.oknadverelacno.sk\/hu\/wp-json\/wp\/v2\/product_cat?post=3072"},{"taxonomy":"product_tag","embeddable":true,"href":"https:\/\/www.oknadverelacno.sk\/hu\/wp-json\/wp\/v2\/product_tag?post=3072"}],"curies":[{"name":"wp","href":"https:\/\/api.w.org\/{rel}","templated":true}]}}