{"id":3055,"date":"2022-06-30T13:29:43","date_gmt":"2022-06-30T13:29:43","guid":{"rendered":"https:\/\/www.oknadverelacno.sk\/katalog\/bejarati-ajto-halb-90-cm-x-200-cm-jobbos"},"modified":"2022-06-30T13:29:43","modified_gmt":"2022-06-30T13:29:43","slug":"bejarati-ajto-halb-90-cm-x-200-cm-jobbos","status":"publish","type":"product","link":"https:\/\/www.oknadverelacno.sk\/hu\/katalog\/bejarati-ajto-halb-90-cm-x-200-cm-jobbos","title":{"rendered":"Bej\u00e1rati ajt\u00f3 Halb 90 cm x 200 cm jobbos"},"content":{"rendered":"<ul>\n<li id=\"tw-target-text\" class=\"tw-data-text tw-text-large XcVN5d tw-ta\" dir=\"ltr\" data-placeholder=\"Preklad\"><span class=\"Y2IQFc\" lang=\"hu\">A m\u00e9retek sz\u00e9less\u00e9get \/ magass\u00e1got adnak meg <\/span><\/li>\n<li class=\"tw-data-text tw-text-large XcVN5d tw-ta\" dir=\"ltr\" data-placeholder=\"Preklad\"><span class=\"Y2IQFc\" lang=\"hu\">M\u00e9retek cm-ben <\/span><\/li>\n<li class=\"tw-data-text tw-text-large XcVN5d tw-ta\" dir=\"ltr\" data-placeholder=\"Preklad\"><span class=\"Y2IQFc\" lang=\"hu\">\u00c1rak \u00e1f\u00e1val<\/span><\/li>\n<\/ul>\n","protected":false},"excerpt":{"rendered":"<p><span class=\"Y2IQFc\" lang=\"hu\">\u00daj, egysz\u00e1rny\u00fa, <\/span><span class=\"Y2IQFc\" lang=\"hu\">f\u00e9lig \u00fcvegezett, <\/span><span class=\"Y2IQFc\" lang=\"hu\">k\u00edv\u00fclr\u0151l nyithat\u00f3, jobb oldali, m\u0171anyag bej\u00e1rati ajt\u00f3, k\u00edv\u00fcl antracit, bel\u00fcl feh\u00e9r, 90 cm-es \u00e9s 200 cm-es m\u00e9retekkel, alum\u00ednium k\u00fcsz\u00f6bbel, 5 pontos reteszel\u00e9ssel \u00e9s 3 darab 3D-vel ajt\u00f3p\u00e1ntok. A term\u00e9k \u00e1ra tartalmaz egy foganty\u00fat, 5 kulcsos z\u00e1rat. <\/span><span class=\"Y2IQFc\" lang=\"hu\">Az ablakok h\u0151szigetelt kett\u0151s \u00fcvegez\u00e9s\u0171ek.<\/span><\/p>\n<ul>\n<li id=\"tw-target-text\" class=\"tw-data-text tw-text-large XcVN5d tw-ta\" dir=\"ltr\" data-placeholder=\"Preklad\"><span class=\"Y2IQFc\" lang=\"hu\">Ajt\u00f3profil: WDS 70 <\/span><\/li>\n<li class=\"tw-data-text tw-text-large XcVN5d tw-ta\" dir=\"ltr\" data-placeholder=\"Preklad\"><span class=\"Y2IQFc\" lang=\"hu\">Szerelv\u00e9nyek: AXOR INDUSTRY <\/span><\/li>\n<li class=\"tw-data-text tw-text-large XcVN5d tw-ta\" dir=\"ltr\" data-placeholder=\"Preklad\"><span class=\"Y2IQFc\" lang=\"hu\">Sz\u00edn: antracit \/ feh\u00e9r <\/span><\/li>\n<li class=\"tw-data-text tw-text-large XcVN5d tw-ta\" dir=\"ltr\" data-placeholder=\"Preklad\"><span class=\"Y2IQFc\" lang=\"hu\">Sz\u00e1rnyak sz\u00e1ma: egysz\u00e1rny\u00fa<\/span><\/li>\n<li class=\"tw-data-text tw-text-large XcVN5d tw-ta\" dir=\"ltr\" data-placeholder=\"Preklad\"><span class=\"Y2IQFc\" lang=\"hu\">M\u00e9retek: <\/span><\/li>\n<li class=\"tw-data-text tw-text-large XcVN5d tw-ta\" dir=\"ltr\" data-placeholder=\"Preklad\"><span class=\"Y2IQFc\" lang=\"hu\">sz\u00e9less\u00e9ge 90 cm <\/span><\/li>\n<li class=\"tw-data-text tw-text-large XcVN5d tw-ta\" dir=\"ltr\" data-placeholder=\"Preklad\"><span class=\"Y2IQFc\" lang=\"hu\">magass\u00e1ga 200 cm<\/span><\/li>\n<\/ul>\n","protected":false},"featured_media":3049,"template":"","meta":{"_et_pb_use_builder":"","_et_pb_old_content":"","_et_gb_content_width":""},"product_brand":[],"product_cat":[58,62],"product_tag":[223,112,343,116,348,247,146,362],"class_list":{"0":"post-3055","1":"product","2":"type-product","3":"status-publish","4":"has-post-thumbnail","6":"product_cat-uj-bejarati-ajtok","7":"product_cat-uj-muanyag-bejarati-ajto-egy-szarnyu","8":"product_tag-antracit-hu","9":"product_tag-egyszarnyu","10":"product_tag-felig-uvegezett","11":"product_tag-jobbos","12":"product_tag-kifele-nyithato","13":"product_tag-muanyag-bejarati-ajto","14":"product_tag-uj","15":"product_tag-wds-70-hu","17":"first","18":"outofstock","19":"shipping-taxable","20":"purchasable","21":"product-type-simple"},"_links":{"self":[{"href":"https:\/\/www.oknadverelacno.sk\/hu\/wp-json\/wp\/v2\/product\/3055","targetHints":{"allow":["GET"]}}],"collection":[{"href":"https:\/\/www.oknadverelacno.sk\/hu\/wp-json\/wp\/v2\/product"}],"about":[{"href":"https:\/\/www.oknadverelacno.sk\/hu\/wp-json\/wp\/v2\/types\/product"}],"wp:featuredmedia":[{"embeddable":true,"href":"https:\/\/www.oknadverelacno.sk\/hu\/wp-json\/wp\/v2\/media\/3049"}],"wp:attachment":[{"href":"https:\/\/www.oknadverelacno.sk\/hu\/wp-json\/wp\/v2\/media?parent=3055"}],"wp:term":[{"taxonomy":"product_brand","embeddable":true,"href":"https:\/\/www.oknadverelacno.sk\/hu\/wp-json\/wp\/v2\/product_brand?post=3055"},{"taxonomy":"product_cat","embeddable":true,"href":"https:\/\/www.oknadverelacno.sk\/hu\/wp-json\/wp\/v2\/product_cat?post=3055"},{"taxonomy":"product_tag","embeddable":true,"href":"https:\/\/www.oknadverelacno.sk\/hu\/wp-json\/wp\/v2\/product_tag?post=3055"}],"curies":[{"name":"wp","href":"https:\/\/api.w.org\/{rel}","templated":true}]}}