{"id":3016,"date":"2022-05-13T12:13:51","date_gmt":"2022-05-13T12:13:51","guid":{"rendered":"https:\/\/www.oknadverelacno.sk\/katalog\/erkelyajto-180-cm-x-205-cm-arany-tolgy-feher"},"modified":"2022-05-13T12:13:51","modified_gmt":"2022-05-13T12:13:51","slug":"erkelyajto-180-cm-x-205-cm-arany-tolgy-feher","status":"publish","type":"product","link":"https:\/\/www.oknadverelacno.sk\/hu\/katalog\/erkelyajto-180-cm-x-205-cm-arany-tolgy-feher","title":{"rendered":"Erk\u00e9lyajt\u00f3 180 cm x 205 cm arany t\u00f6lgy\/feh\u00e9r"},"content":{"rendered":"<ul>\n<li>M\u00e9retek sz\u00e9less\u00e9g\/magass\u00e1g<\/li>\n<li>M\u00e9retek cm-ben<\/li>\n<li>Az \u00e1rak tartalmazz\u00e1k az \u00c1FA-t.<\/li>\n<\/ul>\n","protected":false},"excerpt":{"rendered":"<p class=\"tw-data-text tw-text-large XcVN5d tw-ta\" dir=\"ltr\" data-placeholder=\"Preklad\"><span lang=\"hu\">\u00daj, bel\u00fcl feh\u00e9r, k\u00edv\u00fcl arany t\u00f6lgy, k\u00e9tsz\u00e1rny\u00fa erk\u00e9lyajt\u00f3, amelyek m\u00e9retei 180 cm x 205 cm. <\/span><span lang=\"hu\">A term\u00e9k \u00e1ra tartalmaz egy ablakfoganty\u00fat, bor\u00edt\u00f3kat \u00e9s p\u00e1rk\u00e1nyprofilt.<\/span><\/p>\n<ul>\n<li id=\"tw-target-text\" class=\"tw-data-text tw-text-large XcVN5d tw-ta\" dir=\"ltr\" data-placeholder=\"Preklad\"><span lang=\"hu\">Sz\u00e1rnyak sz\u00e1ma:\u00a0 k\u00e9tsz\u00e1rny\u00fa.<\/span><\/li>\n<li class=\"tw-data-text tw-text-large XcVN5d tw-ta\" dir=\"ltr\" data-placeholder=\"Preklad\"><span lang=\"hu\">\u00a0Sz\u00edn: feh\u00e9r\/arany t\u00f6lgy<\/span><\/li>\n<li class=\"tw-data-text tw-text-large XcVN5d tw-ta\" dir=\"ltr\" data-placeholder=\"Preklad\"><span lang=\"hu\">\u00a0Ny + B: nyit\u00e1s-billent\u00e9s.\u00a0<\/span><\/li>\n<li class=\"tw-data-text tw-text-large XcVN5d tw-ta\" dir=\"ltr\" data-placeholder=\"Preklad\"><span lang=\"hu\"> \u00dcvegez\u00e9s: tiszta dupla \u00fcvegez\u00e9s.\u00a0 <\/span><\/li>\n<li class=\"tw-data-text tw-text-large XcVN5d tw-ta\" dir=\"ltr\" data-placeholder=\"Preklad\"><span lang=\"hu\">Ablakprofil: WDS 70 ablakprofil.\u00a0<\/span><\/li>\n<li class=\"tw-data-text tw-text-large XcVN5d tw-ta\" dir=\"ltr\" data-placeholder=\"Preklad\"><span lang=\"hu\"> Szerelv\u00e9nyek: AXOR IPAR <\/span><\/li>\n<li class=\"tw-data-text tw-text-large XcVN5d tw-ta\" dir=\"ltr\" data-placeholder=\"Preklad\"><span lang=\"hu\">M\u00e9retek: sz\u00e9less\u00e9ge 180 cm<\/span><\/li>\n<li class=\"tw-data-text tw-text-large XcVN5d tw-ta\" dir=\"ltr\" data-placeholder=\"Preklad\"><span lang=\"hu\">\u00a0 \u00a0 \u00a0 \u00a0 \u00a0 \u00a0 \u00a0 \u00a0 magass\u00e1ga 205 cm<\/span><\/li>\n<\/ul>\n","protected":false},"featured_media":3015,"template":"","meta":{"_et_pb_use_builder":"","_et_pb_old_content":"","_et_gb_content_width":""},"product_brand":[],"product_cat":[226,59],"product_tag":[328,123,329,235,146,362],"class_list":{"0":"post-3016","1":"product","2":"type-product","3":"status-publish","4":"has-post-thumbnail","6":"product_cat-uj-erkelyajtok-es-teraszajtok","7":"product_cat-uj-muanyag-teraszajto-erkelyajto-ketszarnyu","8":"product_tag-belul-feher","9":"product_tag-ketszarnyu","10":"product_tag-kint-aranytolgy","11":"product_tag-teraszajto","12":"product_tag-uj","13":"product_tag-wds-70-hu","15":"first","16":"instock","17":"shipping-taxable","18":"purchasable","19":"product-type-simple"},"_links":{"self":[{"href":"https:\/\/www.oknadverelacno.sk\/hu\/wp-json\/wp\/v2\/product\/3016","targetHints":{"allow":["GET"]}}],"collection":[{"href":"https:\/\/www.oknadverelacno.sk\/hu\/wp-json\/wp\/v2\/product"}],"about":[{"href":"https:\/\/www.oknadverelacno.sk\/hu\/wp-json\/wp\/v2\/types\/product"}],"wp:featuredmedia":[{"embeddable":true,"href":"https:\/\/www.oknadverelacno.sk\/hu\/wp-json\/wp\/v2\/media\/3015"}],"wp:attachment":[{"href":"https:\/\/www.oknadverelacno.sk\/hu\/wp-json\/wp\/v2\/media?parent=3016"}],"wp:term":[{"taxonomy":"product_brand","embeddable":true,"href":"https:\/\/www.oknadverelacno.sk\/hu\/wp-json\/wp\/v2\/product_brand?post=3016"},{"taxonomy":"product_cat","embeddable":true,"href":"https:\/\/www.oknadverelacno.sk\/hu\/wp-json\/wp\/v2\/product_cat?post=3016"},{"taxonomy":"product_tag","embeddable":true,"href":"https:\/\/www.oknadverelacno.sk\/hu\/wp-json\/wp\/v2\/product_tag?post=3016"}],"curies":[{"name":"wp","href":"https:\/\/api.w.org\/{rel}","templated":true}]}}