{"id":3001,"date":"2022-03-24T14:55:45","date_gmt":"2022-03-24T14:55:45","guid":{"rendered":"https:\/\/www.oknadverelacno.sk\/katalog\/muanyag-bejarati-ajto-halb-120-cm-x-200-jobbos-aranytolgy"},"modified":"2022-03-30T11:37:31","modified_gmt":"2022-03-30T11:37:31","slug":"muanyag-bejarati-ajto-halb-120-cm-x-200-jobbos-aranytolgy","status":"publish","type":"product","link":"https:\/\/www.oknadverelacno.sk\/hu\/katalog\/muanyag-bejarati-ajto-halb-120-cm-x-200-jobbos-aranytolgy","title":{"rendered":"M\u0171anyag bej\u00e1rati ajt\u00f3 Halb 120 cm x 200 jobbos\/aranyt\u00f6lgy"},"content":{"rendered":"<ul>\n<li>M\u00e9retek sz\u00e9less\u00e9g\/magass\u00e1g<\/li>\n<li>M\u00e9retek cm-ben<\/li>\n<li>Az \u00e1rak tartalmazz\u00e1k az \u00c1FA-<\/li>\n<\/ul>\n","protected":false},"excerpt":{"rendered":"<p>\u00daj, <span class=\"Y2IQFc\" lang=\"hu\">k\u00e9toldali a<\/span><span class=\"Y2IQFc\" lang=\"hu\">ranyt\u00f6lgy<\/span><span class=\"Y2IQFc\" lang=\"hu\">, k\u00e9t<\/span>sz\u00e1rny\u00fa, jobbos, m\u0171anyag bej\u00e1rati ajt\u00f3<span lang=\"hu\">. <\/span>Az ajt\u00f3 m\u00e9retei: 120 cm sz\u00e9les, 200 cm magas. Minden ajt\u00f3 5 ponton z\u00e1r\u00f3d\u00f3, 6 darab 3 dimenzi\u00f3ban \u00e1ll\u00edthat\u00f3 ajt\u00f3p\u00e1nttal \u00e9s alum\u00ednium k\u00fcsz\u00f6bbel. Az \u00e1r tartalmazza a hozz\u00e1val\u00f3 ajt\u00f3kilincset \u00e9s a z\u00e1rbet\u00e9tet 3 db kulccsal. <span lang=\"hu\">Az ablakok szigetel\u0151 kett\u0151s \u00fcvegez\u00e9ssel vannak ell\u00e1tva.<\/span><\/p>\n<ul>\n<li id=\"tw-target-text\" class=\"tw-data-text tw-text-large XcVN5d tw-ta\" dir=\"ltr\" data-placeholder=\"Preklad\"><span lang=\"hu\">Sz\u00e1rnyak sz\u00e1ma: k\u00e9t<\/span>sz\u00e1rny\u00fa<\/li>\n<li class=\"tw-data-text tw-text-large XcVN5d tw-ta\" dir=\"ltr\" data-placeholder=\"Preklad\"><span lang=\"hu\"><span lang=\"hu\">Sz\u00edn : a<\/span><\/span>ranyt\u00f6lgy<\/li>\n<li class=\"tw-data-text tw-text-large XcVN5d tw-ta\" dir=\"ltr\" data-placeholder=\"Preklad\"><span lang=\"hu\">\u00dcvegez\u00e9s: tiszta dupla \u00fcvegez\u00e9s <\/span><\/li>\n<li class=\"tw-data-text tw-text-large XcVN5d tw-ta\" dir=\"ltr\" data-placeholder=\"Preklad\"><span lang=\"hu\">Profil: WDS 70 profil <\/span><\/li>\n<li class=\"tw-data-text tw-text-large XcVN5d tw-ta\" dir=\"ltr\" data-placeholder=\"Preklad\"><span lang=\"hu\">Szerelv\u00e9nyek: AXOR INDUSTRY\u00a0<\/span><\/li>\n<\/ul>\n<p>M\u00e9retek:<br \/>\nsz\u00e9less\u00e9g\u00a0 120 cm<br \/>\nmagass\u00e1g\u00a0 200 cm<\/p>\n","protected":false},"featured_media":2720,"template":"","meta":{"_et_pb_use_builder":"","_et_pb_old_content":"","_et_gb_content_width":""},"product_brand":[],"product_cat":[58,61],"product_tag":[116,458,123,247,146,362],"class_list":{"0":"post-3001","1":"product","2":"type-product","3":"status-publish","4":"has-post-thumbnail","6":"product_cat-uj-bejarati-ajtok","7":"product_cat-uj-muanyag-bejarati-ajto-ket-szarnyu","8":"product_tag-jobbos","9":"product_tag-ketoldalas-aranytolgy","10":"product_tag-ketszarnyu","11":"product_tag-muanyag-bejarati-ajto","12":"product_tag-uj","13":"product_tag-wds-70-hu","15":"first","16":"outofstock","17":"shipping-taxable","18":"purchasable","19":"product-type-simple"},"_links":{"self":[{"href":"https:\/\/www.oknadverelacno.sk\/hu\/wp-json\/wp\/v2\/product\/3001","targetHints":{"allow":["GET"]}}],"collection":[{"href":"https:\/\/www.oknadverelacno.sk\/hu\/wp-json\/wp\/v2\/product"}],"about":[{"href":"https:\/\/www.oknadverelacno.sk\/hu\/wp-json\/wp\/v2\/types\/product"}],"wp:featuredmedia":[{"embeddable":true,"href":"https:\/\/www.oknadverelacno.sk\/hu\/wp-json\/wp\/v2\/media\/2720"}],"wp:attachment":[{"href":"https:\/\/www.oknadverelacno.sk\/hu\/wp-json\/wp\/v2\/media?parent=3001"}],"wp:term":[{"taxonomy":"product_brand","embeddable":true,"href":"https:\/\/www.oknadverelacno.sk\/hu\/wp-json\/wp\/v2\/product_brand?post=3001"},{"taxonomy":"product_cat","embeddable":true,"href":"https:\/\/www.oknadverelacno.sk\/hu\/wp-json\/wp\/v2\/product_cat?post=3001"},{"taxonomy":"product_tag","embeddable":true,"href":"https:\/\/www.oknadverelacno.sk\/hu\/wp-json\/wp\/v2\/product_tag?post=3001"}],"curies":[{"name":"wp","href":"https:\/\/api.w.org\/{rel}","templated":true}]}}