{"id":2996,"date":"2022-03-24T14:22:20","date_gmt":"2022-03-24T14:22:20","guid":{"rendered":"https:\/\/www.oknadverelacno.sk\/katalog\/muanyag-bejarati-ajto-1413-jobbos-100-cm-x-205-cm"},"modified":"2022-03-24T14:22:20","modified_gmt":"2022-03-24T14:22:20","slug":"muanyag-bejarati-ajto-1413-jobbos-100-cm-x-205-cm","status":"publish","type":"product","link":"https:\/\/www.oknadverelacno.sk\/hu\/katalog\/muanyag-bejarati-ajto-1413-jobbos-100-cm-x-205-cm","title":{"rendered":"M\u0171anyag bej\u00e1rati ajt\u00f3 1413 jobbos 100 cm x 205 cm"},"content":{"rendered":"<ul>\n<li>M\u00e9retek sz\u00e9less\u00e9g\/magass\u00e1g<\/li>\n<li>M\u00e9retek cm-ben<\/li>\n<li>Az \u00e1rak tartalmazz\u00e1k az \u00c1FA-<\/li>\n<\/ul>\n","protected":false},"excerpt":{"rendered":"<p>\u00daj, feh\u00e9r, egysz\u00e1rny\u00fa, jobbos, m\u0171anyag bej\u00e1rati ajt\u00f3<span lang=\"hu\">. <\/span>Az ajt\u00f3 m\u00e9retei: 100 cm sz\u00e9les, 205 cm magas. Minden ajt\u00f3 5 ponton z\u00e1r\u00f3d\u00f3, 3 darab 3 dimenzi\u00f3ban \u00e1ll\u00edthat\u00f3 ajt\u00f3p\u00e1nttal \u00e9s alum\u00ednium k\u00fcsz\u00f6bbel. Az \u00e1r tartalmazza a hozz\u00e1val\u00f3 ajt\u00f3kilincset \u00e9s a z\u00e1rbet\u00e9tet 3 db kulccsal. <span lang=\"hu\">Az ablakok szigetel\u0151 kett\u0151s \u00fcvegez\u00e9ssel vannak ell\u00e1tva.<\/span><\/p>\n<ul>\n<li id=\"tw-target-text\" class=\"tw-data-text tw-text-large XcVN5d tw-ta\" dir=\"ltr\" data-placeholder=\"Preklad\"><span lang=\"hu\">Sz\u00e1rnyak sz\u00e1ma: egy<\/span>sz\u00e1rny\u00fa<\/li>\n<li class=\"tw-data-text tw-text-large XcVN5d tw-ta\" dir=\"ltr\" data-placeholder=\"Preklad\"><span lang=\"hu\">Sz\u00edn : feh\u00e9r<\/span><\/li>\n<li class=\"tw-data-text tw-text-large XcVN5d tw-ta\" dir=\"ltr\" data-placeholder=\"Preklad\"><span lang=\"hu\">\u00dcvegez\u00e9s: tiszta dupla \u00fcvegez\u00e9s <\/span><\/li>\n<li class=\"tw-data-text tw-text-large XcVN5d tw-ta\" dir=\"ltr\" data-placeholder=\"Preklad\"><span lang=\"hu\">Profil: WDS 70 profil <\/span><\/li>\n<li class=\"tw-data-text tw-text-large XcVN5d tw-ta\" dir=\"ltr\" data-placeholder=\"Preklad\"><span lang=\"hu\">Szerelv\u00e9nyek: AXOR INDUSTRY\u00a0<\/span><\/li>\n<\/ul>\n<p>M\u00e9retek:<br \/>\nsz\u00e9less\u00e9g\u00a0 100 cm<br \/>\nmagass\u00e1g\u00a0 205 cm<\/p>\n","protected":false},"featured_media":2970,"template":"","meta":{"_et_pb_use_builder":"","_et_pb_old_content":"","_et_gb_content_width":""},"product_brand":[],"product_cat":[58,62],"product_tag":[211,112,115,116,113,146,362],"class_list":{"0":"post-2996","1":"product","2":"type-product","3":"status-publish","4":"has-post-thumbnail","6":"product_cat-uj-bejarati-ajtok","7":"product_cat-uj-muanyag-bejarati-ajto-egy-szarnyu","8":"product_tag-bejarati-ajtok","9":"product_tag-egyszarnyu","10":"product_tag-feher","11":"product_tag-jobbos","12":"product_tag-muanyag","13":"product_tag-uj","14":"product_tag-wds-70-hu","16":"first","17":"instock","18":"shipping-taxable","19":"purchasable","20":"product-type-simple"},"_links":{"self":[{"href":"https:\/\/www.oknadverelacno.sk\/hu\/wp-json\/wp\/v2\/product\/2996","targetHints":{"allow":["GET"]}}],"collection":[{"href":"https:\/\/www.oknadverelacno.sk\/hu\/wp-json\/wp\/v2\/product"}],"about":[{"href":"https:\/\/www.oknadverelacno.sk\/hu\/wp-json\/wp\/v2\/types\/product"}],"wp:featuredmedia":[{"embeddable":true,"href":"https:\/\/www.oknadverelacno.sk\/hu\/wp-json\/wp\/v2\/media\/2970"}],"wp:attachment":[{"href":"https:\/\/www.oknadverelacno.sk\/hu\/wp-json\/wp\/v2\/media?parent=2996"}],"wp:term":[{"taxonomy":"product_brand","embeddable":true,"href":"https:\/\/www.oknadverelacno.sk\/hu\/wp-json\/wp\/v2\/product_brand?post=2996"},{"taxonomy":"product_cat","embeddable":true,"href":"https:\/\/www.oknadverelacno.sk\/hu\/wp-json\/wp\/v2\/product_cat?post=2996"},{"taxonomy":"product_tag","embeddable":true,"href":"https:\/\/www.oknadverelacno.sk\/hu\/wp-json\/wp\/v2\/product_tag?post=2996"}],"curies":[{"name":"wp","href":"https:\/\/api.w.org\/{rel}","templated":true}]}}