{"id":2944,"date":"2022-02-18T13:32:58","date_gmt":"2022-02-18T13:32:58","guid":{"rendered":"https:\/\/www.oknadverelacno.sk\/katalog\/fix-ablak-130-cm-x-30-cm-antracit"},"modified":"2022-02-18T13:48:59","modified_gmt":"2022-02-18T13:48:59","slug":"fix-ablak-135-cm-x-30-cm-antracit","status":"publish","type":"product","link":"https:\/\/www.oknadverelacno.sk\/hu\/katalog\/fix-ablak-135-cm-x-30-cm-antracit","title":{"rendered":"Fix ablak 135 cm x 30 cm antracit"},"content":{"rendered":"<ul>\n<li>M\u00e9retek sz\u00e9less\u00e9g\/magass\u00e1g<\/li>\n<li>M\u00e9retek cm-ben<\/li>\n<li>Az \u00e1rak tartalmazz\u00e1k az \u00c1FA-t.<\/li>\n<\/ul>\n","protected":false},"excerpt":{"rendered":"<p>\u00daj, <span class=\"Y2IQFc\" lang=\"hu\">antracit k\u00edv\u00fcl &#8211; bel\u00fcl,<\/span><span class=\"Y2IQFc\" lang=\"hu\">\u00a0<\/span>fixablak, sz\u00e9less\u00e9ge 135 cm\u00a0 magass\u00e1ga 30 cm. A fixablak felszerel\u00e9se ut\u00e1n javul a helyis\u00e9gbe t\u00f6rt\u00e9n\u0151 f\u00e9ny\u00e1tereszt\u00e9s.<\/p>\n<ul>\n<li id=\"tw-target-text\" class=\"tw-data-text tw-text-large XcVN5d tw-ta\" dir=\"ltr\" data-placeholder=\"Preklad\"><span class=\"Y2IQFc\" lang=\"hu\">Sz\u00e1rnyak sz\u00e1ma: fix <\/span><\/li>\n<li dir=\"ltr\" data-placeholder=\"Preklad\">Sz\u00edn: antracit<\/li>\n<li class=\"tw-data-text tw-text-large XcVN5d tw-ta\" dir=\"ltr\" data-placeholder=\"Preklad\"><span class=\"Y2IQFc\" lang=\"hu\">\u00dcvegez\u00e9s: \u00e1tl\u00e1tsz\u00f3 kett\u0151s \u00fcvegez\u00e9s<\/span><\/li>\n<li class=\"tw-data-text tw-text-large XcVN5d tw-ta\" dir=\"ltr\" data-placeholder=\"Preklad\"><span class=\"Y2IQFc\" lang=\"hu\">Ablakprofil: WDS 70 ablakprofil <\/span><\/li>\n<li class=\"tw-data-text tw-text-large XcVN5d tw-ta\" dir=\"ltr\" data-placeholder=\"Preklad\"><span class=\"Y2IQFc\" lang=\"hu\">M\u00e9retek: <\/span><\/li>\n<li class=\"tw-data-text tw-text-large XcVN5d tw-ta\" dir=\"ltr\" data-placeholder=\"Preklad\"><span class=\"Y2IQFc\" lang=\"hu\">sz\u00e9less\u00e9ge 135 cm <\/span><\/li>\n<li class=\"tw-data-text tw-text-large XcVN5d tw-ta\" dir=\"ltr\" data-placeholder=\"Preklad\"><span class=\"Y2IQFc\" lang=\"hu\">magass\u00e1ga 30 cm<\/span><\/li>\n<\/ul>\n","protected":false},"featured_media":2939,"template":"","meta":{"_et_pb_use_builder":"","_et_pb_old_content":"","_et_gb_content_width":""},"product_brand":[],"product_cat":[68,63],"product_tag":[223,363,332,331,362],"class_list":{"0":"post-2944","1":"product","2":"type-product","3":"status-publish","4":"has-post-thumbnail","6":"product_cat-fix-ablakok","7":"product_cat-uj-ablakok","8":"product_tag-antracit-hu","9":"product_tag-fix-hu","10":"product_tag-fix-ablak","11":"product_tag-uj-hu","12":"product_tag-wds-70-hu","14":"first","15":"instock","16":"shipping-taxable","17":"purchasable","18":"product-type-simple"},"_links":{"self":[{"href":"https:\/\/www.oknadverelacno.sk\/hu\/wp-json\/wp\/v2\/product\/2944","targetHints":{"allow":["GET"]}}],"collection":[{"href":"https:\/\/www.oknadverelacno.sk\/hu\/wp-json\/wp\/v2\/product"}],"about":[{"href":"https:\/\/www.oknadverelacno.sk\/hu\/wp-json\/wp\/v2\/types\/product"}],"wp:featuredmedia":[{"embeddable":true,"href":"https:\/\/www.oknadverelacno.sk\/hu\/wp-json\/wp\/v2\/media\/2939"}],"wp:attachment":[{"href":"https:\/\/www.oknadverelacno.sk\/hu\/wp-json\/wp\/v2\/media?parent=2944"}],"wp:term":[{"taxonomy":"product_brand","embeddable":true,"href":"https:\/\/www.oknadverelacno.sk\/hu\/wp-json\/wp\/v2\/product_brand?post=2944"},{"taxonomy":"product_cat","embeddable":true,"href":"https:\/\/www.oknadverelacno.sk\/hu\/wp-json\/wp\/v2\/product_cat?post=2944"},{"taxonomy":"product_tag","embeddable":true,"href":"https:\/\/www.oknadverelacno.sk\/hu\/wp-json\/wp\/v2\/product_tag?post=2944"}],"curies":[{"name":"wp","href":"https:\/\/api.w.org\/{rel}","templated":true}]}}