{"id":2920,"date":"2022-01-18T13:27:19","date_gmt":"2022-01-18T13:27:19","guid":{"rendered":"https:\/\/www.oknadverelacno.sk\/katalog\/univerzalis-zarlemez-nagy"},"modified":"2022-01-18T19:00:08","modified_gmt":"2022-01-18T19:00:08","slug":"univerzalis-zarlemez-nagy","status":"publish","type":"product","link":"https:\/\/www.oknadverelacno.sk\/hu\/katalog\/univerzalis-zarlemez-nagy","title":{"rendered":"UNIVERZ\u00c1LIS Z\u00c1RLEMEZ NAGY"},"content":{"rendered":"<ul>\n<li>Az \u00e1rak tartalmazz\u00e1k az \u00c1FA-t<\/li>\n<li>Re\u00e1lis term\u00e9kfot\u00f3k<\/li>\n<\/ul>\n","protected":false},"excerpt":{"rendered":"<p><span class=\"Y2IQFc\" lang=\"hu\">F\u00e9m kieg\u00e9sz\u00edt\u0151k. Univerz\u00e1lis z\u00e1rlemez a bej\u00e1rati ajt\u00f3z\u00e1rnak. Teljes hossza 225 mm.<\/span><\/p>\n","protected":false},"featured_media":2904,"template":"","meta":{"_et_pb_use_builder":"","_et_pb_old_content":"","_et_gb_content_width":""},"product_brand":[],"product_cat":[79],"product_tag":[211,438,439,264],"class_list":{"0":"post-2920","1":"product","2":"type-product","3":"status-publish","4":"has-post-thumbnail","6":"product_cat-kiegeszitok","7":"product_tag-bejarati-ajtok","8":"product_tag-fem-tartozekok","9":"product_tag-univerzalis-zarlemez","10":"product_tag-zar","12":"first","13":"instock","14":"shipping-taxable","15":"purchasable","16":"product-type-simple"},"_links":{"self":[{"href":"https:\/\/www.oknadverelacno.sk\/hu\/wp-json\/wp\/v2\/product\/2920","targetHints":{"allow":["GET"]}}],"collection":[{"href":"https:\/\/www.oknadverelacno.sk\/hu\/wp-json\/wp\/v2\/product"}],"about":[{"href":"https:\/\/www.oknadverelacno.sk\/hu\/wp-json\/wp\/v2\/types\/product"}],"wp:featuredmedia":[{"embeddable":true,"href":"https:\/\/www.oknadverelacno.sk\/hu\/wp-json\/wp\/v2\/media\/2904"}],"wp:attachment":[{"href":"https:\/\/www.oknadverelacno.sk\/hu\/wp-json\/wp\/v2\/media?parent=2920"}],"wp:term":[{"taxonomy":"product_brand","embeddable":true,"href":"https:\/\/www.oknadverelacno.sk\/hu\/wp-json\/wp\/v2\/product_brand?post=2920"},{"taxonomy":"product_cat","embeddable":true,"href":"https:\/\/www.oknadverelacno.sk\/hu\/wp-json\/wp\/v2\/product_cat?post=2920"},{"taxonomy":"product_tag","embeddable":true,"href":"https:\/\/www.oknadverelacno.sk\/hu\/wp-json\/wp\/v2\/product_tag?post=2920"}],"curies":[{"name":"wp","href":"https:\/\/api.w.org\/{rel}","templated":true}]}}