{"id":2889,"date":"2022-01-05T15:50:04","date_gmt":"2022-01-05T15:50:04","guid":{"rendered":"https:\/\/www.oknadverelacno.sk\/katalog\/muanyag-bejarati-ajto-85-cm-x-200-cm-jobbos-f-f"},"modified":"2022-01-05T15:50:04","modified_gmt":"2022-01-05T15:50:04","slug":"muanyag-bejarati-ajto-85-cm-x-200-cm-jobbos-f-f","status":"publish","type":"product","link":"https:\/\/www.oknadverelacno.sk\/hu\/katalog\/muanyag-bejarati-ajto-85-cm-x-200-cm-jobbos-f-f","title":{"rendered":"M\u0171anyag bej\u00e1rati ajt\u00f3 85 cm x 200 cm jobbos F\/F"},"content":{"rendered":"<ul>\n<li>M\u00e9retek sz\u00e9less\u00e9g\/magass\u00e1g<\/li>\n<li>M\u00e9retek cm-ben<\/li>\n<li>Az \u00e1rak tartalmazz\u00e1k az \u00c1FA<\/li>\n<\/ul>\n","protected":false},"excerpt":{"rendered":"<p><span class=\"Y2IQFc\" lang=\"hu\">\u00daj, feh\u00e9r, egysz\u00e1rny\u00fa, teljesen \u00fcveges, jobbos, m\u0171anyag bej\u00e1rati ajt\u00f3, 85 cm \u00e9s 200 cm m\u00e9retekkel alum\u00ednium k\u00fcsz\u00f6b\u00f6s, 1 pontos z\u00e1rral \u00e9s 3 db ablakp\u00e1nttal. A term\u00e9k \u00e1ra tartalmaz egy kilincset \u00e9s egy z\u00e1rat 3 kulccsal. Az ajt\u00f3k h\u0151szigetel\u0151 dupla \u00fcvegez\u00e9s\u0171ek.<\/span><\/p>\n<ul>\n<li><span class=\"Y2IQFc\" lang=\"hu\">Ajt\u00f3profil: WDS 70<\/span><\/li>\n<li><span class=\"Y2IQFc\" lang=\"hu\">Szerelv\u00e9nyek: AXOR INDUSTRY <\/span><\/li>\n<li><span class=\"Y2IQFc\" lang=\"hu\">Feh\u00e9r sz\u00edn <\/span><\/li>\n<li><span class=\"Y2IQFc\" lang=\"hu\">Sz\u00e1rnyak sz\u00e1ma: egysz\u00e1rny\u00fa<\/span><\/li>\n<li><span class=\"Y2IQFc\" lang=\"hu\">\u00dcvegez\u00e9s: h\u0151szigetel\u0151 kett\u0151s \u00fcvegez\u00e9s <\/span><\/li>\n<\/ul>\n<p><span class=\"Y2IQFc\" lang=\"hu\">M\u00e9retek: sz\u00e9less\u00e9ge 85 cm<\/span><\/p>\n<p><span class=\"Y2IQFc\" lang=\"hu\">\u00a0 \u00a0 \u00a0 \u00a0 \u00a0 \u00a0 \u00a0 \u00a0magass\u00e1ga 200 cm<\/span><\/p>\n","protected":false},"featured_media":2896,"template":"","meta":{"_et_pb_use_builder":"","_et_pb_old_content":"","_et_gb_content_width":""},"product_brand":[],"product_cat":[58,62],"product_tag":[211,112,115,116,113,425,146,362],"class_list":{"0":"post-2889","1":"product","2":"type-product","3":"status-publish","4":"has-post-thumbnail","6":"product_cat-uj-bejarati-ajtok","7":"product_cat-uj-muanyag-bejarati-ajto-egy-szarnyu","8":"product_tag-bejarati-ajtok","9":"product_tag-egyszarnyu","10":"product_tag-feher","11":"product_tag-jobbos","12":"product_tag-muanyag","13":"product_tag-teljesen-uveges","14":"product_tag-uj","15":"product_tag-wds-70-hu","17":"first","18":"outofstock","19":"shipping-taxable","20":"purchasable","21":"product-type-simple"},"_links":{"self":[{"href":"https:\/\/www.oknadverelacno.sk\/hu\/wp-json\/wp\/v2\/product\/2889","targetHints":{"allow":["GET"]}}],"collection":[{"href":"https:\/\/www.oknadverelacno.sk\/hu\/wp-json\/wp\/v2\/product"}],"about":[{"href":"https:\/\/www.oknadverelacno.sk\/hu\/wp-json\/wp\/v2\/types\/product"}],"wp:featuredmedia":[{"embeddable":true,"href":"https:\/\/www.oknadverelacno.sk\/hu\/wp-json\/wp\/v2\/media\/2896"}],"wp:attachment":[{"href":"https:\/\/www.oknadverelacno.sk\/hu\/wp-json\/wp\/v2\/media?parent=2889"}],"wp:term":[{"taxonomy":"product_brand","embeddable":true,"href":"https:\/\/www.oknadverelacno.sk\/hu\/wp-json\/wp\/v2\/product_brand?post=2889"},{"taxonomy":"product_cat","embeddable":true,"href":"https:\/\/www.oknadverelacno.sk\/hu\/wp-json\/wp\/v2\/product_cat?post=2889"},{"taxonomy":"product_tag","embeddable":true,"href":"https:\/\/www.oknadverelacno.sk\/hu\/wp-json\/wp\/v2\/product_tag?post=2889"}],"curies":[{"name":"wp","href":"https:\/\/api.w.org\/{rel}","templated":true}]}}