{"id":2803,"date":"2021-11-26T15:29:51","date_gmt":"2021-11-26T15:29:51","guid":{"rendered":"https:\/\/www.oknadverelacno.sk\/katalog\/muanyag-ablak-emelokaros-mechanizmussal-150-cm-x-180-cm"},"modified":"2021-11-26T15:29:51","modified_gmt":"2021-11-26T15:29:51","slug":"muanyag-ablak-emelokaros-mechanizmussal-150-cm-x-180-cm","status":"publish","type":"product","link":"https:\/\/www.oknadverelacno.sk\/hu\/katalog\/muanyag-ablak-emelokaros-mechanizmussal-150-cm-x-180-cm","title":{"rendered":"M\u0171anyag ablak emel\u0151karos mechanizmussal 150 cm x 180 cm"},"content":{"rendered":"<ul>\n<li>M\u00e9retek sz\u00e9less\u00e9g\/magass\u00e1g<\/li>\n<li>M\u00e9retek cm-ben<\/li>\n<li>Az \u00e1rak tartalmazz\u00e1k az \u00c1FA<\/li>\n<\/ul>\n","protected":false},"excerpt":{"rendered":"<p><span class=\"Y2IQFc\" lang=\"hu\">Haszn\u00e1lt, feh\u00e9r, egysz\u00e1rny\u00fa,<\/span><span class=\"Y2IQFc\" lang=\"hu\"> nyithat\u00f3-billenthet\u00f6 <\/span><span class=\"Y2IQFc\" lang=\"hu\">m\u0171anyag ablak emel\u0151szerkezettel, sz\u00e9less\u00e9ge 150 cm x ma 180 cm.<\/span><\/p>\n<ul>\n<li class=\"tw-data-text tw-text-large tw-ta\" dir=\"ltr\" data-placeholder=\"Preklad\"><span class=\"Y2IQFc\" lang=\"hu\"> Sz\u00e1rnyak sz\u00e1ma: egysz\u00e1rny\u00fa <\/span><\/li>\n<li class=\"tw-data-text tw-text-large tw-ta\" dir=\"ltr\" data-placeholder=\"Preklad\"><span class=\"Y2IQFc\" lang=\"hu\">Feh\u00e9r sz\u00edn <\/span><\/li>\n<li class=\"tw-data-text tw-text-large tw-ta\" dir=\"ltr\" data-placeholder=\"Preklad\"><span class=\"Y2IQFc\" lang=\"hu\">\u00dcvegez\u00e9s: \u00e1tl\u00e1tsz\u00f3 dupla \u00fcvegez\u00e9s<\/span><\/li>\n<li class=\"tw-data-text tw-text-large tw-ta\" dir=\"ltr\" data-placeholder=\"Preklad\"><span class=\"Y2IQFc\" lang=\"hu\"> M\u00e9retek: sz\u00e9less\u00e9ge 150 cm <\/span><\/li>\n<li class=\"tw-data-text tw-text-large tw-ta\" dir=\"ltr\" data-placeholder=\"Preklad\"><span class=\"Y2IQFc\" lang=\"hu\">\u00a0 \u00a0 \u00a0 \u00a0 \u00a0 \u00a0 \u00a0 \u00a0 magass\u00e1ga 180 cm<\/span><\/li>\n<\/ul>\n","protected":false},"featured_media":2779,"template":"","meta":{"_et_pb_use_builder":"","_et_pb_old_content":"","_et_gb_content_width":""},"product_brand":[],"product_cat":[74,78],"product_tag":[115,157,224,147],"class_list":{"0":"post-2803","1":"product","2":"type-product","3":"status-publish","4":"has-post-thumbnail","6":"product_cat-hasznalt-ablakok","7":"product_cat-hasznalt-muanyag-ablak-tobb-szarnyu","8":"product_tag-feher","9":"product_tag-hasznalt","10":"product_tag-kar-mechanizmus","11":"product_tag-muanyag-ablak","13":"first","14":"instock","15":"shipping-taxable","16":"purchasable","17":"product-type-simple"},"_links":{"self":[{"href":"https:\/\/www.oknadverelacno.sk\/hu\/wp-json\/wp\/v2\/product\/2803","targetHints":{"allow":["GET"]}}],"collection":[{"href":"https:\/\/www.oknadverelacno.sk\/hu\/wp-json\/wp\/v2\/product"}],"about":[{"href":"https:\/\/www.oknadverelacno.sk\/hu\/wp-json\/wp\/v2\/types\/product"}],"wp:featuredmedia":[{"embeddable":true,"href":"https:\/\/www.oknadverelacno.sk\/hu\/wp-json\/wp\/v2\/media\/2779"}],"wp:attachment":[{"href":"https:\/\/www.oknadverelacno.sk\/hu\/wp-json\/wp\/v2\/media?parent=2803"}],"wp:term":[{"taxonomy":"product_brand","embeddable":true,"href":"https:\/\/www.oknadverelacno.sk\/hu\/wp-json\/wp\/v2\/product_brand?post=2803"},{"taxonomy":"product_cat","embeddable":true,"href":"https:\/\/www.oknadverelacno.sk\/hu\/wp-json\/wp\/v2\/product_cat?post=2803"},{"taxonomy":"product_tag","embeddable":true,"href":"https:\/\/www.oknadverelacno.sk\/hu\/wp-json\/wp\/v2\/product_tag?post=2803"}],"curies":[{"name":"wp","href":"https:\/\/api.w.org\/{rel}","templated":true}]}}