{"id":2795,"date":"2021-11-25T15:32:47","date_gmt":"2021-11-25T15:32:47","guid":{"rendered":"https:\/\/www.oknadverelacno.sk\/katalog\/muanyag-ablak-70-cm-x-50-cm"},"modified":"2021-12-09T13:40:12","modified_gmt":"2021-12-09T13:40:12","slug":"muanyag-ablak-70-cm-x-50-cm","status":"publish","type":"product","link":"https:\/\/www.oknadverelacno.sk\/hu\/katalog\/muanyag-ablak-70-cm-x-50-cm","title":{"rendered":"M\u0171anyag ablak 70 cm x 50 cm"},"content":{"rendered":"<ul>\n<li>M\u00e9retek sz\u00e9less\u00e9g\/magass\u00e1g<\/li>\n<li>M\u00e9retek cm-ben<\/li>\n<li>Az \u00e1rak tartalmazz\u00e1k az \u00c1FA-t.<\/li>\n<li>Re\u00e1lis term\u00e9kfot\u00f3k<\/li>\n<\/ul>\n","protected":false},"excerpt":{"rendered":"<ul>\n<li id=\"tw-target-text\" class=\"tw-data-text tw-text-large tw-ta\" dir=\"ltr\" data-placeholder=\"Preklad\"><span class=\"Y2IQFc\" lang=\"hu\">\u00daj, feh\u00e9r, egysz\u00e1rny\u00fa, buk\u00f3 m\u0171anyag ablak sz\u00e9less\u00e9ge 70 cm x ma 50 cm. A term\u00e9k \u00e1ra tartalmazza az ablakkilincset, burkolatokat. \u00c9rdekl\u0151d\u00e9s eset\u00e9n egyedi gy\u00e1rt\u00e1s\u00fa rovarh\u00e1l\u00f3 v\u00e1s\u00e1rl\u00e1sa 8 \u20ac-os \u00e1ron lehets\u00e9ges. <\/span><\/li>\n<li class=\"tw-data-text tw-text-large tw-ta\" dir=\"ltr\" data-placeholder=\"Preklad\"><span class=\"Y2IQFc\" lang=\"hu\">Sz\u00e1rnyak sz\u00e1ma: egysz\u00e1rny\u00fa<\/span><\/li>\n<li class=\"tw-data-text tw-text-large tw-ta\" dir=\"ltr\" data-placeholder=\"Preklad\"><span class=\"Y2IQFc\" lang=\"hu\">Feh\u00e9r sz\u00edn <\/span><\/li>\n<li class=\"tw-data-text tw-text-large tw-ta\" dir=\"ltr\" data-placeholder=\"Preklad\"><span class=\"Y2IQFc\" lang=\"hu\">B: buk\u00f3 <\/span><\/li>\n<li class=\"tw-data-text tw-text-large tw-ta\" dir=\"ltr\" data-placeholder=\"Preklad\"><span class=\"Y2IQFc\" lang=\"hu\">\u00dcvegez\u00e9s: \u00e1tl\u00e1tsz\u00f3 dupla \u00fcvegez\u00e9s <\/span><\/li>\n<li class=\"tw-data-text tw-text-large tw-ta\" dir=\"ltr\" data-placeholder=\"Preklad\"><span class=\"Y2IQFc\" lang=\"hu\">Ablakprofil: WDS 70 ablakprofil<\/span><\/li>\n<li class=\"tw-data-text tw-text-large tw-ta\" dir=\"ltr\" data-placeholder=\"Preklad\"><span class=\"Y2IQFc\" lang=\"hu\">Szerelv\u00e9nyek: AXOR INDUSTRY <\/span><\/li>\n<li class=\"tw-data-text tw-text-large tw-ta\" dir=\"ltr\" data-placeholder=\"Preklad\"><span class=\"Y2IQFc\" lang=\"hu\">M\u00e9retek: sz\u00e9less\u00e9ge 70 cm <\/span><\/li>\n<li class=\"tw-data-text tw-text-large tw-ta\" dir=\"ltr\" data-placeholder=\"Preklad\"><span class=\"Y2IQFc\" lang=\"hu\">\u00a0 \u00a0 \u00a0 \u00a0 \u00a0 \u00a0 \u00a0 \u00a0 magass\u00e1ga 50 cm<\/span><\/li>\n<\/ul>\n","protected":false},"featured_media":2751,"template":"","meta":{"_et_pb_use_builder":"","_et_pb_old_content":"","_et_gb_content_width":""},"product_brand":[],"product_cat":[63,65],"product_tag":[152,112,115,147,146],"class_list":{"0":"post-2795","1":"product","2":"type-product","3":"status-publish","4":"has-post-thumbnail","6":"product_cat-uj-ablakok","7":"product_cat-uj-muanyag-ablak-egy-szarnyu","8":"product_tag-buko","9":"product_tag-egyszarnyu","10":"product_tag-feher","11":"product_tag-muanyag-ablak","12":"product_tag-uj","14":"first","15":"instock","16":"shipping-taxable","17":"purchasable","18":"product-type-simple"},"_links":{"self":[{"href":"https:\/\/www.oknadverelacno.sk\/hu\/wp-json\/wp\/v2\/product\/2795","targetHints":{"allow":["GET"]}}],"collection":[{"href":"https:\/\/www.oknadverelacno.sk\/hu\/wp-json\/wp\/v2\/product"}],"about":[{"href":"https:\/\/www.oknadverelacno.sk\/hu\/wp-json\/wp\/v2\/types\/product"}],"wp:featuredmedia":[{"embeddable":true,"href":"https:\/\/www.oknadverelacno.sk\/hu\/wp-json\/wp\/v2\/media\/2751"}],"wp:attachment":[{"href":"https:\/\/www.oknadverelacno.sk\/hu\/wp-json\/wp\/v2\/media?parent=2795"}],"wp:term":[{"taxonomy":"product_brand","embeddable":true,"href":"https:\/\/www.oknadverelacno.sk\/hu\/wp-json\/wp\/v2\/product_brand?post=2795"},{"taxonomy":"product_cat","embeddable":true,"href":"https:\/\/www.oknadverelacno.sk\/hu\/wp-json\/wp\/v2\/product_cat?post=2795"},{"taxonomy":"product_tag","embeddable":true,"href":"https:\/\/www.oknadverelacno.sk\/hu\/wp-json\/wp\/v2\/product_tag?post=2795"}],"curies":[{"name":"wp","href":"https:\/\/api.w.org\/{rel}","templated":true}]}}