{"id":2793,"date":"2021-11-25T15:18:54","date_gmt":"2021-11-25T15:18:54","guid":{"rendered":"https:\/\/www.oknadverelacno.sk\/katalog\/muanyag-bejarati-ajto-180-cm-x-205-cm"},"modified":"2021-11-25T15:18:54","modified_gmt":"2021-11-25T15:18:54","slug":"muanyag-bejarati-ajto-180-cm-x-205-cm","status":"publish","type":"product","link":"https:\/\/www.oknadverelacno.sk\/hu\/katalog\/muanyag-bejarati-ajto-180-cm-x-205-cm","title":{"rendered":"M\u0171anyag bej\u00e1rati ajt\u00f3 180 cm x 205 cm"},"content":{"rendered":"<ul>\n<li>M\u00e9retek sz\u00e9less\u00e9g\/magass\u00e1g<\/li>\n<li>M\u00e9retek cm-ben<\/li>\n<li>Az \u00e1rak tartalmazz\u00e1k az \u00c1FA-t.<\/li>\n<\/ul>\n","protected":false},"excerpt":{"rendered":"<ul>\n<li id=\"tw-target-text\" class=\"tw-data-text tw-text-large tw-ta\" dir=\"ltr\" data-placeholder=\"Preklad\"><span class=\"Y2IQFc\" lang=\"hu\">\u00daj, k\u00edv\u00fcl arany t\u00f6lgy, bel\u00fcl feh\u00e9r, k\u00e9tsz\u00e1rny\u00fa, teljesen \u00fcveges, bej\u00e1rati ajt\u00f3, bal, m\u00e9retekkel sz 180 cm x ma 205 cm alum\u00ednium k\u00fcsz\u00f6bbel, 5 pontos z\u00e1rral \u00e9s 6 db 3D ajt\u00f3p\u00e1nttal. A term\u00e9k \u00e1ra tartalmaz egy kilincset \u00e9s egy z\u00e1rat 5 kulccsal. Az ablakok h\u0151szigetel\u0151 dupla \u00fcvegez\u00e9s\u0171ek,<\/span><\/li>\n<li class=\"tw-data-text tw-text-large tw-ta\" dir=\"ltr\" data-placeholder=\"Preklad\"><span class=\"Y2IQFc\" lang=\"hu\">Sz\u00e1rnyak sz\u00e1ma: kett\u0151s sz\u00e1rny <\/span><\/li>\n<li class=\"tw-data-text tw-text-large tw-ta\" dir=\"ltr\" data-placeholder=\"Preklad\"><span class=\"Y2IQFc\" lang=\"hu\">\u00dcvegez\u00e9s: \u00e1tl\u00e1tsz\u00f3 dupla \u00fcvegez\u00e9s<\/span><\/li>\n<li class=\"tw-data-text tw-text-large tw-ta\" dir=\"ltr\" data-placeholder=\"Preklad\"><span class=\"Y2IQFc\" lang=\"hu\">Sz\u00edn: arany t\u00f6lgy \/ feh\u00e9r<\/span><\/li>\n<li class=\"tw-data-text tw-text-large tw-ta\" dir=\"ltr\" data-placeholder=\"Preklad\"><span class=\"Y2IQFc\" lang=\"hu\">Ablakprofil: WDS 70 profil <\/span><\/li>\n<li class=\"tw-data-text tw-text-large tw-ta\" dir=\"ltr\" data-placeholder=\"Preklad\"><span class=\"Y2IQFc\" lang=\"hu\">Szerelv\u00e9nyek: AXOR INDUSTRY <\/span><\/li>\n<li class=\"tw-data-text tw-text-large tw-ta\" dir=\"ltr\" data-placeholder=\"Preklad\"><span class=\"Y2IQFc\" lang=\"hu\">M\u00e9retek: sz\u00e9less\u00e9ge 180 cm <\/span><\/li>\n<li class=\"tw-data-text tw-text-large tw-ta\" dir=\"ltr\" data-placeholder=\"Preklad\"><span class=\"Y2IQFc\" lang=\"hu\">\u00a0 \u00a0 \u00a0 \u00a0 \u00a0 \u00a0 \u00a0 \u00a0 magass\u00e1ga 205 cm<\/span><\/li>\n<\/ul>\n","protected":false},"featured_media":2741,"template":"","meta":{"_et_pb_use_builder":"","_et_pb_old_content":"","_et_gb_content_width":""},"product_brand":[],"product_cat":[58,61],"product_tag":[120,211,328,123,329,353,146],"class_list":{"0":"post-2793","1":"product","2":"type-product","3":"status-publish","4":"has-post-thumbnail","6":"product_cat-uj-bejarati-ajtok","7":"product_cat-uj-muanyag-bejarati-ajto-ket-szarnyu","8":"product_tag-balos","9":"product_tag-bejarati-ajtok","10":"product_tag-belul-feher","11":"product_tag-ketszarnyu","12":"product_tag-kint-aranytolgy","13":"product_tag-teljes-uveg-bejarati-ajto","14":"product_tag-uj","16":"first","17":"outofstock","18":"shipping-taxable","19":"purchasable","20":"product-type-simple"},"_links":{"self":[{"href":"https:\/\/www.oknadverelacno.sk\/hu\/wp-json\/wp\/v2\/product\/2793","targetHints":{"allow":["GET"]}}],"collection":[{"href":"https:\/\/www.oknadverelacno.sk\/hu\/wp-json\/wp\/v2\/product"}],"about":[{"href":"https:\/\/www.oknadverelacno.sk\/hu\/wp-json\/wp\/v2\/types\/product"}],"wp:featuredmedia":[{"embeddable":true,"href":"https:\/\/www.oknadverelacno.sk\/hu\/wp-json\/wp\/v2\/media\/2741"}],"wp:attachment":[{"href":"https:\/\/www.oknadverelacno.sk\/hu\/wp-json\/wp\/v2\/media?parent=2793"}],"wp:term":[{"taxonomy":"product_brand","embeddable":true,"href":"https:\/\/www.oknadverelacno.sk\/hu\/wp-json\/wp\/v2\/product_brand?post=2793"},{"taxonomy":"product_cat","embeddable":true,"href":"https:\/\/www.oknadverelacno.sk\/hu\/wp-json\/wp\/v2\/product_cat?post=2793"},{"taxonomy":"product_tag","embeddable":true,"href":"https:\/\/www.oknadverelacno.sk\/hu\/wp-json\/wp\/v2\/product_tag?post=2793"}],"curies":[{"name":"wp","href":"https:\/\/api.w.org\/{rel}","templated":true}]}}