{"id":2708,"date":"2021-10-28T13:42:04","date_gmt":"2021-10-28T13:42:04","guid":{"rendered":"https:\/\/www.oknadverelacno.sk\/katalog\/hatszarnyu-ablak-167-x-230-cm"},"modified":"2021-10-28T13:42:04","modified_gmt":"2021-10-28T13:42:04","slug":"hatszarnyu-ablak-167-x-230-cm","status":"publish","type":"product","link":"https:\/\/www.oknadverelacno.sk\/hu\/katalog\/hatszarnyu-ablak-167-x-230-cm","title":{"rendered":"Hatsz\u00e1rny\u00fa ablak 167 x  230 cm"},"content":{"rendered":"<ul>\n<li>M\u00e9retek sz\u00e9less\u00e9g\/magass\u00e1g<\/li>\n<li>M\u00e9retek cm-ben<\/li>\n<li>Az \u00e1rak tartalmazz\u00e1k az \u00c1FA-t.<\/li>\n<li>Re\u00e1lis term\u00e9kfot\u00f3k<\/li>\n<\/ul>\n","protected":false},"excerpt":{"rendered":"<p><span class=\"Y2IQFc\" lang=\"hu\">Haszn\u00e1lt, feh\u00e9r, hatsz\u00e1rny\u00fa, nyithat\u00f3, billenthet\u00f3, m\u0171anyag ablak sz\u00e9less\u00e9ge 167 cm x magass\u00e1ga 230 cm . <\/span><\/p>\n<ul>\n<li><span class=\"Y2IQFc\" lang=\"hu\">Sz\u00e1rnyak sz\u00e1ma: hatsz\u00e1rny\u00fa <\/span><\/li>\n<li><span class=\"Y2IQFc\" lang=\"hu\">Feh\u00e9r sz\u00edn <\/span><\/li>\n<li><span class=\"Y2IQFc\" lang=\"hu\">Ny + B: nyit\u00e1s-billent\u00e9s <\/span><\/li>\n<li><span class=\"Y2IQFc\" lang=\"hu\">\u00dcvegez\u00e9s: \u00e1tl\u00e1tsz\u00f3 dupla \u00fcvegez\u00e9s<\/span><\/li>\n<li><span class=\"Y2IQFc\" lang=\"hu\">M\u00e9retek: sz\u00e9less\u00e9ge 167 cm <\/span><\/li>\n<li><span class=\"Y2IQFc\" lang=\"hu\">\u00a0 \u00a0 \u00a0 \u00a0 \u00a0 \u00a0 \u00a0 \u00a0magass\u00e1ga 230 cm<\/span><\/li>\n<\/ul>\n","protected":false},"featured_media":2693,"template":"","meta":{"_et_pb_use_builder":"","_et_pb_old_content":"","_et_gb_content_width":""},"product_brand":[],"product_cat":[74,78],"product_tag":[148,115,157,417,147],"class_list":{"0":"post-2708","1":"product","2":"type-product","3":"status-publish","4":"has-post-thumbnail","6":"product_cat-hasznalt-ablakok","7":"product_cat-hasznalt-muanyag-ablak-tobb-szarnyu","8":"product_tag-buko-nyilo","9":"product_tag-feher","10":"product_tag-hasznalt","11":"product_tag-hatszarnyu","12":"product_tag-muanyag-ablak","14":"first","15":"instock","16":"shipping-taxable","17":"purchasable","18":"product-type-simple"},"_links":{"self":[{"href":"https:\/\/www.oknadverelacno.sk\/hu\/wp-json\/wp\/v2\/product\/2708","targetHints":{"allow":["GET"]}}],"collection":[{"href":"https:\/\/www.oknadverelacno.sk\/hu\/wp-json\/wp\/v2\/product"}],"about":[{"href":"https:\/\/www.oknadverelacno.sk\/hu\/wp-json\/wp\/v2\/types\/product"}],"wp:featuredmedia":[{"embeddable":true,"href":"https:\/\/www.oknadverelacno.sk\/hu\/wp-json\/wp\/v2\/media\/2693"}],"wp:attachment":[{"href":"https:\/\/www.oknadverelacno.sk\/hu\/wp-json\/wp\/v2\/media?parent=2708"}],"wp:term":[{"taxonomy":"product_brand","embeddable":true,"href":"https:\/\/www.oknadverelacno.sk\/hu\/wp-json\/wp\/v2\/product_brand?post=2708"},{"taxonomy":"product_cat","embeddable":true,"href":"https:\/\/www.oknadverelacno.sk\/hu\/wp-json\/wp\/v2\/product_cat?post=2708"},{"taxonomy":"product_tag","embeddable":true,"href":"https:\/\/www.oknadverelacno.sk\/hu\/wp-json\/wp\/v2\/product_tag?post=2708"}],"curies":[{"name":"wp","href":"https:\/\/api.w.org\/{rel}","templated":true}]}}