{"id":2636,"date":"2021-08-05T14:27:35","date_gmt":"2021-08-05T14:27:35","guid":{"rendered":"https:\/\/www.oknadverelacno.sk\/katalog\/muanyag-bejarati-ajto-ganz-90-cm-x-200-cm-arany-tolgy-jobbos"},"modified":"2021-08-05T14:27:35","modified_gmt":"2021-08-05T14:27:35","slug":"muanyag-bejarati-ajto-ganz-90-cm-x-200-cm-arany-tolgy-jobbos","status":"publish","type":"product","link":"https:\/\/www.oknadverelacno.sk\/hu\/katalog\/muanyag-bejarati-ajto-ganz-90-cm-x-200-cm-arany-tolgy-jobbos","title":{"rendered":"M\u0171anyag bej\u00e1rati ajt\u00f3 Ganz  90 cm x 200 cm arany t\u00f6lgy\/ jobbos"},"content":{"rendered":"<ul>\n<li>M\u00e9retek sz\u00e9less\u00e9g\/magass\u00e1g<\/li>\n<li>M\u00e9retek cm-ben<\/li>\n<li>Az \u00e1rak tartalmazz\u00e1k az \u00c1FA-t.<\/li>\n<\/ul>\n","protected":false},"excerpt":{"rendered":"<p><span lang=\"hu\">\u00daj, egysz\u00e1rny\u00fa, jobbos, m\u0171anyag bej\u00e1rati ajt\u00f3. <\/span>Bel\u00fcl feh\u00e9r, k\u00edv\u00fcl arany t\u00f6lgy.. Az ajt\u00f3 m\u00e9retei: 90 cm sz\u00e9les, 200 cm magas. Minden ajt\u00f3 5 ponton z\u00e1r\u00f3d\u00f3, 3 darab 3 dimenzi\u00f3ban \u00e1ll\u00edthat\u00f3 ajt\u00f3p\u00e1nttal \u00e9s alum\u00ednium k\u00fcsz\u00f6bbel. Az \u00e1r tartalmazza a hozz\u00e1val\u00f3 ajt\u00f3kilincset \u00e9s a z\u00e1rbet\u00e9tet 3 db kulccsal.<\/p>\n<ul>\n<li id=\"tw-target-text\" class=\"tw-data-text tw-text-large XcVN5d tw-ta\" dir=\"ltr\" data-placeholder=\"Preklad\"><span class=\"Y2IQFc\" lang=\"hu\">Sz\u00e1rnyak sz\u00e1ma: egysz\u00e1rny\u00fa <\/span><\/li>\n<li class=\"tw-data-text tw-text-large XcVN5d tw-ta\" dir=\"ltr\" data-placeholder=\"Preklad\"><span class=\"Y2IQFc\" lang=\"hu\">Sz\u00edn: arany t\u00f6lgy \/ feh\u00e9r <\/span><\/li>\n<li class=\"tw-data-text tw-text-large XcVN5d tw-ta\" dir=\"ltr\" data-placeholder=\"Preklad\"><span class=\"Y2IQFc\" lang=\"hu\">Profil: WDS 70 profil <\/span><\/li>\n<li class=\"tw-data-text tw-text-large XcVN5d tw-ta\" dir=\"ltr\" data-placeholder=\"Preklad\"><span class=\"Y2IQFc\" lang=\"hu\">Szerelv\u00e9nyek: AXOR INDUSTRY<\/span><\/li>\n<li class=\"tw-data-text tw-text-large XcVN5d tw-ta\" dir=\"ltr\" data-placeholder=\"Preklad\"><span class=\"Y2IQFc\" lang=\"hu\">M\u00e9retek: <\/span><\/li>\n<li class=\"tw-data-text tw-text-large XcVN5d tw-ta\" dir=\"ltr\" data-placeholder=\"Preklad\"><span class=\"Y2IQFc\" lang=\"hu\">sz\u00e9less\u00e9ge 90 cm <\/span><\/li>\n<li class=\"tw-data-text tw-text-large XcVN5d tw-ta\" dir=\"ltr\" data-placeholder=\"Preklad\"><span class=\"Y2IQFc\" lang=\"hu\">magass\u00e1ga 200 cm<\/span><\/li>\n<\/ul>\n<p>&nbsp;<\/p>\n","protected":false},"featured_media":2633,"template":"","meta":{"_et_pb_use_builder":"","_et_pb_old_content":"","_et_gb_content_width":""},"product_brand":[],"product_cat":[58,62],"product_tag":[193,211,112,113,362],"class_list":{"0":"post-2636","1":"product","2":"type-product","3":"status-publish","4":"has-post-thumbnail","6":"product_cat-uj-bejarati-ajtok","7":"product_cat-uj-muanyag-bejarati-ajto-egy-szarnyu","8":"product_tag-arany-tolgy","9":"product_tag-bejarati-ajtok","10":"product_tag-egyszarnyu","11":"product_tag-muanyag","12":"product_tag-wds-70-hu","14":"first","15":"outofstock","16":"shipping-taxable","17":"purchasable","18":"product-type-simple"},"_links":{"self":[{"href":"https:\/\/www.oknadverelacno.sk\/hu\/wp-json\/wp\/v2\/product\/2636","targetHints":{"allow":["GET"]}}],"collection":[{"href":"https:\/\/www.oknadverelacno.sk\/hu\/wp-json\/wp\/v2\/product"}],"about":[{"href":"https:\/\/www.oknadverelacno.sk\/hu\/wp-json\/wp\/v2\/types\/product"}],"wp:featuredmedia":[{"embeddable":true,"href":"https:\/\/www.oknadverelacno.sk\/hu\/wp-json\/wp\/v2\/media\/2633"}],"wp:attachment":[{"href":"https:\/\/www.oknadverelacno.sk\/hu\/wp-json\/wp\/v2\/media?parent=2636"}],"wp:term":[{"taxonomy":"product_brand","embeddable":true,"href":"https:\/\/www.oknadverelacno.sk\/hu\/wp-json\/wp\/v2\/product_brand?post=2636"},{"taxonomy":"product_cat","embeddable":true,"href":"https:\/\/www.oknadverelacno.sk\/hu\/wp-json\/wp\/v2\/product_cat?post=2636"},{"taxonomy":"product_tag","embeddable":true,"href":"https:\/\/www.oknadverelacno.sk\/hu\/wp-json\/wp\/v2\/product_tag?post=2636"}],"curies":[{"name":"wp","href":"https:\/\/api.w.org\/{rel}","templated":true}]}}