{"id":2373,"date":"2021-06-18T07:10:01","date_gmt":"2021-06-18T07:10:01","guid":{"rendered":"https:\/\/www.oknadverelacno.sk\/katalog\/ganz-bejarati-ajto-90-cm-x-200-cm-antracit-balos-2"},"modified":"2021-06-18T07:10:01","modified_gmt":"2021-06-18T07:10:01","slug":"ganz-bejarati-ajto-90-cm-x-200-cm-antracit-balos-2","status":"publish","type":"product","link":"https:\/\/www.oknadverelacno.sk\/hu\/katalog\/ganz-bejarati-ajto-90-cm-x-200-cm-antracit-balos-2","title":{"rendered":"Ganz bej\u00e1rati ajt\u00f3 90 cm x 200 cm antracit \/ balos"},"content":{"rendered":"<ul>\n<li id=\"tw-target-text\" class=\"tw-data-text tw-text-large XcVN5d tw-ta\" dir=\"ltr\" data-placeholder=\"Preklad\"><span class=\"Y2IQFc\" lang=\"hu\">A m\u00e9retek sz\u00e9less\u00e9get \/ magass\u00e1got adnak meg <\/span><\/li>\n<li class=\"tw-data-text tw-text-large XcVN5d tw-ta\" dir=\"ltr\" data-placeholder=\"Preklad\"><span class=\"Y2IQFc\" lang=\"hu\">M\u00e9retek cm-ben <\/span><\/li>\n<li class=\"tw-data-text tw-text-large XcVN5d tw-ta\" dir=\"ltr\" data-placeholder=\"Preklad\"><span class=\"Y2IQFc\" lang=\"hu\">\u00c1rak \u00e1f\u00e1val<\/span><\/li>\n<\/ul>\n","protected":false},"excerpt":{"rendered":"<p><span class=\"Y2IQFc\" lang=\"hu\">\u00daj, egysz\u00e1rny\u00fa, bal oldali, m\u0171anyag Ganz bej\u00e1rati ajt\u00f3, k\u00edv\u00fcl antracit, bel\u00fcl feh\u00e9r, 90 cm-es \u00e9s 200 cm-es m\u00e9retekkel, alum\u00ednium k\u00fcsz\u00f6bbel, 5 pontos reteszel\u00e9ssel \u00e9s 3 darab 3D-vel ajt\u00f3p\u00e1ntok. A term\u00e9k \u00e1ra tartalmaz egy foganty\u00fat, 3 kulcsos z\u00e1rat.<\/span><\/p>\n","protected":false},"featured_media":2371,"template":"","meta":{"_et_pb_use_builder":"","_et_pb_old_content":"","_et_gb_content_width":""},"product_brand":[],"product_cat":[58,62],"product_tag":[120,211,112,113,146,362],"class_list":{"0":"post-2373","1":"product","2":"type-product","3":"status-publish","4":"has-post-thumbnail","6":"product_cat-uj-bejarati-ajtok","7":"product_cat-uj-muanyag-bejarati-ajto-egy-szarnyu","8":"product_tag-balos","9":"product_tag-bejarati-ajtok","10":"product_tag-egyszarnyu","11":"product_tag-muanyag","12":"product_tag-uj","13":"product_tag-wds-70-hu","15":"first","16":"instock","17":"shipping-taxable","18":"purchasable","19":"product-type-simple"},"_links":{"self":[{"href":"https:\/\/www.oknadverelacno.sk\/hu\/wp-json\/wp\/v2\/product\/2373","targetHints":{"allow":["GET"]}}],"collection":[{"href":"https:\/\/www.oknadverelacno.sk\/hu\/wp-json\/wp\/v2\/product"}],"about":[{"href":"https:\/\/www.oknadverelacno.sk\/hu\/wp-json\/wp\/v2\/types\/product"}],"wp:featuredmedia":[{"embeddable":true,"href":"https:\/\/www.oknadverelacno.sk\/hu\/wp-json\/wp\/v2\/media\/2371"}],"wp:attachment":[{"href":"https:\/\/www.oknadverelacno.sk\/hu\/wp-json\/wp\/v2\/media?parent=2373"}],"wp:term":[{"taxonomy":"product_brand","embeddable":true,"href":"https:\/\/www.oknadverelacno.sk\/hu\/wp-json\/wp\/v2\/product_brand?post=2373"},{"taxonomy":"product_cat","embeddable":true,"href":"https:\/\/www.oknadverelacno.sk\/hu\/wp-json\/wp\/v2\/product_cat?post=2373"},{"taxonomy":"product_tag","embeddable":true,"href":"https:\/\/www.oknadverelacno.sk\/hu\/wp-json\/wp\/v2\/product_tag?post=2373"}],"curies":[{"name":"wp","href":"https:\/\/api.w.org\/{rel}","templated":true}]}}