{"id":2320,"date":"2021-05-24T07:19:03","date_gmt":"2021-05-24T07:19:03","guid":{"rendered":"https:\/\/www.oknadverelacno.sk\/katalog\/muanyag-parkany-vegzaro-antracit"},"modified":"2021-05-24T07:19:03","modified_gmt":"2021-05-24T07:19:03","slug":"muanyag-parkany-vegzaro-antracit","status":"publish","type":"product","link":"https:\/\/www.oknadverelacno.sk\/hu\/katalog\/muanyag-parkany-vegzaro-antracit","title":{"rendered":"M\u0171anyag p\u00e1rk\u00e1ny v\u00e9gz\u00e1r\u00f3 antracit"},"content":{"rendered":"<ul>\n<li>Az \u00e1rak tartalmazz\u00e1k az \u00c1FA-t.\/p\u00e1r<\/li>\n<\/ul>\n","protected":false},"excerpt":{"rendered":"<p id=\"tw-target-text\" class=\"tw-data-text tw-text-large XcVN5d tw-ta\" dir=\"ltr\" data-placeholder=\"Preklad\"><span class=\"Y2IQFc\" lang=\"hu\">Antracit m\u0171anyag oldals\u00f3 burkolatok a k\u00fcls\u0151 alum\u00ednium ablakp\u00e1rk\u00e1nyokhoz. Az \u00e1r egy p\u00e1rra vonatkozik.<\/span><\/p>\n","protected":false},"featured_media":2309,"template":"","meta":{"_et_pb_use_builder":"","_et_pb_old_content":"","_et_gb_content_width":""},"product_brand":[],"product_cat":[79,82],"product_tag":[209,320,223,251,205],"class_list":{"0":"post-2320","1":"product","2":"type-product","3":"status-publish","4":"has-post-thumbnail","6":"product_cat-kiegeszitok","7":"product_cat-parkany-kulso","8":"product_tag-ablakparkany-hu","9":"product_tag-aluminium-hu","10":"product_tag-antracit-hu","11":"product_tag-boritok","12":"product_tag-kulso","14":"first","15":"instock","16":"shipping-taxable","17":"purchasable","18":"product-type-simple"},"_links":{"self":[{"href":"https:\/\/www.oknadverelacno.sk\/hu\/wp-json\/wp\/v2\/product\/2320","targetHints":{"allow":["GET"]}}],"collection":[{"href":"https:\/\/www.oknadverelacno.sk\/hu\/wp-json\/wp\/v2\/product"}],"about":[{"href":"https:\/\/www.oknadverelacno.sk\/hu\/wp-json\/wp\/v2\/types\/product"}],"wp:featuredmedia":[{"embeddable":true,"href":"https:\/\/www.oknadverelacno.sk\/hu\/wp-json\/wp\/v2\/media\/2309"}],"wp:attachment":[{"href":"https:\/\/www.oknadverelacno.sk\/hu\/wp-json\/wp\/v2\/media?parent=2320"}],"wp:term":[{"taxonomy":"product_brand","embeddable":true,"href":"https:\/\/www.oknadverelacno.sk\/hu\/wp-json\/wp\/v2\/product_brand?post=2320"},{"taxonomy":"product_cat","embeddable":true,"href":"https:\/\/www.oknadverelacno.sk\/hu\/wp-json\/wp\/v2\/product_cat?post=2320"},{"taxonomy":"product_tag","embeddable":true,"href":"https:\/\/www.oknadverelacno.sk\/hu\/wp-json\/wp\/v2\/product_tag?post=2320"}],"curies":[{"name":"wp","href":"https:\/\/api.w.org\/{rel}","templated":true}]}}