{"id":2317,"date":"2021-05-24T07:06:02","date_gmt":"2021-05-24T07:06:02","guid":{"rendered":"https:\/\/www.oknadverelacno.sk\/katalog\/kulso-aluminium-ablakparkany-18-cm-feher"},"modified":"2021-05-24T07:06:02","modified_gmt":"2021-05-24T07:06:02","slug":"kulso-aluminium-ablakparkany-18-cm-feher","status":"publish","type":"product","link":"https:\/\/www.oknadverelacno.sk\/hu\/katalog\/kulso-aluminium-ablakparkany-18-cm-feher","title":{"rendered":"K\u00fcls\u0151 alum\u00ednium ablakp\u00e1rk\u00e1ny 18 cm feh\u00e9r"},"content":{"rendered":"<ul>\n<li>M\u00e9retek cm-ben<\/li>\n<li>Az \u00e1rak tartalmazz\u00e1k az \u00c1FA-t\/fm<\/li>\n<li>Re\u00e1lis term\u00e9kfot\u00f3k<\/li>\n<\/ul>\n","protected":false},"excerpt":{"rendered":"<p>A k\u00fcls\u0151 ablakp\u00e1rk\u00e1nyok hajl\u00edtott alum\u00ednium profilb\u00f3l k\u00e9sz\u00fclnek, amelyek feh\u00e9r sz\u00edn\u0171ek. <span lang=\"hu\">A k\u00fcls\u0151 ablakp\u00e1rk\u00e1nyok gazdas\u00e1gilag legel\u0151ny\u00f6sebb v\u00e1ltozatai. <\/span><span class=\"Y2IQFc\" lang=\"hu\">Az \u00e1r fut\u00f3 m\u00e9terenk\u00e9nt 7,50 \u20ac.<\/span><\/p>\n<ul>\n<li><span lang=\"hu\">Param\u00e9terek: <\/span><\/li>\n<li><span lang=\"hu\">Sz\u00e9less\u00e9g: 18 cm<\/span><\/li>\n<li><span lang=\"hu\">Fel\u00fclet: feh\u00e9r<\/span><\/li>\n<li><span lang=\"hu\">H\u0151ellen\u00e1ll\u00e1s <\/span><\/li>\n<li><span lang=\"hu\">Sz\u00edngyorsas\u00e1g<\/span><\/li>\n<li><span lang=\"hu\">Nagy kem\u00e9nys\u00e9g <\/span><\/li>\n<li><span lang=\"hu\">K\u00f6nny\u0171 karbantart\u00e1s<\/span><\/li>\n<\/ul>\n","protected":false},"featured_media":2295,"template":"","meta":{"_et_pb_use_builder":"","_et_pb_old_content":"","_et_gb_content_width":""},"product_brand":[],"product_cat":[79,82],"product_tag":[209,320,115,319],"class_list":{"0":"post-2317","1":"product","2":"type-product","3":"status-publish","4":"has-post-thumbnail","6":"product_cat-kiegeszitok","7":"product_cat-parkany-kulso","8":"product_tag-ablakparkany-hu","9":"product_tag-aluminium-hu","10":"product_tag-feher","11":"product_tag-kulso-hu","13":"first","14":"instock","15":"shipping-taxable","16":"purchasable","17":"product-type-simple"},"_links":{"self":[{"href":"https:\/\/www.oknadverelacno.sk\/hu\/wp-json\/wp\/v2\/product\/2317","targetHints":{"allow":["GET"]}}],"collection":[{"href":"https:\/\/www.oknadverelacno.sk\/hu\/wp-json\/wp\/v2\/product"}],"about":[{"href":"https:\/\/www.oknadverelacno.sk\/hu\/wp-json\/wp\/v2\/types\/product"}],"wp:featuredmedia":[{"embeddable":true,"href":"https:\/\/www.oknadverelacno.sk\/hu\/wp-json\/wp\/v2\/media\/2295"}],"wp:attachment":[{"href":"https:\/\/www.oknadverelacno.sk\/hu\/wp-json\/wp\/v2\/media?parent=2317"}],"wp:term":[{"taxonomy":"product_brand","embeddable":true,"href":"https:\/\/www.oknadverelacno.sk\/hu\/wp-json\/wp\/v2\/product_brand?post=2317"},{"taxonomy":"product_cat","embeddable":true,"href":"https:\/\/www.oknadverelacno.sk\/hu\/wp-json\/wp\/v2\/product_cat?post=2317"},{"taxonomy":"product_tag","embeddable":true,"href":"https:\/\/www.oknadverelacno.sk\/hu\/wp-json\/wp\/v2\/product_tag?post=2317"}],"curies":[{"name":"wp","href":"https:\/\/api.w.org\/{rel}","templated":true}]}}