{"id":2169,"date":"2021-04-08T15:28:30","date_gmt":"2021-04-08T15:28:30","guid":{"rendered":"https:\/\/www.oknadverelacno.sk\/katalog\/muanyag-ablak-200-cm-x-152-cm-arany-tolgy"},"modified":"2021-04-09T13:10:03","modified_gmt":"2021-04-09T13:10:03","slug":"muanyag-ablak-200-cm-x-152-cm-arany-tolgy","status":"publish","type":"product","link":"https:\/\/www.oknadverelacno.sk\/hu\/katalog\/muanyag-ablak-200-cm-x-152-cm-arany-tolgy","title":{"rendered":"M\u0171anyag ablak 200 cm x 152 cm arany t\u00f6lgy"},"content":{"rendered":"<ul>\n<li>M\u00e9retek sz\u00e9less\u00e9g\/magass\u00e1g<\/li>\n<li>M\u00e9retek cm-ben<\/li>\n<li>Az \u00e1rak tartalmazz\u00e1k az \u00c1FA-t.<\/li>\n<li>Re\u00e1lis term\u00e9kfot\u00f3k<\/li>\n<\/ul>\n","protected":false},"excerpt":{"rendered":"<p>\u00daj, k\u00e9tsz\u00e1rny\u00fa<span lang=\"hu\">,<\/span> buk\u00f3-ny\u00edl\u00f3, <span lang=\"hu\">k\u00e9toldalas arany t\u00f6lgy <\/span>m\u0171anyag ablak. Az ablak m\u00e9retei: 200 cm sz\u00e9les, 152 cm magas. Az \u00e1r tartalmazza a hozz\u00e1val\u00f3 ablakkilincset, v\u00e9gz\u00e1r\u00f3kat \u00e9s a p\u00e1rk\u00e1nyfogad\u00f3t. \u00c9rdekl\u0151d\u00e9s eset\u00e9n lehet\u0151s\u00e9g van egy egyedi gy\u00e1rt\u00e1s\u00fa rovarh\u00e1l\u00f3 megv\u00e1s\u00e1rl\u00e1s\u00e1ra 22 \u20ac \u00e1ron.<\/p>\n<ul>\n<li>Sz\u00e1rnyak: k\u00e9tsz\u00e1rny\u00fa<\/li>\n<li><span lang=\"hu\">1. sz\u00e1rny Ny + B : nyit\u00e1s-billent\u00e9s <\/span><\/li>\n<li><span lang=\"hu\">2. sz\u00e1rny Ny : nyit\u00e1s<\/span><\/li>\n<li>\u00dcvegez\u00e9s: 2 r\u00e9teg\u0171 norm\u00e1l s\u00edk\u00fcveg<\/li>\n<li>\u00a0Sz\u00edne: arany t\u00f6lgy<\/li>\n<li>Profil: WDS 70<\/li>\n<li>Vasalat: AXOR INDUSTRY<\/li>\n<li>M\u00e9retek:<br \/>sz\u00e9less\u00e9g 200 cm<br \/>magass\u00e1g 152 cm<\/li>\n<\/ul>\n","protected":false},"featured_media":2142,"template":"","meta":{"_et_pb_use_builder":"","_et_pb_old_content":"","_et_gb_content_width":""},"product_brand":[],"product_cat":[63,64],"product_tag":[193,148,123,147,310,146,362],"class_list":{"0":"post-2169","1":"product","2":"type-product","3":"status-publish","4":"has-post-thumbnail","6":"product_cat-uj-ablakok","7":"product_cat-uj-muanyag-ablak-ket-szarnyu","8":"product_tag-arany-tolgy","9":"product_tag-buko-nyilo","10":"product_tag-ketszarnyu","11":"product_tag-muanyag-ablak","12":"product_tag-szunyoghalo-hu","13":"product_tag-uj","14":"product_tag-wds-70-hu","16":"first","17":"outofstock","18":"shipping-taxable","19":"purchasable","20":"product-type-simple"},"_links":{"self":[{"href":"https:\/\/www.oknadverelacno.sk\/hu\/wp-json\/wp\/v2\/product\/2169","targetHints":{"allow":["GET"]}}],"collection":[{"href":"https:\/\/www.oknadverelacno.sk\/hu\/wp-json\/wp\/v2\/product"}],"about":[{"href":"https:\/\/www.oknadverelacno.sk\/hu\/wp-json\/wp\/v2\/types\/product"}],"wp:featuredmedia":[{"embeddable":true,"href":"https:\/\/www.oknadverelacno.sk\/hu\/wp-json\/wp\/v2\/media\/2142"}],"wp:attachment":[{"href":"https:\/\/www.oknadverelacno.sk\/hu\/wp-json\/wp\/v2\/media?parent=2169"}],"wp:term":[{"taxonomy":"product_brand","embeddable":true,"href":"https:\/\/www.oknadverelacno.sk\/hu\/wp-json\/wp\/v2\/product_brand?post=2169"},{"taxonomy":"product_cat","embeddable":true,"href":"https:\/\/www.oknadverelacno.sk\/hu\/wp-json\/wp\/v2\/product_cat?post=2169"},{"taxonomy":"product_tag","embeddable":true,"href":"https:\/\/www.oknadverelacno.sk\/hu\/wp-json\/wp\/v2\/product_tag?post=2169"}],"curies":[{"name":"wp","href":"https:\/\/api.w.org\/{rel}","templated":true}]}}