{"id":1992,"date":"2021-03-09T15:22:35","date_gmt":"2021-03-09T15:22:35","guid":{"rendered":"https:\/\/www.oknadverelacno.sk\/katalog\/muanyag-bejarati-ajto-model-15-arany-tolgy-135-cm-x-205-cm-jobbos"},"modified":"2021-03-09T15:22:35","modified_gmt":"2021-03-09T15:22:35","slug":"muanyag-bejarati-ajto-model-15-arany-tolgy-135-cm-x-205-cm-jobbos","status":"publish","type":"product","link":"https:\/\/www.oknadverelacno.sk\/hu\/katalog\/muanyag-bejarati-ajto-model-15-arany-tolgy-135-cm-x-205-cm-jobbos","title":{"rendered":"M\u0171anyag bej\u00e1rati ajt\u00f3 model 15  arany t\u00f6lgy  135 cm x 205 cm jobbos"},"content":{"rendered":"<ul>\n<li>M\u00e9retek sz\u00e9less\u00e9g\/magass\u00e1g<\/li>\n<li>M\u00e9retek cm-ben<\/li>\n<li>Az \u00e1rak tartalmazz\u00e1k az \u00c1FA-t.<\/li>\n<\/ul>\n","protected":false},"excerpt":{"rendered":"<p>\u00a0\u00daj, k\u00e9tsz\u00e1rny\u00fa, jobbos, <span lang=\"hu\">k\u00edv\u00fcl arany t\u00f6lgy, bel\u00fcl feh\u00e9r,<\/span>\u00a0m\u0171anyag bej\u00e1rati ajt\u00f3. <span lang=\"hu\">WDS 70 profil. <\/span>Az ajt\u00f3 m\u00e9retei: 135 cm sz\u00e9les, 205 cm magas. Minden ajt\u00f3 5 ponton z\u00e1r\u00f3d\u00f3, 6 darab 3 dimenzi\u00f3ban \u00e1ll\u00edthat\u00f3 ajt\u00f3p\u00e1nttal \u00e9s alum\u00ednium k\u00fcsz\u00f6bbel. Az \u00e1r tartalmazza a hozz\u00e1val\u00f3 ajt\u00f3kilincset \u00e9s a z\u00e1rbet\u00e9tet 3 db kulccsal. <span lang=\"hu\">Az ablakok szigetel\u0151 kett\u0151s \u00fcvegez\u00e9ssel vannak ell\u00e1tva.<\/span><\/p>\n<p id=\"tw-target-text\" class=\"tw-data-text tw-text-large XcVN5d tw-ta\" dir=\"ltr\" data-placeholder=\"Preklad\"><span lang=\"hu\">Sz\u00e1rnyak sz\u00e1ma: kett\u0151s sz\u00e1rny <\/span><\/p>\n<p class=\"tw-data-text tw-text-large XcVN5d tw-ta\" dir=\"ltr\" data-placeholder=\"Preklad\"><span lang=\"hu\">Sz\u00edn : arany t\u00f6lgy<\/span><\/p>\n<p class=\"tw-data-text tw-text-large XcVN5d tw-ta\" dir=\"ltr\" data-placeholder=\"Preklad\"><span lang=\"hu\">\u00dcvegez\u00e9s: tiszta dupla \u00fcvegez\u00e9s <\/span><\/p>\n<p class=\"tw-data-text tw-text-large XcVN5d tw-ta\" dir=\"ltr\" data-placeholder=\"Preklad\"><span lang=\"hu\">Profil: WDS 70 profil <\/span><\/p>\n<p class=\"tw-data-text tw-text-large XcVN5d tw-ta\" dir=\"ltr\" data-placeholder=\"Preklad\"><span lang=\"hu\">Szerelv\u00e9nyek: AXOR INDUSTRY\u00a0<\/span><\/p>\n<p>M\u00e9retek:<br \/>sz\u00e9less\u00e9g\u00a0 135 cm<br \/>magass\u00e1g\u00a0 205 cm<\/p>\n","protected":false},"featured_media":3033,"template":"","meta":{"_et_pb_use_builder":"","_et_pb_old_content":"","_et_gb_content_width":""},"product_brand":[],"product_cat":[58,61],"product_tag":[193,211,116,123,113,146,362],"class_list":{"0":"post-1992","1":"product","2":"type-product","3":"status-publish","4":"has-post-thumbnail","6":"product_cat-uj-bejarati-ajtok","7":"product_cat-uj-muanyag-bejarati-ajto-ket-szarnyu","8":"product_tag-arany-tolgy","9":"product_tag-bejarati-ajtok","10":"product_tag-jobbos","11":"product_tag-ketszarnyu","12":"product_tag-muanyag","13":"product_tag-uj","14":"product_tag-wds-70-hu","16":"first","17":"outofstock","18":"shipping-taxable","19":"purchasable","20":"product-type-simple"},"_links":{"self":[{"href":"https:\/\/www.oknadverelacno.sk\/hu\/wp-json\/wp\/v2\/product\/1992","targetHints":{"allow":["GET"]}}],"collection":[{"href":"https:\/\/www.oknadverelacno.sk\/hu\/wp-json\/wp\/v2\/product"}],"about":[{"href":"https:\/\/www.oknadverelacno.sk\/hu\/wp-json\/wp\/v2\/types\/product"}],"wp:featuredmedia":[{"embeddable":true,"href":"https:\/\/www.oknadverelacno.sk\/hu\/wp-json\/wp\/v2\/media\/3033"}],"wp:attachment":[{"href":"https:\/\/www.oknadverelacno.sk\/hu\/wp-json\/wp\/v2\/media?parent=1992"}],"wp:term":[{"taxonomy":"product_brand","embeddable":true,"href":"https:\/\/www.oknadverelacno.sk\/hu\/wp-json\/wp\/v2\/product_brand?post=1992"},{"taxonomy":"product_cat","embeddable":true,"href":"https:\/\/www.oknadverelacno.sk\/hu\/wp-json\/wp\/v2\/product_cat?post=1992"},{"taxonomy":"product_tag","embeddable":true,"href":"https:\/\/www.oknadverelacno.sk\/hu\/wp-json\/wp\/v2\/product_tag?post=1992"}],"curies":[{"name":"wp","href":"https:\/\/api.w.org\/{rel}","templated":true}]}}